{"id":4314,"date":"2025-07-04T03:29:09","date_gmt":"2025-07-04T03:29:09","guid":{"rendered":"https:\/\/pecbag.com\/?post_type=product&#038;p=4314"},"modified":"2025-11-28T09:39:09","modified_gmt":"2025-11-28T09:39:09","slug":"top-camouflage-tactical-bag-manufacturer","status":"publish","type":"product","link":"https:\/\/pecbag.com\/es\/top-camouflage-tactical-bag-manufacturer\/","title":{"rendered":"Bolsa T\u00e1ctica Camuflaje Fabricantes"},"content":{"rendered":"<h5 title=\"Bolso plegable para perros Bolso de malla transpirable para mascotas peque\u00f1as Perros Gatos\" data-immersive-translate-walked=\"1c928421-2e42-4cd3-8754-5404553c0af5\" data-immersive-translate-paragraph=\"1\" data-spm-anchor-id=\"a2700.details.0.i35.4f6757d4w4zNZA\">Top Camuflaje Bolsa T\u00e1ctica Fabricante | F\u00e1brica de Bolsa Impermeable y Mochila Militar Fabricante | Tactical Supply<\/h5>\n<p class=\"ds-markdown-paragraph\">\u00bfNecesita bolsas t\u00e1cticas de camuflaje listas para la batalla directamente de la fuente? Como fabricante certificado de bolsas t\u00e1cticas de camuflaje y f\u00e1brica de bolsas impermeables ISO 9001 en China, dise\u00f1amos mochilas de calidad militar con patrones de camuflaje digital\/de bosque, carcasas de Cordura\u00ae 1000D y protecci\u00f3n impermeable IPX7 en la que conf\u00edan operadores de todo el mundo.<\/p>\n<p class=\"ds-markdown-paragraph\">As\u00f3ciese con nosotros, su proveedor estrat\u00e9gico de bolsas t\u00e1cticas, para exportar bolsas t\u00e1cticas a mayoristas de bolsas t\u00e1cticas, contratistas de defensa y proveedores de bolsas t\u00e1cticas de todo el mundo.<\/p>\n<div class=\"flex flex-grow flex-col max-w-full\">\n<div class=\"min-h-[20px] text-message flex w-full flex-col items-end gap-2 whitespace-pre-wrap break-words [.text-message+&amp;]:mt-5 overflow-x-auto\" dir=\"auto\" data-message-author-role=\"assistant\" data-message-id=\"3d7d46f6-7ec2-4222-9257-48fa0bba23c6\" data-suggestions=\"true\">\n<div class=\"flex w-full flex-col gap-1 empty:hidden first:pt-[3px]\">\n<div class=\"markdown prose w-full break-words dark:prose-invert light\">\n<table width=\"288\">\n<tbody>\n<tr>\n<td width=\"137\"><span style=\"color: #333333;\">Nombre del producto<\/span><\/td>\n<td width=\"151\">Bolsa t\u00e1ctica<\/td>\n<\/tr>\n<tr>\n<td><span style=\"color: #333333;\">N\u00ba de art\u00edculo<\/span><\/td>\n<td><span style=\"color: #333333;\">PB-2135<\/span><\/td>\n<\/tr>\n<tr>\n<td><span style=\"color: #333333;\">Material<\/span><\/td>\n<td>Poli\u00e9ster 1000D<\/td>\n<\/tr>\n<tr>\n<td><span style=\"color: #333333;\">Talla<\/span><\/td>\n<td>49 x 21 x 30 cm<\/td>\n<\/tr>\n<tr>\n<td><span style=\"color: #333333;\">\u00a0Plazo de entrega<\/span><\/td>\n<td><span style=\"color: #333333;\">1-5 d\u00edas para peque\u00f1as cantidades por v\u00eda a\u00e9rea y 30-35 d\u00edas para grandes cantidades por v\u00eda mar\u00edtima<\/span><\/td>\n<\/tr>\n<\/tbody>\n<\/table>\n<p class=\"ds-markdown-paragraph\"><strong>Por qu\u00e9 nos eligen los distribuidores de \u00e9lite:<\/strong><br \/>\n\u2705\u00a0<strong>Los m\u00e1s vendidos de la bolsa:<\/strong>\u00a03 veces m\u00e1s r\u00e1pido que los envases t\u00e1cticos est\u00e1ndar<br \/>\nBolsa t\u00e1ctica completa ODM\/OEM y bolsa t\u00e1ctica de marca privada<br \/>\n\u2705 MOQ bajo Bolsa t\u00e1ctica a granel<br \/>\n\u2705 Env\u00edo r\u00e1pido desde nuestra f\u00e1brica de bolsas t\u00e1cticas.<br \/>\n\u2705 Doble producci\u00f3n: Bolsas t\u00e1cticas de camuflaje + bolsa de maquillaje a granel<\/p>\n<p class=\"ds-markdown-paragraph\"><strong>Especificaciones de misi\u00f3n cr\u00edtica:<\/strong><br \/>\n- Patrones de camuflaje MIL-STD (MultiCam\u00ae\/Woodland\/Urban)<br \/>\n- Costuras selladas sumergibles + bases autodrenantes<br \/>\n- Cinchas MOLLE\/PALS 360\u00b0 + compartimentos CCW ocultos<br \/>\n- Configuraciones personalizadas mediante Tactical Bag OEM<\/p>\n<p class=\"ds-markdown-paragraph\">Ideal para los compradores Tactical Bag Company, puntos de venta militares, y las redes de mayoristas Tactical Bag. \u00a1Solicite su cat\u00e1logo de l\u00edder en China Camuflaje Bolsa T\u00e1ctica Fabricante hoy!<\/p>\n<\/div>\n<\/div>\n<\/div>\n<\/div>","protected":false},"excerpt":{"rendered":"<h2 data-immersive-translate-walked=\"344be1c1-5052-41eb-8fcd-0dbe236a0d6b\" data-immersive-translate-paragraph=\"1\">Bolsa T\u00e1ctica Camuflaje Fabricantes<\/h2>\n<div class=\"sliderTable mt10 mb10 sliderTable-index0\">\n<div class=\"inner\">\n<div>1. Fabricado en poli\u00e9ster resistente y duradero.<\/div>\n<div>2. El espacioso compartimento principal ofrece espacio para ropa o equipo t\u00e1ctico.<br \/>\n3. Bolsillo forrado de tricot para proteger las gafas.<\/div>\n<div>4. Correas de compresi\u00f3n laterales para condensar la carga.<\/div>\n<div>5. 5. Portaparches de gancho y bucle.<\/div>\n<\/div>\n<\/div>","protected":false},"featured_media":4319,"template":"","meta":{"_uag_custom_page_level_css":""},"product_brand":[],"product_cat":[55,60],"product_tag":[],"class_list":{"0":"post-4314","1":"product","2":"type-product","3":"status-publish","4":"has-post-thumbnail","6":"product_cat-tactical-bag","7":"product_cat-backpack","9":"first","10":"instock","11":"shipping-taxable","12":"product-type-simple"},"uagb_featured_image_src":{"full":["https:\/\/pecbag.com\/wp-content\/uploads\/2025\/07\/Camouflage-Tactical-Bag-Manufacturer-1.jpg",710,708,false],"thumbnail":["https:\/\/pecbag.com\/wp-content\/uploads\/2025\/07\/Camouflage-Tactical-Bag-Manufacturer-1-150x150.jpg",150,150,true],"medium":["https:\/\/pecbag.com\/wp-content\/uploads\/2025\/07\/Camouflage-Tactical-Bag-Manufacturer-1-300x300.jpg",300,300,true],"medium_large":["https:\/\/pecbag.com\/wp-content\/uploads\/2025\/07\/Camouflage-Tactical-Bag-Manufacturer-1.jpg",710,708,false],"large":["https:\/\/pecbag.com\/wp-content\/uploads\/2025\/07\/Camouflage-Tactical-Bag-Manufacturer-1.jpg",710,708,false],"1536x1536":["https:\/\/pecbag.com\/wp-content\/uploads\/2025\/07\/Camouflage-Tactical-Bag-Manufacturer-1.jpg",710,708,false],"2048x2048":["https:\/\/pecbag.com\/wp-content\/uploads\/2025\/07\/Camouflage-Tactical-Bag-Manufacturer-1.jpg",710,708,false],"trp-custom-language-flag":["https:\/\/pecbag.com\/wp-content\/uploads\/2025\/07\/Camouflage-Tactical-Bag-Manufacturer-1-12x12.jpg",12,12,true],"woocommerce_thumbnail":["https:\/\/pecbag.com\/wp-content\/uploads\/2025\/07\/Camouflage-Tactical-Bag-Manufacturer-1-300x300.jpg",300,300,true],"woocommerce_single":["https:\/\/pecbag.com\/wp-content\/uploads\/2025\/07\/Camouflage-Tactical-Bag-Manufacturer-1-600x598.jpg",600,598,true],"woocommerce_gallery_thumbnail":["https:\/\/pecbag.com\/wp-content\/uploads\/2025\/07\/Camouflage-Tactical-Bag-Manufacturer-1-100x100.jpg",100,100,true]},"uagb_author_info":{"display_name":"Lawrence","author_link":"https:\/\/pecbag.com\/es\/author\/"},"uagb_comment_info":0,"uagb_excerpt":"Camouflage Tactical Bag Manufacturer 1. Constructed of heavyweight, durable polyester. 2. Spacious main compartment gives you space for clothing or tactical gear. 3. Tricot-lined pocket to protect eyewear. 4. Side compression straps to condense your load. 5. Hook and loop patch holders.","_links":{"self":[{"href":"https:\/\/pecbag.com\/es\/wp-json\/wp\/v2\/product\/4314","targetHints":{"allow":["GET"]}}],"collection":[{"href":"https:\/\/pecbag.com\/es\/wp-json\/wp\/v2\/product"}],"about":[{"href":"https:\/\/pecbag.com\/es\/wp-json\/wp\/v2\/types\/product"}],"wp:featuredmedia":[{"embeddable":true,"href":"https:\/\/pecbag.com\/es\/wp-json\/wp\/v2\/media\/4319"}],"wp:attachment":[{"href":"https:\/\/pecbag.com\/es\/wp-json\/wp\/v2\/media?parent=4314"}],"wp:term":[{"taxonomy":"product_brand","embeddable":true,"href":"https:\/\/pecbag.com\/es\/wp-json\/wp\/v2\/product_brand?post=4314"},{"taxonomy":"product_cat","embeddable":true,"href":"https:\/\/pecbag.com\/es\/wp-json\/wp\/v2\/product_cat?post=4314"},{"taxonomy":"product_tag","embeddable":true,"href":"https:\/\/pecbag.com\/es\/wp-json\/wp\/v2\/product_tag?post=4314"}],"curies":[{"name":"wp","href":"https:\/\/api.w.org\/{rel}","templated":true}]}}