{"id":4321,"date":"2025-07-04T03:44:52","date_gmt":"2025-07-04T03:44:52","guid":{"rendered":"https:\/\/pecbag.com\/?post_type=product&#038;p=4321"},"modified":"2025-11-28T09:38:04","modified_gmt":"2025-11-28T09:38:04","slug":"tactical-bags-factory","status":"publish","type":"product","link":"https:\/\/pecbag.com\/es\/tactical-bags-factory\/","title":{"rendered":"F\u00e1brica de bolsas t\u00e1cticas"},"content":{"rendered":"<h5 title=\"Bolso plegable para perros Bolso de malla transpirable para mascotas peque\u00f1as Perros Gatos\" data-immersive-translate-walked=\"1c928421-2e42-4cd3-8754-5404553c0af5\" data-immersive-translate-paragraph=\"1\" data-spm-anchor-id=\"a2700.details.0.i35.4f6757d4w4zNZA\">F\u00e1brica de bolsas t\u00e1cticas de confianza | F\u00e1brica de bolsas impermeables y fabricante de mochilas militares | Soluciones a granel<\/h5>\n<p class=\"ds-markdown-paragraph\">\u00bfNecesita bolsas t\u00e1cticas listas para el combate directamente de la fuente?<\/p>\n<p class=\"ds-markdown-paragraph\">Como primera f\u00e1brica de bolsas t\u00e1cticas e impermeables con certificaci\u00f3n ISO en China, fabricamos mochilas de calidad militar con Cordura\u00ae 1000D, impermeabilidad IPX8 y dise\u00f1os modulares en los que conf\u00edan operadores de todo el mundo.<\/p>\n<p class=\"ds-markdown-paragraph\">As\u00f3ciese con nosotros, su proveedor especializado en bolsas t\u00e1cticas, para exportar bolsas t\u00e1cticas a mayoristas de bolsas t\u00e1cticas, agencias de defensa y proveedores de bolsas t\u00e1cticas de todo el mundo.<\/p>\n<div class=\"flex flex-grow flex-col max-w-full\">\n<div class=\"min-h-[20px] text-message flex w-full flex-col items-end gap-2 whitespace-pre-wrap break-words [.text-message+&amp;]:mt-5 overflow-x-auto\" dir=\"auto\" data-message-author-role=\"assistant\" data-message-id=\"3d7d46f6-7ec2-4222-9257-48fa0bba23c6\" data-suggestions=\"true\">\n<div class=\"flex w-full flex-col gap-1 empty:hidden first:pt-[3px]\">\n<div class=\"markdown prose w-full break-words dark:prose-invert light\">\n<table width=\"288\">\n<tbody>\n<tr>\n<td width=\"137\"><span style=\"color: #333333;\">Nombre del producto<\/span><\/td>\n<td width=\"151\">Bolsa t\u00e1ctica<\/td>\n<\/tr>\n<tr>\n<td><span style=\"color: #333333;\">N\u00ba de art\u00edculo<\/span><\/td>\n<td><span style=\"color: #333333;\">PB-2136<\/span><\/td>\n<\/tr>\n<tr>\n<td><span style=\"color: #333333;\">Material<\/span><\/td>\n<td>Poli\u00e9ster 600D<\/td>\n<\/tr>\n<tr>\n<td><span style=\"color: #333333;\">Talla<\/span><\/td>\n<td>15.7\u2033 X 8.2\u2033 X 21.2\u2033<\/td>\n<\/tr>\n<tr>\n<td><span style=\"color: #333333;\">\u00a0Plazo de entrega<\/span><\/td>\n<td><span style=\"color: #333333;\">1-5 d\u00edas para peque\u00f1as cantidades por v\u00eda a\u00e9rea y 30-35 d\u00edas para grandes cantidades por v\u00eda mar\u00edtima<\/span><\/td>\n<\/tr>\n<\/tbody>\n<\/table>\n<p class=\"ds-markdown-paragraph\"><strong>Por qu\u00e9 los compradores globales eligen nuestra f\u00e1brica:<\/strong><br \/>\n\ud83d\udd25\u00a0<strong>Los m\u00e1s vendidos de la bolsa:<\/strong>\u00a055% tasa de repetici\u00f3n de pedidos de los socios de Tactical Bag Company<br \/>\nBolsa t\u00e1ctica completa ODM\/OEM y bolsa t\u00e1ctica de marca privada<br \/>\nMOQ bajo Bolsa t\u00e1ctica a granel (300+ unidades)<br \/>\n\u2705 Env\u00edo global r\u00e1pido desde nuestra f\u00e1brica de bolsas t\u00e1cticas.<br \/>\n\u2705 Capacidad de doble l\u00ednea: Bolsas t\u00e1cticas + Bolsa de maquillaje a granel<\/p>\n<p class=\"ds-markdown-paragraph\"><strong>Caracter\u00edsticas probadas en combate:<\/strong><br \/>\n- Cinchas MOLLE\/PALS cortadas con l\u00e1ser + asas de arrastre<br \/>\n- Compartimentos estancos sumergibles (72 h de estanqueidad)<br \/>\n- Paneles de administraci\u00f3n de acceso r\u00e1pido + bolsillos para portar objetos ocultos<br \/>\n- Impresiones de camuflaje personalizadas a trav\u00e9s de Tactical Bag ODM<\/p>\n<p class=\"ds-markdown-paragraph\">Ideal para redes de fabricantes de mochilas, minoristas t\u00e1cticos y alianzas de mayoristas de bolsas t\u00e1cticas. \u00a1Solicite precios de f\u00e1brica de la mejor f\u00e1brica de bolsas t\u00e1cticas de China hoy!<\/p>\n<\/div>\n<\/div>\n<\/div>\n<\/div>","protected":false},"excerpt":{"rendered":"<h2 data-immersive-translate-walked=\"344be1c1-5052-41eb-8fcd-0dbe236a0d6b\" data-immersive-translate-paragraph=\"1\">F\u00e1brica de bolsas t\u00e1cticas<\/h2>\n<div class=\"sliderTable mt10 mb10 sliderTable-index0\">\n<div class=\"inner\">\n<p>Proporcionamos bolsas de primera calidad con personalizaci\u00f3n completa de tama\u00f1os y colores, tejidos duraderos y calidad certificada.<\/p>\n<p>Disfrute de MOQ flexibles, env\u00edos r\u00e1pidos a todo el mundo y soluciones de marca blanca.<\/p>\n<p>P\u00f3ngase en contacto con nosotros<\/p>\n<\/div>\n<\/div>","protected":false},"featured_media":4327,"template":"","meta":{"_uag_custom_page_level_css":""},"product_brand":[],"product_cat":[55,60],"product_tag":[],"class_list":{"0":"post-4321","1":"product","2":"type-product","3":"status-publish","4":"has-post-thumbnail","6":"product_cat-tactical-bag","7":"product_cat-backpack","9":"first","10":"instock","11":"shipping-taxable","12":"product-type-simple"},"uagb_featured_image_src":{"full":["https:\/\/pecbag.com\/wp-content\/uploads\/2025\/07\/Tactical-Bags-Factory-51.jpg",1000,1000,false],"thumbnail":["https:\/\/pecbag.com\/wp-content\/uploads\/2025\/07\/Tactical-Bags-Factory-51-150x150.jpg",150,150,true],"medium":["https:\/\/pecbag.com\/wp-content\/uploads\/2025\/07\/Tactical-Bags-Factory-51-300x300.jpg",300,300,true],"medium_large":["https:\/\/pecbag.com\/wp-content\/uploads\/2025\/07\/Tactical-Bags-Factory-51-768x768.jpg",768,768,true],"large":["https:\/\/pecbag.com\/wp-content\/uploads\/2025\/07\/Tactical-Bags-Factory-51.jpg",800,800,false],"1536x1536":["https:\/\/pecbag.com\/wp-content\/uploads\/2025\/07\/Tactical-Bags-Factory-51.jpg",1000,1000,false],"2048x2048":["https:\/\/pecbag.com\/wp-content\/uploads\/2025\/07\/Tactical-Bags-Factory-51.jpg",1000,1000,false],"trp-custom-language-flag":["https:\/\/pecbag.com\/wp-content\/uploads\/2025\/07\/Tactical-Bags-Factory-51-12x12.jpg",12,12,true],"woocommerce_thumbnail":["https:\/\/pecbag.com\/wp-content\/uploads\/2025\/07\/Tactical-Bags-Factory-51-300x300.jpg",300,300,true],"woocommerce_single":["https:\/\/pecbag.com\/wp-content\/uploads\/2025\/07\/Tactical-Bags-Factory-51-600x600.jpg",600,600,true],"woocommerce_gallery_thumbnail":["https:\/\/pecbag.com\/wp-content\/uploads\/2025\/07\/Tactical-Bags-Factory-51-100x100.jpg",100,100,true]},"uagb_author_info":{"display_name":"Lawrence","author_link":"https:\/\/pecbag.com\/es\/author\/"},"uagb_comment_info":0,"uagb_excerpt":"Tactical Bags Factory We provide premium bags with full-size and color customization, durable fabrics, and certified quality. Enjoy flexible MOQs, fast global shipping, and private label solutions. Contact us today!","_links":{"self":[{"href":"https:\/\/pecbag.com\/es\/wp-json\/wp\/v2\/product\/4321","targetHints":{"allow":["GET"]}}],"collection":[{"href":"https:\/\/pecbag.com\/es\/wp-json\/wp\/v2\/product"}],"about":[{"href":"https:\/\/pecbag.com\/es\/wp-json\/wp\/v2\/types\/product"}],"wp:featuredmedia":[{"embeddable":true,"href":"https:\/\/pecbag.com\/es\/wp-json\/wp\/v2\/media\/4327"}],"wp:attachment":[{"href":"https:\/\/pecbag.com\/es\/wp-json\/wp\/v2\/media?parent=4321"}],"wp:term":[{"taxonomy":"product_brand","embeddable":true,"href":"https:\/\/pecbag.com\/es\/wp-json\/wp\/v2\/product_brand?post=4321"},{"taxonomy":"product_cat","embeddable":true,"href":"https:\/\/pecbag.com\/es\/wp-json\/wp\/v2\/product_cat?post=4321"},{"taxonomy":"product_tag","embeddable":true,"href":"https:\/\/pecbag.com\/es\/wp-json\/wp\/v2\/product_tag?post=4321"}],"curies":[{"name":"wp","href":"https:\/\/api.w.org\/{rel}","templated":true}]}}