{"id":4405,"date":"2025-07-07T01:30:07","date_gmt":"2025-07-07T01:30:07","guid":{"rendered":"https:\/\/pecbag.com\/?post_type=product&#038;p=4405"},"modified":"2025-11-28T09:36:07","modified_gmt":"2025-11-28T09:36:07","slug":"china-messenger-bag-manufacturers-2","status":"publish","type":"product","link":"https:\/\/pecbag.com\/es\/china-messenger-bag-manufacturers-2\/","title":{"rendered":"China Messenger Bag Fabricantes"},"content":{"rendered":"<h5 title=\"Bolso plegable para perros Bolso de malla transpirable para mascotas peque\u00f1as Perros Gatos\" data-immersive-translate-walked=\"1c928421-2e42-4cd3-8754-5404553c0af5\" data-immersive-translate-paragraph=\"1\" data-spm-anchor-id=\"a2700.details.0.i35.4f6757d4w4zNZA\">L\u00edder en China Bolsa de Messenger Fabricantes | Bolsa impermeable F\u00e1brica y Mochila Profesional Fabricante | Exportaci\u00f3n a granel<\/h5>\n<div class=\"flex flex-grow flex-col max-w-full\">\n<div class=\"min-h-[20px] text-message flex w-full flex-col items-end gap-2 whitespace-pre-wrap break-words [.text-message+&amp;]:mt-5 overflow-x-auto\" dir=\"auto\" data-message-author-role=\"assistant\" data-message-id=\"3d7d46f6-7ec2-4222-9257-48fa0bba23c6\" data-suggestions=\"true\">\n<div class=\"flex w-full flex-col gap-1 empty:hidden first:pt-[3px]\">\n<div class=\"markdown prose w-full break-words dark:prose-invert light\">\n<p class=\"ds-markdown-paragraph\">\u00bfDesea comprar bolsas de mensajero de alta calidad directamente a fabricantes chinos?<\/p>\n<p class=\"ds-markdown-paragraph\">Como fabricantes chinos de bolsas de mensajero con certificaci\u00f3n ISO y una de las mejores f\u00e1bricas de bolsas impermeables, elaboramos bolsas de mensajero de calidad comercial con tecnolog\u00eda de bloqueo RFID, dise\u00f1os conformes con la TSA y protecci\u00f3n IPX5 contra la intemperie en la que conf\u00edan los proveedores de Fortune 500.<\/p>\n<p class=\"ds-markdown-paragraph\">As\u00f3ciese con nuestra empresa de bolsas Messenger - su proveedor estrat\u00e9gico de bolsas Messenger - para agilizar la exportaci\u00f3n de bolsas Messenger a mayoristas de bolsas Messenger, minoristas corporativos y proveedores de bolsas Messenger en todo el mundo.<\/p>\n<table width=\"288\">\n<tbody>\n<tr>\n<td width=\"137\"><span style=\"color: #333333;\">Nombre del producto<\/span><\/td>\n<td width=\"151\">Bolsa de mensajero<\/td>\n<\/tr>\n<tr>\n<td><span style=\"color: #333333;\">N\u00ba de art\u00edculo<\/span><\/td>\n<td><span style=\"color: #333333;\">PB-2138<\/span><\/td>\n<\/tr>\n<tr>\n<td><span style=\"color: #333333;\">Material<\/span><\/td>\n<td>Poli\u00e9ster<\/td>\n<\/tr>\n<tr>\n<td><span style=\"color: #333333;\">Talla<\/span><\/td>\n<td>se puede personalizar<\/td>\n<\/tr>\n<tr>\n<td><span style=\"color: #333333;\">\u00a0Plazo de entrega<\/span><\/td>\n<td><span style=\"color: #333333;\">1-5 d\u00edas para peque\u00f1as cantidades por v\u00eda a\u00e9rea y 30-35 d\u00edas para grandes cantidades por v\u00eda mar\u00edtima<\/span><\/td>\n<\/tr>\n<\/tbody>\n<\/table>\n<p class=\"ds-markdown-paragraph\"><strong>Por qu\u00e9 nos eligen los compradores internacionales:<\/strong><br \/>\n\ud83d\udce6<strong>\u00a0Puntos de referencia del sector:<\/strong>\u00a068% Crecimiento interanual de los distribuidores asociados<br \/>\nBolsa de mensajero completa ODM\/OEM y bolsa de mensajero de marca blanca<br \/>\n\u2705 MOQ bajo Bolsa de mensajero a granel<br \/>\n\u2705 Condiciones EXW\/FOB desde nuestro centro de Messenger Bag China<br \/>\n\u2705 Doble capacidad de fabricante de mochilas: Bolsas de mensajero + bolsa de mensajero a granel<\/p>\n<p class=\"ds-markdown-paragraph\"><strong>Caracter\u00edsticas de nivel empresarial:<\/strong><br \/>\n- Compartimento acolchado para port\u00e1til de 17\u2033 + cremalleras antirrobo.<br \/>\n- Base impermeable de lona + organizador de acceso r\u00e1pido<br \/>\n- Pruebas de durabilidad MIL-STD (cremalleras de m\u00e1s de 1.000 ciclos)<br \/>\n- Personalizaci\u00f3n de la marca mediante bolsas OEM<\/p>\n<p class=\"ds-markdown-paragraph\">Ideal para redes de mayoristas de bolsas Messenger, revendedores corporativos y accesorios tecnol\u00f3gicos\u00a0<strong>Fabricantes de bolsas de mensajero<\/strong>.\u00a0<strong>\u00a1Solicite hoy mismo su malet\u00edn de muestras a los mejores fabricantes de bolsas de mensajero de China!<\/strong><\/p>\n<\/div>\n<\/div>\n<\/div>\n<\/div>","protected":false},"excerpt":{"rendered":"<h2 data-immersive-translate-walked=\"344be1c1-5052-41eb-8fcd-0dbe236a0d6b\" data-immersive-translate-paragraph=\"1\">China Messenger Bag Fabricantes<\/h2>\n<div class=\"sliderTable mt10 mb10 sliderTable-index0\">\n<div class=\"inner\">\n<p>Esta bolsa satchel para hombre con asa es ideal para el uso diario, como bolsa de trabajo, mochila escolar o bolsa de viaje, tanto para hombres como para mujeres.<\/p>\n<p>Estupenda mochila de vuelta al cole para estudiantes universitarios y de secundaria.<\/p>\n<p>Estos maletines blandos con correas para el hombro pueden guardar un port\u00e1til, un MacBook y una fiambrera.<\/p>\n<p>Ser\u00e1 un bonito regalo para San Valent\u00edn, cumplea\u00f1os, D\u00eda del Padre, D\u00eda del Maestro, etc.<\/p>\n<\/div>\n<\/div>","protected":false},"featured_media":4410,"template":"","meta":{"_uag_custom_page_level_css":""},"product_brand":[],"product_cat":[65],"product_tag":[],"class_list":{"0":"post-4405","1":"product","2":"type-product","3":"status-publish","4":"has-post-thumbnail","6":"product_cat-messenger-bag","8":"first","9":"instock","10":"shipping-taxable","11":"product-type-simple"},"uagb_featured_image_src":{"full":["https:\/\/pecbag.com\/wp-content\/uploads\/2025\/07\/China-Messenger-Bag-Manufacturers-1.png",697,675,false],"thumbnail":["https:\/\/pecbag.com\/wp-content\/uploads\/2025\/07\/China-Messenger-Bag-Manufacturers-1-150x150.png",150,150,true],"medium":["https:\/\/pecbag.com\/wp-content\/uploads\/2025\/07\/China-Messenger-Bag-Manufacturers-1-300x291.png",300,291,true],"medium_large":["https:\/\/pecbag.com\/wp-content\/uploads\/2025\/07\/China-Messenger-Bag-Manufacturers-1.png",697,675,false],"large":["https:\/\/pecbag.com\/wp-content\/uploads\/2025\/07\/China-Messenger-Bag-Manufacturers-1.png",697,675,false],"1536x1536":["https:\/\/pecbag.com\/wp-content\/uploads\/2025\/07\/China-Messenger-Bag-Manufacturers-1.png",697,675,false],"2048x2048":["https:\/\/pecbag.com\/wp-content\/uploads\/2025\/07\/China-Messenger-Bag-Manufacturers-1.png",697,675,false],"trp-custom-language-flag":["https:\/\/pecbag.com\/wp-content\/uploads\/2025\/07\/China-Messenger-Bag-Manufacturers-1-12x12.png",12,12,true],"woocommerce_thumbnail":["https:\/\/pecbag.com\/wp-content\/uploads\/2025\/07\/China-Messenger-Bag-Manufacturers-1-300x300.png",300,300,true],"woocommerce_single":["https:\/\/pecbag.com\/wp-content\/uploads\/2025\/07\/China-Messenger-Bag-Manufacturers-1-600x581.png",600,581,true],"woocommerce_gallery_thumbnail":["https:\/\/pecbag.com\/wp-content\/uploads\/2025\/07\/China-Messenger-Bag-Manufacturers-1-100x100.png",100,100,true]},"uagb_author_info":{"display_name":"Lawrence","author_link":"https:\/\/pecbag.com\/es\/author\/"},"uagb_comment_info":0,"uagb_excerpt":"China Messenger Bag Manufacturers This men's satchel bag with a handle is ideal for daily use, as a work bag, school bag, or travel bag for both men and women. Great back-to-school bookbag for college and high school students. These soft briefcases with shoulder straps can store a laptop, a MacBook, and a lunchbox. It&hellip;","_links":{"self":[{"href":"https:\/\/pecbag.com\/es\/wp-json\/wp\/v2\/product\/4405","targetHints":{"allow":["GET"]}}],"collection":[{"href":"https:\/\/pecbag.com\/es\/wp-json\/wp\/v2\/product"}],"about":[{"href":"https:\/\/pecbag.com\/es\/wp-json\/wp\/v2\/types\/product"}],"wp:featuredmedia":[{"embeddable":true,"href":"https:\/\/pecbag.com\/es\/wp-json\/wp\/v2\/media\/4410"}],"wp:attachment":[{"href":"https:\/\/pecbag.com\/es\/wp-json\/wp\/v2\/media?parent=4405"}],"wp:term":[{"taxonomy":"product_brand","embeddable":true,"href":"https:\/\/pecbag.com\/es\/wp-json\/wp\/v2\/product_brand?post=4405"},{"taxonomy":"product_cat","embeddable":true,"href":"https:\/\/pecbag.com\/es\/wp-json\/wp\/v2\/product_cat?post=4405"},{"taxonomy":"product_tag","embeddable":true,"href":"https:\/\/pecbag.com\/es\/wp-json\/wp\/v2\/product_tag?post=4405"}],"curies":[{"name":"wp","href":"https:\/\/api.w.org\/{rel}","templated":true}]}}