{"id":4542,"date":"2025-07-09T01:25:52","date_gmt":"2025-07-09T01:25:52","guid":{"rendered":"https:\/\/pecbag.com\/?post_type=product&#038;p=4542"},"modified":"2025-11-28T09:35:32","modified_gmt":"2025-11-28T09:35:32","slug":"quality-bike-shoulder-bag-factory","status":"publish","type":"product","link":"https:\/\/pecbag.com\/es\/quality-bike-shoulder-bag-factory\/","title":{"rendered":"F\u00e1brica de bolsas de calidad para bicicletas"},"content":{"rendered":"<h5 title=\"Bolso plegable para perros Bolso de malla transpirable para mascotas peque\u00f1as Perros Gatos\" data-immersive-translate-walked=\"1c928421-2e42-4cd3-8754-5404553c0af5\" data-immersive-translate-paragraph=\"1\" data-spm-anchor-id=\"a2700.details.0.i35.4f6757d4w4zNZA\">Premium Quality Bike Shoulder Bag Factory | Waterproof Bag Factory &amp; Technical Backpack Manufacturer | Bulk OEM<\/h5>\n<div class=\"flex flex-grow flex-col max-w-full\">\n<div class=\"min-h-[20px] text-message flex w-full flex-col items-end gap-2 whitespace-pre-wrap break-words [.text-message+&amp;]:mt-5 overflow-x-auto\" dir=\"auto\" data-message-author-role=\"assistant\" data-message-id=\"3d7d46f6-7ec2-4222-9257-48fa0bba23c6\" data-suggestions=\"true\">\n<div class=\"flex w-full flex-col gap-1 empty:hidden first:pt-[3px]\">\n<div class=\"markdown prose w-full break-words dark:prose-invert light\">\n<p class=\"ds-markdown-paragraph\">\u00bfNecesita bandoleras resistentes para los desplazamientos diarios?<\/p>\n<p class=\"ds-markdown-paragraph\">Como una f\u00e1brica de calidad certificada Bike Shoulder Bag Factory y la ISO 9001 f\u00e1brica de bolsas a prueba de agua en Bike Bag China, dise\u00f1amos bolsas de hombro listas para el ciclismo con compartimentos impermeables, correas anti-balanceo, y mangas de tecnolog\u00eda de acceso r\u00e1pido de confianza por los ciclistas urbanos de todo el mundo.<\/p>\n<p class=\"ds-markdown-paragraph\">As\u00f3ciese con nuestra Compa\u00f1\u00eda de Bolsas para Bicicletas - su Proveedor de Bolsas para Bicicletas llave en mano - para una exportaci\u00f3n sin fisuras de Bolsas para Bicicletas a mayoristas de Bolsas para Bicicletas, minoristas de ciclismo y vendedores de Bolsas para Bicicletas en todo el mundo.<\/p>\n<table width=\"288\">\n<tbody>\n<tr>\n<td width=\"137\"><span style=\"color: #333333;\">Nombre del producto<\/span><\/td>\n<td width=\"151\">Bolsa para bicicleta<\/td>\n<\/tr>\n<tr>\n<td><span style=\"color: #333333;\">N\u00ba de art\u00edculo<\/span><\/td>\n<td><span style=\"color: #333333;\">PB-2141<\/span><\/td>\n<\/tr>\n<tr>\n<td><span style=\"color: #333333;\">Material<\/span><\/td>\n<td>Lienzo<\/td>\n<\/tr>\n<tr>\n<td><span style=\"color: #333333;\">Talla<\/span><\/td>\n<td>17,5 x 6,5 x 13inch<\/td>\n<\/tr>\n<tr>\n<td><span style=\"color: #333333;\">\u00a0Plazo de entrega<\/span><\/td>\n<td><span style=\"color: #333333;\">1-5 d\u00edas para peque\u00f1as cantidades por v\u00eda a\u00e9rea y 30-35 d\u00edas para grandes cantidades por v\u00eda mar\u00edtima<\/span><\/td>\n<\/tr>\n<\/tbody>\n<\/table>\n<p class=\"ds-markdown-paragraph\"><strong>Por qu\u00e9 las marcas eligen nuestra f\u00e1brica:<\/strong><br \/>\n\ud83d\udeb4 <strong>L\u00edder en equipamiento para viajeros:<\/strong>\u00a057% Pedidos repetidos de distribuidores de ciclismo<br \/>\n\u2705 Bolsa para bicicleta completa ODM\/OEM y bolsa para bicicleta de marca privada<br \/>\n\u2705 MOQ bajo Bike Bag bulk<br \/>\n\u2705 Condiciones EXW\/FOB del centro de la f\u00e1brica de Bike Bag.<br \/>\n\u2705 L\u00edneas de doble fabricante de mochilas: Bike Bags + Commuter Gear<\/p>\n<p class=\"ds-markdown-paragraph\"><strong>Caracter\u00edsticas:<\/strong><br \/>\n- Compartimento principal impermeable 100% (cremalleras con clasificaci\u00f3n IPX6)<br \/>\n- Tiras reflectantes + puntos de anclaje al casco<br \/>\n- Funda acolchada para port\u00e1til de 15\u2033 + panel organizador de herramientas.<br \/>\n- Marca personalizada mediante Bike Bag OEM<\/p>\n<\/div>\n<\/div>\n<\/div>\n<\/div>","protected":false},"excerpt":{"rendered":"<h2 data-immersive-translate-walked=\"344be1c1-5052-41eb-8fcd-0dbe236a0d6b\" data-immersive-translate-paragraph=\"1\">F\u00e1brica de bolsas de calidad para bicicletas<\/h2>\n<div class=\"sliderTable mt10 mb10 sliderTable-index0\">\n<div class=\"inner\">\n<p><strong>1. El compartimento principal<\/strong> tiene una capacidad de 12L para guardar tus necesidades diarias. 6 peque\u00f1os bolsillos multifuncionales pueden almacenar sus art\u00edculos de mano mientras usted est\u00e1 montando, como su tel\u00e9fono, cargador de tel\u00e9fono, cartera, cable, auriculares, banco de energ\u00eda, mapa, y as\u00ed sucesivamente.<\/p>\n<p><strong>2. Fabricado en 600D s<\/strong><strong>material de poli\u00e9ster nowflake<\/strong>, evita eficazmente que la lluvia, el agua, el barro y el polvo entren r\u00e1pidamente en esta bolsa. 4 correas con cierre autoadherente son lo suficientemente estables para sujetar esta bolsa para bicicleta en el asiento trasero. Aseg\u00farese de que no se mover\u00e1 aunque est\u00e9 conduciendo por una carretera accidentada.<\/p>\n<p><strong>3. Bandolera flexible<\/strong> variado de 36,2 a un m\u00e1ximo de 59,6 pulgadas se puede ajustar suelto o apretado, para adaptarse perfectamente a su cuerpo. El dise\u00f1o del asa en la parte superior facilita el transporte c\u00f3modo de esta bolsa. Puede modificar la forma de llevarla en funci\u00f3n de sus necesidades. Ambas bolsas laterales tienen espacio suficiente para guardar sus pertenencias cuando salga en bicicleta.<\/p>\n<\/div>\n<\/div>","protected":false},"featured_media":4549,"template":"","meta":{"_uag_custom_page_level_css":""},"product_brand":[],"product_cat":[48,64],"product_tag":[],"class_list":{"0":"post-4542","1":"product","2":"type-product","3":"status-publish","4":"has-post-thumbnail","6":"product_cat-bike-bag","7":"product_cat-shoulder-bag","9":"first","10":"instock","11":"shipping-taxable","12":"product-type-simple"},"uagb_featured_image_src":{"full":["https:\/\/pecbag.com\/wp-content\/uploads\/2025\/07\/Quality-Bike-Shoulder-Bag-Factory-2-1.jpeg",1600,1600,false],"thumbnail":["https:\/\/pecbag.com\/wp-content\/uploads\/2025\/07\/Quality-Bike-Shoulder-Bag-Factory-2-1-150x150.jpeg",150,150,true],"medium":["https:\/\/pecbag.com\/wp-content\/uploads\/2025\/07\/Quality-Bike-Shoulder-Bag-Factory-2-1-300x300.jpeg",300,300,true],"medium_large":["https:\/\/pecbag.com\/wp-content\/uploads\/2025\/07\/Quality-Bike-Shoulder-Bag-Factory-2-1-768x768.jpeg",768,768,true],"large":["https:\/\/pecbag.com\/wp-content\/uploads\/2025\/07\/Quality-Bike-Shoulder-Bag-Factory-2-1-1024x1024.jpeg",800,800,true],"1536x1536":["https:\/\/pecbag.com\/wp-content\/uploads\/2025\/07\/Quality-Bike-Shoulder-Bag-Factory-2-1-1536x1536.jpeg",1536,1536,true],"2048x2048":["https:\/\/pecbag.com\/wp-content\/uploads\/2025\/07\/Quality-Bike-Shoulder-Bag-Factory-2-1.jpeg",1600,1600,false],"trp-custom-language-flag":["https:\/\/pecbag.com\/wp-content\/uploads\/2025\/07\/Quality-Bike-Shoulder-Bag-Factory-2-1-12x12.jpeg",12,12,true],"woocommerce_thumbnail":["https:\/\/pecbag.com\/wp-content\/uploads\/2025\/07\/Quality-Bike-Shoulder-Bag-Factory-2-1-300x300.jpeg",300,300,true],"woocommerce_single":["https:\/\/pecbag.com\/wp-content\/uploads\/2025\/07\/Quality-Bike-Shoulder-Bag-Factory-2-1-600x600.jpeg",600,600,true],"woocommerce_gallery_thumbnail":["https:\/\/pecbag.com\/wp-content\/uploads\/2025\/07\/Quality-Bike-Shoulder-Bag-Factory-2-1-100x100.jpeg",100,100,true]},"uagb_author_info":{"display_name":"Lawrence","author_link":"https:\/\/pecbag.com\/es\/author\/"},"uagb_comment_info":0,"uagb_excerpt":"Quality Bike Shoulder Bag Factory 1. The main compartment has a 12L capacity to keep your daily necessities. 6 small multi-functional pockets can store your carry-on items while you're riding, such as your phone, phone charger, wallet, cable, earphones, power bank, map, and so on. 2. Made of 600D snowflake polyester\u00a0material, effectively prevents rain, water,&hellip;","_links":{"self":[{"href":"https:\/\/pecbag.com\/es\/wp-json\/wp\/v2\/product\/4542","targetHints":{"allow":["GET"]}}],"collection":[{"href":"https:\/\/pecbag.com\/es\/wp-json\/wp\/v2\/product"}],"about":[{"href":"https:\/\/pecbag.com\/es\/wp-json\/wp\/v2\/types\/product"}],"wp:featuredmedia":[{"embeddable":true,"href":"https:\/\/pecbag.com\/es\/wp-json\/wp\/v2\/media\/4549"}],"wp:attachment":[{"href":"https:\/\/pecbag.com\/es\/wp-json\/wp\/v2\/media?parent=4542"}],"wp:term":[{"taxonomy":"product_brand","embeddable":true,"href":"https:\/\/pecbag.com\/es\/wp-json\/wp\/v2\/product_brand?post=4542"},{"taxonomy":"product_cat","embeddable":true,"href":"https:\/\/pecbag.com\/es\/wp-json\/wp\/v2\/product_cat?post=4542"},{"taxonomy":"product_tag","embeddable":true,"href":"https:\/\/pecbag.com\/es\/wp-json\/wp\/v2\/product_tag?post=4542"}],"curies":[{"name":"wp","href":"https:\/\/api.w.org\/{rel}","templated":true}]}}