{"id":4550,"date":"2025-07-09T01:51:40","date_gmt":"2025-07-09T01:51:40","guid":{"rendered":"https:\/\/pecbag.com\/?post_type=product&#038;p=4550"},"modified":"2025-11-28T09:35:21","modified_gmt":"2025-11-28T09:35:21","slug":"sport-fishing-bag-factory","status":"publish","type":"product","link":"https:\/\/pecbag.com\/es\/sport-fishing-bag-factory\/","title":{"rendered":"F\u00e1brica de bolsas de pesca deportiva"},"content":{"rendered":"<h5 title=\"Bolso plegable para perros Bolso de malla transpirable para mascotas peque\u00f1as Perros Gatos\" data-immersive-translate-walked=\"1c928421-2e42-4cd3-8754-5404553c0af5\" data-immersive-translate-paragraph=\"1\" data-spm-anchor-id=\"a2700.details.0.i35.4f6757d4w4zNZA\">Premium Sport Fishing Bag Factory | F\u00e1brica de bolsas impermeables y mochilas t\u00e9cnicas | Exportaci\u00f3n a granel<\/h5>\n<div class=\"flex flex-grow flex-col max-w-full\">\n<div class=\"min-h-[20px] text-message flex w-full flex-col items-end gap-2 whitespace-pre-wrap break-words [.text-message+&amp;]:mt-5 overflow-x-auto\" dir=\"auto\" data-message-author-role=\"assistant\" data-message-id=\"3d7d46f6-7ec2-4222-9257-48fa0bba23c6\" data-suggestions=\"true\">\n<div class=\"flex w-full flex-col gap-1 empty:hidden first:pt-[3px]\">\n<div class=\"markdown prose w-full break-words dark:prose-invert light\">\n<p class=\"ds-markdown-paragraph\">\u00bfNecesita bolsas de pesca de calidad de torneo fabricadas para condiciones de agua salada?<\/p>\n<p class=\"ds-markdown-paragraph\">Como f\u00e1brica l\u00edder de bolsas de pesca deportivas y f\u00e1brica de bolsas impermeables con certificaci\u00f3n ISO en bolsas de pesca de China, dise\u00f1amos equipos de pesca profesionales con cremalleras resistentes a la corrosi\u00f3n, compartimentos sumergibles y sistemas de gesti\u00f3n de ca\u00f1as en los que conf\u00edan pescadores profesionales de todo el mundo.<\/p>\n<p class=\"ds-markdown-paragraph\">As\u00f3ciese con nuestra Compa\u00f1\u00eda de Bolsas de Pesca - su proveedor estrat\u00e9gico de Bolsas de Pesca - para una exportaci\u00f3n sin fisuras de Bolsas de Pesca a mayoristas de Bolsas de Pesca, minoristas de actividades al aire libre y vendedores de Bolsas de Pesca en todo el mundo.<\/p>\n<table width=\"288\">\n<tbody>\n<tr>\n<td width=\"137\"><span style=\"color: #333333;\">Nombre del producto<\/span><\/td>\n<td width=\"151\">Bolsa para bicicleta<\/td>\n<\/tr>\n<tr>\n<td><span style=\"color: #333333;\">N\u00ba de art\u00edculo<\/span><\/td>\n<td><span style=\"color: #333333;\">PB-2142<\/span><\/td>\n<\/tr>\n<tr>\n<td><span style=\"color: #333333;\">Material<\/span><\/td>\n<td>Poli\u00e9ster<\/td>\n<\/tr>\n<tr>\n<td><span style=\"color: #333333;\">Talla<\/span><\/td>\n<td>21,5 * 32 * 14cm<\/td>\n<\/tr>\n<tr>\n<td><span style=\"color: #333333;\">\u00a0Plazo de entrega<\/span><\/td>\n<td><span style=\"color: #333333;\">1-5 d\u00edas para peque\u00f1as cantidades por v\u00eda a\u00e9rea y 30-35 d\u00edas para grandes cantidades por v\u00eda mar\u00edtima<\/span><\/td>\n<\/tr>\n<\/tbody>\n<\/table>\n<p class=\"ds-markdown-paragraph\"><strong>Por qu\u00e9 Pro Outfitters elige nuestra f\u00e1brica:<\/strong><br \/>\n\ud83c\udfa3 <strong>Puntos de referencia del sector:<\/strong>\u00a063% Crecimiento interanual de los distribuidores de pesca<br \/>\nBolsa de pesca completa ODM\/OEM y bolsa de pesca de marca privada<br \/>\n\u2705 MOQ bajo Pesca Bolsa a granel<br \/>\nConstrucci\u00f3n apta para agua salada (torniller\u00eda inoxidable 316L)<br \/>\n\u2705 L\u00edneas de doble fabricante de mochilas: Bolsas de pesca + Equipo t\u00e1ctico<\/p>\n<p class=\"ds-markdown-paragraph\"><strong>Caracter\u00edsticas aprobadas por pescadores:<\/strong><br \/>\n- Compartimento principal estanco IPX8 (m\u00e1s de 30 minutos de inmersi\u00f3n)<br \/>\n- Base de PVC resistente al moho + imbornales autodrenantes<br \/>\n- Portaca\u00f1as personalizables + integraci\u00f3n de caja de aparejos<br \/>\n- Tejidos resistentes a la sangre de pescado y a los rayos UV<br \/>\n- Personalizaci\u00f3n de la marca mediante OEM de bolsas de pesca<\/p>\n<\/div>\n<\/div>\n<\/div>\n<\/div>","protected":false},"excerpt":{"rendered":"<h2 data-immersive-translate-walked=\"344be1c1-5052-41eb-8fcd-0dbe236a0d6b\" data-immersive-translate-paragraph=\"1\">F\u00e1brica de bolsas de pesca deportiva<\/h2>\n<div class=\"sliderTable mt10 mb10 sliderTable-index0\">\n<div class=\"inner\">\n<p>1. Una bolsa de pesca de gran capacidad puede utilizarse para guardar carretes de pesca, cebos, alicates, anzuelos, cajas y otros aparejos de pesca.<br \/>\n2. Hecho de poli\u00e9ster de alta calidad, impermeable y resistente a la rotura, resistente al desgaste y duradero, tiene una larga vida \u00fatil.<br \/>\n3. Los bolsillos frontales\/laterales con cremallera mantienen las cosas organizadas y seguras, f\u00e1ciles de abrir y cerrar.<br \/>\n4. Correa de hombro ajustable desmontable, c\u00f3modo de llevar, se puede utilizar como una bolsa de hombro o como bolsillos.<br \/>\n5. Dise\u00f1o de bolsillo de malla, f\u00e1cil acceso a peque\u00f1os accesorios, puede almacenar eficazmente los carretes de pesca.<\/p>\n<\/div>\n<\/div>","protected":false},"featured_media":4555,"template":"","meta":{"_uag_custom_page_level_css":""},"product_brand":[],"product_cat":[48,64],"product_tag":[],"class_list":{"0":"post-4550","1":"product","2":"type-product","3":"status-publish","4":"has-post-thumbnail","6":"product_cat-bike-bag","7":"product_cat-shoulder-bag","9":"first","10":"instock","11":"shipping-taxable","12":"product-type-simple"},"uagb_featured_image_src":{"full":["https:\/\/pecbag.com\/wp-content\/uploads\/2025\/07\/Sport-Fishing-Bag-Factories-6.jpeg",960,960,false],"thumbnail":["https:\/\/pecbag.com\/wp-content\/uploads\/2025\/07\/Sport-Fishing-Bag-Factories-6-150x150.jpeg",150,150,true],"medium":["https:\/\/pecbag.com\/wp-content\/uploads\/2025\/07\/Sport-Fishing-Bag-Factories-6-300x300.jpeg",300,300,true],"medium_large":["https:\/\/pecbag.com\/wp-content\/uploads\/2025\/07\/Sport-Fishing-Bag-Factories-6-768x768.jpeg",768,768,true],"large":["https:\/\/pecbag.com\/wp-content\/uploads\/2025\/07\/Sport-Fishing-Bag-Factories-6.jpeg",800,800,false],"1536x1536":["https:\/\/pecbag.com\/wp-content\/uploads\/2025\/07\/Sport-Fishing-Bag-Factories-6.jpeg",960,960,false],"2048x2048":["https:\/\/pecbag.com\/wp-content\/uploads\/2025\/07\/Sport-Fishing-Bag-Factories-6.jpeg",960,960,false],"trp-custom-language-flag":["https:\/\/pecbag.com\/wp-content\/uploads\/2025\/07\/Sport-Fishing-Bag-Factories-6-12x12.jpeg",12,12,true],"woocommerce_thumbnail":["https:\/\/pecbag.com\/wp-content\/uploads\/2025\/07\/Sport-Fishing-Bag-Factories-6-300x300.jpeg",300,300,true],"woocommerce_single":["https:\/\/pecbag.com\/wp-content\/uploads\/2025\/07\/Sport-Fishing-Bag-Factories-6-600x600.jpeg",600,600,true],"woocommerce_gallery_thumbnail":["https:\/\/pecbag.com\/wp-content\/uploads\/2025\/07\/Sport-Fishing-Bag-Factories-6-100x100.jpeg",100,100,true]},"uagb_author_info":{"display_name":"Lawrence","author_link":"https:\/\/pecbag.com\/es\/author\/"},"uagb_comment_info":0,"uagb_excerpt":"Sport Fishing Bag Factory 1. A fishing bag with a large capacity can be used to store fishing reels, baits, pliers, hooks, boxes, and other fishing gear. 2. Made of high-quality polyester, waterproof and tear\u2011resistant, wear\u2011resistant and durable, has a long service life. 3. Zipper front\/side pockets keep things organized and safe, easy to open&hellip;","_links":{"self":[{"href":"https:\/\/pecbag.com\/es\/wp-json\/wp\/v2\/product\/4550","targetHints":{"allow":["GET"]}}],"collection":[{"href":"https:\/\/pecbag.com\/es\/wp-json\/wp\/v2\/product"}],"about":[{"href":"https:\/\/pecbag.com\/es\/wp-json\/wp\/v2\/types\/product"}],"wp:featuredmedia":[{"embeddable":true,"href":"https:\/\/pecbag.com\/es\/wp-json\/wp\/v2\/media\/4555"}],"wp:attachment":[{"href":"https:\/\/pecbag.com\/es\/wp-json\/wp\/v2\/media?parent=4550"}],"wp:term":[{"taxonomy":"product_brand","embeddable":true,"href":"https:\/\/pecbag.com\/es\/wp-json\/wp\/v2\/product_brand?post=4550"},{"taxonomy":"product_cat","embeddable":true,"href":"https:\/\/pecbag.com\/es\/wp-json\/wp\/v2\/product_cat?post=4550"},{"taxonomy":"product_tag","embeddable":true,"href":"https:\/\/pecbag.com\/es\/wp-json\/wp\/v2\/product_tag?post=4550"}],"curies":[{"name":"wp","href":"https:\/\/api.w.org\/{rel}","templated":true}]}}