{"id":4570,"date":"2025-07-10T02:18:51","date_gmt":"2025-07-10T02:18:51","guid":{"rendered":"https:\/\/pecbag.com\/?post_type=product&#038;p=4570"},"modified":"2025-11-28T09:35:08","modified_gmt":"2025-11-28T09:35:08","slug":"top-china-chest-bag-manufacturers","status":"publish","type":"product","link":"https:\/\/pecbag.com\/es\/top-china-chest-bag-manufacturers\/","title":{"rendered":"Top China Bolsa de pecho Fabricantes"},"content":{"rendered":"<h5 title=\"Bolso plegable para perros Bolso de malla transpirable para mascotas peque\u00f1as Perros Gatos\" data-immersive-translate-walked=\"1c928421-2e42-4cd3-8754-5404553c0af5\" data-immersive-translate-paragraph=\"1\" data-spm-anchor-id=\"a2700.details.0.i35.4f6757d4w4zNZA\">Top China Bolsa Pecho Fabricantes | F\u00e1brica de Bolsa Impermeable y Mochila T\u00e1ctica Fabricante | OEM a granel<\/h5>\n<div class=\"flex flex-grow flex-col max-w-full\">\n<div class=\"min-h-[20px] text-message flex w-full flex-col items-end gap-2 whitespace-pre-wrap break-words [.text-message+&amp;]:mt-5 overflow-x-auto\" dir=\"auto\" data-message-author-role=\"assistant\" data-message-id=\"3d7d46f6-7ec2-4222-9257-48fa0bba23c6\" data-suggestions=\"true\">\n<div class=\"flex w-full flex-col gap-1 empty:hidden first:pt-[3px]\">\n<div class=\"markdown prose w-full break-words dark:prose-invert light\">\n<p class=\"ds-markdown-paragraph\">\u00bfNecesita bolsas de pecho de primera calidad directamente de fabricantes chinos?<\/p>\n<p class=\"ds-markdown-paragraph\">Como fabricantes chinos de bolsas pectorales con certificaci\u00f3n ISO y f\u00e1brica de bolsas impermeables, dise\u00f1amos petos t\u00e1cticos con dise\u00f1os de acceso r\u00e1pido, tecnolog\u00eda de distribuci\u00f3n del peso e impermeabilidad IPX6 en la que conf\u00edan los profesionales de las actividades al aire libre de todo el mundo.<\/p>\n<p class=\"ds-markdown-paragraph\">As\u00f3ciese con nuestra empresa de bolsas de pecho - su proveedor estrat\u00e9gico de bolsas de pecho - para exportar bolsas de pecho sin fisuras a mayoristas de bolsas de pecho, empresas de seguridad y vendedores de bolsas de pecho de todo el mundo.<\/p>\n<table width=\"288\">\n<tbody>\n<tr>\n<td width=\"137\"><span style=\"color: #333333;\">Nombre del producto<\/span><\/td>\n<td width=\"151\">Bolsa de pecho<\/td>\n<\/tr>\n<tr>\n<td><span style=\"color: #333333;\">N\u00ba de art\u00edculo<\/span><\/td>\n<td><span style=\"color: #333333;\">PB-2143<\/span><\/td>\n<\/tr>\n<tr>\n<td><span style=\"color: #333333;\">Material<\/span><\/td>\n<td>Poli\u00e9ster<\/td>\n<\/tr>\n<tr>\n<td><span style=\"color: #333333;\">Talla<\/span><\/td>\n<td>13 x 4 x 18 cm<\/td>\n<\/tr>\n<tr>\n<td><span style=\"color: #333333;\">\u00a0Plazo de entrega<\/span><\/td>\n<td><span style=\"color: #333333;\">1-5 d\u00edas para peque\u00f1as cantidades por v\u00eda a\u00e9rea y 30-35 d\u00edas para grandes cantidades por v\u00eda mar\u00edtima<\/span><\/td>\n<\/tr>\n<\/tbody>\n<\/table>\n<h3>Por qu\u00e9 nos eligen los distribuidores mundiales:<\/h3>\n<p class=\"ds-markdown-paragraph\">\u2705 <strong>L\u00edder del sector:<\/strong>\u00a071% tasa de reposici\u00f3n de los minoristas al aire libre<br \/>\nBolsa pectoral completa ODM\/OEM y bolsa pectoral de marca blanca<br \/>\n\u2705 MOQ bajo Bolsa de pecho a granel<br \/>\n\u2705 EXW\/FOB t\u00e9rminos de Chest Bag China hub<br \/>\n\u2705 L\u00edneas de doble fabricante de mochilas: Chest Bags + Tactical Gear<\/p>\n<p class=\"ds-markdown-paragraph\"><strong>Funciones de misi\u00f3n cr\u00edtica:<\/strong><br \/>\n-\u00a0<strong>Accesibilidad a 360\u00b0:<\/strong>\u00a0Hebillas giratorias + cordones ambidiestros<br \/>\n-\u00a0<strong>Construcci\u00f3n para todo tipo de clima:<\/strong>\u00a0Nylon 900D recubierto de TPU (clasificaci\u00f3n IPX6)<br \/>\n-\u00a0<strong>Configuraciones personalizadas:<\/strong>\u00a0Paneles compatibles con Molle + puertos de hidrataci\u00f3n<br \/>\n-\u00a0<strong>Transporte seguro:<\/strong>\u00a0Bolsillos con bloqueo RFID + correas a prueba de tajos<\/p>\n<\/div>\n<\/div>\n<\/div>\n<\/div>","protected":false},"excerpt":{"rendered":"<h2 data-immersive-translate-walked=\"344be1c1-5052-41eb-8fcd-0dbe236a0d6b\" data-immersive-translate-paragraph=\"1\">China Chest Bag Fabricantes<\/h2>\n<div class=\"sliderTable mt10 mb10 sliderTable-index0\">\n<div class=\"inner\">\n<p>Lleve su equipo sin utilizar el cintur\u00f3n y alcance f\u00e1cilmente sus objetos en espacios reducidos, como las cabinas de veh\u00edculos o aviones, donde el espacio para los codos es limitado.<\/p>\n<p>Este arn\u00e9s convertible es una alternativa m\u00e1s c\u00f3moda que las fundas de cintur\u00f3n, ya que no le pinchar\u00e1n con su equipo mientras est\u00e1 sentado, y ampliar\u00e1 su capacidad de transporte m\u00e1s all\u00e1 de lo que puede llevar c\u00f3modamente en el cintur\u00f3n.<\/p>\n<\/div>\n<\/div>","protected":false},"featured_media":4574,"template":"","meta":{"_uag_custom_page_level_css":""},"product_brand":[],"product_cat":[61,67],"product_tag":[],"class_list":{"0":"post-4570","1":"product","2":"type-product","3":"status-publish","4":"has-post-thumbnail","6":"product_cat-chest-bag","7":"product_cat-sports-bag","9":"first","10":"instock","11":"shipping-taxable","12":"product-type-simple"},"uagb_featured_image_src":{"full":["https:\/\/pecbag.com\/wp-content\/uploads\/2025\/07\/China-Chest-Bag-Manufacturers-3.jpg",1487,1500,false],"thumbnail":["https:\/\/pecbag.com\/wp-content\/uploads\/2025\/07\/China-Chest-Bag-Manufacturers-3-150x150.jpg",150,150,true],"medium":["https:\/\/pecbag.com\/wp-content\/uploads\/2025\/07\/China-Chest-Bag-Manufacturers-3-297x300.jpg",297,300,true],"medium_large":["https:\/\/pecbag.com\/wp-content\/uploads\/2025\/07\/China-Chest-Bag-Manufacturers-3-768x775.jpg",768,775,true],"large":["https:\/\/pecbag.com\/wp-content\/uploads\/2025\/07\/China-Chest-Bag-Manufacturers-3-1015x1024.jpg",800,807,true],"1536x1536":["https:\/\/pecbag.com\/wp-content\/uploads\/2025\/07\/China-Chest-Bag-Manufacturers-3.jpg",1487,1500,false],"2048x2048":["https:\/\/pecbag.com\/wp-content\/uploads\/2025\/07\/China-Chest-Bag-Manufacturers-3.jpg",1487,1500,false],"trp-custom-language-flag":["https:\/\/pecbag.com\/wp-content\/uploads\/2025\/07\/China-Chest-Bag-Manufacturers-3-12x12.jpg",12,12,true],"woocommerce_thumbnail":["https:\/\/pecbag.com\/wp-content\/uploads\/2025\/07\/China-Chest-Bag-Manufacturers-3-300x300.jpg",300,300,true],"woocommerce_single":["https:\/\/pecbag.com\/wp-content\/uploads\/2025\/07\/China-Chest-Bag-Manufacturers-3-600x605.jpg",600,605,true],"woocommerce_gallery_thumbnail":["https:\/\/pecbag.com\/wp-content\/uploads\/2025\/07\/China-Chest-Bag-Manufacturers-3-100x100.jpg",100,100,true]},"uagb_author_info":{"display_name":"Lawrence","author_link":"https:\/\/pecbag.com\/es\/author\/"},"uagb_comment_info":0,"uagb_excerpt":"China Chest Bag Manufacturers Carry gear without using a belt &amp; easily reach your items in confined spaces, such as vehicle\/aircraft cabs where your elbow room is restricted. A more comfortable alternative to belt holsters as you won't be poked by your gear while seated, this convertible harness will expand your carrying capacity beyond what&hellip;","_links":{"self":[{"href":"https:\/\/pecbag.com\/es\/wp-json\/wp\/v2\/product\/4570","targetHints":{"allow":["GET"]}}],"collection":[{"href":"https:\/\/pecbag.com\/es\/wp-json\/wp\/v2\/product"}],"about":[{"href":"https:\/\/pecbag.com\/es\/wp-json\/wp\/v2\/types\/product"}],"wp:featuredmedia":[{"embeddable":true,"href":"https:\/\/pecbag.com\/es\/wp-json\/wp\/v2\/media\/4574"}],"wp:attachment":[{"href":"https:\/\/pecbag.com\/es\/wp-json\/wp\/v2\/media?parent=4570"}],"wp:term":[{"taxonomy":"product_brand","embeddable":true,"href":"https:\/\/pecbag.com\/es\/wp-json\/wp\/v2\/product_brand?post=4570"},{"taxonomy":"product_cat","embeddable":true,"href":"https:\/\/pecbag.com\/es\/wp-json\/wp\/v2\/product_cat?post=4570"},{"taxonomy":"product_tag","embeddable":true,"href":"https:\/\/pecbag.com\/es\/wp-json\/wp\/v2\/product_tag?post=4570"}],"curies":[{"name":"wp","href":"https:\/\/api.w.org\/{rel}","templated":true}]}}