{"id":4577,"date":"2025-07-10T02:27:39","date_gmt":"2025-07-10T02:27:39","guid":{"rendered":"https:\/\/pecbag.com\/?post_type=product&#038;p=4577"},"modified":"2025-11-28T09:34:58","modified_gmt":"2025-11-28T09:34:58","slug":"china-sport-travel-chest-bag-factory","status":"publish","type":"product","link":"https:\/\/pecbag.com\/es\/china-sport-travel-chest-bag-factory\/","title":{"rendered":"F\u00e1brica de bolsas de viaje para deporte en China"},"content":{"rendered":"<h5 title=\"Bolso plegable para perros Bolso de malla transpirable para mascotas peque\u00f1as Perros Gatos\" data-immersive-translate-walked=\"1c928421-2e42-4cd3-8754-5404553c0af5\" data-immersive-translate-paragraph=\"1\" data-spm-anchor-id=\"a2700.details.0.i35.4f6757d4w4zNZA\">Premium China Bolsa de deporte de viaje en el pecho F\u00e1brica | F\u00e1brica de bolsas a prueba de agua y mochila t\u00e9cnica Fabricante | Bulk Solutions<\/h5>\n<div class=\"flex flex-grow flex-col max-w-full\">\n<div class=\"min-h-[20px] text-message flex w-full flex-col items-end gap-2 whitespace-pre-wrap break-words [.text-message+&amp;]:mt-5 overflow-x-auto\" dir=\"auto\" data-message-author-role=\"assistant\" data-message-id=\"3d7d46f6-7ec2-4222-9257-48fa0bba23c6\" data-suggestions=\"true\">\n<div class=\"flex w-full flex-col gap-1 empty:hidden first:pt-[3px]\">\n<div class=\"markdown prose w-full break-words dark:prose-invert light\">\n<p class=\"ds-markdown-paragraph\">\u00bfNecesita bolsas pectorales de viaje deportivas de alto rendimiento directamente de una f\u00e1brica china?<\/p>\n<p class=\"ds-markdown-paragraph\">Como f\u00e1brica certificada de bolsas pectorales para viajes deportivos en China y f\u00e1brica de bolsas impermeables ISO 9001, dise\u00f1amos pectorales listos para la aventura con dise\u00f1os aptos para aeropuertos, funciones antirrobo y sistemas de transporte convertibles en los que conf\u00edan los viajeros de todo el mundo.<\/p>\n<p class=\"ds-markdown-paragraph\">As\u00f3ciese con nuestra Chest Bag Company - su proveedor especializado de Chest Bag - para exportar sin problemas Chest Bag a mayoristas de Chest Bag, minoristas de actividades al aire libre y vendedores de Chest Bag de todo el mundo.<\/p>\n<table width=\"288\">\n<tbody>\n<tr>\n<td width=\"137\"><span style=\"color: #333333;\">Nombre del producto<\/span><\/td>\n<td width=\"151\">Bolsa de pecho<\/td>\n<\/tr>\n<tr>\n<td><span style=\"color: #333333;\">N\u00ba de art\u00edculo<\/span><\/td>\n<td><span style=\"color: #333333;\">PB-2144<\/span><\/td>\n<\/tr>\n<tr>\n<td><span style=\"color: #333333;\">Material<\/span><\/td>\n<td>Nylon 1000D<\/td>\n<\/tr>\n<tr>\n<td><span style=\"color: #333333;\">Talla<\/span><\/td>\n<td>25,5 x 3 x 18 cm<\/td>\n<\/tr>\n<tr>\n<td><span style=\"color: #333333;\">\u00a0Plazo de entrega<\/span><\/td>\n<td><span style=\"color: #333333;\">1-5 d\u00edas para peque\u00f1as cantidades por v\u00eda a\u00e9rea y 30-35 d\u00edas para grandes cantidades por v\u00eda mar\u00edtima<\/span><\/td>\n<\/tr>\n<\/tbody>\n<\/table>\n<h3>Por qu\u00e9 nos eligen las marcas de aventura:<\/h3>\n<p class=\"ds-markdown-paragraph\">\u2708\ufe0f <strong>L\u00edder en equipamiento de viaje<\/strong>68% de crecimiento interanual para los distribuidores asociados<br \/>\nBolsa pectoral completa ODM\/OEM y bolsa pectoral de marca blanca<br \/>\n\u2705 MOQ bajo Bolsa de pecho a granel (300+ unidades)<br \/>\n\u2705 Dise\u00f1os conformes con TSA + condiciones EXW\/FOB<br \/>\n\u2705 L\u00edneas de doble fabricante de mochilas: Bolsas de pecho deportivas + equipo de viaje<\/p>\n<p class=\"ds-markdown-paragraph\"><strong>Caracter\u00edsticas optimizadas para viajes:<\/strong><br \/>\n-\u00a0<strong>Aeropuerto listo<\/strong>:<\/p>\n<ul>\n<li>\n<p class=\"ds-markdown-paragraph\">Compartimentos compatibles con cerradura TSA<\/p>\n<\/li>\n<li>\n<p class=\"ds-markdown-paragraph\">Funda para pasaporte con esc\u00e1ner r\u00e1pido RFID<\/p>\n<\/li>\n<li>\n<p class=\"ds-markdown-paragraph\">Correa desmontable para convertirlo en equipaje de mano<br \/>\n-\u00a0<strong>Confort activo<\/strong>:<\/p>\n<\/li>\n<li>\n<p class=\"ds-markdown-paragraph\">Panel posterior AirMesh ventilado<\/p>\n<\/li>\n<li>\n<p class=\"ds-markdown-paragraph\">Arn\u00e9s ajustable que absorbe la humedad<\/p>\n<\/li>\n<li>\n<p class=\"ds-markdown-paragraph\">Hebilla giratoria para facilitar el acceso sobre la marcha<br \/>\n-\u00a0<strong>Seguridad<\/strong>:<\/p>\n<\/li>\n<li>\n<p class=\"ds-markdown-paragraph\">Correa de cincha a prueba de acuchillamientos<\/p>\n<\/li>\n<li>\n<p class=\"ds-markdown-paragraph\">Bolsillos ocultos con cremallera<\/p>\n<\/li>\n<li>\n<p class=\"ds-markdown-paragraph\">Anclajes de correa reforzados con alambre<\/p>\n<\/li>\n<\/ul>\n<\/div>\n<\/div>\n<\/div>\n<\/div>","protected":false},"excerpt":{"rendered":"<h2 data-immersive-translate-walked=\"344be1c1-5052-41eb-8fcd-0dbe236a0d6b\" data-immersive-translate-paragraph=\"1\">F\u00e1brica de bolsas de viaje para deporte en China<\/h2>\n<div class=\"sliderTable mt10 mb10 sliderTable-index0\">\n<div class=\"inner\">\n<p>Fabricada con nailon 1000D y los mejores cierres y cremalleras, esta bolsa de pecho cuenta con un sistema que dispone de cuatro hebillas de liberaci\u00f3n r\u00e1pida, que permiten cambiar r\u00e1pidamente entre varias formas, de modo que las personas puedan liberar sus manos para centrarse en las cosas.<\/p>\n<\/div>\n<\/div>","protected":false},"featured_media":4581,"template":"","meta":{"_uag_custom_page_level_css":""},"product_brand":[],"product_cat":[61,67],"product_tag":[],"class_list":{"0":"post-4577","1":"product","2":"type-product","3":"status-publish","4":"has-post-thumbnail","6":"product_cat-chest-bag","7":"product_cat-sports-bag","9":"first","10":"instock","11":"shipping-taxable","12":"product-type-simple"},"uagb_featured_image_src":{"full":["https:\/\/pecbag.com\/wp-content\/uploads\/2025\/07\/China-Sport-Travel-Chest-Bag-Factory-1.jpeg",1426,1500,false],"thumbnail":["https:\/\/pecbag.com\/wp-content\/uploads\/2025\/07\/China-Sport-Travel-Chest-Bag-Factory-1-150x150.jpeg",150,150,true],"medium":["https:\/\/pecbag.com\/wp-content\/uploads\/2025\/07\/China-Sport-Travel-Chest-Bag-Factory-1-285x300.jpeg",285,300,true],"medium_large":["https:\/\/pecbag.com\/wp-content\/uploads\/2025\/07\/China-Sport-Travel-Chest-Bag-Factory-1-768x808.jpeg",768,808,true],"large":["https:\/\/pecbag.com\/wp-content\/uploads\/2025\/07\/China-Sport-Travel-Chest-Bag-Factory-1-973x1024.jpeg",800,842,true],"1536x1536":["https:\/\/pecbag.com\/wp-content\/uploads\/2025\/07\/China-Sport-Travel-Chest-Bag-Factory-1.jpeg",1426,1500,false],"2048x2048":["https:\/\/pecbag.com\/wp-content\/uploads\/2025\/07\/China-Sport-Travel-Chest-Bag-Factory-1.jpeg",1426,1500,false],"trp-custom-language-flag":["https:\/\/pecbag.com\/wp-content\/uploads\/2025\/07\/China-Sport-Travel-Chest-Bag-Factory-1-11x12.jpeg",11,12,true],"woocommerce_thumbnail":["https:\/\/pecbag.com\/wp-content\/uploads\/2025\/07\/China-Sport-Travel-Chest-Bag-Factory-1-300x300.jpeg",300,300,true],"woocommerce_single":["https:\/\/pecbag.com\/wp-content\/uploads\/2025\/07\/China-Sport-Travel-Chest-Bag-Factory-1-600x631.jpeg",600,631,true],"woocommerce_gallery_thumbnail":["https:\/\/pecbag.com\/wp-content\/uploads\/2025\/07\/China-Sport-Travel-Chest-Bag-Factory-1-100x100.jpeg",100,100,true]},"uagb_author_info":{"display_name":"Lawrence","author_link":"https:\/\/pecbag.com\/es\/author\/"},"uagb_comment_info":0,"uagb_excerpt":"China Sport Travel Chest Bag Factory Made of 1000D nylon and the best fasteners and zippers, this chest bag features a system that has four quick-release buckles, which can quickly change between various forms, so that people can free their hands to focus on the things.","_links":{"self":[{"href":"https:\/\/pecbag.com\/es\/wp-json\/wp\/v2\/product\/4577","targetHints":{"allow":["GET"]}}],"collection":[{"href":"https:\/\/pecbag.com\/es\/wp-json\/wp\/v2\/product"}],"about":[{"href":"https:\/\/pecbag.com\/es\/wp-json\/wp\/v2\/types\/product"}],"wp:featuredmedia":[{"embeddable":true,"href":"https:\/\/pecbag.com\/es\/wp-json\/wp\/v2\/media\/4581"}],"wp:attachment":[{"href":"https:\/\/pecbag.com\/es\/wp-json\/wp\/v2\/media?parent=4577"}],"wp:term":[{"taxonomy":"product_brand","embeddable":true,"href":"https:\/\/pecbag.com\/es\/wp-json\/wp\/v2\/product_brand?post=4577"},{"taxonomy":"product_cat","embeddable":true,"href":"https:\/\/pecbag.com\/es\/wp-json\/wp\/v2\/product_cat?post=4577"},{"taxonomy":"product_tag","embeddable":true,"href":"https:\/\/pecbag.com\/es\/wp-json\/wp\/v2\/product_tag?post=4577"}],"curies":[{"name":"wp","href":"https:\/\/api.w.org\/{rel}","templated":true}]}}