{"id":4664,"date":"2025-07-12T01:49:46","date_gmt":"2025-07-12T01:49:46","guid":{"rendered":"https:\/\/pecbag.com\/?post_type=product&#038;p=4664"},"modified":"2025-11-28T09:34:23","modified_gmt":"2025-11-28T09:34:23","slug":"china-chest-bag-manufacturer","status":"publish","type":"product","link":"https:\/\/pecbag.com\/es\/china-chest-bag-manufacturer\/","title":{"rendered":"China Bolsa de pecho Fabricantes"},"content":{"rendered":"<h5 title=\"Bolso plegable para perros Bolso de malla transpirable para mascotas peque\u00f1as Perros Gatos\" data-immersive-translate-walked=\"1c928421-2e42-4cd3-8754-5404553c0af5\" data-immersive-translate-paragraph=\"1\" data-spm-anchor-id=\"a2700.details.0.i35.4f6757d4w4zNZA\">Premium China Bolsa Pecho Fabricantes | F\u00e1brica De Bolsa Impermeable Y Mochila T\u00e1ctica Fabricantes | Exportaci\u00f3n A Granel<\/h5>\n<div class=\"flex flex-grow flex-col max-w-full\">\n<div class=\"min-h-[20px] text-message flex w-full flex-col items-end gap-2 whitespace-pre-wrap break-words [.text-message+&amp;]:mt-5 overflow-x-auto\" dir=\"auto\" data-message-author-role=\"assistant\" data-message-id=\"3d7d46f6-7ec2-4222-9257-48fa0bba23c6\" data-suggestions=\"true\">\n<div class=\"flex w-full flex-col gap-1 empty:hidden first:pt-[3px]\">\n<div class=\"markdown prose w-full break-words dark:prose-invert light\">\n<p class=\"ds-markdown-paragraph\">\u00bfNecesita una fabricaci\u00f3n fiable de bolsas de pecho directamente desde China?<\/p>\n<p class=\"ds-markdown-paragraph\">Como uno de los principales fabricantes de bolsas pectorales de China y f\u00e1brica de bolsas impermeables con certificaci\u00f3n ISO, dise\u00f1amos equipos pectorales profesionales con materiales de calidad militar, sistemas de arn\u00e9s ergon\u00f3micos y dise\u00f1os preparados para la TSA, en los que conf\u00edan empresas de seguridad y marcas de actividades al aire libre de todo el mundo.<\/p>\n<table width=\"288\">\n<tbody>\n<tr>\n<td width=\"137\"><span style=\"color: #333333;\">Nombre del producto<\/span><\/td>\n<td width=\"151\">Bolsa de pecho<\/td>\n<\/tr>\n<tr>\n<td><span style=\"color: #333333;\">N\u00ba de art\u00edculo<\/span><\/td>\n<td><span style=\"color: #333333;\">PB-2147<\/span><\/td>\n<\/tr>\n<tr>\n<td><span style=\"color: #333333;\">Material<\/span><\/td>\n<td>Nylon 900D<\/td>\n<\/tr>\n<tr>\n<td><span style=\"color: #333333;\">Talla<\/span><\/td>\n<td>25 x 7 x 28 cm<\/td>\n<\/tr>\n<tr>\n<td><span style=\"color: #333333;\">\u00a0Plazo de entrega<\/span><\/td>\n<td><span style=\"color: #333333;\">1-5 d\u00edas para peque\u00f1as cantidades por v\u00eda a\u00e9rea y 30-35 d\u00edas para grandes cantidades por v\u00eda mar\u00edtima<\/span><\/td>\n<\/tr>\n<\/tbody>\n<\/table>\n<h3>Por qu\u00e9 los compradores internacionales se abastecen de nosotros:<\/h3>\n<p class=\"ds-markdown-paragraph\">\ud83c\udfed\u00a0<strong>Ventajas directas de f\u00e1brica:<\/strong><\/p>\n<ul>\n<li>\n<p class=\"ds-markdown-paragraph\">MOQ bajo Bolsa de pecho a granel (300+ unidades)<\/p>\n<\/li>\n<li>\n<p class=\"ds-markdown-paragraph\">Bolsa de pecho completa ODM\/OEM y bolsa de pecho de marca blanca<\/p>\n<\/li>\n<li>\n<p class=\"ds-markdown-paragraph\">Condiciones de exportaci\u00f3n EXW\/FOB Chest Bag<\/p>\n<\/li>\n<li>\n<p class=\"ds-markdown-paragraph\">40.000\u33a1 Centro de producci\u00f3n de bolsas de pecho en China<\/p>\n<\/li>\n<\/ul>\n<p class=\"ds-markdown-paragraph\">\ud83d\udd27\u00a0<strong>Caracter\u00edsticas profesionales:<\/strong><br \/>\n- Nylon Cordura\u00ae 1000D (resistente a la abrasi\u00f3n)<br \/>\n- Paneles de administraci\u00f3n de acceso r\u00e1pido + bolsillos con bloqueo RFID<br \/>\n- Arn\u00e9s anat\u00f3mico en X (tecnolog\u00eda de distribuci\u00f3n del peso)<br \/>\n- Cremalleras YKK\u00ae AquaGuard resistentes a la intemperie<\/p>\n<\/div>\n<\/div>\n<\/div>\n<\/div>","protected":false},"excerpt":{"rendered":"<h2 data-immersive-translate-walked=\"344be1c1-5052-41eb-8fcd-0dbe236a0d6b\" data-immersive-translate-paragraph=\"1\">China Bolsa de pecho Fabricantes<\/h2>\n<div class=\"sliderTable mt10 mb10 sliderTable-index0\">\n<div class=\"inner\">Nuestro chaleco t\u00e1ctico est\u00e1 hecho de material de alta densidad 900D con alta resistencia al desgaste, una cremallera lisa, suave y sin atascos, y una hebilla en forma de D que puede colgar su hebilla de escalada, llavero.<\/div>\n<div class=\"inner\">Dispone de cuatro bolsillos, en los que caben diversos art\u00edculos, como art\u00edculos de primera necesidad, power bank, tel\u00e9fono m\u00f3vil, cartera, tarjeta de cr\u00e9dito, llaves, auriculares, etc.<\/div>\n<\/div>","protected":false},"featured_media":4668,"template":"","meta":{"_uag_custom_page_level_css":""},"product_brand":[],"product_cat":[61,45],"product_tag":[],"class_list":{"0":"post-4664","1":"product","2":"type-product","3":"status-publish","4":"has-post-thumbnail","6":"product_cat-chest-bag","7":"product_cat-hiking-bag","9":"first","10":"instock","11":"shipping-taxable","12":"product-type-simple"},"uagb_featured_image_src":{"full":["https:\/\/pecbag.com\/wp-content\/uploads\/2025\/07\/China-Chest-Bag-Manufacturer-4.jpg",1475,1327,false],"thumbnail":["https:\/\/pecbag.com\/wp-content\/uploads\/2025\/07\/China-Chest-Bag-Manufacturer-4-150x150.jpg",150,150,true],"medium":["https:\/\/pecbag.com\/wp-content\/uploads\/2025\/07\/China-Chest-Bag-Manufacturer-4-300x270.jpg",300,270,true],"medium_large":["https:\/\/pecbag.com\/wp-content\/uploads\/2025\/07\/China-Chest-Bag-Manufacturer-4-768x691.jpg",768,691,true],"large":["https:\/\/pecbag.com\/wp-content\/uploads\/2025\/07\/China-Chest-Bag-Manufacturer-4-1024x921.jpg",800,720,true],"1536x1536":["https:\/\/pecbag.com\/wp-content\/uploads\/2025\/07\/China-Chest-Bag-Manufacturer-4.jpg",1475,1327,false],"2048x2048":["https:\/\/pecbag.com\/wp-content\/uploads\/2025\/07\/China-Chest-Bag-Manufacturer-4.jpg",1475,1327,false],"trp-custom-language-flag":["https:\/\/pecbag.com\/wp-content\/uploads\/2025\/07\/China-Chest-Bag-Manufacturer-4-13x12.jpg",13,12,true],"woocommerce_thumbnail":["https:\/\/pecbag.com\/wp-content\/uploads\/2025\/07\/China-Chest-Bag-Manufacturer-4-300x300.jpg",300,300,true],"woocommerce_single":["https:\/\/pecbag.com\/wp-content\/uploads\/2025\/07\/China-Chest-Bag-Manufacturer-4-600x540.jpg",600,540,true],"woocommerce_gallery_thumbnail":["https:\/\/pecbag.com\/wp-content\/uploads\/2025\/07\/China-Chest-Bag-Manufacturer-4-100x100.jpg",100,100,true]},"uagb_author_info":{"display_name":"Lawrence","author_link":"https:\/\/pecbag.com\/es\/author\/"},"uagb_comment_info":0,"uagb_excerpt":"China Chest Bag Manufacturer Our tactical vest is made of 900D high-density material with high wear resistance, a smooth zipper, smooth and non-jamming, and a D-shaped buckle that can hang your climbing buckle, key ring. It has four pockets, which can hold various items such as daily necessities, power bank, mobile phone, wallet, credit card,&hellip;","_links":{"self":[{"href":"https:\/\/pecbag.com\/es\/wp-json\/wp\/v2\/product\/4664","targetHints":{"allow":["GET"]}}],"collection":[{"href":"https:\/\/pecbag.com\/es\/wp-json\/wp\/v2\/product"}],"about":[{"href":"https:\/\/pecbag.com\/es\/wp-json\/wp\/v2\/types\/product"}],"wp:featuredmedia":[{"embeddable":true,"href":"https:\/\/pecbag.com\/es\/wp-json\/wp\/v2\/media\/4668"}],"wp:attachment":[{"href":"https:\/\/pecbag.com\/es\/wp-json\/wp\/v2\/media?parent=4664"}],"wp:term":[{"taxonomy":"product_brand","embeddable":true,"href":"https:\/\/pecbag.com\/es\/wp-json\/wp\/v2\/product_brand?post=4664"},{"taxonomy":"product_cat","embeddable":true,"href":"https:\/\/pecbag.com\/es\/wp-json\/wp\/v2\/product_cat?post=4664"},{"taxonomy":"product_tag","embeddable":true,"href":"https:\/\/pecbag.com\/es\/wp-json\/wp\/v2\/product_tag?post=4664"}],"curies":[{"name":"wp","href":"https:\/\/api.w.org\/{rel}","templated":true}]}}