{"id":4671,"date":"2025-07-12T02:00:26","date_gmt":"2025-07-12T02:00:26","guid":{"rendered":"https:\/\/pecbag.com\/?post_type=product&#038;p=4671"},"modified":"2025-11-28T09:34:11","modified_gmt":"2025-11-28T09:34:11","slug":"china-chest-bag-factory","status":"publish","type":"product","link":"https:\/\/pecbag.com\/es\/china-chest-bag-factory\/","title":{"rendered":"F\u00e1brica de bolsas de pecho en China"},"content":{"rendered":"<h5 title=\"Bolso plegable para perros Bolso de malla transpirable para mascotas peque\u00f1as Perros Gatos\" data-immersive-translate-walked=\"1c928421-2e42-4cd3-8754-5404553c0af5\" data-immersive-translate-paragraph=\"1\" data-spm-anchor-id=\"a2700.details.0.i35.4f6757d4w4zNZA\">Top China Bolsa Pecho F\u00e1brica | Bolsa Impermeable F\u00e1brica &amp; Mochila T\u00e1ctica Fabricante | OEM a granel<\/h5>\n<div class=\"flex flex-grow flex-col max-w-full\">\n<div class=\"min-h-[20px] text-message flex w-full flex-col items-end gap-2 whitespace-pre-wrap break-words [.text-message+&amp;]:mt-5 overflow-x-auto\" dir=\"auto\" data-message-author-role=\"assistant\" data-message-id=\"3d7d46f6-7ec2-4222-9257-48fa0bba23c6\" data-suggestions=\"true\">\n<div class=\"flex w-full flex-col gap-1 empty:hidden first:pt-[3px]\">\n<div class=\"markdown prose w-full break-words dark:prose-invert light\">\n<p class=\"ds-markdown-paragraph\">\u00bfNecesita bolsas pectorales de primera calidad fabricadas directamente en China?<\/p>\n<p class=\"ds-markdown-paragraph\">Como f\u00e1brica l\u00edder de bolsas pectorales en China y f\u00e1brica de bolsas impermeables con certificaci\u00f3n ISO, producimos equipos pectorales profesionales con materiales de calidad militar, dise\u00f1os de acceso r\u00e1pido y construcci\u00f3n resistente a la intemperie, en los que conf\u00edan empresas de seguridad y marcas de actividades al aire libre de todo el mundo.<\/p>\n<table width=\"288\">\n<tbody>\n<tr>\n<td width=\"137\"><span style=\"color: #333333;\">Nombre del producto<\/span><\/td>\n<td width=\"151\">Bolsa de pecho<\/td>\n<\/tr>\n<tr>\n<td><span style=\"color: #333333;\">N\u00ba de art\u00edculo<\/span><\/td>\n<td><span style=\"color: #333333;\">PB-2148<\/span><\/td>\n<\/tr>\n<tr>\n<td><span style=\"color: #333333;\">Material<\/span><\/td>\n<td>Nylon<\/td>\n<\/tr>\n<tr>\n<td><span style=\"color: #333333;\">Talla<\/span><\/td>\n<td>40 x 9 x 30 cm<\/td>\n<\/tr>\n<tr>\n<td><span style=\"color: #333333;\">\u00a0Plazo de entrega<\/span><\/td>\n<td><span style=\"color: #333333;\">1-5 d\u00edas para peque\u00f1as cantidades por v\u00eda a\u00e9rea y 30-35 d\u00edas para grandes cantidades por v\u00eda mar\u00edtima<\/span><\/td>\n<\/tr>\n<\/tbody>\n<\/table>\n<h3>Por qu\u00e9 comprar en nuestra f\u00e1brica de China:<\/h3>\n<p class=\"ds-markdown-paragraph\">\ud83c\udfed\u00a0<strong>Ventajas directas de f\u00e1brica:<\/strong><\/p>\n<ul>\n<li>\n<p class=\"ds-markdown-paragraph\">MOQ bajo Bolsa de pecho a granel (300+ unidades)<\/p>\n<\/li>\n<li>\n<p class=\"ds-markdown-paragraph\">Bolsa de pecho completa ODM\/OEM y bolsa de pecho de marca blanca<\/p>\n<\/li>\n<li>\n<p class=\"ds-markdown-paragraph\">Condiciones de exportaci\u00f3n EXW\/FOB Chest Bag<\/p>\n<\/li>\n<li>\n<p class=\"ds-markdown-paragraph\">40.000\u33a1 Centro de producci\u00f3n de bolsas de pecho en China<\/p>\n<\/li>\n<\/ul>\n<p class=\"ds-markdown-paragraph\">\ud83d\udd27\u00a0<strong>Excelencia en la fabricaci\u00f3n:<\/strong><br \/>\n- Nylon Cordura\u00ae 1000D (resistente al desgarro)<br \/>\n- Cremalleras impermeables YKK\u00ae AquaGuard<br \/>\n- Paneles Molle modulares + bolsillos con bloqueo RFID<br \/>\n- Sistemas anat\u00f3micos de arn\u00e9s en X<\/p>\n<\/div>\n<\/div>\n<\/div>\n<\/div>","protected":false},"excerpt":{"rendered":"<h2 data-immersive-translate-walked=\"344be1c1-5052-41eb-8fcd-0dbe236a0d6b\" data-immersive-translate-paragraph=\"1\">F\u00e1brica de bolsas de pecho en China<\/h2>\n<div class=\"sliderTable mt10 mb10 sliderTable-index0\">\n<div class=\"inner\">De alto rendimiento para un uso duradero, esta bolsa de pecho est\u00e1 fabricada con tejido de primera calidad y cremalleras lisas y resistentes.<\/div>\n<div class=\"inner\">Puede contener m\u00e1s objetos que una ri\u00f1onera y es m\u00e1s f\u00e1cil de llevar que un brazalete. La mejor bolsa de pecho para entrenamientos de running al aire libre en cualquier condici\u00f3n meteorol\u00f3gica.<\/div>\n<\/div>","protected":false},"featured_media":4673,"template":"","meta":{"_uag_custom_page_level_css":""},"product_brand":[],"product_cat":[61,45],"product_tag":[],"class_list":{"0":"post-4671","1":"product","2":"type-product","3":"status-publish","4":"has-post-thumbnail","6":"product_cat-chest-bag","7":"product_cat-hiking-bag","9":"first","10":"instock","11":"shipping-taxable","12":"product-type-simple"},"uagb_featured_image_src":{"full":["https:\/\/pecbag.com\/wp-content\/uploads\/2025\/07\/China-Chest-Bag-Factory-3.jpg",1393,1500,false],"thumbnail":["https:\/\/pecbag.com\/wp-content\/uploads\/2025\/07\/China-Chest-Bag-Factory-3-150x150.jpg",150,150,true],"medium":["https:\/\/pecbag.com\/wp-content\/uploads\/2025\/07\/China-Chest-Bag-Factory-3-279x300.jpg",279,300,true],"medium_large":["https:\/\/pecbag.com\/wp-content\/uploads\/2025\/07\/China-Chest-Bag-Factory-3-768x827.jpg",768,827,true],"large":["https:\/\/pecbag.com\/wp-content\/uploads\/2025\/07\/China-Chest-Bag-Factory-3-951x1024.jpg",800,861,true],"1536x1536":["https:\/\/pecbag.com\/wp-content\/uploads\/2025\/07\/China-Chest-Bag-Factory-3.jpg",1393,1500,false],"2048x2048":["https:\/\/pecbag.com\/wp-content\/uploads\/2025\/07\/China-Chest-Bag-Factory-3.jpg",1393,1500,false],"trp-custom-language-flag":["https:\/\/pecbag.com\/wp-content\/uploads\/2025\/07\/China-Chest-Bag-Factory-3-11x12.jpg",11,12,true],"woocommerce_thumbnail":["https:\/\/pecbag.com\/wp-content\/uploads\/2025\/07\/China-Chest-Bag-Factory-3-300x300.jpg",300,300,true],"woocommerce_single":["https:\/\/pecbag.com\/wp-content\/uploads\/2025\/07\/China-Chest-Bag-Factory-3-600x646.jpg",600,646,true],"woocommerce_gallery_thumbnail":["https:\/\/pecbag.com\/wp-content\/uploads\/2025\/07\/China-Chest-Bag-Factory-3-100x100.jpg",100,100,true]},"uagb_author_info":{"display_name":"Lawrence","author_link":"https:\/\/pecbag.com\/es\/author\/"},"uagb_comment_info":0,"uagb_excerpt":"China Chest Bag Factory High Performance for Long-lasting usage, this chest bag is made of premium quality fabric and smooth, sturdy zippers. It can hold more items than a fanny chest pack and is easier to carry than an armband. Best chest bag for outdoor running training in all weather conditions.","_links":{"self":[{"href":"https:\/\/pecbag.com\/es\/wp-json\/wp\/v2\/product\/4671","targetHints":{"allow":["GET"]}}],"collection":[{"href":"https:\/\/pecbag.com\/es\/wp-json\/wp\/v2\/product"}],"about":[{"href":"https:\/\/pecbag.com\/es\/wp-json\/wp\/v2\/types\/product"}],"wp:featuredmedia":[{"embeddable":true,"href":"https:\/\/pecbag.com\/es\/wp-json\/wp\/v2\/media\/4673"}],"wp:attachment":[{"href":"https:\/\/pecbag.com\/es\/wp-json\/wp\/v2\/media?parent=4671"}],"wp:term":[{"taxonomy":"product_brand","embeddable":true,"href":"https:\/\/pecbag.com\/es\/wp-json\/wp\/v2\/product_brand?post=4671"},{"taxonomy":"product_cat","embeddable":true,"href":"https:\/\/pecbag.com\/es\/wp-json\/wp\/v2\/product_cat?post=4671"},{"taxonomy":"product_tag","embeddable":true,"href":"https:\/\/pecbag.com\/es\/wp-json\/wp\/v2\/product_tag?post=4671"}],"curies":[{"name":"wp","href":"https:\/\/api.w.org\/{rel}","templated":true}]}}