{"id":4728,"date":"2025-07-30T09:57:25","date_gmt":"2025-07-30T09:57:25","guid":{"rendered":"https:\/\/pecbag.com\/?post_type=product&#038;p=4728"},"modified":"2025-11-28T09:24:24","modified_gmt":"2025-11-28T09:24:24","slug":"chest-bag-manufacturers","status":"publish","type":"product","link":"https:\/\/pecbag.com\/es\/chest-bag-manufacturers\/","title":{"rendered":"Fabricantes de bolsas de pecho"},"content":{"rendered":"<h5 title=\"Bolso plegable para perros Bolso de malla transpirable para mascotas peque\u00f1as Perros Gatos\" data-immersive-translate-walked=\"1c928421-2e42-4cd3-8754-5404553c0af5\" data-immersive-translate-paragraph=\"1\" data-spm-anchor-id=\"a2700.details.0.i35.4f6757d4w4zNZA\">Principales fabricantes de bolsas de pecho | F\u00e1brica de bolsas impermeables y mochilas t\u00e1cticas | Global Supply<\/h5>\n<div class=\"flex flex-grow flex-col max-w-full\">\n<div class=\"min-h-[20px] text-message flex w-full flex-col items-end gap-2 whitespace-pre-wrap break-words [.text-message+&amp;]:mt-5 overflow-x-auto\" dir=\"auto\" data-message-author-role=\"assistant\" data-message-id=\"3d7d46f6-7ec2-4222-9257-48fa0bba23c6\" data-suggestions=\"true\">\n<div class=\"flex w-full flex-col gap-1 empty:hidden first:pt-[3px]\">\n<div class=\"markdown prose w-full break-words dark:prose-invert light\">\n<p class=\"ds-markdown-paragraph\">\u00bfNecesita fabricantes fiables de bolsas de pecho para su cadena de suministro global?<\/p>\n<p class=\"ds-markdown-paragraph\">Como uno de los principales fabricantes de bolsas pectorales y una f\u00e1brica de bolsas impermeables con certificaci\u00f3n ISO, dise\u00f1amos equipos pectorales profesionales con materiales de calidad militar, dise\u00f1os ergon\u00f3micos y construcci\u00f3n resistente a la intemperie, en los que conf\u00edan empresas de seguridad y marcas de actividades al aire libre de todo el mundo.<\/p>\n<table width=\"288\">\n<tbody>\n<tr>\n<td width=\"137\"><span style=\"color: #333333;\">Nombre del producto<\/span><\/td>\n<td width=\"151\">Bolsa de pecho<\/td>\n<\/tr>\n<tr>\n<td><span style=\"color: #333333;\">N\u00ba de art\u00edculo<\/span><\/td>\n<td><span style=\"color: #333333;\">PB-2149<\/span><\/td>\n<\/tr>\n<tr>\n<td><span style=\"color: #333333;\">Material<\/span><\/td>\n<td>Nylon<\/td>\n<\/tr>\n<tr>\n<td><span style=\"color: #333333;\">Talla<\/span><\/td>\n<td>30 x 7 x 20 cm<\/td>\n<\/tr>\n<tr>\n<td><span style=\"color: #333333;\">\u00a0Plazo de entrega<\/span><\/td>\n<td><span style=\"color: #333333;\">1-5 d\u00edas para peque\u00f1as cantidades por v\u00eda a\u00e9rea y 30-35 d\u00edas para grandes cantidades por v\u00eda mar\u00edtima<\/span><\/td>\n<\/tr>\n<\/tbody>\n<\/table>\n<h3>Por qu\u00e9 nos eligen los socios globales:<\/h3>\n<p class=\"ds-markdown-paragraph\">\ud83c\udfed\u00a0<strong>Fabricaci\u00f3n integral:<\/strong><\/p>\n<ul>\n<li>\n<p class=\"ds-markdown-paragraph\">Bolsa Pecho producci\u00f3n a granel (300+ MOQ)<\/p>\n<\/li>\n<li>\n<p class=\"ds-markdown-paragraph\">Bolsa de pecho completa ODM\/OEM y bolsa de pecho de marca blanca<\/p>\n<\/li>\n<li>\n<p class=\"ds-markdown-paragraph\">Experiencia en exportaci\u00f3n de bolsas de pecho (condiciones FOB\/EXW\/DDP)<\/p>\n<\/li>\n<li>\n<p class=\"ds-markdown-paragraph\">Chest Bag China hub + almacenes globales<\/p>\n<\/li>\n<\/ul>\n<p class=\"ds-markdown-paragraph\">\ud83d\udd27\u00a0<strong>Capacidades de fabricaci\u00f3n:<\/strong><br \/>\n- Construcci\u00f3n de nylon Cordura\u00ae 1000D<br \/>\n- Cremalleras impermeables YKK\u00ae AquaGuard<br \/>\n- Compatibilidad modular Molle\/PALS<br \/>\n- Compartimentos seguros con bloqueo RFID<\/p>\n<\/div>\n<\/div>\n<\/div>\n<\/div>","protected":false},"excerpt":{"rendered":"<h2 data-immersive-translate-walked=\"344be1c1-5052-41eb-8fcd-0dbe236a0d6b\" data-immersive-translate-paragraph=\"1\">Fabricantes de bolsas de pecho<\/h2>\n<div class=\"sliderTable mt10 mb10 sliderTable-index0\">\n<div class=\"inner\">Nuestra pechera profesional para hombre est\u00e1 dise\u00f1ada para llevarla en el pecho, lo que facilita el acceso a sus objetos de valor sin necesidad de quitarse la pechera.<\/div>\n<div class=\"inner\">La posici\u00f3n en el pecho ayuda a mantener tus pertenencias seguras. Esta mochila de running para hombre es ideal para guardar objetos esenciales como tel\u00e9fonos, carteras, llaves y peque\u00f1as herramientas.<\/div>\n<\/div>","protected":false},"featured_media":4734,"template":"","meta":{"_uag_custom_page_level_css":""},"product_brand":[],"product_cat":[61],"product_tag":[],"class_list":{"0":"post-4728","1":"product","2":"type-product","3":"status-publish","4":"has-post-thumbnail","6":"product_cat-chest-bag","8":"first","9":"instock","10":"shipping-taxable","11":"product-type-simple"},"uagb_featured_image_src":{"full":["https:\/\/pecbag.com\/wp-content\/uploads\/2025\/07\/Chest-Bag-Manufacturers-2.jpeg",1500,1513,false],"thumbnail":["https:\/\/pecbag.com\/wp-content\/uploads\/2025\/07\/Chest-Bag-Manufacturers-2-150x150.jpeg",150,150,true],"medium":["https:\/\/pecbag.com\/wp-content\/uploads\/2025\/07\/Chest-Bag-Manufacturers-2-297x300.jpeg",297,300,true],"medium_large":["https:\/\/pecbag.com\/wp-content\/uploads\/2025\/07\/Chest-Bag-Manufacturers-2-768x775.jpeg",768,775,true],"large":["https:\/\/pecbag.com\/wp-content\/uploads\/2025\/07\/Chest-Bag-Manufacturers-2-1015x1024.jpeg",800,807,true],"1536x1536":["https:\/\/pecbag.com\/wp-content\/uploads\/2025\/07\/Chest-Bag-Manufacturers-2.jpeg",1500,1513,false],"2048x2048":["https:\/\/pecbag.com\/wp-content\/uploads\/2025\/07\/Chest-Bag-Manufacturers-2.jpeg",1500,1513,false],"trp-custom-language-flag":["https:\/\/pecbag.com\/wp-content\/uploads\/2025\/07\/Chest-Bag-Manufacturers-2-12x12.jpeg",12,12,true],"woocommerce_thumbnail":["https:\/\/pecbag.com\/wp-content\/uploads\/2025\/07\/Chest-Bag-Manufacturers-2-300x300.jpeg",300,300,true],"woocommerce_single":["https:\/\/pecbag.com\/wp-content\/uploads\/2025\/07\/Chest-Bag-Manufacturers-2-600x605.jpeg",600,605,true],"woocommerce_gallery_thumbnail":["https:\/\/pecbag.com\/wp-content\/uploads\/2025\/07\/Chest-Bag-Manufacturers-2-100x100.jpeg",100,100,true]},"uagb_author_info":{"display_name":"Lawrence","author_link":"https:\/\/pecbag.com\/es\/author\/"},"uagb_comment_info":0,"uagb_excerpt":"Chest Bag Manufacturers Our professional chest pack for men is designed to be worn on the chest, providing easy access to your valuables without the need to remove the pack. The chest position helps keep your belongings secure. This running chest pack for men is great for storing essentials like phones, wallets, keys, and small&hellip;","_links":{"self":[{"href":"https:\/\/pecbag.com\/es\/wp-json\/wp\/v2\/product\/4728","targetHints":{"allow":["GET"]}}],"collection":[{"href":"https:\/\/pecbag.com\/es\/wp-json\/wp\/v2\/product"}],"about":[{"href":"https:\/\/pecbag.com\/es\/wp-json\/wp\/v2\/types\/product"}],"wp:featuredmedia":[{"embeddable":true,"href":"https:\/\/pecbag.com\/es\/wp-json\/wp\/v2\/media\/4734"}],"wp:attachment":[{"href":"https:\/\/pecbag.com\/es\/wp-json\/wp\/v2\/media?parent=4728"}],"wp:term":[{"taxonomy":"product_brand","embeddable":true,"href":"https:\/\/pecbag.com\/es\/wp-json\/wp\/v2\/product_brand?post=4728"},{"taxonomy":"product_cat","embeddable":true,"href":"https:\/\/pecbag.com\/es\/wp-json\/wp\/v2\/product_cat?post=4728"},{"taxonomy":"product_tag","embeddable":true,"href":"https:\/\/pecbag.com\/es\/wp-json\/wp\/v2\/product_tag?post=4728"}],"curies":[{"name":"wp","href":"https:\/\/api.w.org\/{rel}","templated":true}]}}