{"id":4735,"date":"2025-07-14T01:12:04","date_gmt":"2025-07-14T01:12:04","guid":{"rendered":"https:\/\/pecbag.com\/?post_type=product&#038;p=4735"},"modified":"2025-11-28T09:33:58","modified_gmt":"2025-11-28T09:33:58","slug":"mens-chest-bag-manufacturers","status":"publish","type":"product","link":"https:\/\/pecbag.com\/es\/mens-chest-bag-manufacturers\/","title":{"rendered":"Mens Chest Bag Fabricantes"},"content":{"rendered":"<h5 title=\"Bolso plegable para perros Bolso de malla transpirable para mascotas peque\u00f1as Perros Gatos\" data-immersive-translate-walked=\"1c928421-2e42-4cd3-8754-5404553c0af5\" data-immersive-translate-paragraph=\"1\" data-spm-anchor-id=\"a2700.details.0.i35.4f6757d4w4zNZA\">Premium Mens Chest Bag Fabricantes | F\u00e1brica de Bolsa Impermeable y Mochila T\u00e1ctica Fabricante | Bulk Solutions<\/h5>\n<div class=\"flex flex-grow flex-col max-w-full\">\n<div class=\"min-h-[20px] text-message flex w-full flex-col items-end gap-2 whitespace-pre-wrap break-words [.text-message+&amp;]:mt-5 overflow-x-auto\" dir=\"auto\" data-message-author-role=\"assistant\" data-message-id=\"3d7d46f6-7ec2-4222-9257-48fa0bba23c6\" data-suggestions=\"true\">\n<div class=\"flex w-full flex-col gap-1 empty:hidden first:pt-[3px]\">\n<div class=\"markdown prose w-full break-words dark:prose-invert light\">\n<p class=\"ds-markdown-paragraph\">\u00bfNecesita pecheras resistentes para hombre fabricadas para uso profesional?<\/p>\n<p class=\"ds-markdown-paragraph\">Como fabricantes l\u00edderes de bolsas pectorales para hombre y f\u00e1brica de bolsas impermeables con certificaci\u00f3n ISO, dise\u00f1amos equipos pectorales masculinos con sistemas de arn\u00e9s anat\u00f3micos, caracter\u00edsticas t\u00e1cticas y construcci\u00f3n duradera, en los que conf\u00edan profesionales de la seguridad y marcas de outdoor de todo el mundo.<\/p>\n<table width=\"288\">\n<tbody>\n<tr>\n<td width=\"137\"><span style=\"color: #333333;\">Nombre del producto<\/span><\/td>\n<td width=\"151\">Bolsa de pecho<\/td>\n<\/tr>\n<tr>\n<td><span style=\"color: #333333;\">N\u00ba de art\u00edculo<\/span><\/td>\n<td><span style=\"color: #333333;\">PB-2150<\/span><\/td>\n<\/tr>\n<tr>\n<td><span style=\"color: #333333;\">Material<\/span><\/td>\n<td>Poli\u00e9ster<\/td>\n<\/tr>\n<tr>\n<td><span style=\"color: #333333;\">Talla<\/span><\/td>\n<td>26 x 7 x 16 cm<\/td>\n<\/tr>\n<tr>\n<td><span style=\"color: #333333;\">\u00a0Plazo de entrega<\/span><\/td>\n<td><span style=\"color: #333333;\">1-5 d\u00edas para peque\u00f1as cantidades por v\u00eda a\u00e9rea y 30-35 d\u00edas para grandes cantidades por v\u00eda mar\u00edtima<\/span><\/td>\n<\/tr>\n<\/tbody>\n<\/table>\n<h3>Por qu\u00e9 elegir nuestra fabricaci\u00f3n:<\/h3>\n<p class=\"ds-markdown-paragraph\">\ud83c\udfed\u00a0<strong>Ventajas directas de f\u00e1brica:<\/strong><\/p>\n<ul>\n<li>\n<p class=\"ds-markdown-paragraph\">Bolsa Pecho producci\u00f3n a granel (300+ MOQ)<\/p>\n<\/li>\n<li>\n<p class=\"ds-markdown-paragraph\">Bolsa de pecho completa ODM\/OEM y bolsa de pecho de marca blanca<\/p>\n<\/li>\n<li>\n<p class=\"ds-markdown-paragraph\">Peritaje de exportaci\u00f3n de bolsas de pecho (condiciones FOB\/EXW)<\/p>\n<\/li>\n<li>\n<p class=\"ds-markdown-paragraph\">Chest Bag China hub with global shipping<\/p>\n<\/li>\n<\/ul>\n<p class=\"ds-markdown-paragraph\">\ud83d\udd27\u00a0<strong>Ingenier\u00eda espec\u00edfica para hombres:<\/strong><br \/>\n- Arn\u00e9s anat\u00f3mico en X (peso distribuido para monturas masculinas)<br \/>\n- Rango de correas ampliado (se adapta a alturas de 160-200 cm)<br \/>\n- Puntos de tensi\u00f3n reforzados (1000D Cordura\u00ae)<br \/>\n- Paneles traseros AirMesh antisudor<\/p>\n<\/div>\n<\/div>\n<\/div>\n<\/div>","protected":false},"excerpt":{"rendered":"<h2 data-immersive-translate-walked=\"344be1c1-5052-41eb-8fcd-0dbe236a0d6b\" data-immersive-translate-paragraph=\"1\">Mens Chest Bag Fabricantes<\/h2>\n<div class=\"sliderTable mt10 mb10 sliderTable-index0\">\n<div class=\"inner\">Con tres bolsillos \u00fanicos dise\u00f1ados para cada gadget que necesites, nuestra bolsa de pecho para correr puede almacenar lo que necesites para tu rutina diaria.<\/div>\n<div class=\"inner\">Con m\u00faltiples compartimentos dise\u00f1ados para diferentes gadgets, nuestra mochila tor\u00e1cica garantiza que todo lo que necesitas est\u00e9 f\u00e1cilmente accesible. Ahorra tiempo buscando tus cosas y ten m\u00e1s tiempo para sudar.<\/div>\n<\/div>","protected":false},"featured_media":4740,"template":"","meta":{"_uag_custom_page_level_css":""},"product_brand":[],"product_cat":[61],"product_tag":[],"class_list":{"0":"post-4735","1":"product","2":"type-product","3":"status-publish","4":"has-post-thumbnail","6":"product_cat-chest-bag","8":"first","9":"instock","10":"shipping-taxable","11":"product-type-simple"},"uagb_featured_image_src":{"full":["https:\/\/pecbag.com\/wp-content\/uploads\/2025\/07\/Mens-Chest-Bag-Manufacturers-5.jpeg",1500,1500,false],"thumbnail":["https:\/\/pecbag.com\/wp-content\/uploads\/2025\/07\/Mens-Chest-Bag-Manufacturers-5-150x150.jpeg",150,150,true],"medium":["https:\/\/pecbag.com\/wp-content\/uploads\/2025\/07\/Mens-Chest-Bag-Manufacturers-5-300x300.jpeg",300,300,true],"medium_large":["https:\/\/pecbag.com\/wp-content\/uploads\/2025\/07\/Mens-Chest-Bag-Manufacturers-5-768x768.jpeg",768,768,true],"large":["https:\/\/pecbag.com\/wp-content\/uploads\/2025\/07\/Mens-Chest-Bag-Manufacturers-5-1024x1024.jpeg",800,800,true],"1536x1536":["https:\/\/pecbag.com\/wp-content\/uploads\/2025\/07\/Mens-Chest-Bag-Manufacturers-5.jpeg",1500,1500,false],"2048x2048":["https:\/\/pecbag.com\/wp-content\/uploads\/2025\/07\/Mens-Chest-Bag-Manufacturers-5.jpeg",1500,1500,false],"trp-custom-language-flag":["https:\/\/pecbag.com\/wp-content\/uploads\/2025\/07\/Mens-Chest-Bag-Manufacturers-5-12x12.jpeg",12,12,true],"woocommerce_thumbnail":["https:\/\/pecbag.com\/wp-content\/uploads\/2025\/07\/Mens-Chest-Bag-Manufacturers-5-300x300.jpeg",300,300,true],"woocommerce_single":["https:\/\/pecbag.com\/wp-content\/uploads\/2025\/07\/Mens-Chest-Bag-Manufacturers-5-600x600.jpeg",600,600,true],"woocommerce_gallery_thumbnail":["https:\/\/pecbag.com\/wp-content\/uploads\/2025\/07\/Mens-Chest-Bag-Manufacturers-5-100x100.jpeg",100,100,true]},"uagb_author_info":{"display_name":"Lawrence","author_link":"https:\/\/pecbag.com\/es\/author\/"},"uagb_comment_info":0,"uagb_excerpt":"Mens Chest Bag Manufacturers With three unique pockets designed for every gadget you need, our running chest bag can store you needs for your daily routine. With multiple compartments designed for different gadgets, our chest pack ensures that everything you need is easily accessible. Save time looking for your things and have more time to&hellip;","_links":{"self":[{"href":"https:\/\/pecbag.com\/es\/wp-json\/wp\/v2\/product\/4735","targetHints":{"allow":["GET"]}}],"collection":[{"href":"https:\/\/pecbag.com\/es\/wp-json\/wp\/v2\/product"}],"about":[{"href":"https:\/\/pecbag.com\/es\/wp-json\/wp\/v2\/types\/product"}],"wp:featuredmedia":[{"embeddable":true,"href":"https:\/\/pecbag.com\/es\/wp-json\/wp\/v2\/media\/4740"}],"wp:attachment":[{"href":"https:\/\/pecbag.com\/es\/wp-json\/wp\/v2\/media?parent=4735"}],"wp:term":[{"taxonomy":"product_brand","embeddable":true,"href":"https:\/\/pecbag.com\/es\/wp-json\/wp\/v2\/product_brand?post=4735"},{"taxonomy":"product_cat","embeddable":true,"href":"https:\/\/pecbag.com\/es\/wp-json\/wp\/v2\/product_cat?post=4735"},{"taxonomy":"product_tag","embeddable":true,"href":"https:\/\/pecbag.com\/es\/wp-json\/wp\/v2\/product_tag?post=4735"}],"curies":[{"name":"wp","href":"https:\/\/api.w.org\/{rel}","templated":true}]}}