{"id":4742,"date":"2025-07-15T01:42:41","date_gmt":"2025-07-15T01:42:41","guid":{"rendered":"https:\/\/pecbag.com\/?post_type=product&#038;p=4742"},"modified":"2025-11-28T09:33:36","modified_gmt":"2025-11-28T09:33:36","slug":"sports-gym-bag-factory","status":"publish","type":"product","link":"https:\/\/pecbag.com\/es\/sports-gym-bag-factory\/","title":{"rendered":"F\u00e1brica de bolsas de deporte"},"content":{"rendered":"<h5 title=\"Bolso plegable para perros Bolso de malla transpirable para mascotas peque\u00f1as Perros Gatos\" data-immersive-translate-walked=\"1c928421-2e42-4cd3-8754-5404553c0af5\" data-immersive-translate-paragraph=\"1\" data-spm-anchor-id=\"a2700.details.0.i35.4f6757d4w4zNZA\">Fabricante multicategor\u00eda: F\u00e1brica de mochilas y bolsas impermeables Fabricante | Premium Sports Gym Bag Factory<\/h5>\n<div class=\"flex flex-grow flex-col max-w-full\">\n<div class=\"min-h-[20px] text-message flex w-full flex-col items-end gap-2 whitespace-pre-wrap break-words [.text-message+&amp;]:mt-5 overflow-x-auto\" dir=\"auto\" data-message-author-role=\"assistant\" data-message-id=\"3d7d46f6-7ec2-4222-9257-48fa0bba23c6\" data-suggestions=\"true\">\n<div class=\"flex w-full flex-col gap-1 empty:hidden first:pt-[3px]\">\n<div class=\"markdown prose w-full break-words dark:prose-invert light\">\n<p class=\"ds-markdown-paragraph\">\u00bfNecesita un vers\u00e1til Deportes Gym Bag F\u00e1brica? Somos una certificaci\u00f3n ISO Gym Bag fabricante en Gym Bag China, la producci\u00f3n de bolsas de atletismo de primera calidad para la exportaci\u00f3n mundial Gym Bag. Socio con nuestra empresa bolsa de gimnasio para:<\/p>\n<table width=\"288\">\n<tbody>\n<tr>\n<td width=\"137\"><span style=\"color: #333333;\">Nombre del producto<\/span><\/td>\n<td width=\"151\">Bolsa de pecho<\/td>\n<\/tr>\n<tr>\n<td><span style=\"color: #333333;\">N\u00ba de art\u00edculo<\/span><\/td>\n<td><span style=\"color: #333333;\">PB-2151<\/span><\/td>\n<\/tr>\n<tr>\n<td><span style=\"color: #333333;\">Material<\/span><\/td>\n<td>Poli\u00e9ster 600D<\/td>\n<\/tr>\n<tr>\n<td><span style=\"color: #333333;\">Talla<\/span><\/td>\n<td>31\u2033L x 7,5\u2033 Di\u00e1metro<\/td>\n<\/tr>\n<tr>\n<td><span style=\"color: #333333;\">\u00a0Plazo de entrega<\/span><\/td>\n<td><span style=\"color: #333333;\">1-5 d\u00edas para peque\u00f1as cantidades por v\u00eda a\u00e9rea y 30-35 d\u00edas para grandes cantidades por v\u00eda mar\u00edtima<\/span><\/td>\n<\/tr>\n<\/tbody>\n<\/table>\n<p class=\"ds-markdown-paragraph\">\u2705\u00a0<strong>Eficiencia directa de f\u00e1brica<\/strong><br \/>\nSource Gym Bag pedidos a granel directamente de nuestra f\u00e1brica de bolsas de gimnasio deportivo - sin intermediarios, precios competitivos.<\/p>\n<p class=\"ds-markdown-paragraph\">\u2705\u00a0<strong>Experiencia en personalizaci\u00f3n<\/strong><br \/>\nFullGym Bag ODM\/OEM + Gym Bag servicios de marca privada (MOQ 500 unidades)<\/p>\n<p class=\"ds-markdown-paragraph\">\u2705\u00a0<strong>Soluciones listas para la exportaci\u00f3n<\/strong><br \/>\nExportaci\u00f3n de bolsas de deporte llave en mano con documentaci\u00f3n de conformidad<\/p>\n<p class=\"ds-markdown-paragraph\"><strong>Por qu\u00e9 nos eligen los socios globales:<\/strong><br \/>\n- Descuentos al por mayor en bolsas de deporte (500+\/1.000+ unidades)<br \/>\n- M\u00e1s de 15 nuevos dise\u00f1os trimestrales<br \/>\n- Asociaciones de proveedores de bolsas de deporte con env\u00edo directo<br \/>\n- Producci\u00f3n r\u00e1pida en 7 d\u00edas para clientes mayoristas de bolsas de gimnasia<\/p>\n<p class=\"ds-markdown-paragraph\">Como su proveedor dedicado de Gym Bag y Sports Gym Bag F\u00e1brica, nos aseguramos de calidad desde la producci\u00f3n hasta la exportaci\u00f3n. \u00a1Solicite un cat\u00e1logo hoy!<\/p>\n<\/div>\n<\/div>\n<\/div>\n<\/div>","protected":false},"excerpt":{"rendered":"<h2 class=\"this-description-name\">Logotipo personalizado impermeable funcional Deportes Gym Bag Factory<\/h2>\n<div class=\"sliderTable mt10 mb10 sliderTable-index0\">\n<div class=\"inner\">\n<p>1. <strong>1 bolsillo h\u00famedo separado en la parte inferior<\/strong>: Esta bolsa de yoga es el ideal de dise\u00f1o reflexivo con 1 cremallera bolsillo impermeable h\u00famedo, que la altura<br \/>\n3,2 pulgadas en la parte inferior. Puede contener un sujetador deportivo y un par de leggings completos juntos, u otros art\u00edculos personales esenciales como<br \/>\ncorreas de yoga, toallas, kit de viaje, etc.<br \/>\n2. <strong>2 bolsillos laterales exteriores<\/strong>: Caracter\u00edsticas exteriores 1 bolsillo frontal con cord\u00f3n espacioso para botellas de agua, paraguas, mancuerna peque\u00f1a, cuerda<br \/>\nsaltar, u otros accesorios deportivos. Y, 1 bolsillo lateral exterior con cremallera peque\u00f1a (longitud 7,8 pulgadas) para el almacenamiento r\u00e1pido de su tel\u00e9fono,<br \/>\nLlaves, cartera, documentos de identidad, objetos de valor... todo a buen recaudo.<br \/>\n3. <strong>Calidad superior<\/strong>:  Este portador de yoga est\u00e1 hecho de cremalleras SBS de tono plateado fiables y suaves y material de poli\u00e9ster resistente que ofrece<br \/>\nun revestimiento resistente al agua. Es f\u00e1cil de limpiar y pesa s\u00f3lo 330 g, y se puede enrollar y plegar f\u00e1cilmente<br \/>\n4. <strong>F\u00e1cil de transportar<\/strong>: C\u00f3modo y f\u00e1cil correa de hombro ajustable (longitud m\u00e1xima de 47 pulgadas) de dise\u00f1o es adecuado para diferentes alturas de<br \/>\nmujeres y hombres. Se puede llevar cruzado o sobre el hombro. Libera tu mano y s\u00e9 m\u00e1s c\u00f3modo<\/p>\n<div>5. <strong>Di\u00e1metro de 0,8 pulgadas Mayor<\/strong>: Nuestra bolsa de deporte actualizada es 0,8 pulgadas de di\u00e1metro m\u00e1s grande que la de otros. Dimensiones completas: 31\u2033L x 7,5\u2033<\/div>\n<\/div>\n<\/div>","protected":false},"featured_media":4746,"template":"","meta":{"_uag_custom_page_level_css":""},"product_brand":[],"product_cat":[56,67],"product_tag":[],"class_list":{"0":"post-4742","1":"product","2":"type-product","3":"status-publish","4":"has-post-thumbnail","6":"product_cat-gym-bag","7":"product_cat-sports-bag","9":"first","10":"instock","11":"shipping-taxable","12":"product-type-simple"},"uagb_featured_image_src":{"full":["https:\/\/pecbag.com\/wp-content\/uploads\/2025\/07\/Sports-Gym-Bag-Factory-2.jpeg",1600,1600,false],"thumbnail":["https:\/\/pecbag.com\/wp-content\/uploads\/2025\/07\/Sports-Gym-Bag-Factory-2-150x150.jpeg",150,150,true],"medium":["https:\/\/pecbag.com\/wp-content\/uploads\/2025\/07\/Sports-Gym-Bag-Factory-2-300x300.jpeg",300,300,true],"medium_large":["https:\/\/pecbag.com\/wp-content\/uploads\/2025\/07\/Sports-Gym-Bag-Factory-2-768x768.jpeg",768,768,true],"large":["https:\/\/pecbag.com\/wp-content\/uploads\/2025\/07\/Sports-Gym-Bag-Factory-2-1024x1024.jpeg",800,800,true],"1536x1536":["https:\/\/pecbag.com\/wp-content\/uploads\/2025\/07\/Sports-Gym-Bag-Factory-2-1536x1536.jpeg",1536,1536,true],"2048x2048":["https:\/\/pecbag.com\/wp-content\/uploads\/2025\/07\/Sports-Gym-Bag-Factory-2.jpeg",1600,1600,false],"trp-custom-language-flag":["https:\/\/pecbag.com\/wp-content\/uploads\/2025\/07\/Sports-Gym-Bag-Factory-2-12x12.jpeg",12,12,true],"woocommerce_thumbnail":["https:\/\/pecbag.com\/wp-content\/uploads\/2025\/07\/Sports-Gym-Bag-Factory-2-300x300.jpeg",300,300,true],"woocommerce_single":["https:\/\/pecbag.com\/wp-content\/uploads\/2025\/07\/Sports-Gym-Bag-Factory-2-600x600.jpeg",600,600,true],"woocommerce_gallery_thumbnail":["https:\/\/pecbag.com\/wp-content\/uploads\/2025\/07\/Sports-Gym-Bag-Factory-2-100x100.jpeg",100,100,true]},"uagb_author_info":{"display_name":"Lawrence","author_link":"https:\/\/pecbag.com\/es\/author\/"},"uagb_comment_info":0,"uagb_excerpt":"Custom Logo Waterproof Functional Sports Gym Bag Factory 1. 1 Bottom Separate Wet Pocket: This yoga bag is the ideal of thoughtful design with 1 zip waterproof wet pocket, which height 3.2-inch on the bottom. It can hold one sports bra and one pair of full-length leggings together, or other personal essentials like yoga straps,&hellip;","_links":{"self":[{"href":"https:\/\/pecbag.com\/es\/wp-json\/wp\/v2\/product\/4742","targetHints":{"allow":["GET"]}}],"collection":[{"href":"https:\/\/pecbag.com\/es\/wp-json\/wp\/v2\/product"}],"about":[{"href":"https:\/\/pecbag.com\/es\/wp-json\/wp\/v2\/types\/product"}],"wp:featuredmedia":[{"embeddable":true,"href":"https:\/\/pecbag.com\/es\/wp-json\/wp\/v2\/media\/4746"}],"wp:attachment":[{"href":"https:\/\/pecbag.com\/es\/wp-json\/wp\/v2\/media?parent=4742"}],"wp:term":[{"taxonomy":"product_brand","embeddable":true,"href":"https:\/\/pecbag.com\/es\/wp-json\/wp\/v2\/product_brand?post=4742"},{"taxonomy":"product_cat","embeddable":true,"href":"https:\/\/pecbag.com\/es\/wp-json\/wp\/v2\/product_cat?post=4742"},{"taxonomy":"product_tag","embeddable":true,"href":"https:\/\/pecbag.com\/es\/wp-json\/wp\/v2\/product_tag?post=4742"}],"curies":[{"name":"wp","href":"https:\/\/api.w.org\/{rel}","templated":true}]}}