{"id":4749,"date":"2025-07-15T02:17:46","date_gmt":"2025-07-15T02:17:46","guid":{"rendered":"https:\/\/pecbag.com\/?post_type=product&#038;p=4749"},"modified":"2025-11-28T09:33:05","modified_gmt":"2025-11-28T09:33:05","slug":"gym-bag-china-manufacturer","status":"publish","type":"product","link":"https:\/\/pecbag.com\/es\/gym-bag-china-manufacturer\/","title":{"rendered":"Bolsa de deporte Fabricantes China"},"content":{"rendered":"<h5 title=\"Bolso plegable para perros Bolso de malla transpirable para mascotas peque\u00f1as Perros Gatos\" data-immersive-translate-walked=\"1c928421-2e42-4cd3-8754-5404553c0af5\" data-immersive-translate-paragraph=\"1\" data-spm-anchor-id=\"a2700.details.0.i35.4f6757d4w4zNZA\">Top Mochila Fabricantes &amp; F\u00e1brica De Bolsas Impermeables | Premier Gym Bag China Fabricante<\/h5>\n<div class=\"flex flex-grow flex-col max-w-full\">\n<div class=\"min-h-[20px] text-message flex w-full flex-col items-end gap-2 whitespace-pre-wrap break-words [.text-message+&amp;]:mt-5 overflow-x-auto\" dir=\"auto\" data-message-author-role=\"assistant\" data-message-id=\"3d7d46f6-7ec2-4222-9257-48fa0bba23c6\" data-suggestions=\"true\">\n<div class=\"flex w-full flex-col gap-1 empty:hidden first:pt-[3px]\">\n<div class=\"markdown prose w-full break-words dark:prose-invert light\">\n<p class=\"ds-markdown-paragraph\">\u00bfBusca un Gym Bag Confiable Fabricante en China? Somos una ISO-certificada Gym Bag F\u00e1brica especializada en bolsas de deporte de primera calidad para la exportaci\u00f3n mundial Gym Bag. Como su directo Gym Bag Company, ofrecemos:<\/p>\n<table width=\"288\">\n<tbody>\n<tr>\n<td width=\"137\"><span style=\"color: #333333;\">Nombre del producto<\/span><\/td>\n<td width=\"151\">Bolsa de pecho<\/td>\n<\/tr>\n<tr>\n<td><span style=\"color: #333333;\">N\u00ba de art\u00edculo<\/span><\/td>\n<td><span style=\"color: #333333;\">PB-2152<\/span><\/td>\n<\/tr>\n<tr>\n<td><span style=\"color: #333333;\">Material<\/span><\/td>\n<td>Poli\u00e9ster 900D<\/td>\n<\/tr>\n<tr>\n<td><span style=\"color: #333333;\">Talla<\/span><\/td>\n<td>55 x 27 x 25 cm<\/td>\n<\/tr>\n<tr>\n<td><span style=\"color: #333333;\">\u00a0Plazo de entrega<\/span><\/td>\n<td><span style=\"color: #333333;\">1-5 d\u00edas para peque\u00f1as cantidades por v\u00eda a\u00e9rea y 30-35 d\u00edas para grandes cantidades por v\u00eda mar\u00edtima<\/span><\/td>\n<\/tr>\n<\/tbody>\n<\/table>\n<p class=\"ds-markdown-paragraph\">\u2705\u00a0<strong>Eficiencia directa de f\u00e1brica<\/strong><br \/>\nFuente Gym Bag pedidos a granel directamente desde nuestro centro de Gym Bag China Fabricante - sin intermediarios, precios competitivos.<\/p>\n<p class=\"ds-markdown-paragraph\">\u2705\u00a0<strong>Personalizaci\u00f3n total<\/strong><br \/>\nBolsa de deporte ODM\/OEM + Bolsa de deporte con etiqueta privada (MOQ 500 unidades)<\/p>\n<p class=\"ds-markdown-paragraph\">\u2705\u00a0<strong>Soluciones listas para la exportaci\u00f3n<\/strong><br \/>\nExportaci\u00f3n de bolsas de deporte con documentos de conformidad y log\u00edstica<\/p>\n<p class=\"ds-markdown-paragraph\"><strong>Por qu\u00e9 nos eligen los socios globales:<\/strong><br \/>\n- Descuentos al por mayor en bolsas de deporte (500+\/2.000+ unidades)<br \/>\n- M\u00e1s de 20 nuevos dise\u00f1os al mes<br \/>\n- Asociaciones de proveedores de bolsas de deporte con env\u00edo directo<br \/>\n- Producci\u00f3n r\u00e1pida en 10 d\u00edas para clientes mayoristas de bolsas de gimnasia<\/p>\n<p class=\"ds-markdown-paragraph\">Como su proveedor dedicado y Gym Bag China Fabricante, nos encargamos de todo, desde la producci\u00f3n hasta la exportaci\u00f3n. \u00a1Solicitar precios de f\u00e1brica hoy!<\/p>\n<\/div>\n<\/div>\n<\/div>\n<\/div>","protected":false},"excerpt":{"rendered":"<h2 class=\"this-description-name\">Bolsa de deporte Fabricantes China<\/h2>\n<div class=\"sliderTable mt10 mb10 sliderTable-index0\">\n<div class=\"inner\">\n<p><strong>1. Uso multifuncional\uff1a <\/strong>Esta bolsa de viaje 3 en 1 puede utilizarse como bolso, bandolera y mochila. Un dise\u00f1o ingenioso es que la correa para el hombro es extra\u00edble, y otro dise\u00f1o ingenioso es que las correas de la mochila se pueden ocultar en el compartimento con cremallera de la parte inferior. Un dise\u00f1o genial para tener tres bolsos a la vez.<\/p>\n<p><strong>2. Compartimento separado para zapatos y bolsillo h\u00famedo\uff1a <\/strong>El compartimento separado para los zapatos est\u00e1 dise\u00f1ado con un orificio de ventilaci\u00f3n para mantener la bolsa de deporte limpia y ventilada. El tama\u00f1o m\u00e1ximo de carga del compartimento es 16. El bolsillo h\u00famedo con material impermeable puede guardar su ropa sudada para mantener seco el compartimento principal. La bolsa se puede utilizar como una bolsa de gimnasio, una bolsa de noche, una bolsa de fin de semana, bolsa de viaje.<\/p>\n<\/div>\n<\/div>","protected":false},"featured_media":4752,"template":"","meta":{"_uag_custom_page_level_css":""},"product_brand":[],"product_cat":[56,67],"product_tag":[],"class_list":{"0":"post-4749","1":"product","2":"type-product","3":"status-publish","4":"has-post-thumbnail","6":"product_cat-gym-bag","7":"product_cat-sports-bag","9":"first","10":"instock","11":"shipping-taxable","12":"product-type-simple"},"uagb_featured_image_src":{"full":["https:\/\/pecbag.com\/wp-content\/uploads\/2025\/07\/Gym-Bag-China-Manufacturer-2.jpeg",1400,1400,false],"thumbnail":["https:\/\/pecbag.com\/wp-content\/uploads\/2025\/07\/Gym-Bag-China-Manufacturer-2-150x150.jpeg",150,150,true],"medium":["https:\/\/pecbag.com\/wp-content\/uploads\/2025\/07\/Gym-Bag-China-Manufacturer-2-300x300.jpeg",300,300,true],"medium_large":["https:\/\/pecbag.com\/wp-content\/uploads\/2025\/07\/Gym-Bag-China-Manufacturer-2-768x768.jpeg",768,768,true],"large":["https:\/\/pecbag.com\/wp-content\/uploads\/2025\/07\/Gym-Bag-China-Manufacturer-2-1024x1024.jpeg",800,800,true],"1536x1536":["https:\/\/pecbag.com\/wp-content\/uploads\/2025\/07\/Gym-Bag-China-Manufacturer-2.jpeg",1400,1400,false],"2048x2048":["https:\/\/pecbag.com\/wp-content\/uploads\/2025\/07\/Gym-Bag-China-Manufacturer-2.jpeg",1400,1400,false],"trp-custom-language-flag":["https:\/\/pecbag.com\/wp-content\/uploads\/2025\/07\/Gym-Bag-China-Manufacturer-2-12x12.jpeg",12,12,true],"woocommerce_thumbnail":["https:\/\/pecbag.com\/wp-content\/uploads\/2025\/07\/Gym-Bag-China-Manufacturer-2-300x300.jpeg",300,300,true],"woocommerce_single":["https:\/\/pecbag.com\/wp-content\/uploads\/2025\/07\/Gym-Bag-China-Manufacturer-2-600x600.jpeg",600,600,true],"woocommerce_gallery_thumbnail":["https:\/\/pecbag.com\/wp-content\/uploads\/2025\/07\/Gym-Bag-China-Manufacturer-2-100x100.jpeg",100,100,true]},"uagb_author_info":{"display_name":"Lawrence","author_link":"https:\/\/pecbag.com\/es\/author\/"},"uagb_comment_info":0,"uagb_excerpt":"Gym Bag China Manufacturer 1. Multifunctional Use\uff1a This 3 in 1 duffel bag can be used as a Handbag, Shoulder Bag, and Backpack. One clever design is that the shoulder strap is removable, and another clever design is that the backpack straps can be hidden in the zipped compartment at the bottom. What a cool&hellip;","_links":{"self":[{"href":"https:\/\/pecbag.com\/es\/wp-json\/wp\/v2\/product\/4749","targetHints":{"allow":["GET"]}}],"collection":[{"href":"https:\/\/pecbag.com\/es\/wp-json\/wp\/v2\/product"}],"about":[{"href":"https:\/\/pecbag.com\/es\/wp-json\/wp\/v2\/types\/product"}],"wp:featuredmedia":[{"embeddable":true,"href":"https:\/\/pecbag.com\/es\/wp-json\/wp\/v2\/media\/4752"}],"wp:attachment":[{"href":"https:\/\/pecbag.com\/es\/wp-json\/wp\/v2\/media?parent=4749"}],"wp:term":[{"taxonomy":"product_brand","embeddable":true,"href":"https:\/\/pecbag.com\/es\/wp-json\/wp\/v2\/product_brand?post=4749"},{"taxonomy":"product_cat","embeddable":true,"href":"https:\/\/pecbag.com\/es\/wp-json\/wp\/v2\/product_cat?post=4749"},{"taxonomy":"product_tag","embeddable":true,"href":"https:\/\/pecbag.com\/es\/wp-json\/wp\/v2\/product_tag?post=4749"}],"curies":[{"name":"wp","href":"https:\/\/api.w.org\/{rel}","templated":true}]}}