{"id":4756,"date":"2025-07-15T03:02:57","date_gmt":"2025-07-15T03:02:57","guid":{"rendered":"https:\/\/pecbag.com\/?post_type=product&#038;p=4756"},"modified":"2025-11-28T09:32:54","modified_gmt":"2025-11-28T09:32:54","slug":"new-design-travel-gym-bag","status":"publish","type":"product","link":"https:\/\/pecbag.com\/es\/new-design-travel-gym-bag\/","title":{"rendered":"Bolsa de deporte de viaje de nuevo dise\u00f1o"},"content":{"rendered":"<h5 title=\"Bolso plegable para perros Bolso de malla transpirable para mascotas peque\u00f1as Perros Gatos\" data-immersive-translate-walked=\"1c928421-2e42-4cd3-8754-5404553c0af5\" data-immersive-translate-paragraph=\"1\" data-spm-anchor-id=\"a2700.details.0.i35.4f6757d4w4zNZA\">Mochila Innovadora Fabricante &amp; F\u00e1brica De Bolsas Impermeables | 2024 Nuevo Dise\u00f1o Bolsa De Viaje Para Gimnasio<\/h5>\n<div class=\"flex flex-grow flex-col max-w-full\">\n<div class=\"min-h-[20px] text-message flex w-full flex-col items-end gap-2 whitespace-pre-wrap break-words [.text-message+&amp;]:mt-5 overflow-x-auto\" dir=\"auto\" data-message-author-role=\"assistant\" data-message-id=\"3d7d46f6-7ec2-4222-9257-48fa0bba23c6\" data-suggestions=\"true\">\n<div class=\"flex w-full flex-col gap-1 empty:hidden first:pt-[3px]\">\n<div class=\"markdown prose w-full break-words dark:prose-invert light\">\n<p class=\"ds-markdown-paragraph\">\u00bfBusca soluciones vanguardistas de bolsas de deporte de viaje de nuevo dise\u00f1o? Como uno de los principales fabricantes de bolsas de gimnasio y con certificaci\u00f3n ISO a prueba de agua Bolsa de f\u00e1brica en China, ofrecemos bolsas de gimnasio tendencia impulsada por la exportaci\u00f3n mundial de bolsas de gimnasio. As\u00f3ciese con nuestra Compa\u00f1\u00eda de Bolsas de Gimnasio para:<\/p>\n<table width=\"288\">\n<tbody>\n<tr>\n<td width=\"137\"><span style=\"color: #333333;\">Nombre del producto<\/span><\/td>\n<td width=\"151\">Bolsa de pecho<\/td>\n<\/tr>\n<tr>\n<td><span style=\"color: #333333;\">N\u00ba de art\u00edculo<\/span><\/td>\n<td><span style=\"color: #333333;\">PB-2153<\/span><\/td>\n<\/tr>\n<tr>\n<td><span style=\"color: #333333;\">Material<\/span><\/td>\n<td>Tejido a cuadros bicolor\/PU<\/td>\n<\/tr>\n<tr>\n<td><span style=\"color: #333333;\">Talla<\/span><\/td>\n<td>Aceptar personalizado<\/td>\n<\/tr>\n<tr>\n<td><span style=\"color: #333333;\">\u00a0Plazo de entrega<\/span><\/td>\n<td><span style=\"color: #333333;\">1-5 d\u00edas para peque\u00f1as cantidades por v\u00eda a\u00e9rea y 30-35 d\u00edas para grandes cantidades por v\u00eda mar\u00edtima<\/span><\/td>\n<\/tr>\n<\/tbody>\n<\/table>\n<p class=\"ds-markdown-paragraph\">\u2705\u00a0<strong>Dise\u00f1os calientes<\/strong><br \/>\nLanzamiento viral de bolsas de deporte de viaje de nuevo dise\u00f1o con tecnolog\u00eda impermeable y tallas aprobadas por las aerol\u00edneas: \u00a1gotas frescas cada mes!<\/p>\n<p class=\"ds-markdown-paragraph\">\u2705\u00a0<strong>Eficiencia directa de f\u00e1brica<\/strong><br \/>\nPedidos al por mayor de bolsas de deporte directamente a nuestra f\u00e1brica de bolsas de deporte - sin intermediarios, 30% costes m\u00e1s bajos.<\/p>\n<p class=\"ds-markdown-paragraph\">\u2705\u00a0<strong>Libertad de personalizaci\u00f3n<\/strong><br \/>\nBolsa de deporte ODM\/OEM + Bolsa de deporte con etiqueta privada (MOQ 300 unidades)<\/p>\n<p class=\"ds-markdown-paragraph\"><strong>Por qu\u00e9 nos eligen m\u00e1s de 1.000 minoristas:<\/strong><br \/>\n- Precios al por mayor de bolsas de deporte al por mayor (300+\/1000+ unidades)<br \/>\n- Exclusivas de bolsas de deporte de viaje de nuevo dise\u00f1o (m\u00e1s de 15 estilos\/temporada)<br \/>\n- Asociaciones de proveedores de bolsas de deporte con env\u00edos directos a todo el mundo<br \/>\n- Muestreo de 48 horas para mayoristas de bolsas de deporte<\/p>\n<p class=\"ds-markdown-paragraph\">Su proveedor de confianza de bolsas de deporte para bolsas de deporte de viaje de nuevo dise\u00f1o listas para la exportaci\u00f3n, desde el concepto hasta los documentos de conformidad. \u00a1Solicite un nuevo cat\u00e1logo ahora!<\/p>\n<\/div>\n<\/div>\n<\/div>\n<\/div>","protected":false},"excerpt":{"rendered":"<h2 class=\"this-description-name\">Bolsa de deporte de viaje de nuevo dise\u00f1o<\/h2>\n<div class=\"sliderTable mt10 mb10 sliderTable-index0\">\n<div class=\"inner\">\n<p>Proporcionamos bolsas de primera calidad con personalizaci\u00f3n completa de tama\u00f1os y colores, tejidos duraderos y calidad certificada.<\/p>\n<p>Disfrute de MOQ flexibles, env\u00edos r\u00e1pidos a todo el mundo y soluciones de marca blanca.<\/p>\n<p>P\u00f3ngase en contacto con nosotros<\/p>\n<\/div>\n<\/div>","protected":false},"featured_media":4762,"template":"","meta":{"_uag_custom_page_level_css":""},"product_brand":[],"product_cat":[56,60],"product_tag":[],"class_list":{"0":"post-4756","1":"product","2":"type-product","3":"status-publish","4":"has-post-thumbnail","6":"product_cat-gym-bag","7":"product_cat-backpack","9":"first","10":"instock","11":"shipping-taxable","12":"product-type-simple"},"uagb_featured_image_src":{"full":["https:\/\/pecbag.com\/wp-content\/uploads\/2025\/07\/New-Design-Travel-Gym-Bag-4.jpg",1000,1000,false],"thumbnail":["https:\/\/pecbag.com\/wp-content\/uploads\/2025\/07\/New-Design-Travel-Gym-Bag-4-150x150.jpg",150,150,true],"medium":["https:\/\/pecbag.com\/wp-content\/uploads\/2025\/07\/New-Design-Travel-Gym-Bag-4-300x300.jpg",300,300,true],"medium_large":["https:\/\/pecbag.com\/wp-content\/uploads\/2025\/07\/New-Design-Travel-Gym-Bag-4-768x768.jpg",768,768,true],"large":["https:\/\/pecbag.com\/wp-content\/uploads\/2025\/07\/New-Design-Travel-Gym-Bag-4.jpg",800,800,false],"1536x1536":["https:\/\/pecbag.com\/wp-content\/uploads\/2025\/07\/New-Design-Travel-Gym-Bag-4.jpg",1000,1000,false],"2048x2048":["https:\/\/pecbag.com\/wp-content\/uploads\/2025\/07\/New-Design-Travel-Gym-Bag-4.jpg",1000,1000,false],"trp-custom-language-flag":["https:\/\/pecbag.com\/wp-content\/uploads\/2025\/07\/New-Design-Travel-Gym-Bag-4-12x12.jpg",12,12,true],"woocommerce_thumbnail":["https:\/\/pecbag.com\/wp-content\/uploads\/2025\/07\/New-Design-Travel-Gym-Bag-4-300x300.jpg",300,300,true],"woocommerce_single":["https:\/\/pecbag.com\/wp-content\/uploads\/2025\/07\/New-Design-Travel-Gym-Bag-4-600x600.jpg",600,600,true],"woocommerce_gallery_thumbnail":["https:\/\/pecbag.com\/wp-content\/uploads\/2025\/07\/New-Design-Travel-Gym-Bag-4-100x100.jpg",100,100,true]},"uagb_author_info":{"display_name":"Lawrence","author_link":"https:\/\/pecbag.com\/es\/author\/"},"uagb_comment_info":0,"uagb_excerpt":"New Design Travel Gym Bag We provide premium bags with full-size and color customization, durable fabrics, and certified quality. Enjoy flexible MOQs, fast global shipping, and private label solutions. Contact us today!","_links":{"self":[{"href":"https:\/\/pecbag.com\/es\/wp-json\/wp\/v2\/product\/4756","targetHints":{"allow":["GET"]}}],"collection":[{"href":"https:\/\/pecbag.com\/es\/wp-json\/wp\/v2\/product"}],"about":[{"href":"https:\/\/pecbag.com\/es\/wp-json\/wp\/v2\/types\/product"}],"wp:featuredmedia":[{"embeddable":true,"href":"https:\/\/pecbag.com\/es\/wp-json\/wp\/v2\/media\/4762"}],"wp:attachment":[{"href":"https:\/\/pecbag.com\/es\/wp-json\/wp\/v2\/media?parent=4756"}],"wp:term":[{"taxonomy":"product_brand","embeddable":true,"href":"https:\/\/pecbag.com\/es\/wp-json\/wp\/v2\/product_brand?post=4756"},{"taxonomy":"product_cat","embeddable":true,"href":"https:\/\/pecbag.com\/es\/wp-json\/wp\/v2\/product_cat?post=4756"},{"taxonomy":"product_tag","embeddable":true,"href":"https:\/\/pecbag.com\/es\/wp-json\/wp\/v2\/product_tag?post=4756"}],"curies":[{"name":"wp","href":"https:\/\/api.w.org\/{rel}","templated":true}]}}