{"id":4763,"date":"2025-07-15T03:21:41","date_gmt":"2025-07-15T03:21:41","guid":{"rendered":"https:\/\/pecbag.com\/?post_type=product&#038;p=4763"},"modified":"2025-11-28T09:32:33","modified_gmt":"2025-11-28T09:32:33","slug":"gym-bag-odm-factory","status":"publish","type":"product","link":"https:\/\/pecbag.com\/es\/gym-bag-odm-factory\/","title":{"rendered":"F\u00e1brica ODM de bolsas de deporte"},"content":{"rendered":"<h5 title=\"Bolso plegable para perros Bolso de malla transpirable para mascotas peque\u00f1as Perros Gatos\" data-immersive-translate-walked=\"1c928421-2e42-4cd3-8754-5404553c0af5\" data-immersive-translate-paragraph=\"1\" data-spm-anchor-id=\"a2700.details.0.i35.4f6757d4w4zNZA\">Fabricante experto de mochilas y f\u00e1brica de bolsas impermeables | Su f\u00e1brica ODM directa de bolsas de deporte<\/h5>\n<div class=\"flex flex-grow flex-col max-w-full\">\n<div class=\"min-h-[20px] text-message flex w-full flex-col items-end gap-2 whitespace-pre-wrap break-words [.text-message+&amp;]:mt-5 overflow-x-auto\" dir=\"auto\" data-message-author-role=\"assistant\" data-message-id=\"3d7d46f6-7ec2-4222-9257-48fa0bba23c6\" data-suggestions=\"true\">\n<div class=\"flex w-full flex-col gap-1 empty:hidden first:pt-[3px]\">\n<div class=\"markdown prose w-full break-words dark:prose-invert light\">\n<p class=\"ds-markdown-paragraph\">\u00bfNecesita un verdadero Gimnasio Bolsa de f\u00e1brica ODM para dise\u00f1os personalizados? Como Bolsa de Gimnasio con certificaci\u00f3n ISO fabricantes y Bolsa Impermeable Especialistas de f\u00e1brica en Bolsa de Gimnasio China, a su vez sus conceptos en productos listos para el mercado. Socio con nuestra empresa bolsa de gimnasio para:<\/p>\n<table width=\"288\">\n<tbody>\n<tr>\n<td width=\"137\"><span style=\"color: #333333;\">Nombre del producto<\/span><\/td>\n<td width=\"151\">Bolsa de pecho<\/td>\n<\/tr>\n<tr>\n<td><span style=\"color: #333333;\">N\u00ba de art\u00edculo<\/span><\/td>\n<td><span style=\"color: #333333;\">PB-2154<\/span><\/td>\n<\/tr>\n<tr>\n<td><span style=\"color: #333333;\">Material<\/span><\/td>\n<td>Poli\u00e9ster 600D<\/td>\n<\/tr>\n<tr>\n<td><span style=\"color: #333333;\">Talla<\/span><\/td>\n<td>50 x 21,4 x 30 cm<\/td>\n<\/tr>\n<tr>\n<td><span style=\"color: #333333;\">\u00a0Plazo de entrega<\/span><\/td>\n<td><span style=\"color: #333333;\">1-5 d\u00edas para peque\u00f1as cantidades por v\u00eda a\u00e9rea y 30-35 d\u00edas para grandes cantidades por v\u00eda mar\u00edtima<\/span><\/td>\n<\/tr>\n<\/tbody>\n<\/table>\n<p class=\"ds-markdown-paragraph\">\u2705\u00a0<strong>Soluciones ODM integrales<\/strong><br \/>\nDesde el boceto hasta el env\u00edo: Nuestra f\u00e1brica del ODM del bolso del gimnasio maneja dise\u00f1o, la creaci\u00f3n de un prototipo y la producci\u00f3n en masa (MOQ 300 PC)<\/p>\n<p class=\"ds-markdown-paragraph\">\u2705\u00a0<strong>Personalizaci\u00f3n de vanguardia<\/strong><br \/>\nBolsa de deporte ODM\/OEM + Bolsa de deporte de marca blanca con tecnolog\u00eda impermeable y caracter\u00edsticas ergon\u00f3micas<\/p>\n<p class=\"ds-markdown-paragraph\">\u2705\u00a0<strong>Producci\u00f3n optimizada para la exportaci\u00f3n<\/strong><br \/>\nExportaci\u00f3n de bolsas de deporte sin fisuras con conformidad REACH y apoyo log\u00edstico<\/p>\n<p class=\"ds-markdown-paragraph\"><strong>F\u00e1brica ODM Ventajas:<\/strong><br \/>\n- Precios al por mayor de bolsas de deporte (500+\/2.000+ unidades)<br \/>\n- Dise\u00f1o 3D + muestreo f\u00edsico en 7 d\u00edas<br \/>\n- Bolsa de deporte Asociaciones de proveedores con protecci\u00f3n de la propiedad intelectual<br \/>\n- Producci\u00f3n en 30 d\u00edas para pedidos al por mayor de bolsas de gimnasia<\/p>\n<p class=\"ds-markdown-paragraph\">Su proveedor especializado en bolsas de deporte para la fabricaci\u00f3n OEM\/ODM - potenciamos las marcas con servicios competitivos de f\u00e1brica ODM para bolsas de deporte. \u00a1Solicite una consulta de dise\u00f1o!<\/p>\n<\/div>\n<\/div>\n<\/div>\n<\/div>","protected":false},"excerpt":{"rendered":"<h2 class=\"this-description-name\">F\u00e1brica ODM de bolsas de deporte<\/h2>\n<div class=\"sliderTable mt10 mb10 sliderTable-index0\">\n<div class=\"inner\">\n<p><strong>1. Separaci\u00f3n de bolsillos seco-h\u00famedo para la m\u00e1xima comodidad:<\/strong>\u00a0La bolsa de deporte est\u00e1 ingeniosamente dise\u00f1ada con una funci\u00f3n de separaci\u00f3n entre bolsillos secos y h\u00famedos. Protege los objetos secos de la humedad. El bolsillo impermeable con cremallera crea una zona h\u00fameda separada, ideal para guardar trajes de ba\u00f1o mojados o ropa de entrenamiento sudada.<\/p>\n<p><strong>2. Compartimento para calzado resistente a los olores y funcional: <\/strong>Nuestra bolsa de deporte incluye un compartimento para calzado resistente a los olores. Este espacio especializado permite un acceso r\u00e1pido despu\u00e9s del entrenamiento, conteniendo eficazmente las manchas de sudor y los olores desagradables. La entrada bien dise\u00f1ada permite colocar el calzado en su sitio sin esfuerzo. Su interior ampliable puede acomodar f\u00e1cilmente calzado deportivo de tama\u00f1o normal, lo que la hace perfecta para diversos escenarios, como sesiones de gimnasio, viajes, juegos de pelota o usos m\u00faltiples.<\/p>\n<\/div>\n<\/div>","protected":false},"featured_media":4764,"template":"","meta":{"_uag_custom_page_level_css":""},"product_brand":[],"product_cat":[56,60],"product_tag":[],"class_list":{"0":"post-4763","1":"product","2":"type-product","3":"status-publish","4":"has-post-thumbnail","6":"product_cat-gym-bag","7":"product_cat-backpack","9":"first","10":"instock","11":"shipping-taxable","12":"product-type-simple"},"uagb_featured_image_src":{"full":["https:\/\/pecbag.com\/wp-content\/uploads\/2025\/07\/Gym-Bag-ODM-Factory-1.jpeg",1600,1600,false],"thumbnail":["https:\/\/pecbag.com\/wp-content\/uploads\/2025\/07\/Gym-Bag-ODM-Factory-1-150x150.jpeg",150,150,true],"medium":["https:\/\/pecbag.com\/wp-content\/uploads\/2025\/07\/Gym-Bag-ODM-Factory-1-300x300.jpeg",300,300,true],"medium_large":["https:\/\/pecbag.com\/wp-content\/uploads\/2025\/07\/Gym-Bag-ODM-Factory-1-768x768.jpeg",768,768,true],"large":["https:\/\/pecbag.com\/wp-content\/uploads\/2025\/07\/Gym-Bag-ODM-Factory-1-1024x1024.jpeg",800,800,true],"1536x1536":["https:\/\/pecbag.com\/wp-content\/uploads\/2025\/07\/Gym-Bag-ODM-Factory-1-1536x1536.jpeg",1536,1536,true],"2048x2048":["https:\/\/pecbag.com\/wp-content\/uploads\/2025\/07\/Gym-Bag-ODM-Factory-1.jpeg",1600,1600,false],"trp-custom-language-flag":["https:\/\/pecbag.com\/wp-content\/uploads\/2025\/07\/Gym-Bag-ODM-Factory-1-12x12.jpeg",12,12,true],"woocommerce_thumbnail":["https:\/\/pecbag.com\/wp-content\/uploads\/2025\/07\/Gym-Bag-ODM-Factory-1-300x300.jpeg",300,300,true],"woocommerce_single":["https:\/\/pecbag.com\/wp-content\/uploads\/2025\/07\/Gym-Bag-ODM-Factory-1-600x600.jpeg",600,600,true],"woocommerce_gallery_thumbnail":["https:\/\/pecbag.com\/wp-content\/uploads\/2025\/07\/Gym-Bag-ODM-Factory-1-100x100.jpeg",100,100,true]},"uagb_author_info":{"display_name":"Lawrence","author_link":"https:\/\/pecbag.com\/es\/author\/"},"uagb_comment_info":0,"uagb_excerpt":"Gym Bag ODM Factory 1. Dry-Wet Pocket Separation for Ultimate Convenience:\u00a0The gym bag is ingeniously designed with a dry-wet pocket separation feature. It safeguards your dry items from getting damp. The dedicated waterproof zip-lined pocket creates a separate wet area, ideal for stowing away wet swimsuits or sweaty workout clothes. 2. Odor-Resistant and Functional Shoe&hellip;","_links":{"self":[{"href":"https:\/\/pecbag.com\/es\/wp-json\/wp\/v2\/product\/4763","targetHints":{"allow":["GET"]}}],"collection":[{"href":"https:\/\/pecbag.com\/es\/wp-json\/wp\/v2\/product"}],"about":[{"href":"https:\/\/pecbag.com\/es\/wp-json\/wp\/v2\/types\/product"}],"wp:featuredmedia":[{"embeddable":true,"href":"https:\/\/pecbag.com\/es\/wp-json\/wp\/v2\/media\/4764"}],"wp:attachment":[{"href":"https:\/\/pecbag.com\/es\/wp-json\/wp\/v2\/media?parent=4763"}],"wp:term":[{"taxonomy":"product_brand","embeddable":true,"href":"https:\/\/pecbag.com\/es\/wp-json\/wp\/v2\/product_brand?post=4763"},{"taxonomy":"product_cat","embeddable":true,"href":"https:\/\/pecbag.com\/es\/wp-json\/wp\/v2\/product_cat?post=4763"},{"taxonomy":"product_tag","embeddable":true,"href":"https:\/\/pecbag.com\/es\/wp-json\/wp\/v2\/product_tag?post=4763"}],"curies":[{"name":"wp","href":"https:\/\/api.w.org\/{rel}","templated":true}]}}