{"id":4880,"date":"2025-07-17T01:39:19","date_gmt":"2025-07-17T01:39:19","guid":{"rendered":"https:\/\/pecbag.com\/?post_type=product&#038;p=4880"},"modified":"2025-11-28T09:32:12","modified_gmt":"2025-11-28T09:32:12","slug":"camera-bag-factory","status":"publish","type":"product","link":"https:\/\/pecbag.com\/es\/camera-bag-factory\/","title":{"rendered":"F\u00e1brica de bolsas para c\u00e1maras"},"content":{"rendered":"<h5 title=\"Bolso plegable para perros Bolso de malla transpirable para mascotas peque\u00f1as Perros Gatos\" data-immersive-translate-walked=\"1c928421-2e42-4cd3-8754-5404553c0af5\" data-immersive-translate-paragraph=\"1\" data-spm-anchor-id=\"a2700.details.0.i35.4f6757d4w4zNZA\">Fabricante directo de mochilas y f\u00e1brica de bolsas impermeables | F\u00e1brica de bolsas para c\u00e1mara con certificaci\u00f3n ISO<\/h5>\n<div class=\"flex flex-grow flex-col max-w-full\">\n<div class=\"min-h-[20px] text-message flex w-full flex-col items-end gap-2 whitespace-pre-wrap break-words [.text-message+&amp;]:mt-5 overflow-x-auto\" dir=\"auto\" data-message-author-role=\"assistant\" data-message-id=\"3d7d46f6-7ec2-4222-9257-48fa0bba23c6\" data-suggestions=\"true\">\n<div class=\"flex w-full flex-col gap-1 empty:hidden first:pt-[3px]\">\n<div class=\"markdown prose w-full break-words dark:prose-invert light\">\n<p class=\"ds-markdown-paragraph\">\u00bfNecesita calidad directamente de una f\u00e1brica de bolsas para c\u00e1maras? Somos uno de los principales fabricantes de bolsas para c\u00e1maras y una de las principales f\u00e1bricas de bolsas impermeables de China, y producimos equipos de protecci\u00f3n para marcas internacionales. Socio con nuestra compa\u00f1\u00eda de la bolsa de la c\u00e1mara para:<\/p>\n<table width=\"288\">\n<tbody>\n<tr>\n<td width=\"137\"><span style=\"color: #333333;\">Nombre del producto<\/span><\/td>\n<td width=\"151\">Bolsa para c\u00e1mara<\/td>\n<\/tr>\n<tr>\n<td><span style=\"color: #333333;\">N\u00ba de art\u00edculo<\/span><\/td>\n<td><span style=\"color: #333333;\">PB-2158<\/span><\/td>\n<\/tr>\n<tr>\n<td><span style=\"color: #333333;\">Material<\/span><\/td>\n<td>Poli\u00e9ster 600D<\/td>\n<\/tr>\n<tr>\n<td><span style=\"color: #333333;\">Talla<\/span><\/td>\n<td>34 x 48 x 8 cm<\/td>\n<\/tr>\n<tr>\n<td><span style=\"color: #333333;\">\u00a0Plazo de entrega<\/span><\/td>\n<td><span style=\"color: #333333;\">1-5 d\u00edas para peque\u00f1as cantidades por v\u00eda a\u00e9rea y 30-35 d\u00edas para grandes cantidades por v\u00eda mar\u00edtima<\/span><\/td>\n<\/tr>\n<\/tbody>\n<\/table>\n<p class=\"ds-markdown-paragraph\">\u2705\u00a0<strong>Ventajas de la fabricaci\u00f3n directa<\/strong><br \/>\nPedidos a granel de la fuente de la bolsa de la c\u00e1mara de nuestra f\u00e1brica de la bolsa de la c\u00e1mara - ningunos intermediarios, costes m\u00e1s bajos 20%.<\/p>\n<p class=\"ds-markdown-paragraph\">\u2705\u00a0<strong>Personalizaci\u00f3n inteligente<\/strong><br \/>\nBolsa para c\u00e1mara ODM\/OEM + Private Labe<strong>l<\/strong>\u00a0con cerraduras TSA y espuma antigolpes (MOQ 200 unidades)<\/p>\n<p class=\"ds-markdown-paragraph\">\u2705\u00a0<strong>Producci\u00f3n lista para la exportaci\u00f3n<\/strong><br \/>\nExportaci\u00f3n de bolsas de c\u00e1mara sin fisuras con documentos de conformidad<\/p>\n<p class=\"ds-markdown-paragraph\"><strong>Especiales de f\u00e1brica:<\/strong><br \/>\n- Descuentos por volumen en bolsas para c\u00e1maras (200+\/500+ unidades)<br \/>\n- 7 d\u00edas de prototipos con sus dise\u00f1os<br \/>\n- Asociaciones de proveedores de bolsas para c\u00e1maras con v\u00eddeos de control de calidad<br \/>\n- 30 d\u00edas de plazo para pedidos al por mayor de bolsas para c\u00e1maras<\/p>\n<p class=\"ds-markdown-paragraph\">Su proveedor de confianza de Bolsas para c\u00e1maras - desde nuestra F\u00e1brica de Bolsas para c\u00e1maras hasta la entrega global.<\/p>\n<p class=\"ds-markdown-paragraph\">Solicite hoy mismo una visita a la f\u00e1brica.<\/p>\n<\/div>\n<\/div>\n<\/div>\n<\/div>","protected":false},"excerpt":{"rendered":"<h2 class=\"this-description-name\">F\u00e1brica de bolsas para c\u00e1maras<\/h2>\n<div class=\"sliderTable mt10 mb10 sliderTable-index0\">\n<div class=\"inner\">\n<p>1. \u3010DISE\u00d1O COMPACTO PERO SUFICIENTE CAPACIDAD\u3011 Esta bolsa de c\u00e1mara y lente proporciona 7 habitaciones con 6 piezas de divisores acolchados y extra\u00edbles y 1 correa de seguridad, que puede contener 1 c\u00e1mara y 6 lentes, mientras que usted puede DIY el espacio interior quitando los divisores gruesos basados en su equipo. En el interior, hay una funda dedicada para un port\u00e1til de 13\u2033 o tablet\/iPad. Mochilas profesionales TARION para fot\u00f3grafos<\/p>\n<p>2. \u3010BOTTOM TRIPOD STRAPS WITH CLIPS\u3011Tr\u00edpode o monopi\u00e9 se puede conectar a la parte inferior de la bolsa de la c\u00e1mara DLSR con correas que no altera el centro de gravedad debido a que el peso tanto del tr\u00edpode y la mochila se distribuye de manera uniforme, lo que ayuda a la comodidad al transportar. La parte delantera de la mochila para equipo fotogr\u00e1fico tiene un bolsillo con cremallera para accesorios. Bolsillos de malla a ambos lados para una botella y un paraguas<\/p>\n<\/div>\n<\/div>","protected":false},"featured_media":4886,"template":"","meta":{"_uag_custom_page_level_css":""},"product_brand":[],"product_cat":[70],"product_tag":[],"class_list":{"0":"post-4880","1":"product","2":"type-product","3":"status-publish","4":"has-post-thumbnail","6":"product_cat-camera-bag","8":"first","9":"instock","10":"shipping-taxable","11":"product-type-simple"},"uagb_featured_image_src":{"full":["https:\/\/pecbag.com\/wp-content\/uploads\/2025\/07\/Camera-Bag-Factory-5.jpg",669,666,false],"thumbnail":["https:\/\/pecbag.com\/wp-content\/uploads\/2025\/07\/Camera-Bag-Factory-5-150x150.jpg",150,150,true],"medium":["https:\/\/pecbag.com\/wp-content\/uploads\/2025\/07\/Camera-Bag-Factory-5-300x300.jpg",300,300,true],"medium_large":["https:\/\/pecbag.com\/wp-content\/uploads\/2025\/07\/Camera-Bag-Factory-5.jpg",669,666,false],"large":["https:\/\/pecbag.com\/wp-content\/uploads\/2025\/07\/Camera-Bag-Factory-5.jpg",669,666,false],"1536x1536":["https:\/\/pecbag.com\/wp-content\/uploads\/2025\/07\/Camera-Bag-Factory-5.jpg",669,666,false],"2048x2048":["https:\/\/pecbag.com\/wp-content\/uploads\/2025\/07\/Camera-Bag-Factory-5.jpg",669,666,false],"trp-custom-language-flag":["https:\/\/pecbag.com\/wp-content\/uploads\/2025\/07\/Camera-Bag-Factory-5-12x12.jpg",12,12,true],"woocommerce_thumbnail":["https:\/\/pecbag.com\/wp-content\/uploads\/2025\/07\/Camera-Bag-Factory-5-300x300.jpg",300,300,true],"woocommerce_single":["https:\/\/pecbag.com\/wp-content\/uploads\/2025\/07\/Camera-Bag-Factory-5-600x597.jpg",600,597,true],"woocommerce_gallery_thumbnail":["https:\/\/pecbag.com\/wp-content\/uploads\/2025\/07\/Camera-Bag-Factory-5-100x100.jpg",100,100,true]},"uagb_author_info":{"display_name":"Lawrence","author_link":"https:\/\/pecbag.com\/es\/author\/"},"uagb_comment_info":0,"uagb_excerpt":"Camera Bag Factory 1. \u3010COMPACT DESIGN BUT ENOUGH CAPACITY\u3011 This camera and lens bag provides 7 rooms with 6 pieces of padded, removable dividers and 1 security strap, which can hold 1 camera and 6 lenses, while you can DIY the inner space by removing the thick dividers based on your equipment. Inside, there is&hellip;","_links":{"self":[{"href":"https:\/\/pecbag.com\/es\/wp-json\/wp\/v2\/product\/4880","targetHints":{"allow":["GET"]}}],"collection":[{"href":"https:\/\/pecbag.com\/es\/wp-json\/wp\/v2\/product"}],"about":[{"href":"https:\/\/pecbag.com\/es\/wp-json\/wp\/v2\/types\/product"}],"wp:featuredmedia":[{"embeddable":true,"href":"https:\/\/pecbag.com\/es\/wp-json\/wp\/v2\/media\/4886"}],"wp:attachment":[{"href":"https:\/\/pecbag.com\/es\/wp-json\/wp\/v2\/media?parent=4880"}],"wp:term":[{"taxonomy":"product_brand","embeddable":true,"href":"https:\/\/pecbag.com\/es\/wp-json\/wp\/v2\/product_brand?post=4880"},{"taxonomy":"product_cat","embeddable":true,"href":"https:\/\/pecbag.com\/es\/wp-json\/wp\/v2\/product_cat?post=4880"},{"taxonomy":"product_tag","embeddable":true,"href":"https:\/\/pecbag.com\/es\/wp-json\/wp\/v2\/product_tag?post=4880"}],"curies":[{"name":"wp","href":"https:\/\/api.w.org\/{rel}","templated":true}]}}