{"id":5067,"date":"2025-07-22T02:22:29","date_gmt":"2025-07-22T02:22:29","guid":{"rendered":"https:\/\/pecbag.com\/?post_type=product&#038;p=5067"},"modified":"2025-11-28T09:29:48","modified_gmt":"2025-11-28T09:29:48","slug":"tactical-messenger-bag-factory","status":"publish","type":"product","link":"https:\/\/pecbag.com\/es\/tactical-messenger-bag-factory\/","title":{"rendered":"F\u00e1brica de bolsas de mensajero t\u00e1cticas"},"content":{"rendered":"<h5 title=\"Bolso plegable para perros Bolso de malla transpirable para mascotas peque\u00f1as Perros Gatos\" data-immersive-translate-walked=\"1c928421-2e42-4cd3-8754-5404553c0af5\" data-immersive-translate-paragraph=\"1\" data-spm-anchor-id=\"a2700.details.0.i35.4f6757d4w4zNZA\">Fabricante de mochilas de grado militar y f\u00e1brica de bolsas impermeables | F\u00e1brica experta en bolsas de mensajer\u00eda t\u00e1ctica<\/h5>\n<div class=\"flex flex-grow flex-col max-w-full\">\n<div class=\"min-h-[20px] text-message flex w-full flex-col items-end gap-2 whitespace-pre-wrap break-words [.text-message+&amp;]:mt-5 overflow-x-auto\" dir=\"auto\" data-message-author-role=\"assistant\" data-message-id=\"3d7d46f6-7ec2-4222-9257-48fa0bba23c6\" data-suggestions=\"true\">\n<div class=\"flex w-full flex-col gap-1 empty:hidden first:pt-[3px]\">\n<div class=\"markdown prose w-full break-words dark:prose-invert light\">\n<p class=\"ds-markdown-paragraph\">\u00bfNecesita bolsas t\u00e1cticas listas para la batalla?<\/p>\n<p class=\"ds-markdown-paragraph\">Como una f\u00e1brica de bolsa de mensajero t\u00e1ctico certificado y la f\u00e1brica de bolsas a prueba de agua en la bolsa de mensajero de China, producimos MIL-SPEC equipo para las agencias globales. Socio con nuestra empresa bolsa de mensajero para:<\/p>\n<table width=\"288\">\n<tbody>\n<tr>\n<td width=\"137\"><span style=\"color: #333333;\">Nombre del producto<\/span><\/td>\n<td width=\"151\">Bolsa de mensajero<\/td>\n<\/tr>\n<tr>\n<td><span style=\"color: #333333;\">N\u00ba de art\u00edculo<\/span><\/td>\n<td><span style=\"color: #333333;\">PB-2163<\/span><\/td>\n<\/tr>\n<tr>\n<td><span style=\"color: #333333;\">Material<\/span><\/td>\n<td>Poli\u00e9ster<\/td>\n<\/tr>\n<tr>\n<td><span style=\"color: #333333;\">Talla<\/span><\/td>\n<td>20,47 x 13,39 x 9,06 pulgadas<\/td>\n<\/tr>\n<tr>\n<td><span style=\"color: #333333;\">\u00a0Plazo de entrega<\/span><\/td>\n<td><span style=\"color: #333333;\">1-5 d\u00edas para peque\u00f1as cantidades por v\u00eda a\u00e9rea y 30-35 d\u00edas para grandes cantidades por v\u00eda mar\u00edtima<\/span><\/td>\n<\/tr>\n<\/tbody>\n<\/table>\n<p class=\"ds-markdown-paragraph\">\u2705\u00a0<strong>Superioridad t\u00e1ctica<\/strong><\/p>\n<ul>\n<li>\n<p class=\"ds-markdown-paragraph\">Bolsas de mensajero t\u00e1cticas de Cordura\u00ae 1000D con cinchas MOLLE<\/p>\n<\/li>\n<li>\n<p class=\"ds-markdown-paragraph\">Cremalleras resistentes a la intemperie y bolsillos con bloqueo RFID<\/p>\n<\/li>\n<li>\n<p class=\"ds-markdown-paragraph\">Bolsa Messenger pedidos al por mayor a partir de 300 unidades<\/p>\n<\/li>\n<\/ul>\n<p class=\"ds-markdown-paragraph\">\u2705\u00a0<strong>Personalizaci\u00f3n de grado defensivo<\/strong><br \/>\nBolsa de mensajero ODM\/OEM + Marca blanca<br \/>\nParches personalizados\/Cinta PALS (MOQ 300 piezas)<\/p>\n<p class=\"ds-markdown-paragraph\">\u2705\u00a0<strong>Preparado para la implantaci\u00f3n mundial<\/strong><br \/>\nBolsa de mensajero conforme a las normas de exportaci\u00f3n con documentaci\u00f3n ITAR<\/p>\n<p class=\"ds-markdown-paragraph\"><strong>Ventajas de la f\u00e1brica:<\/strong><br \/>\n- Precio por volumen de la bolsa Messenger: 20% de descuento en m\u00e1s de 500 unidades<br \/>\n- 7 d\u00edas de prototipos con pruebas bal\u00edsticas<br \/>\n- Messenger Bag Portal del proveedor: V\u00eddeos de control de calidad en tiempo real<br \/>\n- 30 d\u00edas de producci\u00f3n para los programas de mayoristas de bolsas de mensajero<\/p>\n<p class=\"ds-markdown-paragraph\">Su proveedor de bolsas de mensajer\u00eda para misiones cr\u00edticas: desde la f\u00e1brica de bolsas de mensajer\u00eda t\u00e1cticas hasta la entrega sobre el terreno.<\/p>\n<p class=\"ds-markdown-paragraph\">Solicite el informe de pruebas MIL-STD-810G.<\/p>\n<\/div>\n<\/div>\n<\/div>\n<\/div>","protected":false},"excerpt":{"rendered":"<h2 class=\"this-description-name\">F\u00e1brica de bolsas de mensajero t\u00e1cticas<\/h2>\n<div class=\"sliderTable mt10 mb10 sliderTable-index0\">\n<div class=\"inner\">\n<p>1. <strong>VARIAS FORMAS DE TRANSPORTAR<\/strong>: La correa de hombro acolchada ajustable y la manija superior de cuero le ayudan a llevar f\u00e1cilmente y comfortablemente para llevar Este bolso de los trabajos se puede utilizar no s\u00f3lo como bolso de hombro del mensajero\/bolso crossbody, pero malet\u00edn del ordenador port\u00e1til\/bolso del recorrido\/bolso de la cartera\/bolso del profesor.<\/p>\n<p>2. <strong>DISE\u00d1O MULTIFUNCIONAL<\/strong>: La bolsa de ordenador est\u00e1 especialmente dise\u00f1ada para la gente en la universidad, la oficina, el trabajo, y aquellos que necesitan llevar un ordenador port\u00e1til y otros accesorios juntos todos los d\u00edas. Tambi\u00e9n podr\u00eda ser utilizado como una bolsa de hombro de viaje, incluso como una bolsa de c\u00e1mara DSLR con un inserto acolchado.<\/p>\n<\/div>\n<\/div>","protected":false},"featured_media":5071,"template":"","meta":{"_uag_custom_page_level_css":""},"product_brand":[],"product_cat":[65,64],"product_tag":[],"class_list":{"0":"post-5067","1":"product","2":"type-product","3":"status-publish","4":"has-post-thumbnail","6":"product_cat-messenger-bag","7":"product_cat-shoulder-bag","9":"first","10":"instock","11":"shipping-taxable","12":"product-type-simple"},"uagb_featured_image_src":{"full":["https:\/\/pecbag.com\/wp-content\/uploads\/2025\/07\/Tactical-Messenger-Bag-Factory-6.jpg",1500,1500,false],"thumbnail":["https:\/\/pecbag.com\/wp-content\/uploads\/2025\/07\/Tactical-Messenger-Bag-Factory-6-150x150.jpg",150,150,true],"medium":["https:\/\/pecbag.com\/wp-content\/uploads\/2025\/07\/Tactical-Messenger-Bag-Factory-6-300x300.jpg",300,300,true],"medium_large":["https:\/\/pecbag.com\/wp-content\/uploads\/2025\/07\/Tactical-Messenger-Bag-Factory-6-768x768.jpg",768,768,true],"large":["https:\/\/pecbag.com\/wp-content\/uploads\/2025\/07\/Tactical-Messenger-Bag-Factory-6-1024x1024.jpg",800,800,true],"1536x1536":["https:\/\/pecbag.com\/wp-content\/uploads\/2025\/07\/Tactical-Messenger-Bag-Factory-6.jpg",1500,1500,false],"2048x2048":["https:\/\/pecbag.com\/wp-content\/uploads\/2025\/07\/Tactical-Messenger-Bag-Factory-6.jpg",1500,1500,false],"trp-custom-language-flag":["https:\/\/pecbag.com\/wp-content\/uploads\/2025\/07\/Tactical-Messenger-Bag-Factory-6-12x12.jpg",12,12,true],"woocommerce_thumbnail":["https:\/\/pecbag.com\/wp-content\/uploads\/2025\/07\/Tactical-Messenger-Bag-Factory-6-300x300.jpg",300,300,true],"woocommerce_single":["https:\/\/pecbag.com\/wp-content\/uploads\/2025\/07\/Tactical-Messenger-Bag-Factory-6-600x600.jpg",600,600,true],"woocommerce_gallery_thumbnail":["https:\/\/pecbag.com\/wp-content\/uploads\/2025\/07\/Tactical-Messenger-Bag-Factory-6-100x100.jpg",100,100,true]},"uagb_author_info":{"display_name":"Lawrence","author_link":"https:\/\/pecbag.com\/es\/author\/"},"uagb_comment_info":0,"uagb_excerpt":"Tactical Messenger Bag Factory 1. VARIOUS WAYS TO CARRY: Adjustable Padded shoulder strap and leather top handle help you carry easily &amp; comfortably to carry This works bag can be used not only as a messenger shoulder bag\/crossbody bag, but laptop briefcase\/commute bag\/satchel bag\/teacher bag. 2. MULTIFUNCTIONAL DESIGN: The computer bag is particularly designed for&hellip;","_links":{"self":[{"href":"https:\/\/pecbag.com\/es\/wp-json\/wp\/v2\/product\/5067","targetHints":{"allow":["GET"]}}],"collection":[{"href":"https:\/\/pecbag.com\/es\/wp-json\/wp\/v2\/product"}],"about":[{"href":"https:\/\/pecbag.com\/es\/wp-json\/wp\/v2\/types\/product"}],"wp:featuredmedia":[{"embeddable":true,"href":"https:\/\/pecbag.com\/es\/wp-json\/wp\/v2\/media\/5071"}],"wp:attachment":[{"href":"https:\/\/pecbag.com\/es\/wp-json\/wp\/v2\/media?parent=5067"}],"wp:term":[{"taxonomy":"product_brand","embeddable":true,"href":"https:\/\/pecbag.com\/es\/wp-json\/wp\/v2\/product_brand?post=5067"},{"taxonomy":"product_cat","embeddable":true,"href":"https:\/\/pecbag.com\/es\/wp-json\/wp\/v2\/product_cat?post=5067"},{"taxonomy":"product_tag","embeddable":true,"href":"https:\/\/pecbag.com\/es\/wp-json\/wp\/v2\/product_tag?post=5067"}],"curies":[{"name":"wp","href":"https:\/\/api.w.org\/{rel}","templated":true}]}}