{"id":5074,"date":"2025-07-22T02:35:26","date_gmt":"2025-07-22T02:35:26","guid":{"rendered":"https:\/\/pecbag.com\/?post_type=product&#038;p=5074"},"modified":"2025-11-28T09:29:02","modified_gmt":"2025-11-28T09:29:02","slug":"sea-fishing-bag-factories","status":"publish","type":"product","link":"https:\/\/pecbag.com\/es\/sea-fishing-bag-factories\/","title":{"rendered":"F\u00e1bricas de bolsas de pesca mar\u00edtima"},"content":{"rendered":"<h5 title=\"Bolso plegable para perros Bolso de malla transpirable para mascotas peque\u00f1as Perros Gatos\" data-immersive-translate-walked=\"1c928421-2e42-4cd3-8754-5404553c0af5\" data-immersive-translate-paragraph=\"1\" data-spm-anchor-id=\"a2700.details.0.i35.4f6757d4w4zNZA\">Fabricante de mochilas resistentes al agua salada y f\u00e1brica de bolsas impermeables | F\u00e1bricas profesionales de bolsas para pesca mar\u00edtima<\/h5>\n<div class=\"flex flex-grow flex-col max-w-full\">\n<div class=\"min-h-[20px] text-message flex w-full flex-col items-end gap-2 whitespace-pre-wrap break-words [.text-message+&amp;]:mt-5 overflow-x-auto\" dir=\"auto\" data-message-author-role=\"assistant\" data-message-id=\"3d7d46f6-7ec2-4222-9257-48fa0bba23c6\" data-suggestions=\"true\">\n<div class=\"flex w-full flex-col gap-1 empty:hidden first:pt-[3px]\">\n<div class=\"markdown prose w-full break-words dark:prose-invert light\">\n<p class=\"ds-markdown-paragraph\">\u00bfNecesita f\u00e1bricas de bolsas de pesca mar\u00edtima resistentes a la corrosi\u00f3n?<\/p>\n<p class=\"ds-markdown-paragraph\">Como fabricantes de bolsas de pesca con certificaci\u00f3n ISO y Waterproof Bag Factory expertos en bolsas de pesca en China, dise\u00f1amos equipos de grado marino para marcas globales. Socio con nuestra empresa bolsa de pesca para:<\/p>\n<table width=\"288\">\n<tbody>\n<tr>\n<td width=\"137\"><span style=\"color: #333333;\">Nombre del producto<\/span><\/td>\n<td width=\"151\">Bolsa de pesca<\/td>\n<\/tr>\n<tr>\n<td><span style=\"color: #333333;\">N\u00ba de art\u00edculo<\/span><\/td>\n<td><span style=\"color: #333333;\">PB-2164<\/span><\/td>\n<\/tr>\n<tr>\n<td><span style=\"color: #333333;\">Material<\/span><\/td>\n<td>Poli\u00e9ster<\/td>\n<\/tr>\n<tr>\n<td><span style=\"color: #333333;\">Talla<\/span><\/td>\n<td>21,5 x 32 x 14 cm<\/td>\n<\/tr>\n<tr>\n<td><span style=\"color: #333333;\">\u00a0Plazo de entrega<\/span><\/td>\n<td><span style=\"color: #333333;\">1-5 d\u00edas para peque\u00f1as cantidades por v\u00eda a\u00e9rea y 30-35 d\u00edas para grandes cantidades por v\u00eda mar\u00edtima<\/span><\/td>\n<\/tr>\n<\/tbody>\n<\/table>\n<p class=\"ds-markdown-paragraph\">\u2705\u00a0<strong>Rendimiento Ocean-Ready<\/strong><br \/>\n- Bolsas de pesca mar\u00edtima resistentes al agua salada con ojales de drenaje y cremalleras antioxidantes<br \/>\n- Bolsa de pesca pedidos a granel a partir de 300 unidades (certificado de corrosi\u00f3n CRRC)<\/p>\n<p class=\"ds-markdown-paragraph\">\u2705\u00a0<strong>Personalizaci\u00f3n de agua salada<\/strong><br \/>\nBolsa de pesca ODM\/OEM + Marca blanca<br \/>\nPortaca\u00f1as\/lazos para equipo de buceo (MOQ 300 piezas)<\/p>\n<p class=\"ds-markdown-paragraph\">\u2705\u00a0<strong>Preparados para la exportaci\u00f3n mundial<\/strong><br \/>\nExportaci\u00f3n de bolsas de pesca sin costuras con informes de pruebas de niebla salina SGS<\/p>\n<p class=\"ds-markdown-paragraph\"><strong>Borde de f\u00e1brica:<\/strong><br \/>\n\u2714 Ahorro al por mayor en bolsas de pesca: 25% de descuento en 500 unidades o m\u00e1s.<br \/>\n\u2714 Prototipos de 7 d\u00edas con pruebas de corrosi\u00f3n<br \/>\n\u2714 Portal de proveedores de bolsas de pesca: Transmisi\u00f3n en directo del control de calidad<br \/>\n\u2714 30 d\u00edas de producci\u00f3n para los programas de mayoristas de bolsas de pesca<\/p>\n<p class=\"ds-markdown-paragraph\">Su proveedor de bolsas de pesca de confianza: desde f\u00e1bricas de bolsas de pesca mar\u00edtima hasta muelles mundiales.<\/p>\n<p class=\"ds-markdown-paragraph\">Solicite un v\u00eddeo gratuito de prueba de rociado con sal.<\/p>\n<\/div>\n<\/div>\n<\/div>\n<\/div>","protected":false},"excerpt":{"rendered":"<h2 class=\"this-description-name\">F\u00e1bricas de bolsas de pesca mar\u00edtima<\/h2>\n<div class=\"sliderTable mt10 mb10 sliderTable-index0\">\n<div class=\"inner\">\n<p>1. Bolsa de pesca de gran capacidad, puede utilizarse para guardar carretes de pesca, cebos, alicates, anzuelos, cajas y otros aparejos de pesca.<br \/>\n2. Hecho de poli\u00e9ster de alta calidad, impermeable y resistente a la rotura, resistente al desgaste y duradero, tiene una larga vida \u00fatil.<br \/>\n3. Los bolsillos frontales\/laterales con cremallera mantienen las cosas organizadas y seguras, f\u00e1ciles de abrir y cerrar.<br \/>\n4. Correa de hombro ajustable desmontable, c\u00f3modo de llevar, se puede utilizar como una bolsa de hombro o como bolsillos.<br \/>\n5. Dise\u00f1o de bolsillo de malla, f\u00e1cil acceso a peque\u00f1os accesorios, puede almacenar eficazmente los carretes de pesca.<\/p>\n<\/div>\n<\/div>","protected":false},"featured_media":5080,"template":"","meta":{"_uag_custom_page_level_css":""},"product_brand":[],"product_cat":[46,64],"product_tag":[],"class_list":{"0":"post-5074","1":"product","2":"type-product","3":"status-publish","4":"has-post-thumbnail","6":"product_cat-fishing-bag","7":"product_cat-shoulder-bag","9":"first","10":"instock","11":"shipping-taxable","12":"product-type-simple"},"uagb_featured_image_src":{"full":["https:\/\/pecbag.com\/wp-content\/uploads\/2025\/07\/Sea-Fishing-Bag-Factories-3.jpg",960,960,false],"thumbnail":["https:\/\/pecbag.com\/wp-content\/uploads\/2025\/07\/Sea-Fishing-Bag-Factories-3-150x150.jpg",150,150,true],"medium":["https:\/\/pecbag.com\/wp-content\/uploads\/2025\/07\/Sea-Fishing-Bag-Factories-3-300x300.jpg",300,300,true],"medium_large":["https:\/\/pecbag.com\/wp-content\/uploads\/2025\/07\/Sea-Fishing-Bag-Factories-3-768x768.jpg",768,768,true],"large":["https:\/\/pecbag.com\/wp-content\/uploads\/2025\/07\/Sea-Fishing-Bag-Factories-3.jpg",800,800,false],"1536x1536":["https:\/\/pecbag.com\/wp-content\/uploads\/2025\/07\/Sea-Fishing-Bag-Factories-3.jpg",960,960,false],"2048x2048":["https:\/\/pecbag.com\/wp-content\/uploads\/2025\/07\/Sea-Fishing-Bag-Factories-3.jpg",960,960,false],"trp-custom-language-flag":["https:\/\/pecbag.com\/wp-content\/uploads\/2025\/07\/Sea-Fishing-Bag-Factories-3-12x12.jpg",12,12,true],"woocommerce_thumbnail":["https:\/\/pecbag.com\/wp-content\/uploads\/2025\/07\/Sea-Fishing-Bag-Factories-3-300x300.jpg",300,300,true],"woocommerce_single":["https:\/\/pecbag.com\/wp-content\/uploads\/2025\/07\/Sea-Fishing-Bag-Factories-3-600x600.jpg",600,600,true],"woocommerce_gallery_thumbnail":["https:\/\/pecbag.com\/wp-content\/uploads\/2025\/07\/Sea-Fishing-Bag-Factories-3-100x100.jpg",100,100,true]},"uagb_author_info":{"display_name":"Lawrence","author_link":"https:\/\/pecbag.com\/es\/author\/"},"uagb_comment_info":0,"uagb_excerpt":"Sea Fishing Bag Factories 1. Fishing bag with large capacity, can be used to store fishing reels, baits, pliers, hooks, boxes, and other fishing gear. 2. Made of high-quality polyester, waterproof and tear\u2011resistant, wear\u2011resistant and durable, it has a long service life. 3. Zipper front\/side pockets keep things organized and safe, easy to open and&hellip;","_links":{"self":[{"href":"https:\/\/pecbag.com\/es\/wp-json\/wp\/v2\/product\/5074","targetHints":{"allow":["GET"]}}],"collection":[{"href":"https:\/\/pecbag.com\/es\/wp-json\/wp\/v2\/product"}],"about":[{"href":"https:\/\/pecbag.com\/es\/wp-json\/wp\/v2\/types\/product"}],"wp:featuredmedia":[{"embeddable":true,"href":"https:\/\/pecbag.com\/es\/wp-json\/wp\/v2\/media\/5080"}],"wp:attachment":[{"href":"https:\/\/pecbag.com\/es\/wp-json\/wp\/v2\/media?parent=5074"}],"wp:term":[{"taxonomy":"product_brand","embeddable":true,"href":"https:\/\/pecbag.com\/es\/wp-json\/wp\/v2\/product_brand?post=5074"},{"taxonomy":"product_cat","embeddable":true,"href":"https:\/\/pecbag.com\/es\/wp-json\/wp\/v2\/product_cat?post=5074"},{"taxonomy":"product_tag","embeddable":true,"href":"https:\/\/pecbag.com\/es\/wp-json\/wp\/v2\/product_tag?post=5074"}],"curies":[{"name":"wp","href":"https:\/\/api.w.org\/{rel}","templated":true}]}}