{"id":5083,"date":"2025-07-23T07:16:37","date_gmt":"2025-07-23T07:16:37","guid":{"rendered":"https:\/\/pecbag.com\/?post_type=product&#038;p=5083"},"modified":"2025-11-28T09:27:13","modified_gmt":"2025-11-28T09:27:13","slug":"medical-ems-first-responder-shoulder-bag","status":"publish","type":"product","link":"https:\/\/pecbag.com\/es\/medical-ems-first-responder-shoulder-bag\/","title":{"rendered":"Medical EMS First Responder Bolsa de hombro"},"content":{"rendered":"<h5 title=\"Bolso plegable para perros Bolso de malla transpirable para mascotas peque\u00f1as Perros Gatos\" data-immersive-translate-walked=\"1c928421-2e42-4cd3-8754-5404553c0af5\" data-immersive-translate-paragraph=\"1\" data-spm-anchor-id=\"a2700.details.0.i35.4f6757d4w4zNZA\">ISO Mochila Fabricante y Bolsa impermeable F\u00e1brica | Certificado M\u00e9dico EMS First Responder Bolsa de hombro Proveedor<\/h5>\n<div class=\"flex flex-grow flex-col max-w-full\">\n<div class=\"min-h-[20px] text-message flex w-full flex-col items-end gap-2 whitespace-pre-wrap break-words [.text-message+&amp;]:mt-5 overflow-x-auto\" dir=\"auto\" data-message-author-role=\"assistant\" data-message-id=\"3d7d46f6-7ec2-4222-9257-48fa0bba23c6\" data-suggestions=\"true\">\n<div class=\"flex w-full flex-col gap-1 empty:hidden first:pt-[3px]\">\n<div class=\"markdown prose w-full break-words dark:prose-invert light\">\n<p class=\"ds-markdown-paragraph\">\u00bfEquipar a los primeros intervinientes?<\/p>\n<p class=\"ds-markdown-paragraph\">Como m\u00e9dicos registrados por la FDA EMS especialistas en bolsa de hombro de primera respuesta y la f\u00e1brica de bolsa impermeable en la bolsa de respuesta de China, fabricamos equipos de salvamento de la vida de los organismos mundiales. Socio con nuestra empresa bolsa de respuesta para:<\/p>\n<table width=\"288\">\n<tbody>\n<tr>\n<td width=\"137\"><span style=\"color: #333333;\">Nombre del producto<\/span><\/td>\n<td width=\"151\">Bolso de hombro<\/td>\n<\/tr>\n<tr>\n<td><span style=\"color: #333333;\">N\u00ba de art\u00edculo<\/span><\/td>\n<td><span style=\"color: #333333;\">PB-2165<\/span><\/td>\n<\/tr>\n<tr>\n<td><span style=\"color: #333333;\">Material<\/span><\/td>\n<td>Poli\u00e9ster 600D<\/td>\n<\/tr>\n<tr>\n<td><span style=\"color: #333333;\">Talla<\/span><\/td>\n<td>19 x 15 x 9 pulgadas<\/td>\n<\/tr>\n<tr>\n<td><span style=\"color: #333333;\">\u00a0Plazo de entrega<\/span><\/td>\n<td><span style=\"color: #333333;\">1-5 d\u00edas para peque\u00f1as cantidades por v\u00eda a\u00e9rea y 30-35 d\u00edas para grandes cantidades por v\u00eda mar\u00edtima<\/span><\/td>\n<\/tr>\n<\/tbody>\n<\/table>\n<p class=\"ds-markdown-paragraph\">\u2705\u00a0<strong>Dise\u00f1o optimizado para EMS<\/strong><br \/>\n- Compartimentos conformes con la HIPAA + pesta\u00f1as rojas en cruz<br \/>\n- Revestimiento resistente a sangre y productos qu\u00edmicos (certificado ISO)<br \/>\n- Bolsa Responder pedidos al por mayor a partir de 300 unidades<\/p>\n<p class=\"ds-markdown-paragraph\">\u2705\u00a0<strong>Personalizaci\u00f3n de grado m\u00e9dico<\/strong><br \/>\nBolsa de respuesta ODM\/OEM + marca privada<br \/>\nTrauma personalizado tijeras lazos \/ bolsillos DEA (MOQ 300 piezas)<\/p>\n<p class=\"ds-markdown-paragraph\">\u2705\u00a0<strong>Cumplimiento global<\/strong><br \/>\nExportaci\u00f3n de bolsas de respuesta llave en mano con documentos CE\/FDA<\/p>\n<p class=\"ds-markdown-paragraph\"><strong>Ventajas de la f\u00e1brica:<\/strong><br \/>\n- Ahorro al por mayor en bolsas Responder: 20% de descuento en 500 unidades o m\u00e1s<br \/>\n- Creaci\u00f3n de prototipos en 10 d\u00edas con pruebas de biocompatibilidad<br \/>\n- Portal del proveedor de bolsas de respuesta: Envasado est\u00e9ril en directo<br \/>\n- 35 d\u00edas de producci\u00f3n para los programas Mayorista de bolsas Responder<\/p>\n<p class=\"ds-markdown-paragraph\">Su proveedor de confianza de bolsas de primeros auxilios: desde la f\u00e1brica de bolsas de hombro de primeros auxilios m\u00e9dicos hasta la primera l\u00ednea de emergencia.<\/p>\n<p class=\"ds-markdown-paragraph\">Solicite un informe de esterilizaci\u00f3n<\/p>\n<\/div>\n<\/div>\n<\/div>\n<\/div>","protected":false},"excerpt":{"rendered":"<h2 class=\"this-description-name\">Medical EMS First Responder Bolsa de hombro<\/h2>\n<div class=\"sliderTable mt10 mb10 sliderTable-index0\">\n<div class=\"inner\">\n<p>1. La construcci\u00f3n acolchada de doble pared protege sus suministros de da\u00f1os.<\/p>\n<p>2. Bandas reflectantes de triple ribete amarillo\/plata con refuerzo de cuero para mayor visibilidad.<\/p>\n<p>3. Los divisores de espuma extra\u00edbles del compartimento principal se pueden personalizar para adaptarlos a sus necesidades de espacio.<\/p>\n<p>4. La correa acolchada para el hombro tiene bandas reflectantes cosidas directamente a la correa.<\/p>\n<p>5. Dise\u00f1o de bolsillo de malla, f\u00e1cil acceso a peque\u00f1os accesorios, puede almacenar eficazmente los carretes de pesca.<\/p>\n<\/div>\n<\/div>","protected":false},"featured_media":5086,"template":"","meta":{"_uag_custom_page_level_css":""},"product_brand":[],"product_cat":[64],"product_tag":[],"class_list":{"0":"post-5083","1":"product","2":"type-product","3":"status-publish","4":"has-post-thumbnail","6":"product_cat-shoulder-bag","8":"first","9":"instock","10":"shipping-taxable","11":"product-type-simple"},"uagb_featured_image_src":{"full":["https:\/\/pecbag.com\/wp-content\/uploads\/2025\/07\/Medical-EMS-First-Responder-Shoulder-Bag-1.jpeg",2000,2000,false],"thumbnail":["https:\/\/pecbag.com\/wp-content\/uploads\/2025\/07\/Medical-EMS-First-Responder-Shoulder-Bag-1-150x150.jpeg",150,150,true],"medium":["https:\/\/pecbag.com\/wp-content\/uploads\/2025\/07\/Medical-EMS-First-Responder-Shoulder-Bag-1-300x300.jpeg",300,300,true],"medium_large":["https:\/\/pecbag.com\/wp-content\/uploads\/2025\/07\/Medical-EMS-First-Responder-Shoulder-Bag-1-768x768.jpeg",768,768,true],"large":["https:\/\/pecbag.com\/wp-content\/uploads\/2025\/07\/Medical-EMS-First-Responder-Shoulder-Bag-1-1024x1024.jpeg",800,800,true],"1536x1536":["https:\/\/pecbag.com\/wp-content\/uploads\/2025\/07\/Medical-EMS-First-Responder-Shoulder-Bag-1-1536x1536.jpeg",1536,1536,true],"2048x2048":["https:\/\/pecbag.com\/wp-content\/uploads\/2025\/07\/Medical-EMS-First-Responder-Shoulder-Bag-1.jpeg",2000,2000,false],"trp-custom-language-flag":["https:\/\/pecbag.com\/wp-content\/uploads\/2025\/07\/Medical-EMS-First-Responder-Shoulder-Bag-1-12x12.jpeg",12,12,true],"woocommerce_thumbnail":["https:\/\/pecbag.com\/wp-content\/uploads\/2025\/07\/Medical-EMS-First-Responder-Shoulder-Bag-1-300x300.jpeg",300,300,true],"woocommerce_single":["https:\/\/pecbag.com\/wp-content\/uploads\/2025\/07\/Medical-EMS-First-Responder-Shoulder-Bag-1-600x600.jpeg",600,600,true],"woocommerce_gallery_thumbnail":["https:\/\/pecbag.com\/wp-content\/uploads\/2025\/07\/Medical-EMS-First-Responder-Shoulder-Bag-1-100x100.jpeg",100,100,true]},"uagb_author_info":{"display_name":"Lawrence","author_link":"https:\/\/pecbag.com\/es\/author\/"},"uagb_comment_info":0,"uagb_excerpt":"Medical EMS First Responder Shoulder Bag 1. Double-wall padded construction protects your supplies from damage. 2. Yellow\/Silver triple trim reflective striping with leather binding reinforcement for added visibility. 3. Removable foam dividers in the main compartment can be customized to fit your space needs. 4. Padded shoulder strap has reflective striping sewn right into the&hellip;","_links":{"self":[{"href":"https:\/\/pecbag.com\/es\/wp-json\/wp\/v2\/product\/5083","targetHints":{"allow":["GET"]}}],"collection":[{"href":"https:\/\/pecbag.com\/es\/wp-json\/wp\/v2\/product"}],"about":[{"href":"https:\/\/pecbag.com\/es\/wp-json\/wp\/v2\/types\/product"}],"wp:featuredmedia":[{"embeddable":true,"href":"https:\/\/pecbag.com\/es\/wp-json\/wp\/v2\/media\/5086"}],"wp:attachment":[{"href":"https:\/\/pecbag.com\/es\/wp-json\/wp\/v2\/media?parent=5083"}],"wp:term":[{"taxonomy":"product_brand","embeddable":true,"href":"https:\/\/pecbag.com\/es\/wp-json\/wp\/v2\/product_brand?post=5083"},{"taxonomy":"product_cat","embeddable":true,"href":"https:\/\/pecbag.com\/es\/wp-json\/wp\/v2\/product_cat?post=5083"},{"taxonomy":"product_tag","embeddable":true,"href":"https:\/\/pecbag.com\/es\/wp-json\/wp\/v2\/product_tag?post=5083"}],"curies":[{"name":"wp","href":"https:\/\/api.w.org\/{rel}","templated":true}]}}