{"id":5090,"date":"2025-07-23T07:24:15","date_gmt":"2025-07-23T07:24:15","guid":{"rendered":"https:\/\/pecbag.com\/?post_type=product&#038;p=5090"},"modified":"2025-11-28T09:26:55","modified_gmt":"2025-11-28T09:26:55","slug":"china-sports-travel-bag-suppliers","status":"publish","type":"product","link":"https:\/\/pecbag.com\/es\/china-sports-travel-bag-suppliers\/","title":{"rendered":"Proveedores de bolsas de viaje para deportes en China"},"content":{"rendered":"<h5 title=\"Bolso plegable para perros Bolso de malla transpirable para mascotas peque\u00f1as Perros Gatos\" data-immersive-translate-walked=\"1c928421-2e42-4cd3-8754-5404553c0af5\" data-immersive-translate-paragraph=\"1\" data-spm-anchor-id=\"a2700.details.0.i35.4f6757d4w4zNZA\">Mochila Global Fabricante &amp; F\u00e1brica de Bolsa Impermeable | Top China Bolsa de Viaje Deportiva Proveedores<\/h5>\n<div class=\"flex flex-grow flex-col max-w-full\">\n<div class=\"min-h-[20px] text-message flex w-full flex-col items-end gap-2 whitespace-pre-wrap break-words [.text-message+&amp;]:mt-5 overflow-x-auto\" dir=\"auto\" data-message-author-role=\"assistant\" data-message-id=\"3d7d46f6-7ec2-4222-9257-48fa0bba23c6\" data-suggestions=\"true\">\n<div class=\"flex w-full flex-col gap-1 empty:hidden first:pt-[3px]\">\n<div class=\"markdown prose w-full break-words dark:prose-invert light\">\n<p class=\"ds-markdown-paragraph\">\u00bfNecesita proveedores fiables de bolsas de viaje para deportes en China?<\/p>\n<p class=\"ds-markdown-paragraph\">Como fabricantes de bolsas de viaje con certificaci\u00f3n ISO y f\u00e1brica de bolsas impermeables en Guangdong, ofrecemos equipos de alto rendimiento a precios inmejorables. Socio con nuestra empresa de bolsa de viaje para:<\/p>\n<table width=\"288\">\n<tbody>\n<tr>\n<td width=\"137\"><span style=\"color: #333333;\">Nombre del producto<\/span><\/td>\n<td width=\"151\">Bolsa de viaje<\/td>\n<\/tr>\n<tr>\n<td><span style=\"color: #333333;\">N\u00ba de art\u00edculo<\/span><\/td>\n<td><span style=\"color: #333333;\">PB-2166<\/span><\/td>\n<\/tr>\n<tr>\n<td><span style=\"color: #333333;\">Material<\/span><\/td>\n<td>Poli\u00e9ster 600D<\/td>\n<\/tr>\n<tr>\n<td><span style=\"color: #333333;\">Talla<\/span><\/td>\n<td>18 x 9 x 9 pulgadas<\/td>\n<\/tr>\n<tr>\n<td><span style=\"color: #333333;\">\u00a0Plazo de entrega<\/span><\/td>\n<td><span style=\"color: #333333;\">1-5 d\u00edas para peque\u00f1as cantidades por v\u00eda a\u00e9rea y 30-35 d\u00edas para grandes cantidades por v\u00eda mar\u00edtima<\/span><\/td>\n<\/tr>\n<\/tbody>\n<\/table>\n<p class=\"ds-markdown-paragraph\">\u2705\u00a0<strong>Ventajas del suministro de China<\/strong><br \/>\n- Bolsa de viaje a granel 300+ unid. - 60% m\u00e1s barato que los proveedores de EE.UU.<br \/>\n- Env\u00edo DDP incluido para Travel Bag Export<br \/>\n- Conformidad REACH\/CE<\/p>\n<p class=\"ds-markdown-paragraph\">\u2705\u00a0<strong>Soluciones optimizadas para el deporte<\/strong><\/p>\n<ul>\n<li>\n<p class=\"ds-markdown-paragraph\">Bolsa de viaje ODM\/OEM + marca blanca con tama\u00f1o aprobado por las aerol\u00edneas<\/p>\n<\/li>\n<li>\n<p class=\"ds-markdown-paragraph\">Cremalleras impermeables y esquinas a prueba de golpes<\/p>\n<\/li>\n<li>\n<p class=\"ds-markdown-paragraph\">MOQ 300 unidades<\/p>\n<\/li>\n<\/ul>\n<p class=\"ds-markdown-paragraph\">\u2705\u00a0<strong>Ventajas para proveedores<\/strong><br \/>\n\u2192 Portal de proveedores de bolsas de viaje deportivas de China: Seguimiento de la carga en tiempo real<br \/>\n\u2192 Muestreo de 7 d\u00edas con env\u00edo expr\u00e9s<br \/>\n\u2192 Preparaci\u00f3n de FBA para socios mayoristas de bolsas de viaje<br \/>\n\u2192 Bolsa de existencias agotadas a 30 d\u00edas<\/p>\n<p class=\"ds-markdown-paragraph\"><strong>Por qu\u00e9 m\u00e1s de 2.000 marcas conf\u00edan en nuestra cadena de suministro en China:<\/strong><br \/>\n\u2714 Bolsa de viaje Precio directo de f\u00e1brica - sin agentes.<br \/>\n\u2714 Tejidos deportivos con certificaci\u00f3n OEKO-TEX<br \/>\n\u2714 Sistemas de cierre conformes con la TSA<br \/>\n\u2714 Control de calidad espec\u00edfico para redes de proveedores de bolsas de viaje<\/p>\n<p class=\"ds-markdown-paragraph\">Sus proveedores estrat\u00e9gicos de bolsas de viaje para deportes en China: desde la producci\u00f3n hasta la entrega global. Chatee para ver los v\u00eddeos de la visita a la f\u00e1brica.<\/p>\n<\/div>\n<\/div>\n<\/div>\n<\/div>","protected":false},"excerpt":{"rendered":"<h2 class=\"this-description-name\">Proveedores de bolsas de viaje para deportes en China<\/h2>\n<div class=\"sliderTable mt10 mb10 sliderTable-index0\">\n<div class=\"inner\">\n<p>Este bolso de lona es adecuado para el gimnasio, viajes y otros eventos deportivos. Deportes bolsa de lona ideal para el gimnasio y viajar; se puede utilizar como una bolsa de hombro, bolso crossbody (dependiendo del tama\u00f1o del cuerpo), o el paquete de mano con correas ajustables y desmontables bolsa de mano.<\/p>\n<p>Compartimento principal con cremallera\/bolsillo frontal con cremallera, asa superior con velcro, dos asas laterales y una bolsa de lona con correa desmontable para el hombro.<\/p>\n<\/div>\n<\/div>","protected":false},"featured_media":5091,"template":"","meta":{"_uag_custom_page_level_css":""},"product_brand":[],"product_cat":[68,64],"product_tag":[],"class_list":{"0":"post-5090","1":"product","2":"type-product","3":"status-publish","4":"has-post-thumbnail","6":"product_cat-travel-bag","7":"product_cat-shoulder-bag","9":"first","10":"instock","11":"shipping-taxable","12":"product-type-simple"},"uagb_featured_image_src":{"full":["https:\/\/pecbag.com\/wp-content\/uploads\/2025\/07\/China-Sports-Travel-Bag-Suppliers-4.jpg",800,800,false],"thumbnail":["https:\/\/pecbag.com\/wp-content\/uploads\/2025\/07\/China-Sports-Travel-Bag-Suppliers-4-150x150.jpg",150,150,true],"medium":["https:\/\/pecbag.com\/wp-content\/uploads\/2025\/07\/China-Sports-Travel-Bag-Suppliers-4-300x300.jpg",300,300,true],"medium_large":["https:\/\/pecbag.com\/wp-content\/uploads\/2025\/07\/China-Sports-Travel-Bag-Suppliers-4-768x768.jpg",768,768,true],"large":["https:\/\/pecbag.com\/wp-content\/uploads\/2025\/07\/China-Sports-Travel-Bag-Suppliers-4.jpg",800,800,false],"1536x1536":["https:\/\/pecbag.com\/wp-content\/uploads\/2025\/07\/China-Sports-Travel-Bag-Suppliers-4.jpg",800,800,false],"2048x2048":["https:\/\/pecbag.com\/wp-content\/uploads\/2025\/07\/China-Sports-Travel-Bag-Suppliers-4.jpg",800,800,false],"trp-custom-language-flag":["https:\/\/pecbag.com\/wp-content\/uploads\/2025\/07\/China-Sports-Travel-Bag-Suppliers-4-12x12.jpg",12,12,true],"woocommerce_thumbnail":["https:\/\/pecbag.com\/wp-content\/uploads\/2025\/07\/China-Sports-Travel-Bag-Suppliers-4-300x300.jpg",300,300,true],"woocommerce_single":["https:\/\/pecbag.com\/wp-content\/uploads\/2025\/07\/China-Sports-Travel-Bag-Suppliers-4-600x600.jpg",600,600,true],"woocommerce_gallery_thumbnail":["https:\/\/pecbag.com\/wp-content\/uploads\/2025\/07\/China-Sports-Travel-Bag-Suppliers-4-100x100.jpg",100,100,true]},"uagb_author_info":{"display_name":"Lawrence","author_link":"https:\/\/pecbag.com\/es\/author\/"},"uagb_comment_info":0,"uagb_excerpt":"China Sports Travel Bag Suppliers This duffel bag is suitable for the Gym, travel, and other sports events. Sports duffel bag great for gym and traveling; can be used as a shoulder bag, crossbody bag (depending on body size), or hand-held pack with adjustable &amp; removable straps carry-on bag. Zippered main compartment with\/ zippered front&hellip;","_links":{"self":[{"href":"https:\/\/pecbag.com\/es\/wp-json\/wp\/v2\/product\/5090","targetHints":{"allow":["GET"]}}],"collection":[{"href":"https:\/\/pecbag.com\/es\/wp-json\/wp\/v2\/product"}],"about":[{"href":"https:\/\/pecbag.com\/es\/wp-json\/wp\/v2\/types\/product"}],"wp:featuredmedia":[{"embeddable":true,"href":"https:\/\/pecbag.com\/es\/wp-json\/wp\/v2\/media\/5091"}],"wp:attachment":[{"href":"https:\/\/pecbag.com\/es\/wp-json\/wp\/v2\/media?parent=5090"}],"wp:term":[{"taxonomy":"product_brand","embeddable":true,"href":"https:\/\/pecbag.com\/es\/wp-json\/wp\/v2\/product_brand?post=5090"},{"taxonomy":"product_cat","embeddable":true,"href":"https:\/\/pecbag.com\/es\/wp-json\/wp\/v2\/product_cat?post=5090"},{"taxonomy":"product_tag","embeddable":true,"href":"https:\/\/pecbag.com\/es\/wp-json\/wp\/v2\/product_tag?post=5090"}],"curies":[{"name":"wp","href":"https:\/\/api.w.org\/{rel}","templated":true}]}}