{"id":5171,"date":"2025-07-24T01:32:06","date_gmt":"2025-07-24T01:32:06","guid":{"rendered":"https:\/\/pecbag.com\/?post_type=product&#038;p=5171"},"modified":"2025-11-28T09:26:40","modified_gmt":"2025-11-28T09:26:40","slug":"new-design-lightweight-fishing-backpack","status":"publish","type":"product","link":"https:\/\/pecbag.com\/es\/new-design-lightweight-fishing-backpack\/","title":{"rendered":"Mochila de pesca ligera de nuevo dise\u00f1o"},"content":{"rendered":"<h5 title=\"Bolso plegable para perros Bolso de malla transpirable para mascotas peque\u00f1as Perros Gatos\" data-immersive-translate-walked=\"1c928421-2e42-4cd3-8754-5404553c0af5\" data-immersive-translate-paragraph=\"1\" data-spm-anchor-id=\"a2700.details.0.i35.4f6757d4w4zNZA\">Fabricante de mochilas innovadoras y f\u00e1brica de bolsas impermeables | Especialista en mochilas de pesca ligeras de nuevo dise\u00f1o<\/h5>\n<div class=\"flex flex-grow flex-col max-w-full\">\n<div class=\"min-h-[20px] text-message flex w-full flex-col items-end gap-2 whitespace-pre-wrap break-words [.text-message+&amp;]:mt-5 overflow-x-auto\" dir=\"auto\" data-message-author-role=\"assistant\" data-message-id=\"3d7d46f6-7ec2-4222-9257-48fa0bba23c6\" data-suggestions=\"true\">\n<div class=\"flex w-full flex-col gap-1 empty:hidden first:pt-[3px]\">\n<div class=\"markdown prose w-full break-words dark:prose-invert light\">\n<p class=\"ds-markdown-paragraph\">Lanzamiento de la mochila de pesca ligera de dise\u00f1o m\u00e1s novedoso?<\/p>\n<p class=\"ds-markdown-paragraph\">Como uno de los mejores Fabricantes de Bolsas de Pesca y F\u00e1brica de Bolsas Impermeables en Bolsas de Pesca China, elaboramos equipos de pesca de vanguardia de menos de 1.1lbs. Socio con nuestra empresa de bolsa de pesca para:<\/p>\n<table width=\"288\">\n<tbody>\n<tr>\n<td width=\"137\"><span style=\"color: #333333;\">Nombre del producto<\/span><\/td>\n<td width=\"151\">Bolsa de pesca<\/td>\n<\/tr>\n<tr>\n<td><span style=\"color: #333333;\">N\u00ba de art\u00edculo<\/span><\/td>\n<td><span style=\"color: #333333;\">PB-2167<\/span><\/td>\n<\/tr>\n<tr>\n<td><span style=\"color: #333333;\">Material<\/span><\/td>\n<td>Poli\u00e9ster + espuma<\/td>\n<\/tr>\n<tr>\n<td><span style=\"color: #333333;\">Talla<\/span><\/td>\n<td>55 * 46 cm<\/td>\n<\/tr>\n<tr>\n<td><span style=\"color: #333333;\">\u00a0Plazo de entrega<\/span><\/td>\n<td><span style=\"color: #333333;\">1-5 d\u00edas para peque\u00f1as cantidades por v\u00eda a\u00e9rea y 30-35 d\u00edas para grandes cantidades por v\u00eda mar\u00edtima<\/span><\/td>\n<\/tr>\n<\/tbody>\n<\/table>\n<p class=\"ds-markdown-paragraph\">\u2705\u00a0<strong>Revoluci\u00f3n ultraligera<\/strong><br \/>\n- Armazones de fibra de carbono \u2726 Malla de secado r\u00e1pido - 30% m\u00e1s ligera que las mochilas est\u00e1ndar.<br \/>\n- Bolsa de pesca pedidos al por mayor a partir de 200 unidades (IPX7 impermeable)<\/p>\n<p class=\"ds-markdown-paragraph\">\u2705\u00a0<strong>Caracter\u00edsticas Angler-First<\/strong><\/p>\n<ul>\n<li>\n<p class=\"ds-markdown-paragraph\">Portaca\u00f1as giratorios + c\u00e1maras de cebo estancas<\/p>\n<\/li>\n<li>\n<p class=\"ds-markdown-paragraph\">Mochila de pesca ligera de nuevo dise\u00f1o con correas ergon\u00f3micas<\/p>\n<\/li>\n<li>\n<p class=\"ds-markdown-paragraph\">Vea el prototipo 3D en 72 horas<\/p>\n<\/li>\n<\/ul>\n<p class=\"ds-markdown-paragraph\">\u2705\u00a0<strong>Potencia de producci\u00f3n mundial<\/strong><br \/>\nBolsa de pesca ODM\/OEM + Marca blanca<br \/>\nExportaci\u00f3n de bolsas de pesca llave en mano con certificaciones<\/p>\n<p class=\"ds-markdown-paragraph\"><strong>Borde de f\u00e1brica:<\/strong><br \/>\n\u2714 Ahorro al por mayor en bolsas de pesca: 25% de descuento en 500 unidades o m\u00e1s.<br \/>\n\u2714 Muestreo r\u00e1pido de 5 d\u00edas<br \/>\n\u2714 Portal del proveedor de bolsas de pesca: C\u00e1maras de taller en directo<br \/>\n\u2714 30 d\u00edas de producci\u00f3n para los programas de mayoristas de bolsas de pesca<\/p>\n<p class=\"ds-markdown-paragraph\">Su principal proveedor de bolsas de pesca para la innovaci\u00f3n en mochilas de pesca ligeras de nuevo dise\u00f1o, desde el dise\u00f1o hasta los muelles mundiales. \u00a1Reclame su kit de muestra VIP!<\/p>\n<\/div>\n<\/div>\n<\/div>\n<\/div>","protected":false},"excerpt":{"rendered":"<h2 class=\"this-description-name\">Mochila de pesca ligera de nuevo dise\u00f1o<\/h2>\n<div class=\"sliderTable mt10 mb10 sliderTable-index0\">\n<div class=\"inner\">\n<div>1. 18 bolsillos de almacenamiento interiores y exteriores, incluidos 12 bolsillos con cremallera con cremalleras lisas ocultas; cuatro peque\u00f1os bolsillos delanteros de malla para bobinas de tippet, bajos de l\u00ednea u otros accesorios; un bolsillo de almacenamiento trasero de malla compatible con hidrataci\u00f3n.<\/div>\n<div><\/div>\n<div>2. El forro interior de malla ligera, la parte superior de la espalda acolchada y las correas de los hombros proporcionan lo \u00faltimo en comodidad y transpirabilidad.<\/div>\n<div><\/div>\n<div>3. Correa de estern\u00f3n ajustable proporciona un uso alternativo de cierre de hebilla de liberaci\u00f3n r\u00e1pida; Las correas de los hombros y las correas de la cintura se pueden ajustar para un ajuste perfecto.<\/div>\n<div><\/div>\n<div>4. La ranura de la red en la parte posterior le da f\u00e1cil acceso a su red de aterrizaje ; Anillo en D en la parte posterior para fijar una red de pesca si prefiere utilizar un liberador de red.<\/div>\n<\/div>\n<\/div>","protected":false},"featured_media":5172,"template":"","meta":{"_uag_custom_page_level_css":""},"product_brand":[],"product_cat":[46,60],"product_tag":[],"class_list":{"0":"post-5171","1":"product","2":"type-product","3":"status-publish","4":"has-post-thumbnail","6":"product_cat-fishing-bag","7":"product_cat-backpack","9":"first","10":"instock","11":"shipping-taxable","12":"product-type-simple"},"uagb_featured_image_src":{"full":["https:\/\/pecbag.com\/wp-content\/uploads\/2025\/07\/New-Design-Lightweight-Fishing-Backpack-3.jpg",720,666,false],"thumbnail":["https:\/\/pecbag.com\/wp-content\/uploads\/2025\/07\/New-Design-Lightweight-Fishing-Backpack-3-150x150.jpg",150,150,true],"medium":["https:\/\/pecbag.com\/wp-content\/uploads\/2025\/07\/New-Design-Lightweight-Fishing-Backpack-3-300x278.jpg",300,278,true],"medium_large":["https:\/\/pecbag.com\/wp-content\/uploads\/2025\/07\/New-Design-Lightweight-Fishing-Backpack-3.jpg",720,666,false],"large":["https:\/\/pecbag.com\/wp-content\/uploads\/2025\/07\/New-Design-Lightweight-Fishing-Backpack-3.jpg",720,666,false],"1536x1536":["https:\/\/pecbag.com\/wp-content\/uploads\/2025\/07\/New-Design-Lightweight-Fishing-Backpack-3.jpg",720,666,false],"2048x2048":["https:\/\/pecbag.com\/wp-content\/uploads\/2025\/07\/New-Design-Lightweight-Fishing-Backpack-3.jpg",720,666,false],"trp-custom-language-flag":["https:\/\/pecbag.com\/wp-content\/uploads\/2025\/07\/New-Design-Lightweight-Fishing-Backpack-3-13x12.jpg",13,12,true],"woocommerce_thumbnail":["https:\/\/pecbag.com\/wp-content\/uploads\/2025\/07\/New-Design-Lightweight-Fishing-Backpack-3-300x300.jpg",300,300,true],"woocommerce_single":["https:\/\/pecbag.com\/wp-content\/uploads\/2025\/07\/New-Design-Lightweight-Fishing-Backpack-3-600x555.jpg",600,555,true],"woocommerce_gallery_thumbnail":["https:\/\/pecbag.com\/wp-content\/uploads\/2025\/07\/New-Design-Lightweight-Fishing-Backpack-3-100x100.jpg",100,100,true]},"uagb_author_info":{"display_name":"Lawrence","author_link":"https:\/\/pecbag.com\/es\/author\/"},"uagb_comment_info":0,"uagb_excerpt":"New Design Lightweight Fishing Backpack 1. 18 interior and exterior storage pockets, including 12 zippered pockets with smooth concealed zippers; Four small front mesh pockets for tippet spools, leaders, or other accessories; one hydration-compatible rear mesh storage pocket 2. Lightweight mesh inner lining, padded upper back and shoulder straps provide the ultimate in comfort and&hellip;","_links":{"self":[{"href":"https:\/\/pecbag.com\/es\/wp-json\/wp\/v2\/product\/5171","targetHints":{"allow":["GET"]}}],"collection":[{"href":"https:\/\/pecbag.com\/es\/wp-json\/wp\/v2\/product"}],"about":[{"href":"https:\/\/pecbag.com\/es\/wp-json\/wp\/v2\/types\/product"}],"wp:featuredmedia":[{"embeddable":true,"href":"https:\/\/pecbag.com\/es\/wp-json\/wp\/v2\/media\/5172"}],"wp:attachment":[{"href":"https:\/\/pecbag.com\/es\/wp-json\/wp\/v2\/media?parent=5171"}],"wp:term":[{"taxonomy":"product_brand","embeddable":true,"href":"https:\/\/pecbag.com\/es\/wp-json\/wp\/v2\/product_brand?post=5171"},{"taxonomy":"product_cat","embeddable":true,"href":"https:\/\/pecbag.com\/es\/wp-json\/wp\/v2\/product_cat?post=5171"},{"taxonomy":"product_tag","embeddable":true,"href":"https:\/\/pecbag.com\/es\/wp-json\/wp\/v2\/product_tag?post=5171"}],"curies":[{"name":"wp","href":"https:\/\/api.w.org\/{rel}","templated":true}]}}