{"id":5177,"date":"2025-07-24T01:43:20","date_gmt":"2025-07-24T01:43:20","guid":{"rendered":"https:\/\/pecbag.com\/?post_type=product&#038;p=5177"},"modified":"2025-11-28T09:26:25","modified_gmt":"2025-11-28T09:26:25","slug":"large-durable-fishing-tackle-backpack","status":"publish","type":"product","link":"https:\/\/pecbag.com\/es\/large-durable-fishing-tackle-backpack\/","title":{"rendered":"Mochila de pesca grande y resistente"},"content":{"rendered":"<h5 title=\"Bolso plegable para perros Bolso de malla transpirable para mascotas peque\u00f1as Perros Gatos\" data-immersive-translate-walked=\"1c928421-2e42-4cd3-8754-5404553c0af5\" data-immersive-translate-paragraph=\"1\" data-spm-anchor-id=\"a2700.details.0.i35.4f6757d4w4zNZA\">Fabricante de mochilas de alta resistencia y f\u00e1brica de bolsas impermeables | Especialista en mochilas de pesca grandes y duraderas<\/h5>\n<div class=\"flex flex-grow flex-col max-w-full\">\n<div class=\"min-h-[20px] text-message flex w-full flex-col items-end gap-2 whitespace-pre-wrap break-words [.text-message+&amp;]:mt-5 overflow-x-auto\" dir=\"auto\" data-message-author-role=\"assistant\" data-message-id=\"3d7d46f6-7ec2-4222-9257-48fa0bba23c6\" data-suggestions=\"true\">\n<div class=\"flex w-full flex-col gap-1 empty:hidden first:pt-[3px]\">\n<div class=\"markdown prose w-full break-words dark:prose-invert light\">\n<p class=\"ds-markdown-paragraph\">\u00bfNecesita un almacenamiento duradero?<\/p>\n<p class=\"ds-markdown-paragraph\">Como Bolsa de pesca superior Fabricante y Bolsa impermeable F\u00e1brica en Bolsa de pesca China, we engineer extra-large 45L+ Large Durable Fishing Tackle Backpack solutions. Socio con nuestra empresa bolsa de pesca para:<\/p>\n<table width=\"288\">\n<tbody>\n<tr>\n<td width=\"137\"><span style=\"color: #333333;\">Nombre del producto<\/span><\/td>\n<td width=\"151\">Bolsa de pesca<\/td>\n<\/tr>\n<tr>\n<td><span style=\"color: #333333;\">N\u00ba de art\u00edculo<\/span><\/td>\n<td><span style=\"color: #333333;\">PB-2168<\/span><\/td>\n<\/tr>\n<tr>\n<td><span style=\"color: #333333;\">Material<\/span><\/td>\n<td>Poli\u00e9ster 600D<\/td>\n<\/tr>\n<tr>\n<td><span style=\"color: #333333;\">Talla<\/span><\/td>\n<td>Personalizado<\/td>\n<\/tr>\n<tr>\n<td><span style=\"color: #333333;\">\u00a0Plazo de entrega<\/span><\/td>\n<td><span style=\"color: #333333;\">1-5 d\u00edas para peque\u00f1as cantidades por v\u00eda a\u00e9rea y 30-35 d\u00edas para grandes cantidades por v\u00eda mar\u00edtima<\/span><\/td>\n<\/tr>\n<\/tbody>\n<\/table>\n<p class=\"ds-markdown-paragraph\">\u2705\u00a0<strong>Capacidad de resistencia industrial<\/strong><br \/>\n- 1680D nylon bal\u00edstico grandes mochilas duraderas aparejos de pesca con marcos de aluminio<br \/>\n- \u00cdndice de impermeabilidad IPX8 + forro resistente al moho<br \/>\n- Bolsa de pesca pedidos a granel a partir de 150 unidades<\/p>\n<p class=\"ds-markdown-paragraph\">\u2705\u00a0<strong>Caracter\u00edsticas Pro Angler<\/strong><\/p>\n<ul>\n<li>\n<p class=\"ds-markdown-paragraph\">Ranuras personalizables para cajas Plano\u00ae + portaca\u00f1as retr\u00e1ctiles<\/p>\n<\/li>\n<li>\n<p class=\"ds-markdown-paragraph\">Mochila de pesca grande y duradera con sistema de suspensi\u00f3n ergon\u00f3mico<\/p>\n<\/li>\n<li>\n<p class=\"ds-markdown-paragraph\">Vea los v\u00eddeos de las pruebas de carga<\/p>\n<\/li>\n<\/ul>\n<p class=\"ds-markdown-paragraph\">\u2705\u00a0<strong>Producci\u00f3n mundial<\/strong><br \/>\nBolsa de pesca ODM\/OEM + Marca blanca<br \/>\nExportaci\u00f3n de bolsas de pesca llave en mano con certificaciones<\/p>\n<p class=\"ds-markdown-paragraph\"><strong>Borde de f\u00e1brica:<\/strong><br \/>\n\u2714 Bolsa de pesca ahorro al por mayor: 30% de descuento en m\u00e1s de 300 unidades<br \/>\n\u2714 7 d\u00edas de prototipos con pruebas de peso (50 kg de capacidad)<br \/>\n\u2714 Portal de proveedores de bolsas de pesca: Pruebas de durabilidad en vivo<br \/>\n\u2714 35 d\u00edas de producci\u00f3n para los programas de mayoristas de bolsas de pesca<\/p>\n<p class=\"ds-markdown-paragraph\">Su principal proveedor de bolsas de pesca para soluciones de mochilas de pesca grandes y duraderas, desde el taller hasta las v\u00edas fluviales.<\/p>\n<p class=\"ds-markdown-paragraph\">Reclame un organizador de aparejos gratis<\/p>\n<\/div>\n<\/div>\n<\/div>\n<\/div>","protected":false},"excerpt":{"rendered":"<h2 class=\"this-description-name\">Mochila de pesca grande y resistente<\/h2>\n<div class=\"sliderTable mt10 mb10 sliderTable-index0\">\n<div class=\"inner\">\n<div>1. Duradera y resistente al agua - La bolsa de aparejos de pesca est\u00e1 hecha de poli\u00e9ster 1000D resistente al agua con cremalleras y hebillas de alta resistencia, por lo que es ideal para un uso rudo. El bolsillo interior con cremallera transparente bajo la tapa mantiene sus licencias y otros objetos de valor visibles y seguros. La funda impermeable guardada en el bolsillo trasero se puede utilizar bajo la lluvia para mantener tus cosas secas.<\/div>\n<div><\/div>\n<div>\n<p>2. Gran capacidad - La bolsa de aparejos tiene una gran capacidad. El gran compartimento principal con un divisor extra\u00edble convierte la mochila para el almacenamiento de art\u00edculos m\u00e1s grandes. Dos bolsillos frontales con cremallera, cuatro bolsillos laterales con cremallera, dos bolsillos de malla, y una ri\u00f1onera proporcionan transporte adicional y un mont\u00f3n de almacenamiento adicional para los accesorios.<\/p>\n<\/div>\n<div>\n<p>3. Dise\u00f1o c\u00f3modo y ergon\u00f3mico: el panel posterior acolchado y transpirable y las correas ergon\u00f3micas para los hombros proporcionan una mayor comodidad de transporte. La ri\u00f1onera puede guardarse en el panel trasero y utilizarse como cintur\u00f3n con mayor comodidad. Las tiras reflectantes de la parte delantera te mantienen seguro por la noche.<\/p>\n<\/div>\n<div>4. Base antiara\u00f1azos: las resistentes almohadillas de la base protegen la mochila de ara\u00f1azos en terrenos rocosos o h\u00famedos.<\/div>\n<\/div>\n<\/div>","protected":false},"featured_media":5179,"template":"","meta":{"_uag_custom_page_level_css":""},"product_brand":[],"product_cat":[46,60],"product_tag":[],"class_list":{"0":"post-5177","1":"product","2":"type-product","3":"status-publish","4":"has-post-thumbnail","6":"product_cat-fishing-bag","7":"product_cat-backpack","9":"first","10":"instock","11":"shipping-taxable","12":"product-type-simple"},"uagb_featured_image_src":{"full":["https:\/\/pecbag.com\/wp-content\/uploads\/2025\/07\/Large-Durable-Fishing-Tackle-Backpack-3.jpg",500,500,false],"thumbnail":["https:\/\/pecbag.com\/wp-content\/uploads\/2025\/07\/Large-Durable-Fishing-Tackle-Backpack-3-150x150.jpg",150,150,true],"medium":["https:\/\/pecbag.com\/wp-content\/uploads\/2025\/07\/Large-Durable-Fishing-Tackle-Backpack-3-300x300.jpg",300,300,true],"medium_large":["https:\/\/pecbag.com\/wp-content\/uploads\/2025\/07\/Large-Durable-Fishing-Tackle-Backpack-3.jpg",500,500,false],"large":["https:\/\/pecbag.com\/wp-content\/uploads\/2025\/07\/Large-Durable-Fishing-Tackle-Backpack-3.jpg",500,500,false],"1536x1536":["https:\/\/pecbag.com\/wp-content\/uploads\/2025\/07\/Large-Durable-Fishing-Tackle-Backpack-3.jpg",500,500,false],"2048x2048":["https:\/\/pecbag.com\/wp-content\/uploads\/2025\/07\/Large-Durable-Fishing-Tackle-Backpack-3.jpg",500,500,false],"trp-custom-language-flag":["https:\/\/pecbag.com\/wp-content\/uploads\/2025\/07\/Large-Durable-Fishing-Tackle-Backpack-3-12x12.jpg",12,12,true],"woocommerce_thumbnail":["https:\/\/pecbag.com\/wp-content\/uploads\/2025\/07\/Large-Durable-Fishing-Tackle-Backpack-3-300x300.jpg",300,300,true],"woocommerce_single":["https:\/\/pecbag.com\/wp-content\/uploads\/2025\/07\/Large-Durable-Fishing-Tackle-Backpack-3.jpg",500,500,false],"woocommerce_gallery_thumbnail":["https:\/\/pecbag.com\/wp-content\/uploads\/2025\/07\/Large-Durable-Fishing-Tackle-Backpack-3-100x100.jpg",100,100,true]},"uagb_author_info":{"display_name":"Lawrence","author_link":"https:\/\/pecbag.com\/es\/author\/"},"uagb_comment_info":0,"uagb_excerpt":"Large Durable Fishing Tackle Backpack 1. Durable &amp; Water Resistance - The fishing tackle bag is made of waterproof, strong 1000D polyester with heavy-duty zippers and buckles, making it ideal for rough use. Clear zippered interior pocket under the lid keeps your licenses and other valuables visible and secure. The rain cover stored in the&hellip;","_links":{"self":[{"href":"https:\/\/pecbag.com\/es\/wp-json\/wp\/v2\/product\/5177","targetHints":{"allow":["GET"]}}],"collection":[{"href":"https:\/\/pecbag.com\/es\/wp-json\/wp\/v2\/product"}],"about":[{"href":"https:\/\/pecbag.com\/es\/wp-json\/wp\/v2\/types\/product"}],"wp:featuredmedia":[{"embeddable":true,"href":"https:\/\/pecbag.com\/es\/wp-json\/wp\/v2\/media\/5179"}],"wp:attachment":[{"href":"https:\/\/pecbag.com\/es\/wp-json\/wp\/v2\/media?parent=5177"}],"wp:term":[{"taxonomy":"product_brand","embeddable":true,"href":"https:\/\/pecbag.com\/es\/wp-json\/wp\/v2\/product_brand?post=5177"},{"taxonomy":"product_cat","embeddable":true,"href":"https:\/\/pecbag.com\/es\/wp-json\/wp\/v2\/product_cat?post=5177"},{"taxonomy":"product_tag","embeddable":true,"href":"https:\/\/pecbag.com\/es\/wp-json\/wp\/v2\/product_tag?post=5177"}],"curies":[{"name":"wp","href":"https:\/\/api.w.org\/{rel}","templated":true}]}}