{"id":1410,"date":"2025-04-11T08:35:19","date_gmt":"2025-04-11T08:35:19","guid":{"rendered":"https:\/\/pecbag.com\/?post_type=product&#038;p=1410"},"modified":"2025-11-29T02:12:07","modified_gmt":"2025-11-29T02:12:07","slug":"backpack-manufacturers-in-china","status":"publish","type":"product","link":"https:\/\/pecbag.com\/fi\/backpack-manufacturers-in-china\/","title":{"rendered":"Reppujen valmistajat Kiinassa"},"content":{"rendered":"<h2 title=\"Kokoontaitettava koira laukku hengitt\u00e4v\u00e4 mesh lemmikkiel\u00e4inten olkalaukku pienille lemmikkiel\u00e4inten koirille kissoille\" data-immersive-translate-walked=\"1c928421-2e42-4cd3-8754-5404553c0af5\" data-immersive-translate-paragraph=\"1\" data-spm-anchor-id=\"a2700.details.0.i35.4f6757d4w4zNZA\">Top Tukku reppu valmistajat Kiinassa | Factory Direct hinnat &amp; Custom Solutions<\/h2>\n<div class=\"flex flex-grow flex-col max-w-full\">\n<div class=\"min-h-[20px] text-message flex w-full flex-col items-end gap-2 whitespace-pre-wrap break-words [.text-message+&amp;]:mt-5 overflow-x-auto\" dir=\"auto\" data-message-author-role=\"assistant\" data-message-id=\"3d7d46f6-7ec2-4222-9257-48fa0bba23c6\" data-suggestions=\"true\">\n<div class=\"flex w-full flex-col gap-1 empty:hidden first:pt-[3px]\">\n<div class=\"markdown prose w-full break-words dark:prose-invert light\">\n<p>Etsit\u00e4\u00e4n luotettavaa <strong>reppu valmistajat Kiinassa<\/strong>? Olemme sertifioitu tehdas, joka tarjoaa tukkuhintoja, OEM\/ODM-palveluja ja nopeaa maailmanlaajuista toimitusta. R\u00e4\u00e4t\u00e4l\u00f6i kest\u00e4v\u00e4t reput kouluihin, matkustamiseen tai br\u00e4nd\u00e4ykseen alhaisilla MOQ-arvoilla. Pyyd\u00e4 ilmainen tarjous jo t\u00e4n\u00e4\u00e4n!<\/p>\n<table width=\"288\">\n<tbody>\n<tr>\n<td width=\"137\"><span style=\"color: #333333;\">Tuotteiden nimi<\/span><\/td>\n<td width=\"151\"><span style=\"color: #333333;\">Reppu<\/span><\/td>\n<\/tr>\n<tr>\n<td><span style=\"color: #333333;\">Tuotenro.<\/span><\/td>\n<td><span style=\"color: #333333;\">PB-2002<\/span><\/td>\n<\/tr>\n<tr>\n<td><span style=\"color: #333333;\">Materiaali<\/span><\/td>\n<td><span style=\"color: #333333;\">Puuvilla, polyesteri, fleece<\/span><\/td>\n<\/tr>\n<tr>\n<td><span style=\"color: #333333;\">\u00a0Koko ja v\u00e4ri<\/span><\/td>\n<td><span style=\"color: #333333;\">R\u00e4\u00e4t\u00e4l\u00f6ity<\/span><\/td>\n<\/tr>\n<tr>\n<td><span style=\"color: #333333;\">\u00a0Toimitusaika<\/span><\/td>\n<td><span style=\"color: #333333;\">1-5 p\u00e4iv\u00e4\u00e4 pienille m\u00e4\u00e4rille lentoteitse ja 30-35 p\u00e4iv\u00e4\u00e4 suurille m\u00e4\u00e4rille meritse.<\/span><\/td>\n<\/tr>\n<\/tbody>\n<\/table>\n<p>Johtavana <strong>reppu valmistaja Kiinassa<\/strong>yhdist\u00e4mme kehittyneen tehdastuotannon joustaviin tukkuratkaisuihin. Tarvitsitpa sitten 500 tai 50 000 kappaletta, ISO-sertifioitu laitoksemme tuottaa:<br \/>\n\u2705 <strong>Mukautetut mallit<\/strong> - Kannettavasta repusta ymp\u00e4rist\u00f6yst\u00e4v\u00e4lliseen tyyliin<br \/>\n\u2705 <strong>Kilpailukykyinen hinnoittelu<\/strong> - Tukkuhinnat ilman v\u00e4litt\u00e4j\u00e4n lis\u00e4hintaa<br \/>\n\u2705 <strong>Nopea l\u00e4pimenoaika<\/strong> - 30 p\u00e4iv\u00e4n tuotanto + ovensuukuljetus EU:hun\/USA:han.<\/p>\n<p><strong>Miksi maailmanlaajuiset br\u00e4ndit luottavat meihin:<\/strong><\/p>\n<ul>\n<li><strong>15+ vuoden asiantuntemus<\/strong>: Erikoistunut varkaudenestoon, vedenpit\u00e4viin ja ergonomisiin reppuihin.<\/li>\n<li><strong>Laadunvarmistus<\/strong>: 3-vaiheiset tarkastukset &amp; 2 vuoden takuu vakiona<\/li>\n<li><strong>Kest\u00e4v\u00e4 kehitys<\/strong>: Kierr\u00e4tetty polyesteri ja aurinkoenergialla toimiva tehdas.<\/li>\n<\/ul>\n<p>Pyyd\u00e4 ilmaisia n\u00e4ytteit\u00e4 tai lataa logosi prototyyppi\u00e4 varten - <strong>alhaiset MOQ:t alkavat 100 kpl:sta<\/strong>.<\/p>\n<\/div>\n<\/div>\n<\/div>\n<\/div>","protected":false},"excerpt":{"rendered":"<h2 data-immersive-translate-walked=\"344be1c1-5052-41eb-8fcd-0dbe236a0d6b\" data-immersive-translate-paragraph=\"1\">Reppujen valmistajat Kiinassa<\/h2>\n<p>Tarjoamme palkkio laukku t\u00e4yden koon ja v\u00e4rin r\u00e4\u00e4t\u00e4l\u00f6inti, kest\u00e4v\u00e4 kankaat, ja sertifioitu laatu.<\/p>\n<p>Nauti joustavista MOQ-arvoista, nopeasta maailmanlaajuisesta toimituksesta ja private label -ratkaisuista.<\/p>\n<p>Ota yhteytt\u00e4 jo t\u00e4n\u00e4\u00e4n!<\/p>","protected":false},"featured_media":1449,"template":"","meta":{"_uag_custom_page_level_css":""},"product_brand":[],"product_cat":[60],"product_tag":[],"class_list":{"0":"post-1410","1":"product","2":"type-product","3":"status-publish","4":"has-post-thumbnail","6":"product_cat-backpack","8":"first","9":"instock","10":"shipping-taxable","11":"product-type-simple"},"uagb_featured_image_src":{"full":["https:\/\/pecbag.com\/wp-content\/uploads\/2025\/04\/Backpack-Manufacturers-in-China-3.png",684,720,false],"thumbnail":["https:\/\/pecbag.com\/wp-content\/uploads\/2025\/04\/Backpack-Manufacturers-in-China-3-150x150.png",150,150,true],"medium":["https:\/\/pecbag.com\/wp-content\/uploads\/2025\/04\/Backpack-Manufacturers-in-China-3-285x300.png",285,300,true],"medium_large":["https:\/\/pecbag.com\/wp-content\/uploads\/2025\/04\/Backpack-Manufacturers-in-China-3.png",684,720,false],"large":["https:\/\/pecbag.com\/wp-content\/uploads\/2025\/04\/Backpack-Manufacturers-in-China-3.png",684,720,false],"1536x1536":["https:\/\/pecbag.com\/wp-content\/uploads\/2025\/04\/Backpack-Manufacturers-in-China-3.png",684,720,false],"2048x2048":["https:\/\/pecbag.com\/wp-content\/uploads\/2025\/04\/Backpack-Manufacturers-in-China-3.png",684,720,false],"trp-custom-language-flag":["https:\/\/pecbag.com\/wp-content\/uploads\/2025\/04\/Backpack-Manufacturers-in-China-3.png",11,12,false],"woocommerce_thumbnail":["https:\/\/pecbag.com\/wp-content\/uploads\/2025\/04\/Backpack-Manufacturers-in-China-3-300x300.png",300,300,true],"woocommerce_single":["https:\/\/pecbag.com\/wp-content\/uploads\/2025\/04\/Backpack-Manufacturers-in-China-3-600x632.png",600,632,true],"woocommerce_gallery_thumbnail":["https:\/\/pecbag.com\/wp-content\/uploads\/2025\/04\/Backpack-Manufacturers-in-China-3-100x100.png",100,100,true]},"uagb_author_info":{"display_name":"Lawrence","author_link":"https:\/\/pecbag.com\/fi\/author\/"},"uagb_comment_info":0,"uagb_excerpt":"Backpack Manufacturers in China We provide premium bag with full-size and color customization, durable fabrics, and certified quality. Enjoy flexible MOQs, fast global shipping, and private label solutions. Contact us today!","_links":{"self":[{"href":"https:\/\/pecbag.com\/fi\/wp-json\/wp\/v2\/product\/1410","targetHints":{"allow":["GET"]}}],"collection":[{"href":"https:\/\/pecbag.com\/fi\/wp-json\/wp\/v2\/product"}],"about":[{"href":"https:\/\/pecbag.com\/fi\/wp-json\/wp\/v2\/types\/product"}],"wp:featuredmedia":[{"embeddable":true,"href":"https:\/\/pecbag.com\/fi\/wp-json\/wp\/v2\/media\/1449"}],"wp:attachment":[{"href":"https:\/\/pecbag.com\/fi\/wp-json\/wp\/v2\/media?parent=1410"}],"wp:term":[{"taxonomy":"product_brand","embeddable":true,"href":"https:\/\/pecbag.com\/fi\/wp-json\/wp\/v2\/product_brand?post=1410"},{"taxonomy":"product_cat","embeddable":true,"href":"https:\/\/pecbag.com\/fi\/wp-json\/wp\/v2\/product_cat?post=1410"},{"taxonomy":"product_tag","embeddable":true,"href":"https:\/\/pecbag.com\/fi\/wp-json\/wp\/v2\/product_tag?post=1410"}],"curies":[{"name":"wp","href":"https:\/\/api.w.org\/{rel}","templated":true}]}}