{"id":1450,"date":"2025-04-11T09:37:46","date_gmt":"2025-04-11T09:37:46","guid":{"rendered":"https:\/\/pecbag.com\/?post_type=product&#038;p=1450"},"modified":"2025-11-29T02:11:46","modified_gmt":"2025-11-29T02:11:46","slug":"china-chest-bag-manufacturers","status":"publish","type":"product","link":"https:\/\/pecbag.com\/fi\/china-chest-bag-manufacturers\/","title":{"rendered":"Kiina rinta laukku valmistajat"},"content":{"rendered":"<h2 title=\"Kokoontaitettava koira laukku hengitt\u00e4v\u00e4 mesh lemmikkiel\u00e4inten olkalaukku pienille lemmikkiel\u00e4inten koirille kissoille\" data-immersive-translate-walked=\"1c928421-2e42-4cd3-8754-5404553c0af5\" data-immersive-translate-paragraph=\"1\" data-spm-anchor-id=\"a2700.details.0.i35.4f6757d4w4zNZA\">Top Tukku Kiina rinta laukku valmistajat | Factory Direct &amp; Custom Designs<\/h2>\n<div class=\"flex flex-grow flex-col max-w-full\">\n<div class=\"min-h-[20px] text-message flex w-full flex-col items-end gap-2 whitespace-pre-wrap break-words [.text-message+&amp;]:mt-5 overflow-x-auto\" dir=\"auto\" data-message-author-role=\"assistant\" data-message-id=\"3d7d46f6-7ec2-4222-9257-48fa0bba23c6\" data-suggestions=\"true\">\n<div class=\"flex w-full flex-col gap-1 empty:hidden first:pt-[3px]\">\n<div class=\"markdown prose w-full break-words dark:prose-invert light\">\n<p>Tarvitaan kest\u00e4v\u00e4 <strong>rintalaukku valmistajat Kiinassa<\/strong>? Tarjoamme tukkuhintoja, MOQ 300 kpl ja mukautettuja taktisia \/ sotilaallisia malleja - vedenpit\u00e4vi\u00e4, RFID-turvallisia ja nopeita toimituksia. Hanki ilmaisia n\u00e4ytteit\u00e4 nyt!<\/p>\n<table width=\"288\">\n<tbody>\n<tr>\n<td width=\"137\"><span style=\"color: #333333;\">Tuotteiden nimi<\/span><\/td>\n<td width=\"151\"><span style=\"color: #333333;\">Rintalaukku<\/span><\/td>\n<\/tr>\n<tr>\n<td><span style=\"color: #333333;\">Tuotenro.<\/span><\/td>\n<td><span style=\"color: #333333;\">P-B2004<\/span><\/td>\n<\/tr>\n<tr>\n<td><span style=\"color: #333333;\">Materiaali<\/span><\/td>\n<td>Polyesteri<\/td>\n<\/tr>\n<tr>\n<td><span style=\"color: #333333;\">\u00a0Koko ja v\u00e4ri<\/span><\/td>\n<td>13 x 4 x 18 cm<\/td>\n<\/tr>\n<tr>\n<td><span style=\"color: #333333;\">\u00a0Toimitusaika<\/span><\/td>\n<td><span style=\"color: #333333;\">1-5 p\u00e4iv\u00e4\u00e4 pienille m\u00e4\u00e4rille lentoteitse ja 30-35 p\u00e4iv\u00e4\u00e4 suurille m\u00e4\u00e4rille meritse.<\/span><\/td>\n<\/tr>\n<\/tbody>\n<\/table>\n<p>Kuten luotettu <strong>Kiina rinnassa laukku valmistajat<\/strong>, valmistamme raskaita taktisia rintalaukkuja, ristikk\u00e4isi\u00e4 laukkuja ja ulkoiluv\u00e4lineit\u00e4 armeijan toimittajille, festivaalien j\u00e4rjest\u00e4jille ja matkamerkkej\u00e4. Tehtaamme toimittaa:<br \/>\n\u2705 <strong>Tukkukaupan joustavuus<\/strong>: Tilaukset alkaen 300kpl irtotavarana alennukset<br \/>\n\u2705 <strong>\u00c4lyk\u00e4s r\u00e4\u00e4t\u00e4l\u00f6inti<\/strong>: Lis\u00e4\u00e4 MOLLE-hihnoja, RFID-taskuja tai tuotemerkin logoja.<br \/>\n\u2705 <strong>All-Weather Builds<\/strong>: 1000D Cordura\u00ae + YKK vetoketjut + hengitt\u00e4v\u00e4t hihnat.<\/p>\n<p><strong>Miksi maailmanlaajuiset ostajat valitsevat meid\u00e4t:<\/strong><\/p>\n<ul>\n<li><strong>10 p\u00e4iv\u00e4n n\u00e4ytteenotto<\/strong>: Hanki fyysisi\u00e4 prototyyppej\u00e4 ennen massatuotantoa<\/li>\n<li><strong>Sertifioitu laatu<\/strong>: ISO 9001, OEKO-TEX\u00ae sertifioidut kankaat.<\/li>\n<li><strong>Nopea logistiikka<\/strong>: DHL\/UPS ovelta ovelle -kuljetus 50+ maahan.<\/li>\n<\/ul>\n<p><strong>T\u00e4ydellinen:<\/strong><\/p>\n<ul>\n<li>Vartiointiyritykset * Ulkona toimivat v\u00e4hitt\u00e4iskauppiaat * Tapahtumatarvikkeet<\/li>\n<\/ul>\n<p><strong>Aloita projektisi jo t\u00e4n\u00e4\u00e4n:<\/strong><br \/>\n\ud83c\udf92 Ilmaiset 3D-mallinnuskuvat<br \/>\n\ud83c\udf92 Vedenpit\u00e4v\u00e4 ja repim\u00e4t\u00f6n takuu<br \/>\n\ud83c\udf92 15 p\u00e4iv\u00e4n tuotantoaika<\/p>\n<\/div>\n<\/div>\n<\/div>\n<\/div>","protected":false},"excerpt":{"rendered":"<h2 data-immersive-translate-walked=\"344be1c1-5052-41eb-8fcd-0dbe236a0d6b\" data-immersive-translate-paragraph=\"1\">Kiina rinta laukku valmistajat<\/h2>\n<p>Tarjoamme palkkio laukku t\u00e4yden koon ja v\u00e4rin r\u00e4\u00e4t\u00e4l\u00f6inti, kest\u00e4v\u00e4 kankaat, ja sertifioitu laatu.<\/p>\n<p>Nauti joustavista MOQ-arvoista, nopeasta maailmanlaajuisesta toimituksesta ja private label -ratkaisuista.<\/p>\n<p>Ota yhteytt\u00e4 jo t\u00e4n\u00e4\u00e4n!<\/p>","protected":false},"featured_media":1454,"template":"","meta":{"_uag_custom_page_level_css":""},"product_brand":[],"product_cat":[61],"product_tag":[],"class_list":{"0":"post-1450","1":"product","2":"type-product","3":"status-publish","4":"has-post-thumbnail","6":"product_cat-chest-bag","8":"first","9":"instock","10":"shipping-taxable","11":"product-type-simple"},"uagb_featured_image_src":{"full":["https:\/\/pecbag.com\/wp-content\/uploads\/2025\/04\/CHINAC3.jpg",1487,1500,false],"thumbnail":["https:\/\/pecbag.com\/wp-content\/uploads\/2025\/04\/CHINAC3-150x150.jpg",150,150,true],"medium":["https:\/\/pecbag.com\/wp-content\/uploads\/2025\/04\/CHINAC3-297x300.jpg",297,300,true],"medium_large":["https:\/\/pecbag.com\/wp-content\/uploads\/2025\/04\/CHINAC3-768x775.jpg",768,775,true],"large":["https:\/\/pecbag.com\/wp-content\/uploads\/2025\/04\/CHINAC3-1015x1024.jpg",800,807,true],"1536x1536":["https:\/\/pecbag.com\/wp-content\/uploads\/2025\/04\/CHINAC3.jpg",1487,1500,false],"2048x2048":["https:\/\/pecbag.com\/wp-content\/uploads\/2025\/04\/CHINAC3.jpg",1487,1500,false],"trp-custom-language-flag":["https:\/\/pecbag.com\/wp-content\/uploads\/2025\/04\/CHINAC3.jpg",12,12,false],"woocommerce_thumbnail":["https:\/\/pecbag.com\/wp-content\/uploads\/2025\/04\/CHINAC3-300x300.jpg",300,300,true],"woocommerce_single":["https:\/\/pecbag.com\/wp-content\/uploads\/2025\/04\/CHINAC3-600x605.jpg",600,605,true],"woocommerce_gallery_thumbnail":["https:\/\/pecbag.com\/wp-content\/uploads\/2025\/04\/CHINAC3-100x100.jpg",100,100,true]},"uagb_author_info":{"display_name":"Lawrence","author_link":"https:\/\/pecbag.com\/fi\/author\/"},"uagb_comment_info":0,"uagb_excerpt":"China Chest Bag Manufacturers We provide premium bag with full-size and color customization, durable fabrics, and certified quality. Enjoy flexible MOQs, fast global shipping, and private label solutions. Contact us today!","_links":{"self":[{"href":"https:\/\/pecbag.com\/fi\/wp-json\/wp\/v2\/product\/1450","targetHints":{"allow":["GET"]}}],"collection":[{"href":"https:\/\/pecbag.com\/fi\/wp-json\/wp\/v2\/product"}],"about":[{"href":"https:\/\/pecbag.com\/fi\/wp-json\/wp\/v2\/types\/product"}],"wp:featuredmedia":[{"embeddable":true,"href":"https:\/\/pecbag.com\/fi\/wp-json\/wp\/v2\/media\/1454"}],"wp:attachment":[{"href":"https:\/\/pecbag.com\/fi\/wp-json\/wp\/v2\/media?parent=1450"}],"wp:term":[{"taxonomy":"product_brand","embeddable":true,"href":"https:\/\/pecbag.com\/fi\/wp-json\/wp\/v2\/product_brand?post=1450"},{"taxonomy":"product_cat","embeddable":true,"href":"https:\/\/pecbag.com\/fi\/wp-json\/wp\/v2\/product_cat?post=1450"},{"taxonomy":"product_tag","embeddable":true,"href":"https:\/\/pecbag.com\/fi\/wp-json\/wp\/v2\/product_tag?post=1450"}],"curies":[{"name":"wp","href":"https:\/\/api.w.org\/{rel}","templated":true}]}}