{"id":1456,"date":"2025-04-11T09:43:30","date_gmt":"2025-04-11T09:43:30","guid":{"rendered":"https:\/\/pecbag.com\/?post_type=product&#038;p=1456"},"modified":"2025-11-29T02:11:44","modified_gmt":"2025-11-29T02:11:44","slug":"waterproof-cooler-bag-manufacturer","status":"publish","type":"product","link":"https:\/\/pecbag.com\/fi\/waterproof-cooler-bag-manufacturer\/","title":{"rendered":"Vedenpit\u00e4v\u00e4 j\u00e4\u00e4hdytin laukku valmistaja"},"content":{"rendered":"<h2 title=\"Kokoontaitettava koira laukku hengitt\u00e4v\u00e4 mesh lemmikkiel\u00e4inten olkalaukku pienille lemmikkiel\u00e4inten koirille kissoille\" data-immersive-translate-walked=\"1c928421-2e42-4cd3-8754-5404553c0af5\" data-immersive-translate-paragraph=\"1\" data-spm-anchor-id=\"a2700.details.0.i35.4f6757d4w4zNZA\">Top Tukku vedenpit\u00e4v\u00e4 j\u00e4\u00e4hdytin laukku valmistaja | Factory Direct &amp; Custom ratkaisut<\/h2>\n<div class=\"flex flex-grow flex-col max-w-full\">\n<div class=\"min-h-[20px] text-message flex w-full flex-col items-end gap-2 whitespace-pre-wrap break-words [.text-message+&amp;]:mt-5 overflow-x-auto\" dir=\"auto\" data-message-author-role=\"assistant\" data-message-id=\"3d7d46f6-7ec2-4222-9257-48fa0bba23c6\" data-suggestions=\"true\">\n<div class=\"flex w-full flex-col gap-1 empty:hidden first:pt-[3px]\">\n<div class=\"markdown prose w-full break-words dark:prose-invert light\">\n<p>Etsitk\u00f6 luotettavaa <strong>vedenpit\u00e4v\u00e4 j\u00e4\u00e4hdytin laukku valmistaja<\/strong>? Tarjoamme tukkuhinnat, tiiviit mallit ja 24+ tunnin j\u00e4\u00e4npidon. FDA-hyv\u00e4ksytyt materiaalit &amp; irtotavarana alennukset. Pyyd\u00e4 ilmaisia n\u00e4ytteit\u00e4 jo t\u00e4n\u00e4\u00e4n!<\/p>\n<table width=\"288\">\n<tbody>\n<tr>\n<td width=\"137\"><span style=\"color: #333333;\">Tuotteiden nimi<\/span><\/td>\n<td width=\"151\"><span style=\"color: #333333;\">J\u00e4\u00e4hdytyslaukku<\/span><\/td>\n<\/tr>\n<tr>\n<td><span style=\"color: #333333;\">Tuotenro.<\/span><\/td>\n<td><span style=\"color: #333333;\">PB-2007<\/span><\/td>\n<\/tr>\n<tr>\n<td><span style=\"color: #333333;\">Materiaali<\/span><\/td>\n<td>600D polyesteri<\/td>\n<\/tr>\n<tr>\n<td><span style=\"color: #333333;\">Koko<\/span><\/td>\n<td>16.5\" x 11\" x 6.3<\/td>\n<\/tr>\n<tr>\n<td><span style=\"color: #333333;\">\u00a0Toimitusaika<\/span><\/td>\n<td><span style=\"color: #333333;\">1-5 p\u00e4iv\u00e4\u00e4 pienille m\u00e4\u00e4rille lentoteitse ja 30-35 p\u00e4iv\u00e4\u00e4 suurille m\u00e4\u00e4rille meritse.<\/span><\/td>\n<\/tr>\n<\/tbody>\n<\/table>\n<p>Johtavana <strong>vedenpit\u00e4v\u00e4 j\u00e4\u00e4hdytin laukku valmistaja Kiinassa<\/strong>, valmistamme raskaita eristettyj\u00e4 laukkuja kalastusmatkoille, rantalomakohteisiin ja l\u00e4\u00e4ketieteelliseen logistiikkaan. Tehtaamme toimittaa:<br \/>\n\u2705 <strong>Tukkukauppa valmis<\/strong>: MOQ 500kpl irtotavarana hinnoittelu<br \/>\n\u2705 <strong>\u00c4lyk\u00e4s r\u00e4\u00e4t\u00e4l\u00f6inti<\/strong>: Lis\u00e4\u00e4 logoja, v\u00e4lilevyj\u00e4 tai lis\u00e4eristyst\u00e4.<br \/>\n\u2705 <strong>Todistettu suorituskyky<\/strong>: Vedenpit\u00e4v\u00e4 TPU-vuori + 48 tunnin j\u00e4\u00e4hdytys.<\/p>\n<p><strong>Miksi maailmanlaajuiset br\u00e4ndit luottavat meihin:<\/strong><\/p>\n<ul>\n<li><strong>FDA\/EU-sertifioitu<\/strong>: Elintarvikelaatuiset materiaalit &amp; myrkytt\u00f6m\u00e4t vetoketjut.<\/li>\n<li><strong>Nopea l\u00e4pimenoaika<\/strong>: 15 p\u00e4iv\u00e4n tuotanto + maailmanlaajuinen toimitus<\/li>\n<li><strong>Ymp\u00e4rist\u00f6yst\u00e4v\u00e4llinen reuna<\/strong>: Kierr\u00e4tyskankaat &amp; aurinkoenergialla toimiva tehdas<\/li>\n<\/ul>\n<p><strong>T\u00e4ydellinen:<\/strong><\/p>\n<ul>\n<li>Aterioiden jakelun aloittavat yritykset * L\u00e4\u00e4kekuljetukset * Ulkona toimivat v\u00e4hitt\u00e4ismyyj\u00e4t<\/li>\n<\/ul>\n<p><strong>Mukauta kylm\u00e4laukkusi:<\/strong><br \/>\n\ud83e\uddca Ilmaiset 3D-mallinnuskuvat<br \/>\n\ud83e\uddca Vuototakuu ja 2 vuoden takuu<br \/>\n\ud83e\uddca Alennukset yli 2 000 yksik\u00f6st\u00e4<\/p>\n<\/div>\n<\/div>\n<\/div>\n<\/div>","protected":false},"excerpt":{"rendered":"<h2 data-immersive-translate-walked=\"344be1c1-5052-41eb-8fcd-0dbe236a0d6b\" data-immersive-translate-paragraph=\"1\">Vedenpit\u00e4v\u00e4 j\u00e4\u00e4hdytin laukku valmistaja<\/h2>\n<p>Tarjoamme palkkio laukku t\u00e4yden koon ja v\u00e4rin r\u00e4\u00e4t\u00e4l\u00f6inti, kest\u00e4v\u00e4 kankaat, ja sertifioitu laatu.<\/p>\n<p>Nauti joustavista MOQ-arvoista, nopeasta maailmanlaajuisesta toimituksesta ja private label -ratkaisuista.<\/p>\n<p>Ota yhteytt\u00e4 jo t\u00e4n\u00e4\u00e4n!<\/p>","protected":false},"featured_media":1461,"template":"","meta":{"_uag_custom_page_level_css":""},"product_brand":[],"product_cat":[50],"product_tag":[],"class_list":{"0":"post-1456","1":"product","2":"type-product","3":"status-publish","4":"has-post-thumbnail","6":"product_cat-cooler-bag","8":"first","9":"instock","10":"shipping-taxable","11":"product-type-simple"},"uagb_featured_image_src":{"full":["https:\/\/pecbag.com\/wp-content\/uploads\/2025\/04\/Waterproof-Cooler-Bag-Manufacturer-6.jpg",960,960,false],"thumbnail":["https:\/\/pecbag.com\/wp-content\/uploads\/2025\/04\/Waterproof-Cooler-Bag-Manufacturer-6-150x150.jpg",150,150,true],"medium":["https:\/\/pecbag.com\/wp-content\/uploads\/2025\/04\/Waterproof-Cooler-Bag-Manufacturer-6-300x300.jpg",300,300,true],"medium_large":["https:\/\/pecbag.com\/wp-content\/uploads\/2025\/04\/Waterproof-Cooler-Bag-Manufacturer-6-768x768.jpg",768,768,true],"large":["https:\/\/pecbag.com\/wp-content\/uploads\/2025\/04\/Waterproof-Cooler-Bag-Manufacturer-6.jpg",800,800,false],"1536x1536":["https:\/\/pecbag.com\/wp-content\/uploads\/2025\/04\/Waterproof-Cooler-Bag-Manufacturer-6.jpg",960,960,false],"2048x2048":["https:\/\/pecbag.com\/wp-content\/uploads\/2025\/04\/Waterproof-Cooler-Bag-Manufacturer-6.jpg",960,960,false],"trp-custom-language-flag":["https:\/\/pecbag.com\/wp-content\/uploads\/2025\/04\/Waterproof-Cooler-Bag-Manufacturer-6.jpg",12,12,false],"woocommerce_thumbnail":["https:\/\/pecbag.com\/wp-content\/uploads\/2025\/04\/Waterproof-Cooler-Bag-Manufacturer-6-300x300.jpg",300,300,true],"woocommerce_single":["https:\/\/pecbag.com\/wp-content\/uploads\/2025\/04\/Waterproof-Cooler-Bag-Manufacturer-6-600x600.jpg",600,600,true],"woocommerce_gallery_thumbnail":["https:\/\/pecbag.com\/wp-content\/uploads\/2025\/04\/Waterproof-Cooler-Bag-Manufacturer-6-100x100.jpg",100,100,true]},"uagb_author_info":{"display_name":"Lawrence","author_link":"https:\/\/pecbag.com\/fi\/author\/"},"uagb_comment_info":0,"uagb_excerpt":"Waterproof Cooler Bag Manufacturer We provide premium bag with full-size and color customization, durable fabrics, and certified quality. Enjoy flexible MOQs, fast global shipping, and private label solutions. Contact us today!","_links":{"self":[{"href":"https:\/\/pecbag.com\/fi\/wp-json\/wp\/v2\/product\/1456","targetHints":{"allow":["GET"]}}],"collection":[{"href":"https:\/\/pecbag.com\/fi\/wp-json\/wp\/v2\/product"}],"about":[{"href":"https:\/\/pecbag.com\/fi\/wp-json\/wp\/v2\/types\/product"}],"wp:featuredmedia":[{"embeddable":true,"href":"https:\/\/pecbag.com\/fi\/wp-json\/wp\/v2\/media\/1461"}],"wp:attachment":[{"href":"https:\/\/pecbag.com\/fi\/wp-json\/wp\/v2\/media?parent=1456"}],"wp:term":[{"taxonomy":"product_brand","embeddable":true,"href":"https:\/\/pecbag.com\/fi\/wp-json\/wp\/v2\/product_brand?post=1456"},{"taxonomy":"product_cat","embeddable":true,"href":"https:\/\/pecbag.com\/fi\/wp-json\/wp\/v2\/product_cat?post=1456"},{"taxonomy":"product_tag","embeddable":true,"href":"https:\/\/pecbag.com\/fi\/wp-json\/wp\/v2\/product_tag?post=1456"}],"curies":[{"name":"wp","href":"https:\/\/api.w.org\/{rel}","templated":true}]}}