{"id":1464,"date":"2025-04-11T09:47:54","date_gmt":"2025-04-11T09:47:54","guid":{"rendered":"https:\/\/pecbag.com\/?post_type=product&#038;p=1464"},"modified":"2025-11-29T02:11:12","modified_gmt":"2025-11-29T02:11:12","slug":"cosmetic-bag-manufacturer","status":"publish","type":"product","link":"https:\/\/pecbag.com\/fi\/cosmetic-bag-manufacturer\/","title":{"rendered":"Kosmeettinen laukku valmistaja"},"content":{"rendered":"<h2 title=\"Kokoontaitettava koira laukku hengitt\u00e4v\u00e4 mesh lemmikkiel\u00e4inten olkalaukku pienille lemmikkiel\u00e4inten koirille kissoille\" data-immersive-translate-walked=\"1c928421-2e42-4cd3-8754-5404553c0af5\" data-immersive-translate-paragraph=\"1\" data-spm-anchor-id=\"a2700.details.0.i35.4f6757d4w4zNZA\">Top tukku kosmetiikkalaukku valmistaja | Custom meikkilaukut Factory Direct<\/h2>\n<div class=\"flex flex-grow flex-col max-w-full\">\n<div class=\"min-h-[20px] text-message flex w-full flex-col items-end gap-2 whitespace-pre-wrap break-words [.text-message+&amp;]:mt-5 overflow-x-auto\" dir=\"auto\" data-message-author-role=\"assistant\" data-message-id=\"3d7d46f6-7ec2-4222-9257-48fa0bba23c6\" data-suggestions=\"true\">\n<div class=\"flex w-full flex-col gap-1 empty:hidden first:pt-[3px]\">\n<div class=\"markdown prose w-full break-words dark:prose-invert light\">\n<p>Tarvitset luotettavan <strong>kosmeettinen laukku valmistaja<\/strong>? Tarjoamme tukkuhinnat, FDA-yhteensopivat mallit ja nopeat MOQ-tilaukset. R\u00e4\u00e4t\u00e4l\u00f6i meikkipussit kauneusbr\u00e4ndeille, hotelleille ja v\u00e4hitt\u00e4iskauppiaille. Hanki ilmaisia n\u00e4ytteit\u00e4!<\/p>\n<table width=\"288\">\n<tbody>\n<tr>\n<td width=\"137\"><span style=\"color: #333333;\">Tuotteiden nimi<\/span><\/td>\n<td width=\"151\"><span style=\"color: #333333;\">Kosmetiikkalaukku<\/span><\/td>\n<\/tr>\n<tr>\n<td><span style=\"color: #333333;\">Tuotenro.<\/span><\/td>\n<td><span style=\"color: #333333;\">PB-2008<\/span><\/td>\n<\/tr>\n<tr>\n<td><span style=\"color: #333333;\">Materiaali<\/span><\/td>\n<td><span style=\"color: #333333;\">Puuvilla, polyesteri, fleece<\/span><\/td>\n<\/tr>\n<tr>\n<td><span style=\"color: #333333;\">\u00a0Koko ja v\u00e4ri<\/span><\/td>\n<td><span style=\"color: #333333;\">R\u00e4\u00e4t\u00e4l\u00f6ity<\/span><\/td>\n<\/tr>\n<tr>\n<td><span style=\"color: #333333;\">\u00a0Toimitusaika<\/span><\/td>\n<td><span style=\"color: #333333;\">1-5 p\u00e4iv\u00e4\u00e4 pienille m\u00e4\u00e4rille lentoteitse ja 30-35 p\u00e4iv\u00e4\u00e4 suurille m\u00e4\u00e4rille meritse.<\/span><\/td>\n<\/tr>\n<\/tbody>\n<\/table>\n<p>Johtavana <strong>kosmetiikkalaukku valmistaja Kiinassa<\/strong>, valmistamme tyylikk\u00e4it\u00e4 ja toimivia meikkipusseja Sephoran myyjille, luksushotelleille ja orgaanisille ihonhoitomerkeille. Tehtaamme on erikoistunut:<br \/>\n\u2705 <strong>Tukkukaupan joustavuus<\/strong>: MOQ alkaa 300kpl<br \/>\n\u2705 <strong>\u00c4lyk\u00e4s r\u00e4\u00e4t\u00e4l\u00f6inti<\/strong>: Lis\u00e4\u00e4 logoja, vegaaninahkaa tai RFID-taskuja.<br \/>\n\u2705 <strong>Premium-materiaalit<\/strong>: Vedenpit\u00e4v\u00e4t vuorit, YKK-vetoketjut, OEKO-TEX\u00ae-sertifioidut kankaat.<\/p>\n<p><strong>Miksi globaalit kauneusalan br\u00e4ndit valitsevat meid\u00e4t:<\/strong><\/p>\n<ul>\n<li><strong>15 p\u00e4iv\u00e4n n\u00e4ytteenotto<\/strong>: Hanki fyysisi\u00e4 prototyyppej\u00e4 tuotemerkill\u00e4si<\/li>\n<li><strong>Sertifioitu turvallinen<\/strong>: FDA\/EU:n mukainen + 6-vaiheinen laadunvalvonta<\/li>\n<li><strong>Ymp\u00e4rist\u00f6tietoinen<\/strong>: Kierr\u00e4tetty polyesteri ja biohajoava pakkaus.<\/li>\n<\/ul>\n<p><strong>T\u00e4ydellinen:<\/strong><\/p>\n<ul>\n<li>Meikkilaatikot * Kylpyl\u00e4lahjapakkaukset * Apteekkien matkapakkaukset<\/li>\n<\/ul>\n<p><strong>Aloita projektisi jo t\u00e4n\u00e4\u00e4n:<\/strong><br \/>\n\ud83d\udc84 Ilmaiset 3D-mallinnuskuvat<br \/>\n\ud83d\udc84 Vedenkest\u00e4v\u00e4 ja naarmuuntumaton takuu<br \/>\n\ud83d\udc84 20 p\u00e4iv\u00e4n tuotanto DHL-toimituksella<\/p>\n<\/div>\n<\/div>\n<\/div>\n<\/div>","protected":false},"excerpt":{"rendered":"<h2 data-immersive-translate-walked=\"344be1c1-5052-41eb-8fcd-0dbe236a0d6b\" data-immersive-translate-paragraph=\"1\">Kosmeettinen laukku valmistaja<\/h2>\n<p>Tarjoamme palkkio laukku t\u00e4yden koon ja v\u00e4rin r\u00e4\u00e4t\u00e4l\u00f6inti, kest\u00e4v\u00e4 kankaat, ja sertifioitu laatu.<\/p>\n<p>Nauti joustavista MOQ-arvoista, nopeasta maailmanlaajuisesta toimituksesta ja private label -ratkaisuista.<\/p>\n<p>Ota yhteytt\u00e4 jo t\u00e4n\u00e4\u00e4n!<\/p>","protected":false},"featured_media":1467,"template":"","meta":{"_uag_custom_page_level_css":""},"product_brand":[],"product_cat":[53],"product_tag":[],"class_list":{"0":"post-1464","1":"product","2":"type-product","3":"status-publish","4":"has-post-thumbnail","6":"product_cat-makeup-bag","8":"first","9":"instock","10":"shipping-taxable","11":"product-type-simple"},"uagb_featured_image_src":{"full":["https:\/\/pecbag.com\/wp-content\/uploads\/2025\/04\/Cosmetic-Bag-Manufacturer-1.jpg",600,600,false],"thumbnail":["https:\/\/pecbag.com\/wp-content\/uploads\/2025\/04\/Cosmetic-Bag-Manufacturer-1-150x150.jpg",150,150,true],"medium":["https:\/\/pecbag.com\/wp-content\/uploads\/2025\/04\/Cosmetic-Bag-Manufacturer-1-300x300.jpg",300,300,true],"medium_large":["https:\/\/pecbag.com\/wp-content\/uploads\/2025\/04\/Cosmetic-Bag-Manufacturer-1.jpg",600,600,false],"large":["https:\/\/pecbag.com\/wp-content\/uploads\/2025\/04\/Cosmetic-Bag-Manufacturer-1.jpg",600,600,false],"1536x1536":["https:\/\/pecbag.com\/wp-content\/uploads\/2025\/04\/Cosmetic-Bag-Manufacturer-1.jpg",600,600,false],"2048x2048":["https:\/\/pecbag.com\/wp-content\/uploads\/2025\/04\/Cosmetic-Bag-Manufacturer-1.jpg",600,600,false],"trp-custom-language-flag":["https:\/\/pecbag.com\/wp-content\/uploads\/2025\/04\/Cosmetic-Bag-Manufacturer-1.jpg",12,12,false],"woocommerce_thumbnail":["https:\/\/pecbag.com\/wp-content\/uploads\/2025\/04\/Cosmetic-Bag-Manufacturer-1-300x300.jpg",300,300,true],"woocommerce_single":["https:\/\/pecbag.com\/wp-content\/uploads\/2025\/04\/Cosmetic-Bag-Manufacturer-1.jpg",600,600,false],"woocommerce_gallery_thumbnail":["https:\/\/pecbag.com\/wp-content\/uploads\/2025\/04\/Cosmetic-Bag-Manufacturer-1-100x100.jpg",100,100,true]},"uagb_author_info":{"display_name":"Lawrence","author_link":"https:\/\/pecbag.com\/fi\/author\/"},"uagb_comment_info":0,"uagb_excerpt":"Cosmetic Bag Manufacturer We provide premium bag with full-size and color customization, durable fabrics, and certified quality. Enjoy flexible MOQs, fast global shipping, and private label solutions. Contact us today!","_links":{"self":[{"href":"https:\/\/pecbag.com\/fi\/wp-json\/wp\/v2\/product\/1464","targetHints":{"allow":["GET"]}}],"collection":[{"href":"https:\/\/pecbag.com\/fi\/wp-json\/wp\/v2\/product"}],"about":[{"href":"https:\/\/pecbag.com\/fi\/wp-json\/wp\/v2\/types\/product"}],"wp:featuredmedia":[{"embeddable":true,"href":"https:\/\/pecbag.com\/fi\/wp-json\/wp\/v2\/media\/1467"}],"wp:attachment":[{"href":"https:\/\/pecbag.com\/fi\/wp-json\/wp\/v2\/media?parent=1464"}],"wp:term":[{"taxonomy":"product_brand","embeddable":true,"href":"https:\/\/pecbag.com\/fi\/wp-json\/wp\/v2\/product_brand?post=1464"},{"taxonomy":"product_cat","embeddable":true,"href":"https:\/\/pecbag.com\/fi\/wp-json\/wp\/v2\/product_cat?post=1464"},{"taxonomy":"product_tag","embeddable":true,"href":"https:\/\/pecbag.com\/fi\/wp-json\/wp\/v2\/product_tag?post=1464"}],"curies":[{"name":"wp","href":"https:\/\/api.w.org\/{rel}","templated":true}]}}