{"id":1487,"date":"2025-04-11T10:10:02","date_gmt":"2025-04-11T10:10:02","guid":{"rendered":"https:\/\/pecbag.com\/?post_type=product&#038;p=1487"},"modified":"2025-11-29T02:10:50","modified_gmt":"2025-11-29T02:10:50","slug":"top-wholesale-duffel-bags-manufacturers-in-china","status":"publish","type":"product","link":"https:\/\/pecbag.com\/fi\/top-wholesale-duffel-bags-manufacturers-in-china\/","title":{"rendered":"Duffel Laukut valmistajat Kiinassa"},"content":{"rendered":"<h2 title=\"Kokoontaitettava koira laukku hengitt\u00e4v\u00e4 mesh lemmikkiel\u00e4inten olkalaukku pienille lemmikkiel\u00e4inten koirille kissoille\" data-immersive-translate-walked=\"1c928421-2e42-4cd3-8754-5404553c0af5\" data-immersive-translate-paragraph=\"1\" data-spm-anchor-id=\"a2700.details.0.i35.4f6757d4w4zNZA\">Top tukku Duffel laukut valmistajat Kiinassa | Factory Direct &amp; Custom Designs<\/h2>\n<div class=\"flex flex-grow flex-col max-w-full\">\n<div class=\"min-h-[20px] text-message flex w-full flex-col items-end gap-2 whitespace-pre-wrap break-words [.text-message+&amp;]:mt-5 overflow-x-auto\" dir=\"auto\" data-message-author-role=\"assistant\" data-message-id=\"3d7d46f6-7ec2-4222-9257-48fa0bba23c6\" data-suggestions=\"true\">\n<div class=\"flex w-full flex-col gap-1 empty:hidden first:pt-[3px]\">\n<div class=\"markdown prose w-full break-words dark:prose-invert light\">\n<p>Etsit\u00e4\u00e4n luotettavaa <strong>duffel laukku valmistajat Kiinassa<\/strong>? Tarjoamme tukkuhintoja, vedenpit\u00e4vi\u00e4 malleja ja irtotavarana alennuksia. Mukauta kuntosali, matka-, tai sotilaallinen duffel laukut. Nopea maailmanlaajuinen toimitus. Hanki ilmaisia n\u00e4ytteit\u00e4!<\/p>\n<table width=\"288\">\n<tbody>\n<tr>\n<td width=\"137\"><span style=\"color: #333333;\">Tuotteiden nimi<\/span><\/td>\n<td width=\"151\">Duffel laukku<\/td>\n<\/tr>\n<tr>\n<td><span style=\"color: #333333;\">Tuotenro.<\/span><\/td>\n<td><span style=\"color: #333333;\">PB-2011<\/span><\/td>\n<\/tr>\n<tr>\n<td><span style=\"color: #333333;\">Materiaali<\/span><\/td>\n<td>600D polyesteri<\/td>\n<\/tr>\n<tr>\n<td><span style=\"color: #333333;\">Koko<\/span><\/td>\n<td>48 X 24 X 25 CM<\/td>\n<\/tr>\n<tr>\n<td><span style=\"color: #333333;\">\u00a0Toimitusaika<\/span><\/td>\n<td><span style=\"color: #333333;\">1-5 p\u00e4iv\u00e4\u00e4 pienille m\u00e4\u00e4rille lentoteitse ja 30-35 p\u00e4iv\u00e4\u00e4 suurille m\u00e4\u00e4rille meritse.<\/span><\/td>\n<\/tr>\n<\/tbody>\n<\/table>\n<p>Johtavana <strong>duffel laukku valmistaja Kiinassa<\/strong>, valmistamme raskaita laukkuja kuntosaliketjuille, matkatoimistoille ja armeijan tavarantoimittajille. Tehtaamme toimittaa:<br \/>\n\u2705 <strong>Tukkukaupan joustavuus<\/strong>: MOQ 500kpl irtotavarana hinnoittelu<br \/>\n\u2705 <strong>\u00c4lyk\u00e4s r\u00e4\u00e4t\u00e4l\u00f6inti<\/strong>: Lis\u00e4\u00e4 logoja, pehmustettuja hihnoja tai lis\u00e4lokeroita.<br \/>\n\u2705 <strong>Kest\u00e4v\u00e4t rakennukset<\/strong>: 1000D nylon, vedenpit\u00e4v\u00e4t vetoketjut ja rep\u00e4isyn est\u00e4v\u00e4t ompeleet.<\/p>\n<p><strong>Miksi maailmanlaajuiset ostajat luottavat meihin:<\/strong><\/p>\n<ul>\n<li><strong>15+ vuoden kokemus<\/strong>: Yhteisty\u00f6ss\u00e4 Decathlonin ja Adidaksen toimittajien kanssa<\/li>\n<li><strong>Sertifioitu laatu<\/strong>: ISO 9001, OEKO-TEX\u00ae sertifioidut materiaalit.<\/li>\n<li><strong>Nopea tuotanto<\/strong>: 18 p\u00e4iv\u00e4n toimitusaika + ovelta ovelle -kuljetus<\/li>\n<\/ul>\n<p><strong>T\u00e4ydellinen:<\/strong><\/p>\n<ul>\n<li>Urheilujoukkueet * Ulkoiluv\u00e4lineiden j\u00e4lleenmyyj\u00e4t * Yritysten lahjaohjelmat<\/li>\n<\/ul>\n<p><strong>Aloita projektisi jo t\u00e4n\u00e4\u00e4n:<\/strong><br \/>\n\ud83c\udf92 Ilmaiset 3D-mallinnuskuvat<br \/>\n\ud83c\udf92 Vedenpit\u00e4v\u00e4 ja naarmuuntumaton takuu<br \/>\n\ud83c\udf92 Alennukset yli 2000 yksik\u00f6n tilauksista<\/p>\n<\/div>\n<\/div>\n<\/div>\n<\/div>","protected":false},"excerpt":{"rendered":"<h2 data-immersive-translate-walked=\"344be1c1-5052-41eb-8fcd-0dbe236a0d6b\" data-immersive-translate-paragraph=\"1\">Duffel Laukut valmistajat Kiinassa<\/h2>\n<p>Tarjoamme palkkio laukku t\u00e4yden koon ja v\u00e4rin r\u00e4\u00e4t\u00e4l\u00f6inti, kest\u00e4v\u00e4 kankaat, ja sertifioitu laatu.<\/p>\n<p>Nauti joustavista MOQ-arvoista, nopeasta maailmanlaajuisesta toimituksesta ja private label -ratkaisuista.<\/p>\n<p>Ota yhteytt\u00e4 jo t\u00e4n\u00e4\u00e4n!<\/p>","protected":false},"featured_media":1494,"template":"","meta":{"_uag_custom_page_level_css":""},"product_brand":[],"product_cat":[63],"product_tag":[],"class_list":{"0":"post-1487","1":"product","2":"type-product","3":"status-publish","4":"has-post-thumbnail","6":"product_cat-duffel-bag","8":"first","9":"instock","10":"shipping-taxable","11":"product-type-simple"},"uagb_featured_image_src":{"full":["https:\/\/pecbag.com\/wp-content\/uploads\/2025\/04\/Duffel-Bag-Manufacturers-in-China-2.jpg",1500,1500,false],"thumbnail":["https:\/\/pecbag.com\/wp-content\/uploads\/2025\/04\/Duffel-Bag-Manufacturers-in-China-2-150x150.jpg",150,150,true],"medium":["https:\/\/pecbag.com\/wp-content\/uploads\/2025\/04\/Duffel-Bag-Manufacturers-in-China-2-300x300.jpg",300,300,true],"medium_large":["https:\/\/pecbag.com\/wp-content\/uploads\/2025\/04\/Duffel-Bag-Manufacturers-in-China-2-768x768.jpg",768,768,true],"large":["https:\/\/pecbag.com\/wp-content\/uploads\/2025\/04\/Duffel-Bag-Manufacturers-in-China-2-1024x1024.jpg",800,800,true],"1536x1536":["https:\/\/pecbag.com\/wp-content\/uploads\/2025\/04\/Duffel-Bag-Manufacturers-in-China-2.jpg",1500,1500,false],"2048x2048":["https:\/\/pecbag.com\/wp-content\/uploads\/2025\/04\/Duffel-Bag-Manufacturers-in-China-2.jpg",1500,1500,false],"trp-custom-language-flag":["https:\/\/pecbag.com\/wp-content\/uploads\/2025\/04\/Duffel-Bag-Manufacturers-in-China-2.jpg",12,12,false],"woocommerce_thumbnail":["https:\/\/pecbag.com\/wp-content\/uploads\/2025\/04\/Duffel-Bag-Manufacturers-in-China-2-300x300.jpg",300,300,true],"woocommerce_single":["https:\/\/pecbag.com\/wp-content\/uploads\/2025\/04\/Duffel-Bag-Manufacturers-in-China-2-600x600.jpg",600,600,true],"woocommerce_gallery_thumbnail":["https:\/\/pecbag.com\/wp-content\/uploads\/2025\/04\/Duffel-Bag-Manufacturers-in-China-2-100x100.jpg",100,100,true]},"uagb_author_info":{"display_name":"Lawrence","author_link":"https:\/\/pecbag.com\/fi\/author\/"},"uagb_comment_info":0,"uagb_excerpt":"Duffel Bags Manufacturers in China We provide premium bag with full-size and color customization, durable fabrics, and certified quality. Enjoy flexible MOQs, fast global shipping, and private label solutions. Contact us today!","_links":{"self":[{"href":"https:\/\/pecbag.com\/fi\/wp-json\/wp\/v2\/product\/1487","targetHints":{"allow":["GET"]}}],"collection":[{"href":"https:\/\/pecbag.com\/fi\/wp-json\/wp\/v2\/product"}],"about":[{"href":"https:\/\/pecbag.com\/fi\/wp-json\/wp\/v2\/types\/product"}],"wp:featuredmedia":[{"embeddable":true,"href":"https:\/\/pecbag.com\/fi\/wp-json\/wp\/v2\/media\/1494"}],"wp:attachment":[{"href":"https:\/\/pecbag.com\/fi\/wp-json\/wp\/v2\/media?parent=1487"}],"wp:term":[{"taxonomy":"product_brand","embeddable":true,"href":"https:\/\/pecbag.com\/fi\/wp-json\/wp\/v2\/product_brand?post=1487"},{"taxonomy":"product_cat","embeddable":true,"href":"https:\/\/pecbag.com\/fi\/wp-json\/wp\/v2\/product_cat?post=1487"},{"taxonomy":"product_tag","embeddable":true,"href":"https:\/\/pecbag.com\/fi\/wp-json\/wp\/v2\/product_tag?post=1487"}],"curies":[{"name":"wp","href":"https:\/\/api.w.org\/{rel}","templated":true}]}}