{"id":1524,"date":"2025-04-12T02:00:10","date_gmt":"2025-04-12T02:00:10","guid":{"rendered":"https:\/\/pecbag.com\/?post_type=product&#038;p=1524"},"modified":"2025-11-29T02:10:26","modified_gmt":"2025-11-29T02:10:26","slug":"waterproof-hiking-bag-factories","status":"publish","type":"product","link":"https:\/\/pecbag.com\/fi\/waterproof-hiking-bag-factories\/","title":{"rendered":"Vedenpit\u00e4v\u00e4 vaellus laukku tehtaat"},"content":{"rendered":"<h2 title=\"Kokoontaitettava koira laukku hengitt\u00e4v\u00e4 mesh lemmikkiel\u00e4inten olkalaukku pienille lemmikkiel\u00e4inten koirille kissoille\" data-immersive-translate-walked=\"1c928421-2e42-4cd3-8754-5404553c0af5\" data-immersive-translate-paragraph=\"1\" data-spm-anchor-id=\"a2700.details.0.i35.4f6757d4w4zNZA\">Top tukku vedenpit\u00e4v\u00e4 vaellus laukku tehtaat | Factory Direct &amp; Mountain-Tough malleja<\/h2>\n<div class=\"flex flex-grow flex-col max-w-full\">\n<div class=\"min-h-[20px] text-message flex w-full flex-col items-end gap-2 whitespace-pre-wrap break-words [.text-message+&amp;]:mt-5 overflow-x-auto\" dir=\"auto\" data-message-author-role=\"assistant\" data-message-id=\"3d7d46f6-7ec2-4222-9257-48fa0bba23c6\" data-suggestions=\"true\">\n<div class=\"flex w-full flex-col gap-1 empty:hidden first:pt-[3px]\">\n<div class=\"markdown prose w-full break-words dark:prose-invert light\">\n<p>Tarvitaan luotettava <strong>vedenpit\u00e4v\u00e4 vaellus laukku tehtaat<\/strong>? Valmistamme IPX6-luokiteltuja reppuja outdoor-br\u00e4ndeille. Tukkuhinnat, r\u00e4\u00e4t\u00e4l\u00f6idyt mallit ja nopea toimitus. Pyyd\u00e4 ilmaisia n\u00e4ytteit\u00e4 nyt!<\/p>\n<table width=\"288\">\n<tbody>\n<tr>\n<td width=\"137\"><span style=\"color: #333333;\">Tuotteiden nimi<\/span><\/td>\n<td width=\"151\">Vaellus laukku<\/td>\n<\/tr>\n<tr>\n<td><span style=\"color: #333333;\">Tuotenro.<\/span><\/td>\n<td><span style=\"color: #333333;\">PB-2015<\/span><\/td>\n<\/tr>\n<tr>\n<td><span style=\"color: #333333;\">Materiaali<\/span><\/td>\n<td>Polyesteri<\/td>\n<\/tr>\n<tr>\n<td><span style=\"color: #333333;\">Koko<\/span><\/td>\n<td>35*19*45 cm<\/td>\n<\/tr>\n<tr>\n<td><span style=\"color: #333333;\">\u00a0Toimitusaika<\/span><\/td>\n<td><span style=\"color: #333333;\">1-5 p\u00e4iv\u00e4\u00e4 pienille m\u00e4\u00e4rille lentoteitse ja 30-35 p\u00e4iv\u00e4\u00e4 suurille m\u00e4\u00e4rille meritse.<\/span><\/td>\n<\/tr>\n<\/tbody>\n<\/table>\n<p>Kuten luotettu <strong>vedenpit\u00e4v\u00e4 vaellus laukku tehtaat Kiinassa<\/strong>suunnittelemme seikkailuvalmiita reppuja vuoristo-oppaille, vaellusmerkeille ja ulkoilualan j\u00e4lleenmyyjille. Tehtaamme toimittaa:<br \/>\n\u2705 <strong>Tukkukaupan joustavuus<\/strong>: MOQ 200kpl irtotavarana alennuksia<br \/>\n\u2705 <strong>\u00c4lyk\u00e4s r\u00e4\u00e4t\u00e4l\u00f6inti<\/strong>: Lis\u00e4\u00e4 j\u00e4\u00e4kirveslenkit, juomahihnat tai karhunkest\u00e4v\u00e4t vetoketjut.<br \/>\n\u2705 <strong>Stormproof rakentaa<\/strong>: 500D Ripstop-kangas + saumattu rakenne<\/p>\n<p><strong>Miksi ulkoilmabr\u00e4ndit luottavat meihin:<\/strong><\/p>\n<ul>\n<li><strong>12+ vuoden asiantuntemus<\/strong>: Yhteisty\u00f6ss\u00e4 The North Face &amp; Columbia -toimittajien kanssa<\/li>\n<li><strong>Sertifioitu suojaus<\/strong>: IPX6-vedenpit\u00e4vyysluokitus ja yli 50 000 kulutustestin testit<\/li>\n<li><strong>Nopea &amp; vihre\u00e4<\/strong>: 15 p\u00e4iv\u00e4n tuotanto + hiilineutraalit toimitusvaihtoehdot<\/li>\n<\/ul>\n<p><strong>T\u00e4ydellinen:<\/strong><\/p>\n<ul>\n<li>Alppiretket * Vaellusmatkojen j\u00e4rjest\u00e4j\u00e4t * Kansallispuistojen lahjatavarakaupat<\/li>\n<\/ul>\n<p><strong>Pakkaa t\u00e4ydellinen malli jo t\u00e4n\u00e4\u00e4n:<\/strong><br \/>\n\ud83c\udf92 Ilmaiset 3D-mockupit br\u00e4ndisi kanssa<br \/>\n\ud83c\udf92 Hengitt\u00e4v\u00e4t selk\u00e4paneelit ja painonjakohihnat<br \/>\n\ud83c\udf92 Alennukset yli 1000 kappaleen tilauksista<\/p>\n<\/div>\n<\/div>\n<\/div>\n<\/div>","protected":false},"excerpt":{"rendered":"<h2 data-immersive-translate-walked=\"344be1c1-5052-41eb-8fcd-0dbe236a0d6b\" data-immersive-translate-paragraph=\"1\">Vedenpit\u00e4v\u00e4 vaellus laukku tehtaat<\/h2>\n<p>Tarjoamme palkkio laukut t\u00e4yden koon ja v\u00e4rin r\u00e4\u00e4t\u00e4l\u00f6inti, kest\u00e4v\u00e4 kankaat, ja sertifioitu laatu.<\/p>\n<p>Nauti joustavista MOQ-arvoista, nopeasta maailmanlaajuisesta toimituksesta ja private label -ratkaisuista.<\/p>\n<p>Ota yhteytt\u00e4 jo t\u00e4n\u00e4\u00e4n!<\/p>","protected":false},"featured_media":1530,"template":"","meta":{"_uag_custom_page_level_css":""},"product_brand":[],"product_cat":[45],"product_tag":[],"class_list":{"0":"post-1524","1":"product","2":"type-product","3":"status-publish","4":"has-post-thumbnail","6":"product_cat-hiking-bag","8":"first","9":"instock","10":"shipping-taxable","11":"product-type-simple"},"uagb_featured_image_src":{"full":["https:\/\/pecbag.com\/wp-content\/uploads\/2025\/04\/Waterproof-5.jpg",679,675,false],"thumbnail":["https:\/\/pecbag.com\/wp-content\/uploads\/2025\/04\/Waterproof-5-150x150.jpg",150,150,true],"medium":["https:\/\/pecbag.com\/wp-content\/uploads\/2025\/04\/Waterproof-5-300x298.jpg",300,298,true],"medium_large":["https:\/\/pecbag.com\/wp-content\/uploads\/2025\/04\/Waterproof-5.jpg",679,675,false],"large":["https:\/\/pecbag.com\/wp-content\/uploads\/2025\/04\/Waterproof-5.jpg",679,675,false],"1536x1536":["https:\/\/pecbag.com\/wp-content\/uploads\/2025\/04\/Waterproof-5.jpg",679,675,false],"2048x2048":["https:\/\/pecbag.com\/wp-content\/uploads\/2025\/04\/Waterproof-5.jpg",679,675,false],"trp-custom-language-flag":["https:\/\/pecbag.com\/wp-content\/uploads\/2025\/04\/Waterproof-5.jpg",12,12,false],"woocommerce_thumbnail":["https:\/\/pecbag.com\/wp-content\/uploads\/2025\/04\/Waterproof-5-300x300.jpg",300,300,true],"woocommerce_single":["https:\/\/pecbag.com\/wp-content\/uploads\/2025\/04\/Waterproof-5-600x596.jpg",600,596,true],"woocommerce_gallery_thumbnail":["https:\/\/pecbag.com\/wp-content\/uploads\/2025\/04\/Waterproof-5-100x100.jpg",100,100,true]},"uagb_author_info":{"display_name":"Lawrence","author_link":"https:\/\/pecbag.com\/fi\/author\/"},"uagb_comment_info":0,"uagb_excerpt":"Waterproof Hiking Bag Factories We provide premium bags with full-size and color customization, durable fabrics, and certified quality. Enjoy flexible MOQs, fast global shipping, and private label solutions. Contact us today!","_links":{"self":[{"href":"https:\/\/pecbag.com\/fi\/wp-json\/wp\/v2\/product\/1524","targetHints":{"allow":["GET"]}}],"collection":[{"href":"https:\/\/pecbag.com\/fi\/wp-json\/wp\/v2\/product"}],"about":[{"href":"https:\/\/pecbag.com\/fi\/wp-json\/wp\/v2\/types\/product"}],"wp:featuredmedia":[{"embeddable":true,"href":"https:\/\/pecbag.com\/fi\/wp-json\/wp\/v2\/media\/1530"}],"wp:attachment":[{"href":"https:\/\/pecbag.com\/fi\/wp-json\/wp\/v2\/media?parent=1524"}],"wp:term":[{"taxonomy":"product_brand","embeddable":true,"href":"https:\/\/pecbag.com\/fi\/wp-json\/wp\/v2\/product_brand?post=1524"},{"taxonomy":"product_cat","embeddable":true,"href":"https:\/\/pecbag.com\/fi\/wp-json\/wp\/v2\/product_cat?post=1524"},{"taxonomy":"product_tag","embeddable":true,"href":"https:\/\/pecbag.com\/fi\/wp-json\/wp\/v2\/product_tag?post=1524"}],"curies":[{"name":"wp","href":"https:\/\/api.w.org\/{rel}","templated":true}]}}