{"id":1539,"date":"2025-04-12T02:14:13","date_gmt":"2025-04-12T02:14:13","guid":{"rendered":"https:\/\/pecbag.com\/?post_type=product&#038;p=1539"},"modified":"2025-11-29T02:10:12","modified_gmt":"2025-11-29T02:10:12","slug":"business-laptop-bag-factories","status":"publish","type":"product","link":"https:\/\/pecbag.com\/fi\/business-laptop-bag-factories\/","title":{"rendered":"Business Laptop Bag tehtaat"},"content":{"rendered":"<h2 title=\"Kokoontaitettava koira laukku hengitt\u00e4v\u00e4 mesh lemmikkiel\u00e4inten olkalaukku pienille lemmikkiel\u00e4inten koirille kissoille\" data-immersive-translate-walked=\"1c928421-2e42-4cd3-8754-5404553c0af5\" data-immersive-translate-paragraph=\"1\" data-spm-anchor-id=\"a2700.details.0.i35.4f6757d4w4zNZA\">Top tukku Business Laptop Bag tehtaat | Factory Direct &amp; Professional Designs<\/h2>\n<div class=\"flex flex-grow flex-col max-w-full\">\n<div class=\"min-h-[20px] text-message flex w-full flex-col items-end gap-2 whitespace-pre-wrap break-words [.text-message+&amp;]:mt-5 overflow-x-auto\" dir=\"auto\" data-message-author-role=\"assistant\" data-message-id=\"3d7d46f6-7ec2-4222-9257-48fa0bba23c6\" data-suggestions=\"true\">\n<div class=\"flex w-full flex-col gap-1 empty:hidden first:pt-[3px]\">\n<div class=\"markdown prose w-full break-words dark:prose-invert light\">\n<p>Tarvitset palkkion <strong>liiketoiminnan kannettavan tietokoneen laukku tehtaat<\/strong>? Tarjoamme r\u00e4\u00e4t\u00e4l\u00f6ityj\u00e4 malleja, RFID-suojausta ja irtotavarana alennuksia. Nopea maailmanlaajuinen toimitus yritysbr\u00e4ndeille. Pyyd\u00e4 ilmaisia n\u00e4ytteit\u00e4 nyt!<\/p>\n<table width=\"288\">\n<tbody>\n<tr>\n<td width=\"137\"><span style=\"color: #333333;\">Tuotteiden nimi<\/span><\/td>\n<td width=\"151\">Kannettava tietokoneen laukku<\/td>\n<\/tr>\n<tr>\n<td><span style=\"color: #333333;\">Tuotenro.<\/span><\/td>\n<td><span style=\"color: #333333;\">PB-2017<\/span><\/td>\n<\/tr>\n<tr>\n<td><span style=\"color: #333333;\">Materiaali<\/span><\/td>\n<td>polyesteri<\/td>\n<\/tr>\n<tr>\n<td><span style=\"color: #333333;\">\u00a0Koko ja v\u00e4ri<\/span><\/td>\n<td><span style=\"color: #333333;\">R\u00e4\u00e4t\u00e4l\u00f6ity<\/span><\/td>\n<\/tr>\n<tr>\n<td><span style=\"color: #333333;\">\u00a0Toimitusaika<\/span><\/td>\n<td><span style=\"color: #333333;\">1-5 p\u00e4iv\u00e4\u00e4 pienille m\u00e4\u00e4rille lentoteitse ja 30-35 p\u00e4iv\u00e4\u00e4 suurille m\u00e4\u00e4rille meritse.<\/span><\/td>\n<\/tr>\n<\/tbody>\n<\/table>\n<p>Kuten luotettu <strong>liiketoiminnan kannettavan tietokoneen laukku tehtaat Kiinassa<\/strong>, valmistamme Executive-luokan salkkuja Fortune 500 -yrityksille, teknologia-alan startup-yrityksille ja ylellisyytt\u00e4 tarjoaville v\u00e4hitt\u00e4iskauppiaille. Tehtaamme toimittaa:<br \/>\n\u2705 <strong>Tukkukaupan joustavuus<\/strong>: MOQ 200kpl volyymihinnoittelulla<br \/>\n\u2705 <strong>\u00c4lyk\u00e4s r\u00e4\u00e4t\u00e4l\u00f6inti<\/strong>: Lis\u00e4\u00e4 logopainatus, asiakirjahylsyt tai langattomat latausportit.<br \/>\n\u2705 <strong>Ammattimainen kiillotus<\/strong>: Naarmuuntumaton vegaaninahka &amp; anti-tarnish laitteisto<\/p>\n<p><strong>Miksi yritysten ostajat luottavat meihin:<\/strong><\/p>\n<ul>\n<li><strong>12+ vuoden asiantuntemus<\/strong>: Kumppanuus Dellin ja Lenovon toimittajien kanssa<\/li>\n<li><strong>Sertifioitu turvallisuus<\/strong>: RFID-blokkaustekniikka &amp; TSA-yst\u00e4v\u00e4llinen muotoilu<\/li>\n<li><strong>Nopea l\u00e4pimenoaika<\/strong>: 15 p\u00e4iv\u00e4n tuotanto + pikatoimitus yli 80 maahan.<\/li>\n<\/ul>\n<p><strong>T\u00e4ydellinen:<\/strong><\/p>\n<ul>\n<li>Yrityslahjat * Toimistojen toimitusketjut * Teknologiakonferenssien tavaralahjat<\/li>\n<\/ul>\n<p><strong>Paranna ammattimaista imagoasi jo t\u00e4n\u00e4\u00e4n:<\/strong><br \/>\n\ud83d\udcbc Ilmaiset 3D-mallinnuskuvat<br \/>\n\ud83d\udcbc Vedenkest\u00e4v\u00e4t ja varkaudenesto-ominaisuudet<br \/>\n\ud83d\udcbc Alennukset 500+ yksik\u00f6n tilauksista<\/p>\n<\/div>\n<\/div>\n<\/div>\n<\/div>","protected":false},"excerpt":{"rendered":"<h2 data-immersive-translate-walked=\"344be1c1-5052-41eb-8fcd-0dbe236a0d6b\" data-immersive-translate-paragraph=\"1\">Business Laptop Bag tehtaat<\/h2>\n<p>Tarjoamme palkkio laukut t\u00e4yden koon ja v\u00e4rin r\u00e4\u00e4t\u00e4l\u00f6inti, kest\u00e4v\u00e4 kankaat, ja sertifioitu laatu.<\/p>\n<p>Nauti joustavista MOQ-arvoista, nopeasta maailmanlaajuisesta toimituksesta ja private label -ratkaisuista.<\/p>\n<p>Ota yhteytt\u00e4 jo t\u00e4n\u00e4\u00e4n!<\/p>","protected":false},"featured_media":1543,"template":"","meta":{"_uag_custom_page_level_css":""},"product_brand":[],"product_cat":[19],"product_tag":[],"class_list":{"0":"post-1539","1":"product","2":"type-product","3":"status-publish","4":"has-post-thumbnail","6":"product_cat-uncategorized","8":"first","9":"instock","10":"shipping-taxable","11":"product-type-simple"},"uagb_featured_image_src":{"full":["https:\/\/pecbag.com\/wp-content\/uploads\/2025\/04\/BUSSIN1.jpg",800,800,false],"thumbnail":["https:\/\/pecbag.com\/wp-content\/uploads\/2025\/04\/BUSSIN1-150x150.jpg",150,150,true],"medium":["https:\/\/pecbag.com\/wp-content\/uploads\/2025\/04\/BUSSIN1-300x300.jpg",300,300,true],"medium_large":["https:\/\/pecbag.com\/wp-content\/uploads\/2025\/04\/BUSSIN1-768x768.jpg",768,768,true],"large":["https:\/\/pecbag.com\/wp-content\/uploads\/2025\/04\/BUSSIN1.jpg",800,800,false],"1536x1536":["https:\/\/pecbag.com\/wp-content\/uploads\/2025\/04\/BUSSIN1.jpg",800,800,false],"2048x2048":["https:\/\/pecbag.com\/wp-content\/uploads\/2025\/04\/BUSSIN1.jpg",800,800,false],"trp-custom-language-flag":["https:\/\/pecbag.com\/wp-content\/uploads\/2025\/04\/BUSSIN1.jpg",12,12,false],"woocommerce_thumbnail":["https:\/\/pecbag.com\/wp-content\/uploads\/2025\/04\/BUSSIN1-300x300.jpg",300,300,true],"woocommerce_single":["https:\/\/pecbag.com\/wp-content\/uploads\/2025\/04\/BUSSIN1-600x600.jpg",600,600,true],"woocommerce_gallery_thumbnail":["https:\/\/pecbag.com\/wp-content\/uploads\/2025\/04\/BUSSIN1-100x100.jpg",100,100,true]},"uagb_author_info":{"display_name":"Lawrence","author_link":"https:\/\/pecbag.com\/fi\/author\/"},"uagb_comment_info":0,"uagb_excerpt":"Business Laptop Bag Factories We provide premium bags with full-size and color customization, durable fabrics, and certified quality. Enjoy flexible MOQs, fast global shipping, and private label solutions. Contact us today!","_links":{"self":[{"href":"https:\/\/pecbag.com\/fi\/wp-json\/wp\/v2\/product\/1539","targetHints":{"allow":["GET"]}}],"collection":[{"href":"https:\/\/pecbag.com\/fi\/wp-json\/wp\/v2\/product"}],"about":[{"href":"https:\/\/pecbag.com\/fi\/wp-json\/wp\/v2\/types\/product"}],"wp:featuredmedia":[{"embeddable":true,"href":"https:\/\/pecbag.com\/fi\/wp-json\/wp\/v2\/media\/1543"}],"wp:attachment":[{"href":"https:\/\/pecbag.com\/fi\/wp-json\/wp\/v2\/media?parent=1539"}],"wp:term":[{"taxonomy":"product_brand","embeddable":true,"href":"https:\/\/pecbag.com\/fi\/wp-json\/wp\/v2\/product_brand?post=1539"},{"taxonomy":"product_cat","embeddable":true,"href":"https:\/\/pecbag.com\/fi\/wp-json\/wp\/v2\/product_cat?post=1539"},{"taxonomy":"product_tag","embeddable":true,"href":"https:\/\/pecbag.com\/fi\/wp-json\/wp\/v2\/product_tag?post=1539"}],"curies":[{"name":"wp","href":"https:\/\/api.w.org\/{rel}","templated":true}]}}