{"id":1546,"date":"2025-04-12T02:40:09","date_gmt":"2025-04-12T02:40:09","guid":{"rendered":"https:\/\/pecbag.com\/?post_type=product&#038;p=1546"},"modified":"2025-11-29T02:09:26","modified_gmt":"2025-11-29T02:09:26","slug":"china-lunch-bag-manufacturer","status":"publish","type":"product","link":"https:\/\/pecbag.com\/fi\/china-lunch-bag-manufacturer\/","title":{"rendered":"Kiina lounas laukku valmistaja"},"content":{"rendered":"<h2 title=\"Kokoontaitettava koira laukku hengitt\u00e4v\u00e4 mesh lemmikkiel\u00e4inten olkalaukku pienille lemmikkiel\u00e4inten koirille kissoille\" data-immersive-translate-walked=\"1c928421-2e42-4cd3-8754-5404553c0af5\" data-immersive-translate-paragraph=\"1\" data-spm-anchor-id=\"a2700.details.0.i35.4f6757d4w4zNZA\">Top Tukku Kiina lounas laukku valmistaja | Factory Direct &amp; Custom Food-Safe malleja<\/h2>\n<div class=\"flex flex-grow flex-col max-w-full\">\n<div class=\"min-h-[20px] text-message flex w-full flex-col items-end gap-2 whitespace-pre-wrap break-words [.text-message+&amp;]:mt-5 overflow-x-auto\" dir=\"auto\" data-message-author-role=\"assistant\" data-message-id=\"3d7d46f6-7ec2-4222-9257-48fa0bba23c6\" data-suggestions=\"true\">\n<div class=\"flex w-full flex-col gap-1 empty:hidden first:pt-[3px]\">\n<div class=\"markdown prose w-full break-words dark:prose-invert light\">\n<p>Tarvitset luotettavan <strong>Kiina lounas laukku valmistaja<\/strong>? Tuotamme FDA:n hyv\u00e4ksymi\u00e4 eristettyj\u00e4 lounaspusseja ateriatoimitusbr\u00e4ndeille. Tukkuhinnat, nopeat MOQ-tilaukset ja maailmanlaajuinen toimitus. Hanki ilmaisia n\u00e4ytteit\u00e4!<\/p>\n<table width=\"288\">\n<tbody>\n<tr>\n<td width=\"137\"><span style=\"color: #333333;\">Tuotteiden nimi<\/span><\/td>\n<td width=\"151\">Lounaslaukku<\/td>\n<\/tr>\n<tr>\n<td><span style=\"color: #333333;\">Tuotenro.<\/span><\/td>\n<td><span style=\"color: #333333;\">PB-2018<\/span><\/td>\n<\/tr>\n<tr>\n<td><span style=\"color: #333333;\">Materiaali<\/span><\/td>\n<td>600D polyesteri<\/td>\n<\/tr>\n<tr>\n<td><span style=\"color: #333333;\">Koko<\/span><\/td>\n<td>42 x 28 x 33 cm<\/td>\n<\/tr>\n<tr>\n<td><span style=\"color: #333333;\">\u00a0Toimitusaika<\/span><\/td>\n<td><span style=\"color: #333333;\">1-5 p\u00e4iv\u00e4\u00e4 pienille m\u00e4\u00e4rille lentoteitse ja 30-35 p\u00e4iv\u00e4\u00e4 suurille m\u00e4\u00e4rille meritse.<\/span><\/td>\n<\/tr>\n<\/tbody>\n<\/table>\n<p>Kuten luotettu <strong>Kiina lounas laukku valmistajat<\/strong>, valmistamme elintarviketurvallisia l\u00e4mp\u00f6pusseja aterianvalmistusyritysten, yritysten kahviloiden ja koululounasohjelmien k\u00e4ytt\u00f6\u00f6n. Tehtaamme toimittaa:<br \/>\n\u2705 <strong>Tukkukaupan joustavuus<\/strong>: MOQ 300kpl irtotavarana alennuksia<br \/>\n\u2705 <strong>\u00c4lyk\u00e4s r\u00e4\u00e4t\u00e4l\u00f6inti<\/strong>: Lis\u00e4\u00e4 jakajia, viileit\u00e4 pakkauksia tai tuotemerkin logoja.<br \/>\n\u2705 <strong>Vuodonkest\u00e4v\u00e4t rakennukset<\/strong>: Eristetty 5mm vaahto + FDA-hyv\u00e4ksytyt vuoraukset<\/p>\n<p><strong>Miksi elintarvikemerkit valitsevat meid\u00e4t:<\/strong><\/p>\n<ul>\n<li><strong>10+ vuoden asiantuntemus<\/strong>: Yhteisty\u00f6ss\u00e4 HelloFresh &amp; Sodexon toimittajien kanssa.<\/li>\n<li><strong>Sertifioitu turvallinen<\/strong>: BPA-vapaat materiaalit &amp; OEKO-TEX\u00ae-sertifiointi<\/li>\n<li><strong>Nopea logistiikka<\/strong>: 15 p\u00e4iv\u00e4n tuotanto + ovelta ovelle -toimitus<\/li>\n<\/ul>\n<p><strong>T\u00e4ydellinen:<\/strong><\/p>\n<ul>\n<li>Ateriapakettien toimitus * Sairaalaruokapalvelut * Toimiston ateriapalvelut<\/li>\n<\/ul>\n<p><strong>Pakkaa t\u00e4ydellinen lounasratkaisu jo t\u00e4n\u00e4\u00e4n:<\/strong><br \/>\n\ud83c\udf71 Ilmaiset 3D-mallinnuskuvat<br \/>\n\ud83c\udf71 J\u00e4\u00e4n s\u00e4ilytt\u00e4minen jopa 8 tuntia<br \/>\n\ud83c\udf71 Alennukset yli 1 000 yksik\u00f6n tilauksista<\/p>\n<\/div>\n<\/div>\n<\/div>\n<\/div>","protected":false},"excerpt":{"rendered":"<h2 data-immersive-translate-walked=\"344be1c1-5052-41eb-8fcd-0dbe236a0d6b\" data-immersive-translate-paragraph=\"1\">Kiina lounas laukku valmistaja<\/h2>\n<p>Tarjoamme palkkio laukut t\u00e4yden koon ja v\u00e4rin r\u00e4\u00e4t\u00e4l\u00f6inti, kest\u00e4v\u00e4 kankaat, ja sertifioitu laatu.<\/p>\n<p>Nauti joustavista MOQ-arvoista, nopeasta maailmanlaajuisesta toimituksesta ja private label -ratkaisuista.<\/p>\n<p>Ota yhteytt\u00e4 jo t\u00e4n\u00e4\u00e4n!<\/p>","protected":false},"featured_media":1549,"template":"","meta":{"_uag_custom_page_level_css":""},"product_brand":[],"product_cat":[52],"product_tag":[],"class_list":{"0":"post-1546","1":"product","2":"type-product","3":"status-publish","4":"has-post-thumbnail","6":"product_cat-lunch-bag","8":"first","9":"instock","10":"shipping-taxable","11":"product-type-simple"},"uagb_featured_image_src":{"full":["https:\/\/pecbag.com\/wp-content\/uploads\/2025\/04\/China-Lunch-Bag-Manufacturer-1.png",1500,1500,false],"thumbnail":["https:\/\/pecbag.com\/wp-content\/uploads\/2025\/04\/China-Lunch-Bag-Manufacturer-1-150x150.png",150,150,true],"medium":["https:\/\/pecbag.com\/wp-content\/uploads\/2025\/04\/China-Lunch-Bag-Manufacturer-1-300x300.png",300,300,true],"medium_large":["https:\/\/pecbag.com\/wp-content\/uploads\/2025\/04\/China-Lunch-Bag-Manufacturer-1-768x768.png",768,768,true],"large":["https:\/\/pecbag.com\/wp-content\/uploads\/2025\/04\/China-Lunch-Bag-Manufacturer-1-1024x1024.png",800,800,true],"1536x1536":["https:\/\/pecbag.com\/wp-content\/uploads\/2025\/04\/China-Lunch-Bag-Manufacturer-1.png",1500,1500,false],"2048x2048":["https:\/\/pecbag.com\/wp-content\/uploads\/2025\/04\/China-Lunch-Bag-Manufacturer-1.png",1500,1500,false],"trp-custom-language-flag":["https:\/\/pecbag.com\/wp-content\/uploads\/2025\/04\/China-Lunch-Bag-Manufacturer-1.png",12,12,false],"woocommerce_thumbnail":["https:\/\/pecbag.com\/wp-content\/uploads\/2025\/04\/China-Lunch-Bag-Manufacturer-1-300x300.png",300,300,true],"woocommerce_single":["https:\/\/pecbag.com\/wp-content\/uploads\/2025\/04\/China-Lunch-Bag-Manufacturer-1-600x600.png",600,600,true],"woocommerce_gallery_thumbnail":["https:\/\/pecbag.com\/wp-content\/uploads\/2025\/04\/China-Lunch-Bag-Manufacturer-1-100x100.png",100,100,true]},"uagb_author_info":{"display_name":"Lawrence","author_link":"https:\/\/pecbag.com\/fi\/author\/"},"uagb_comment_info":0,"uagb_excerpt":"China Lunch Bag Manufacturer We provide premium bags with full-size and color customization, durable fabrics, and certified quality. Enjoy flexible MOQs, fast global shipping, and private label solutions. Contact us today!","_links":{"self":[{"href":"https:\/\/pecbag.com\/fi\/wp-json\/wp\/v2\/product\/1546","targetHints":{"allow":["GET"]}}],"collection":[{"href":"https:\/\/pecbag.com\/fi\/wp-json\/wp\/v2\/product"}],"about":[{"href":"https:\/\/pecbag.com\/fi\/wp-json\/wp\/v2\/types\/product"}],"wp:featuredmedia":[{"embeddable":true,"href":"https:\/\/pecbag.com\/fi\/wp-json\/wp\/v2\/media\/1549"}],"wp:attachment":[{"href":"https:\/\/pecbag.com\/fi\/wp-json\/wp\/v2\/media?parent=1546"}],"wp:term":[{"taxonomy":"product_brand","embeddable":true,"href":"https:\/\/pecbag.com\/fi\/wp-json\/wp\/v2\/product_brand?post=1546"},{"taxonomy":"product_cat","embeddable":true,"href":"https:\/\/pecbag.com\/fi\/wp-json\/wp\/v2\/product_cat?post=1546"},{"taxonomy":"product_tag","embeddable":true,"href":"https:\/\/pecbag.com\/fi\/wp-json\/wp\/v2\/product_tag?post=1546"}],"curies":[{"name":"wp","href":"https:\/\/api.w.org\/{rel}","templated":true}]}}