{"id":1553,"date":"2025-04-12T02:49:18","date_gmt":"2025-04-12T02:49:18","guid":{"rendered":"https:\/\/pecbag.com\/?post_type=product&#038;p=1553"},"modified":"2025-11-29T02:09:18","modified_gmt":"2025-11-29T02:09:18","slug":"china-messenger-bag-manufacturers","status":"publish","type":"product","link":"https:\/\/pecbag.com\/fi\/china-messenger-bag-manufacturers\/","title":{"rendered":"Kiina Messenger laukku valmistajat"},"content":{"rendered":"<h2 title=\"Kokoontaitettava koira laukku hengitt\u00e4v\u00e4 mesh lemmikkiel\u00e4inten olkalaukku pienille lemmikkiel\u00e4inten koirille kissoille\" data-immersive-translate-walked=\"1c928421-2e42-4cd3-8754-5404553c0af5\" data-immersive-translate-paragraph=\"1\" data-spm-anchor-id=\"a2700.details.0.i35.4f6757d4w4zNZA\">Top Tukku Kiina Messenger Bag valmistajat | Factory Direct &amp; Urban-Proof malleja<\/h2>\n<div class=\"flex flex-grow flex-col max-w-full\">\n<div class=\"min-h-[20px] text-message flex w-full flex-col items-end gap-2 whitespace-pre-wrap break-words [.text-message+&amp;]:mt-5 overflow-x-auto\" dir=\"auto\" data-message-author-role=\"assistant\" data-message-id=\"3d7d46f6-7ec2-4222-9257-48fa0bba23c6\" data-suggestions=\"true\">\n<div class=\"flex w-full flex-col gap-1 empty:hidden first:pt-[3px]\">\n<div class=\"markdown prose w-full break-words dark:prose-invert light\">\n<p>Tarvitaan kest\u00e4v\u00e4 <strong>Kiina messenger laukku valmistajat<\/strong>? Tarjoamme r\u00e4\u00e4t\u00e4l\u00f6ityj\u00e4 malleja, vedenpit\u00e4vi\u00e4 rakennuksia ja irtotavarana alennuksia. Nopea toimitus kuriirimerkkej\u00e4 varten. Pyyd\u00e4 ilmaisia n\u00e4ytteit\u00e4 nyt!<\/p>\n<table width=\"288\">\n<tbody>\n<tr>\n<td width=\"137\"><span style=\"color: #333333;\">Tuotteiden nimi<\/span><\/td>\n<td width=\"151\">Messenger laukku<\/td>\n<\/tr>\n<tr>\n<td><span style=\"color: #333333;\">Tuotenro.<\/span><\/td>\n<td><span style=\"color: #333333;\">PB-2019<\/span><\/td>\n<\/tr>\n<tr>\n<td><span style=\"color: #333333;\">Materiaali<\/span><\/td>\n<td>600D polyesteri<\/td>\n<\/tr>\n<tr>\n<td><span style=\"color: #333333;\">Koko<\/span><\/td>\n<td>25 x 8,5 x 13 cm<\/td>\n<\/tr>\n<tr>\n<td><span style=\"color: #333333;\">\u00a0Toimitusaika<\/span><\/td>\n<td><span style=\"color: #333333;\">1-5 p\u00e4iv\u00e4\u00e4 pienille m\u00e4\u00e4rille lentoteitse ja 30-35 p\u00e4iv\u00e4\u00e4 suurille m\u00e4\u00e4rille meritse.<\/span><\/td>\n<\/tr>\n<\/tbody>\n<\/table>\n<p>Johtavana <strong>Kiinan messenger laukku valmistajat<\/strong>, suunnittelemme kaupunkikovia laukkuja jakelukuljettajille, py\u00f6r\u00e4kuriireille ja kaupunkien ammattilaisille. Tehtaamme toimittaa:<br \/>\n\u2705 <strong>Tukkukauppa valmis<\/strong>: MOQ 200kpl volyymihinnoittelulla<br \/>\n\u2705 <strong>\u00c4lyk\u00e4s r\u00e4\u00e4t\u00e4l\u00f6inti<\/strong>: Lis\u00e4\u00e4 heijastinnauhoja, RFID-taskuja tai tablettihylsyj\u00e4.<br \/>\n\u2705 <strong>Stormproof Suorituskyky<\/strong>: 600D polyesteri + YKK vedenpit\u00e4v\u00e4t vetoketjut<\/p>\n<p><strong>Miksi logistiikkabr\u00e4ndit luottavat meihin:<\/strong><\/p>\n<ul>\n<li><strong>12+ vuoden asiantuntemus<\/strong>: Yhteisty\u00f6kumppanina DHL:n ja UPS:n toimittajien kanssa<\/li>\n<li><strong>Sertifioitu kest\u00e4vyys<\/strong>: 50,000+ kulutustesti\u00e4 &amp; 2 vuoden takuu.<\/li>\n<li><strong>Nopea l\u00e4pimenoaika<\/strong>: 18 p\u00e4iv\u00e4n tuotanto + lentotoimitus yli 70 maahan.<\/li>\n<\/ul>\n<p><strong>T\u00e4ydellinen:<\/strong><\/p>\n<ul>\n<li>Ruoan toimituksen aloittavat yritykset * Kampuksen postipalvelut * Yritysten ty\u00f6matkaliikenneohjelmat<\/li>\n<\/ul>\n<p><strong>Aja itsevarmasti t\u00e4n\u00e4\u00e4n:<\/strong><br \/>\n\ud83d\udc5c Ilmaiset 3D-mallinnukset suunnittelusta<br \/>\n\ud83d\udc5c Pehmustetut kannettavan tietokoneen lokerot ja ergonomiset hihnat<br \/>\n\ud83d\udc5c Alennukset 500+ yksik\u00f6n tilauksista<\/p>\n<\/div>\n<\/div>\n<\/div>\n<\/div>","protected":false},"excerpt":{"rendered":"<h2 data-immersive-translate-walked=\"344be1c1-5052-41eb-8fcd-0dbe236a0d6b\" data-immersive-translate-paragraph=\"1\">Kiina Messenger laukku valmistajat<\/h2>\n<p>Tarjoamme palkkio laukut t\u00e4yden koon ja v\u00e4rin r\u00e4\u00e4t\u00e4l\u00f6inti, kest\u00e4v\u00e4 kankaat, ja sertifioitu laatu.<\/p>\n<p>Nauti joustavista MOQ-arvoista, nopeasta maailmanlaajuisesta toimituksesta ja private label -ratkaisuista.<\/p>\n<p>Ota yhteytt\u00e4 jo t\u00e4n\u00e4\u00e4n!<\/p>","protected":false},"featured_media":1556,"template":"","meta":{"_uag_custom_page_level_css":""},"product_brand":[],"product_cat":[48],"product_tag":[],"class_list":{"0":"post-1553","1":"product","2":"type-product","3":"status-publish","4":"has-post-thumbnail","6":"product_cat-bike-bag","8":"first","9":"instock","10":"shipping-taxable","11":"product-type-simple"},"uagb_featured_image_src":{"full":["https:\/\/pecbag.com\/wp-content\/uploads\/2025\/04\/china-messenger-bag-manufacturers-1.jpg",1000,1000,false],"thumbnail":["https:\/\/pecbag.com\/wp-content\/uploads\/2025\/04\/china-messenger-bag-manufacturers-1-150x150.jpg",150,150,true],"medium":["https:\/\/pecbag.com\/wp-content\/uploads\/2025\/04\/china-messenger-bag-manufacturers-1-300x300.jpg",300,300,true],"medium_large":["https:\/\/pecbag.com\/wp-content\/uploads\/2025\/04\/china-messenger-bag-manufacturers-1-768x768.jpg",768,768,true],"large":["https:\/\/pecbag.com\/wp-content\/uploads\/2025\/04\/china-messenger-bag-manufacturers-1.jpg",800,800,false],"1536x1536":["https:\/\/pecbag.com\/wp-content\/uploads\/2025\/04\/china-messenger-bag-manufacturers-1.jpg",1000,1000,false],"2048x2048":["https:\/\/pecbag.com\/wp-content\/uploads\/2025\/04\/china-messenger-bag-manufacturers-1.jpg",1000,1000,false],"trp-custom-language-flag":["https:\/\/pecbag.com\/wp-content\/uploads\/2025\/04\/china-messenger-bag-manufacturers-1.jpg",12,12,false],"woocommerce_thumbnail":["https:\/\/pecbag.com\/wp-content\/uploads\/2025\/04\/china-messenger-bag-manufacturers-1-300x300.jpg",300,300,true],"woocommerce_single":["https:\/\/pecbag.com\/wp-content\/uploads\/2025\/04\/china-messenger-bag-manufacturers-1-600x600.jpg",600,600,true],"woocommerce_gallery_thumbnail":["https:\/\/pecbag.com\/wp-content\/uploads\/2025\/04\/china-messenger-bag-manufacturers-1-100x100.jpg",100,100,true]},"uagb_author_info":{"display_name":"Lawrence","author_link":"https:\/\/pecbag.com\/fi\/author\/"},"uagb_comment_info":0,"uagb_excerpt":"China Messenger Bag Manufacturers We provide premium bags with full-size and color customization, durable fabrics, and certified quality. Enjoy flexible MOQs, fast global shipping, and private label solutions. Contact us today!","_links":{"self":[{"href":"https:\/\/pecbag.com\/fi\/wp-json\/wp\/v2\/product\/1553","targetHints":{"allow":["GET"]}}],"collection":[{"href":"https:\/\/pecbag.com\/fi\/wp-json\/wp\/v2\/product"}],"about":[{"href":"https:\/\/pecbag.com\/fi\/wp-json\/wp\/v2\/types\/product"}],"wp:featuredmedia":[{"embeddable":true,"href":"https:\/\/pecbag.com\/fi\/wp-json\/wp\/v2\/media\/1556"}],"wp:attachment":[{"href":"https:\/\/pecbag.com\/fi\/wp-json\/wp\/v2\/media?parent=1553"}],"wp:term":[{"taxonomy":"product_brand","embeddable":true,"href":"https:\/\/pecbag.com\/fi\/wp-json\/wp\/v2\/product_brand?post=1553"},{"taxonomy":"product_cat","embeddable":true,"href":"https:\/\/pecbag.com\/fi\/wp-json\/wp\/v2\/product_cat?post=1553"},{"taxonomy":"product_tag","embeddable":true,"href":"https:\/\/pecbag.com\/fi\/wp-json\/wp\/v2\/product_tag?post=1553"}],"curies":[{"name":"wp","href":"https:\/\/api.w.org\/{rel}","templated":true}]}}