{"id":1560,"date":"2025-04-12T02:56:11","date_gmt":"2025-04-12T02:56:11","guid":{"rendered":"https:\/\/pecbag.com\/?post_type=product&#038;p=1560"},"modified":"2025-11-29T02:09:11","modified_gmt":"2025-11-29T02:09:11","slug":"oem-shoulder-bag-custom-style","status":"publish","type":"product","link":"https:\/\/pecbag.com\/fi\/oem-shoulder-bag-custom-style\/","title":{"rendered":"OEM olkalaukku Custom Style"},"content":{"rendered":"<h2 title=\"Kokoontaitettava koira laukku hengitt\u00e4v\u00e4 mesh lemmikkiel\u00e4inten olkalaukku pienille lemmikkiel\u00e4inten koirille kissoille\" data-immersive-translate-walked=\"1c928421-2e42-4cd3-8754-5404553c0af5\" data-immersive-translate-paragraph=\"1\" data-spm-anchor-id=\"a2700.details.0.i35.4f6757d4w4zNZA\">Luotettu OEM olkalaukku Factory | Tukku Custom tyylej\u00e4 &amp; Bulk hinnoittelu<\/h2>\n<div class=\"flex flex-grow flex-col max-w-full\">\n<div class=\"min-h-[20px] text-message flex w-full flex-col items-end gap-2 whitespace-pre-wrap break-words [.text-message+&amp;]:mt-5 overflow-x-auto\" dir=\"auto\" data-message-author-role=\"assistant\" data-message-id=\"3d7d46f6-7ec2-4222-9257-48fa0bba23c6\" data-suggestions=\"true\">\n<div class=\"flex w-full flex-col gap-1 empty:hidden first:pt-[3px]\">\n<div class=\"markdown prose w-full break-words dark:prose-invert light\">\n<p>Etsitk\u00f6 OEM olkalaukku valmistajat? Mukauta tyylej\u00e4, logoja ja kankaita tukkuhintaan. Alhainen MOQ, nopea toimitus ja 24\/7 suunnittelutuki. Hanki tehtaan suorat tarjoukset t\u00e4n\u00e4\u00e4n!<\/p>\n<table width=\"288\">\n<tbody>\n<tr>\n<td width=\"137\"><span style=\"color: #333333;\">Tuotteiden nimi<\/span><\/td>\n<td width=\"151\">Olkalaukku<\/td>\n<\/tr>\n<tr>\n<td><span style=\"color: #333333;\">Tuotenro.<\/span><\/td>\n<td><span style=\"color: #333333;\">PB-2020<\/span><\/td>\n<\/tr>\n<tr>\n<td><span style=\"color: #333333;\">Materiaali<\/span><\/td>\n<td>600D polyesteri<\/td>\n<\/tr>\n<tr>\n<td><span style=\"color: #333333;\">Koko<\/span><\/td>\n<td>45 x 18 x 24,4 cm<\/td>\n<\/tr>\n<tr>\n<td><span style=\"color: #333333;\">\u00a0Toimitusaika<\/span><\/td>\n<td><span style=\"color: #333333;\">1-5 p\u00e4iv\u00e4\u00e4 pienille m\u00e4\u00e4rille lentoteitse ja 30-35 p\u00e4iv\u00e4\u00e4 suurille m\u00e4\u00e4rille meritse.<\/span><\/td>\n<\/tr>\n<\/tbody>\n<\/table>\n<p>Johtavana\u00a0<strong>OEM olkalaukku tehdas<\/strong>, me muutamme br\u00e4ndiideasi laadukkaiksi, markkinakelpoisiksi tuotteiksi. Olitpa sitten startup-yritys tai maailmanlaajuinen v\u00e4hitt\u00e4ismyyj\u00e4, meid\u00e4n <strong>tukku custom tyylej\u00e4<\/strong>\u00a0mukautua tarpeisiisi.<\/p>\n<p><strong>Miksi tehd\u00e4 yhteisty\u00f6t\u00e4 kanssamme?<\/strong><br \/>\n\u2705\u00a0<strong>Suunnittelun vapaus<\/strong>:<\/p>\n<ul>\n<li>Mukautetut muodot, koot ja osastot<\/li>\n<li>Lis\u00e4\u00e4 br\u00e4ndilogoja\/kuvioita (kirjonta, painatus, laastarit).<\/li>\n<li>Valitse 120+ kankaasta (vegaaninahka, kierr\u00e4tetty polyesteri, vedenpit\u00e4v\u00e4 nailon).<\/li>\n<\/ul>\n<p>\u2705\u00a0<strong>Tukkuyst\u00e4v\u00e4lliset ehdot<\/strong>:<\/p>\n<ul>\n<li>MOQ 100 kpl - ihanteellinen pienille br\u00e4ndeille<\/li>\n<li>Joukkoalennukset yli 500 yksik\u00f6st\u00e4<\/li>\n<li>15 p\u00e4iv\u00e4n tuotanto + ovelta ovelle -toimitus (DHL\/FedEx)<\/li>\n<\/ul>\n<p>\u2705\u00a0<strong>Rakennettu kest\u00e4m\u00e4\u00e4n<\/strong>:<\/p>\n<ul>\n<li>Vahvistetut ompeleet ja liukastumista est\u00e4v\u00e4t olkahihnat<\/li>\n<li>RFID-turvalliset taskut ja piilotetut vetoketjut (p\u00e4ivitysvaihtoehto).<\/li>\n<li>L\u00e4p\u00e4isee ISO 9001 ja SGS:n kest\u00e4vyystestit.<\/li>\n<\/ul>\n<p><strong>Kuka k\u00e4ytt\u00e4\u00e4 laukkujamme?<\/strong><br \/>\n\u2714\ufe0f\u00a0<strong>Yritysasiakkaat<\/strong>: Mainoslahjat teknologiatapahtumiin<br \/>\n\u2714\ufe0f\u00a0<strong>Muotimerkit<\/strong>: Trendik\u00e4s crossbody laukut 2025 kokoelmat<br \/>\n\u2714\ufe0f\u00a0<strong>Ulkoilualan j\u00e4lleenmyyj\u00e4t<\/strong>: Vedenkest\u00e4v\u00e4t mallit retkeilyyn\/leirint\u00e4\u00e4n<\/p>\n<\/div>\n<\/div>\n<\/div>\n<\/div>","protected":false},"excerpt":{"rendered":"<h2 data-immersive-translate-walked=\"344be1c1-5052-41eb-8fcd-0dbe236a0d6b\" data-immersive-translate-paragraph=\"1\">OEM olkalaukku Custom Style<\/h2>\n<p>Tarjoamme palkkio laukut t\u00e4yden koon ja v\u00e4rin r\u00e4\u00e4t\u00e4l\u00f6inti, kest\u00e4v\u00e4 kankaat, ja sertifioitu laatu.<\/p>\n<p>Nauti joustavista MOQ-arvoista, nopeasta maailmanlaajuisesta toimituksesta ja private label -ratkaisuista.<\/p>\n<p>Ota yhteytt\u00e4 jo t\u00e4n\u00e4\u00e4n!<\/p>","protected":false},"featured_media":1561,"template":"","meta":{"_uag_custom_page_level_css":""},"product_brand":[],"product_cat":[64],"product_tag":[],"class_list":{"0":"post-1560","1":"product","2":"type-product","3":"status-publish","4":"has-post-thumbnail","6":"product_cat-shoulder-bag","8":"first","9":"instock","10":"shipping-taxable","11":"product-type-simple"},"uagb_featured_image_src":{"full":["https:\/\/pecbag.com\/wp-content\/uploads\/2025\/04\/OEM-Shoulder-Bag-Custom-Style-6.jpg",1601,2000,false],"thumbnail":["https:\/\/pecbag.com\/wp-content\/uploads\/2025\/04\/OEM-Shoulder-Bag-Custom-Style-6-150x150.jpg",150,150,true],"medium":["https:\/\/pecbag.com\/wp-content\/uploads\/2025\/04\/OEM-Shoulder-Bag-Custom-Style-6-240x300.jpg",240,300,true],"medium_large":["https:\/\/pecbag.com\/wp-content\/uploads\/2025\/04\/OEM-Shoulder-Bag-Custom-Style-6-768x959.jpg",768,959,true],"large":["https:\/\/pecbag.com\/wp-content\/uploads\/2025\/04\/OEM-Shoulder-Bag-Custom-Style-6-820x1024.jpg",800,999,true],"1536x1536":["https:\/\/pecbag.com\/wp-content\/uploads\/2025\/04\/OEM-Shoulder-Bag-Custom-Style-6-1230x1536.jpg",1230,1536,true],"2048x2048":["https:\/\/pecbag.com\/wp-content\/uploads\/2025\/04\/OEM-Shoulder-Bag-Custom-Style-6.jpg",1601,2000,false],"trp-custom-language-flag":["https:\/\/pecbag.com\/wp-content\/uploads\/2025\/04\/OEM-Shoulder-Bag-Custom-Style-6.jpg",10,12,false],"woocommerce_thumbnail":["https:\/\/pecbag.com\/wp-content\/uploads\/2025\/04\/OEM-Shoulder-Bag-Custom-Style-6-300x300.jpg",300,300,true],"woocommerce_single":["https:\/\/pecbag.com\/wp-content\/uploads\/2025\/04\/OEM-Shoulder-Bag-Custom-Style-6-600x750.jpg",600,750,true],"woocommerce_gallery_thumbnail":["https:\/\/pecbag.com\/wp-content\/uploads\/2025\/04\/OEM-Shoulder-Bag-Custom-Style-6-100x100.jpg",100,100,true]},"uagb_author_info":{"display_name":"Lawrence","author_link":"https:\/\/pecbag.com\/fi\/author\/"},"uagb_comment_info":0,"uagb_excerpt":"OEM Shoulder Bag Custom Style We provide premium bags with full-size and color customization, durable fabrics, and certified quality. Enjoy flexible MOQs, fast global shipping, and private label solutions. Contact us today!","_links":{"self":[{"href":"https:\/\/pecbag.com\/fi\/wp-json\/wp\/v2\/product\/1560","targetHints":{"allow":["GET"]}}],"collection":[{"href":"https:\/\/pecbag.com\/fi\/wp-json\/wp\/v2\/product"}],"about":[{"href":"https:\/\/pecbag.com\/fi\/wp-json\/wp\/v2\/types\/product"}],"wp:featuredmedia":[{"embeddable":true,"href":"https:\/\/pecbag.com\/fi\/wp-json\/wp\/v2\/media\/1561"}],"wp:attachment":[{"href":"https:\/\/pecbag.com\/fi\/wp-json\/wp\/v2\/media?parent=1560"}],"wp:term":[{"taxonomy":"product_brand","embeddable":true,"href":"https:\/\/pecbag.com\/fi\/wp-json\/wp\/v2\/product_brand?post=1560"},{"taxonomy":"product_cat","embeddable":true,"href":"https:\/\/pecbag.com\/fi\/wp-json\/wp\/v2\/product_cat?post=1560"},{"taxonomy":"product_tag","embeddable":true,"href":"https:\/\/pecbag.com\/fi\/wp-json\/wp\/v2\/product_tag?post=1560"}],"curies":[{"name":"wp","href":"https:\/\/api.w.org\/{rel}","templated":true}]}}