{"id":1574,"date":"2025-04-12T03:29:45","date_gmt":"2025-04-12T03:29:45","guid":{"rendered":"https:\/\/pecbag.com\/?post_type=product&#038;p=1574"},"modified":"2025-11-29T02:08:54","modified_gmt":"2025-11-29T02:08:54","slug":"surfboard-bag-manufacturers-china","status":"publish","type":"product","link":"https:\/\/pecbag.com\/fi\/surfboard-bag-manufacturers-china\/","title":{"rendered":"Surfboard laukku valmistajat Kiina"},"content":{"rendered":"<h2 title=\"Kokoontaitettava koira laukku hengitt\u00e4v\u00e4 mesh lemmikkiel\u00e4inten olkalaukku pienille lemmikkiel\u00e4inten koirille kissoille\" data-immersive-translate-walked=\"1c928421-2e42-4cd3-8754-5404553c0af5\" data-immersive-translate-paragraph=\"1\" data-spm-anchor-id=\"a2700.details.0.i35.4f6757d4w4zNZA\">Top Surfboard laukku valmistajat Kiina | Tukku Factory Custom &amp; Pehmustettu malleja<\/h2>\n<div class=\"flex flex-grow flex-col max-w-full\">\n<div class=\"min-h-[20px] text-message flex w-full flex-col items-end gap-2 whitespace-pre-wrap break-words [.text-message+&amp;]:mt-5 overflow-x-auto\" dir=\"auto\" data-message-author-role=\"assistant\" data-message-id=\"3d7d46f6-7ec2-4222-9257-48fa0bba23c6\" data-suggestions=\"true\">\n<div class=\"flex w-full flex-col gap-1 empty:hidden first:pt-[3px]\">\n<div class=\"markdown prose w-full break-words dark:prose-invert light\">\n<p>Etsit\u00e4\u00e4n\u00a0<strong>surffilauta laukku valmistajat Kiinassa<\/strong>? Tarjoamme vedenpit\u00e4vi\u00e4 malleja, irtotavarana alennuksia ja mukautettuja logoja. Nopea toimitus, alhainen MOQ &amp; 24\/7 tuki. Hanki ilmaisia n\u00e4ytteit\u00e4 nyt!<\/p>\n<table width=\"288\">\n<tbody>\n<tr>\n<td width=\"137\"><span style=\"color: #333333;\">Tuotteiden nimi<\/span><\/td>\n<td width=\"151\">Surfboard laukku<\/td>\n<\/tr>\n<tr>\n<td><span style=\"color: #333333;\">Tuotenro.<\/span><\/td>\n<td><span style=\"color: #333333;\">PB-2022<\/span><\/td>\n<\/tr>\n<tr>\n<td><span style=\"color: #333333;\">Materiaali<\/span><\/td>\n<td>600D Polyesteri + PP kudottu<\/td>\n<\/tr>\n<tr>\n<td><span style=\"color: #333333;\">\u00a0Koko ja v\u00e4ri<\/span><\/td>\n<td><span style=\"color: #333333;\">R\u00e4\u00e4t\u00e4l\u00f6ity<\/span><\/td>\n<\/tr>\n<tr>\n<td><span style=\"color: #333333;\">\u00a0Toimitusaika<\/span><\/td>\n<td><span style=\"color: #333333;\">1-5 p\u00e4iv\u00e4\u00e4 pienille m\u00e4\u00e4rille lentoteitse ja 30-35 p\u00e4iv\u00e4\u00e4 suurille m\u00e4\u00e4rille meritse.<\/span><\/td>\n<\/tr>\n<\/tbody>\n<\/table>\n<p>Johtavana\u00a0<strong>surffilauta laukku valmistajat Kiinassa<\/strong>, valmistamme raskaan suojan shortboardeille, longboardeille ja SUP-melaimille. Olitpa sitten surffausmerkki, vuokraamo tai j\u00e4lleenmyyj\u00e4, meid\u00e4n\u00a0<strong>tukkutehdas<\/strong>\u00a0toimittaa\u00a0<strong>custom surffilauta laukut<\/strong>\u00a0rakennettu kest\u00e4m\u00e4\u00e4n suolavett\u00e4, aurinkoa ja hiekkaseikkailuja.<\/p>\n<p><strong>Miksi valita meid\u00e4t?<\/strong><br \/>\n\u2705\u00a0<strong>Surf-Smart-suojaus<\/strong>:<\/p>\n<ul>\n<li>10mm vaahtomuovipehmuste + anti-UV 600D polyesteri<\/li>\n<li>Vedenpit\u00e4v\u00e4t YKK-vetoketjut ja vahvistetut ompeleet (IPX5-luokitus).<\/li>\n<li>Mukautetut koot (6' - 12' levyt) +\u00a0<strong>br\u00e4nd\u00e4ttyj\u00e4 logoja<\/strong>\u00a0(painatus\/kirjonta)<\/li>\n<\/ul>\n<p>\u2705\u00a0<strong>Tukkukaupan edut<\/strong>:<\/p>\n<ul>\n<li><strong>MOQ 100kpl<\/strong>\u00a0- ihanteellinen k\u00e4ynnistysvaiheessa ja pieniss\u00e4 eriss\u00e4<\/li>\n<li><strong>25% pois p\u00e4\u00e4lt\u00e4<\/strong>\u00a0yli 500 yksik\u00f6n tilaukset<\/li>\n<li><strong>15 p\u00e4iv\u00e4n tuotanto<\/strong>\u00a0+ lento- ja merikuljetukset globaaleihin surffauskeskuksiin<\/li>\n<\/ul>\n<p>\u2705\u00a0<strong>Rakennettu ammattilaisratsastajille<\/strong>:<\/p>\n<ul>\n<li>Nopeasti kuivuva sis\u00e4vuori est\u00e4\u00e4 homeen muodostumisen.<\/li>\n<li>S\u00e4\u00e4dett\u00e4v\u00e4t olkahihnat + varustetaskut<\/li>\n<li>L\u00e4p\u00e4issyt yli 10 000 kulutustesti\u00e4 (ISO 9001 sertifioitu).<\/li>\n<\/ul>\n<p><strong>Trusted By<\/strong>:<br \/>\n\ud83c\udfc4\u2642\ufe0f Surffikoulut Havaijilla ja Balilla<br \/>\n\ud83c\udfd6\ufe0f Rantakohteet Espanjassa ja Costa Ricassa<br \/>\n\ud83d\uded2 Ekotietoiset v\u00e4hitt\u00e4iskauppiaat kaikkialla Yhdysvalloissa\/EU:ssa<\/p>\n<\/div>\n<\/div>\n<\/div>\n<\/div>","protected":false},"excerpt":{"rendered":"<h2 data-immersive-translate-walked=\"344be1c1-5052-41eb-8fcd-0dbe236a0d6b\" data-immersive-translate-paragraph=\"1\">Surfboard laukku valmistajat Kiina<\/h2>\n<p>Tarjoamme palkkio laukut t\u00e4yden koon ja v\u00e4rin r\u00e4\u00e4t\u00e4l\u00f6inti, kest\u00e4v\u00e4 kankaat, ja sertifioitu laatu.<\/p>\n<p>Nauti joustavista MOQ-arvoista, nopeasta maailmanlaajuisesta toimituksesta ja private label -ratkaisuista.<\/p>\n<p>Ota yhteytt\u00e4 jo t\u00e4n\u00e4\u00e4n!<\/p>","protected":false},"featured_media":1582,"template":"","meta":{"_uag_custom_page_level_css":""},"product_brand":[],"product_cat":[47],"product_tag":[],"class_list":{"0":"post-1574","1":"product","2":"type-product","3":"status-publish","4":"has-post-thumbnail","6":"product_cat-surfboard-bag","8":"first","9":"instock","10":"shipping-taxable","11":"product-type-simple"},"uagb_featured_image_src":{"full":["https:\/\/pecbag.com\/wp-content\/uploads\/2025\/04\/Surfboard-Bag-Manufacturers-China-3.jpg",1200,1200,false],"thumbnail":["https:\/\/pecbag.com\/wp-content\/uploads\/2025\/04\/Surfboard-Bag-Manufacturers-China-3-150x150.jpg",150,150,true],"medium":["https:\/\/pecbag.com\/wp-content\/uploads\/2025\/04\/Surfboard-Bag-Manufacturers-China-3-300x300.jpg",300,300,true],"medium_large":["https:\/\/pecbag.com\/wp-content\/uploads\/2025\/04\/Surfboard-Bag-Manufacturers-China-3-768x768.jpg",768,768,true],"large":["https:\/\/pecbag.com\/wp-content\/uploads\/2025\/04\/Surfboard-Bag-Manufacturers-China-3-1024x1024.jpg",800,800,true],"1536x1536":["https:\/\/pecbag.com\/wp-content\/uploads\/2025\/04\/Surfboard-Bag-Manufacturers-China-3.jpg",1200,1200,false],"2048x2048":["https:\/\/pecbag.com\/wp-content\/uploads\/2025\/04\/Surfboard-Bag-Manufacturers-China-3.jpg",1200,1200,false],"trp-custom-language-flag":["https:\/\/pecbag.com\/wp-content\/uploads\/2025\/04\/Surfboard-Bag-Manufacturers-China-3.jpg",12,12,false],"woocommerce_thumbnail":["https:\/\/pecbag.com\/wp-content\/uploads\/2025\/04\/Surfboard-Bag-Manufacturers-China-3-300x300.jpg",300,300,true],"woocommerce_single":["https:\/\/pecbag.com\/wp-content\/uploads\/2025\/04\/Surfboard-Bag-Manufacturers-China-3-600x600.jpg",600,600,true],"woocommerce_gallery_thumbnail":["https:\/\/pecbag.com\/wp-content\/uploads\/2025\/04\/Surfboard-Bag-Manufacturers-China-3-100x100.jpg",100,100,true]},"uagb_author_info":{"display_name":"Lawrence","author_link":"https:\/\/pecbag.com\/fi\/author\/"},"uagb_comment_info":0,"uagb_excerpt":"Surfboard Bag Manufacturers China We provide premium bags with full-size and color customization, durable fabrics, and certified quality. Enjoy flexible MOQs, fast global shipping, and private label solutions. Contact us today!","_links":{"self":[{"href":"https:\/\/pecbag.com\/fi\/wp-json\/wp\/v2\/product\/1574","targetHints":{"allow":["GET"]}}],"collection":[{"href":"https:\/\/pecbag.com\/fi\/wp-json\/wp\/v2\/product"}],"about":[{"href":"https:\/\/pecbag.com\/fi\/wp-json\/wp\/v2\/types\/product"}],"wp:featuredmedia":[{"embeddable":true,"href":"https:\/\/pecbag.com\/fi\/wp-json\/wp\/v2\/media\/1582"}],"wp:attachment":[{"href":"https:\/\/pecbag.com\/fi\/wp-json\/wp\/v2\/media?parent=1574"}],"wp:term":[{"taxonomy":"product_brand","embeddable":true,"href":"https:\/\/pecbag.com\/fi\/wp-json\/wp\/v2\/product_brand?post=1574"},{"taxonomy":"product_cat","embeddable":true,"href":"https:\/\/pecbag.com\/fi\/wp-json\/wp\/v2\/product_cat?post=1574"},{"taxonomy":"product_tag","embeddable":true,"href":"https:\/\/pecbag.com\/fi\/wp-json\/wp\/v2\/product_tag?post=1574"}],"curies":[{"name":"wp","href":"https:\/\/api.w.org\/{rel}","templated":true}]}}