{"id":1583,"date":"2025-04-12T03:43:51","date_gmt":"2025-04-12T03:43:51","guid":{"rendered":"https:\/\/pecbag.com\/?post_type=product&#038;p=1583"},"modified":"2025-11-29T02:08:47","modified_gmt":"2025-11-29T02:08:47","slug":"camouflage-tactical-bag-manufacturer","status":"publish","type":"product","link":"https:\/\/pecbag.com\/fi\/camouflage-tactical-bag-manufacturer\/","title":{"rendered":"Camouflage taktinen laukku valmistaja"},"content":{"rendered":"<h2 title=\"Kokoontaitettava koira laukku hengitt\u00e4v\u00e4 mesh lemmikkiel\u00e4inten olkalaukku pienille lemmikkiel\u00e4inten koirille kissoille\" data-immersive-translate-walked=\"1c928421-2e42-4cd3-8754-5404553c0af5\" data-immersive-translate-paragraph=\"1\" data-spm-anchor-id=\"a2700.details.0.i35.4f6757d4w4zNZA\">Luotettu Camouflage taktinen laukku valmistaja | Tukku tehdas Military-Grade Custom Designs<\/h2>\n<div class=\"flex flex-grow flex-col max-w-full\">\n<div class=\"min-h-[20px] text-message flex w-full flex-col items-end gap-2 whitespace-pre-wrap break-words [.text-message+&amp;]:mt-5 overflow-x-auto\" dir=\"auto\" data-message-author-role=\"assistant\" data-message-id=\"3d7d46f6-7ec2-4222-9257-48fa0bba23c6\" data-suggestions=\"true\">\n<div class=\"flex w-full flex-col gap-1 empty:hidden first:pt-[3px]\">\n<div class=\"markdown prose w-full break-words dark:prose-invert light\">\n<p>Tarvitaan kest\u00e4v\u00e4\u00a0<strong>naamiointi taktinen laukku valmistajat<\/strong>? Tarjoamme MIL-SPEC-malleja, bulkkihinnoittelua ja mukautettuja logoja. Alhainen MOQ, nopea toimitus ja ilmaiset n\u00e4ytteet. Tee yhteisty\u00f6t\u00e4 sertifioidun tehtaan kanssa jo t\u00e4n\u00e4\u00e4n!<\/p>\n<table width=\"288\">\n<tbody>\n<tr>\n<td width=\"137\"><span style=\"color: #333333;\">Tuotteiden nimi<\/span><\/td>\n<td width=\"151\">Taktinen laukku<\/td>\n<\/tr>\n<tr>\n<td><span style=\"color: #333333;\">Tuotenro.<\/span><\/td>\n<td><span style=\"color: #333333;\">PB-2023<\/span><\/td>\n<\/tr>\n<tr>\n<td><span style=\"color: #333333;\">Materiaali<\/span><\/td>\n<td>600D polyesteri<\/td>\n<\/tr>\n<tr>\n<td><span style=\"color: #333333;\">Koko<\/span><\/td>\n<td>30*15*52cm<\/td>\n<\/tr>\n<tr>\n<td><span style=\"color: #333333;\">\u00a0Toimitusaika<\/span><\/td>\n<td><span style=\"color: #333333;\">1-5 p\u00e4iv\u00e4\u00e4 pienille m\u00e4\u00e4rille lentoteitse ja 30-35 p\u00e4iv\u00e4\u00e4 suurille m\u00e4\u00e4rille meritse.<\/span><\/td>\n<\/tr>\n<\/tbody>\n<\/table>\n<p>Johtavana\u00a0<strong>naamiointi taktinen laukku valmistaja<\/strong>, suunnittelemme varusteita, joihin sotilasyksik\u00f6t, ulkoilmamerkit ja selviytymisasiantuntijat luottavat. Meid\u00e4n\u00a0<strong>tukkutehdas<\/strong>\u00a0tuottaa\u00a0<strong>mukautetut taktiset laukut<\/strong>\u00a0suunniteltu sulautumaan metsiin, aavikoille ja kaupunkiviidakoihin - ja selviytym\u00e4\u00e4n samalla vaikeimmista teht\u00e4vist\u00e4.<\/p>\n<p><strong>Miksi ty\u00f6skennell\u00e4 kanssamme?<\/strong><br \/>\n\u2705\u00a0<strong>Sotilasluokan laatu<\/strong>:<\/p>\n<ul>\n<li><strong>500D Cordura\u00ae kangas<\/strong>\u00a0- repim\u00e4t\u00f6n ja s\u00e4\u00e4nkest\u00e4v\u00e4<\/li>\n<li><strong>MOLLE-hihna<\/strong>\u00a0modulaarisia kiinnityksi\u00e4 varten (muokattavissa olevat asettelut)<\/li>\n<li><strong>IP67 vedenpit\u00e4v\u00e4t vetoketjut<\/strong>\u00a0+ vahvistetut j\u00e4nnityskohdat<\/li>\n<\/ul>\n<p>\u2705\u00a0<strong>Tukkukaupan edut<\/strong>:<\/p>\n<ul>\n<li><strong>MOQ 150kpl<\/strong>\u00a0- sopii t\u00e4ydellisesti aloittaville yrityksille ja pienille tilauksille<\/li>\n<li><strong>20% pois p\u00e4\u00e4lt\u00e4<\/strong>\u00a0yli 500 yksik\u00f6n tilaukset<\/li>\n<li><strong>18 p\u00e4iv\u00e4n tuotanto<\/strong>\u00a0+ lento- ja merikuljetukset yli 60 maahan.<\/li>\n<\/ul>\n<p>\u2705\u00a0<strong>Taisteluvalmiit ominaisuudet<\/strong>:<\/p>\n<ul>\n<li><strong>IR-kest\u00e4v\u00e4t naamiointikuviot<\/strong>\u00a0(Woodland, Digital, Multicam)<\/li>\n<li><strong>Juomarakko-osastot<\/strong>\u00a0+ piilotetut kantotaskut<\/li>\n<li><strong>Testattu MIL-STD-810G:n mukaisesti.<\/strong>\u00a0standardit (hankaus-, UV- ja vesialtistus)<\/li>\n<\/ul>\n<p><strong>Trusted By<\/strong>:<br \/>\n\ud83d\udd2b Sotilaalliset tavarantoimittajat Yhdysvaltojen ja Naton alueilla<br \/>\n\ud83c\udf32 Mets\u00e4stysv\u00e4lineiden tuotemerkit Kanadassa ja Skandinaviassa<br \/>\n\ud83d\ude81 Katastrofiavun kansalaisj\u00e4rjest\u00f6t maailmanlaajuisesti<\/p>\n<\/div>\n<\/div>\n<\/div>\n<\/div>","protected":false},"excerpt":{"rendered":"<h2 data-immersive-translate-walked=\"344be1c1-5052-41eb-8fcd-0dbe236a0d6b\" data-immersive-translate-paragraph=\"1\">Camouflage taktinen laukku valmistaja<\/h2>\n<p>Tarjoamme palkkio laukut t\u00e4yden koon ja v\u00e4rin r\u00e4\u00e4t\u00e4l\u00f6inti, kest\u00e4v\u00e4 kankaat, ja sertifioitu laatu.<\/p>\n<p>Nauti joustavista MOQ-arvoista, nopeasta maailmanlaajuisesta toimituksesta ja private label -ratkaisuista.<\/p>\n<p>Ota yhteytt\u00e4 jo t\u00e4n\u00e4\u00e4n!<\/p>","protected":false},"featured_media":1586,"template":"","meta":{"_uag_custom_page_level_css":""},"product_brand":[],"product_cat":[55],"product_tag":[],"class_list":{"0":"post-1583","1":"product","2":"type-product","3":"status-publish","4":"has-post-thumbnail","6":"product_cat-tactical-bag","8":"first","9":"instock","10":"shipping-taxable","11":"product-type-simple"},"uagb_featured_image_src":{"full":["https:\/\/pecbag.com\/wp-content\/uploads\/2025\/04\/Tactical-Bag-6.jpg",1600,1600,false],"thumbnail":["https:\/\/pecbag.com\/wp-content\/uploads\/2025\/04\/Tactical-Bag-6-150x150.jpg",150,150,true],"medium":["https:\/\/pecbag.com\/wp-content\/uploads\/2025\/04\/Tactical-Bag-6-300x300.jpg",300,300,true],"medium_large":["https:\/\/pecbag.com\/wp-content\/uploads\/2025\/04\/Tactical-Bag-6-768x768.jpg",768,768,true],"large":["https:\/\/pecbag.com\/wp-content\/uploads\/2025\/04\/Tactical-Bag-6-1024x1024.jpg",800,800,true],"1536x1536":["https:\/\/pecbag.com\/wp-content\/uploads\/2025\/04\/Tactical-Bag-6-1536x1536.jpg",1536,1536,true],"2048x2048":["https:\/\/pecbag.com\/wp-content\/uploads\/2025\/04\/Tactical-Bag-6.jpg",1600,1600,false],"trp-custom-language-flag":["https:\/\/pecbag.com\/wp-content\/uploads\/2025\/04\/Tactical-Bag-6.jpg",12,12,false],"woocommerce_thumbnail":["https:\/\/pecbag.com\/wp-content\/uploads\/2025\/04\/Tactical-Bag-6-300x300.jpg",300,300,true],"woocommerce_single":["https:\/\/pecbag.com\/wp-content\/uploads\/2025\/04\/Tactical-Bag-6-600x600.jpg",600,600,true],"woocommerce_gallery_thumbnail":["https:\/\/pecbag.com\/wp-content\/uploads\/2025\/04\/Tactical-Bag-6-100x100.jpg",100,100,true]},"uagb_author_info":{"display_name":"Lawrence","author_link":"https:\/\/pecbag.com\/fi\/author\/"},"uagb_comment_info":0,"uagb_excerpt":"Camouflage Tactical Bag Manufacturer We provide premium bags with full-size and color customization, durable fabrics, and certified quality. Enjoy flexible MOQs, fast global shipping, and private label solutions. Contact us today!","_links":{"self":[{"href":"https:\/\/pecbag.com\/fi\/wp-json\/wp\/v2\/product\/1583","targetHints":{"allow":["GET"]}}],"collection":[{"href":"https:\/\/pecbag.com\/fi\/wp-json\/wp\/v2\/product"}],"about":[{"href":"https:\/\/pecbag.com\/fi\/wp-json\/wp\/v2\/types\/product"}],"wp:featuredmedia":[{"embeddable":true,"href":"https:\/\/pecbag.com\/fi\/wp-json\/wp\/v2\/media\/1586"}],"wp:attachment":[{"href":"https:\/\/pecbag.com\/fi\/wp-json\/wp\/v2\/media?parent=1583"}],"wp:term":[{"taxonomy":"product_brand","embeddable":true,"href":"https:\/\/pecbag.com\/fi\/wp-json\/wp\/v2\/product_brand?post=1583"},{"taxonomy":"product_cat","embeddable":true,"href":"https:\/\/pecbag.com\/fi\/wp-json\/wp\/v2\/product_cat?post=1583"},{"taxonomy":"product_tag","embeddable":true,"href":"https:\/\/pecbag.com\/fi\/wp-json\/wp\/v2\/product_tag?post=1583"}],"curies":[{"name":"wp","href":"https:\/\/api.w.org\/{rel}","templated":true}]}}