{"id":1600,"date":"2025-04-12T03:52:43","date_gmt":"2025-04-12T03:52:43","guid":{"rendered":"https:\/\/pecbag.com\/?post_type=product&#038;p=1600"},"modified":"2025-11-29T02:08:33","modified_gmt":"2025-11-29T02:08:33","slug":"travel-makeup-bag-gactory","status":"publish","type":"product","link":"https:\/\/pecbag.com\/fi\/travel-makeup-bag-gactory\/","title":{"rendered":"Matkailu meikkilaukku Gactory"},"content":{"rendered":"<h2 title=\"Kokoontaitettava koira laukku hengitt\u00e4v\u00e4 mesh lemmikkiel\u00e4inten olkalaukku pienille lemmikkiel\u00e4inten koirille kissoille\" data-immersive-translate-walked=\"1c928421-2e42-4cd3-8754-5404553c0af5\" data-immersive-translate-paragraph=\"1\" data-spm-anchor-id=\"a2700.details.0.i35.4f6757d4w4zNZA\">Top Travel Makeup Bag Factory | Tukku Custom Cosmetic j\u00e4rjest\u00e4j\u00e4t kauneus tuotemerkit<\/h2>\n<div class=\"flex flex-grow flex-col max-w-full\">\n<div class=\"min-h-[20px] text-message flex w-full flex-col items-end gap-2 whitespace-pre-wrap break-words [.text-message+&amp;]:mt-5 overflow-x-auto\" dir=\"auto\" data-message-author-role=\"assistant\" data-message-id=\"3d7d46f6-7ec2-4222-9257-48fa0bba23c6\" data-suggestions=\"true\">\n<div class=\"flex w-full flex-col gap-1 empty:hidden first:pt-[3px]\">\n<div class=\"markdown prose w-full break-words dark:prose-invert light\">\n<p>Tarvitsetko\u00a0<strong>matka meikkilaukku tehdas<\/strong>? Tarjoamme tyylikk\u00e4it\u00e4, vedenpit\u00e4vi\u00e4 malleja, irtotavarana alennuksia ja nopeaa toimitusta. Alhainen MOQ &amp; ilmainen logopainatus. Pyyd\u00e4 ilmaisia n\u00e4ytteit\u00e4 + 3D mockups t\u00e4n\u00e4\u00e4n!<\/p>\n<table width=\"288\">\n<tbody>\n<tr>\n<td width=\"137\"><span style=\"color: #333333;\">Tuotteiden nimi<\/span><\/td>\n<td width=\"151\">Matkalaukku<\/td>\n<\/tr>\n<tr>\n<td><span style=\"color: #333333;\">Tuotenro.<\/span><\/td>\n<td><span style=\"color: #333333;\">PB-2025<\/span><\/td>\n<\/tr>\n<tr>\n<td><span style=\"color: #333333;\">Materiaali<\/span><\/td>\n<td>Polyesteri<\/td>\n<\/tr>\n<tr>\n<td><span style=\"color: #333333;\">\u00a0Koko ja v\u00e4ri<\/span><\/td>\n<td>21*10.5*11.5 tuumaa<\/td>\n<\/tr>\n<tr>\n<td><span style=\"color: #333333;\">\u00a0Toimitusaika<\/span><\/td>\n<td><span style=\"color: #333333;\">1-5 p\u00e4iv\u00e4\u00e4 pienille m\u00e4\u00e4rille lentoteitse ja 30-35 p\u00e4iv\u00e4\u00e4 suurille m\u00e4\u00e4rille meritse.<\/span><\/td>\n<\/tr>\n<\/tbody>\n<\/table>\n<p>Johtavana\u00a0<strong>matka meikkilaukku tehdas<\/strong>\u00a0Kiinassa valmistamme tyylikk\u00e4it\u00e4 j\u00e4rjestelij\u00f6it\u00e4 kosmetiikalle, siveltimille ja ihonhoitotuotteille. T\u00e4ydelliset kauneusbr\u00e4ndeille, hotelleille ja lahjojen v\u00e4hitt\u00e4ismyyjille - meid\u00e4n\u00a0<strong>tukku custom meikki pussit<\/strong>\u00a0pit\u00e4\u00e4 tuotteet turvassa, tyylikk\u00e4\u00e4n\u00e4 ja matkavalmiina.<\/p>\n<p><strong>Miksi valita meid\u00e4t?<\/strong><br \/>\n\u2705\u00a0<strong>\u00c4lyk\u00e4s r\u00e4\u00e4t\u00e4l\u00f6inti<\/strong>:<\/p>\n<ul>\n<li>Lis\u00e4\u00e4\u00a0<strong>tuotemerkkien logot<\/strong>\u00a0(kirjonta, folioleimaus tai laserkaiverrus).<\/li>\n<li>Valitse 80+ kankaasta (vedenpit\u00e4v\u00e4 PU, vegaaninahka, ymp\u00e4rist\u00f6yst\u00e4v\u00e4llinen kierr\u00e4tetty polyesteri).<\/li>\n<li>Mukautetut lokerot (harja-aukot, peilitaskut, irrotettavat pussit).<\/li>\n<\/ul>\n<p>\u2705\u00a0<strong>Tukkuedut<\/strong>:<\/p>\n<ul>\n<li><strong>MOQ 100kpl<\/strong>\u00a0- ihanteellinen aloitteleville yrityksille ja pienille tilauksille<\/li>\n<li><strong>25% pois p\u00e4\u00e4lt\u00e4<\/strong>\u00a0irtotilaukset (yli 500 kpl)<\/li>\n<li><strong>12 p\u00e4iv\u00e4n tuotanto<\/strong>\u00a0+ ilmakuljetus Yhdysvaltoihin\/EU:hun\/Aasiaan.<\/li>\n<\/ul>\n<p>\u2705\u00a0<strong>Matkustustestattu kest\u00e4vyys<\/strong>:<\/p>\n<ul>\n<li><strong>Vedenpit\u00e4v\u00e4t vetoketjut<\/strong>\u00a0+ pyyhkim\u00e4ll\u00e4 puhdistettavat vuoraukset (ei roiskeita tai tahroja!).<\/li>\n<li><strong>TSA-yst\u00e4v\u00e4lliset koot<\/strong> (sopii k\u00e4simatkatavaroihin)<\/li>\n<li>L\u00e4p\u00e4issyt yli 10 000 zip-syklitesti\u00e4 (ISO 9001-sertifioitu).<\/li>\n<\/ul>\n<p><strong>Trusted By<\/strong>:<br \/>\n\ud83d\udc84 Kauneuden j\u00e4ttil\u00e4iset kuten GlowLab &amp; PureSkin<br \/>\n\ud83c\udfe8 Luksushotelliketjut Dubaissa ja Pariisissa<br \/>\n\ud83c\udf81 Lahjatoimittajat lentoyhti\u00f6ille ja VIP-tapahtumille<\/p>\n<\/div>\n<\/div>\n<\/div>\n<\/div>","protected":false},"excerpt":{"rendered":"<h2 data-immersive-translate-walked=\"344be1c1-5052-41eb-8fcd-0dbe236a0d6b\" data-immersive-translate-paragraph=\"1\">Matkailu meikkilaukku Gactory<\/h2>\n<p>Tarjoamme palkkio laukut t\u00e4yden koon ja v\u00e4rin r\u00e4\u00e4t\u00e4l\u00f6inti, kest\u00e4v\u00e4 kankaat, ja sertifioitu laatu.<\/p>\n<p>Nauti joustavista MOQ-arvoista, nopeasta maailmanlaajuisesta toimituksesta ja private label -ratkaisuista.<\/p>\n<p>Ota yhteytt\u00e4 jo t\u00e4n\u00e4\u00e4n!<\/p>","protected":false},"featured_media":1604,"template":"","meta":{"_uag_custom_page_level_css":""},"product_brand":[],"product_cat":[68],"product_tag":[],"class_list":{"0":"post-1600","1":"product","2":"type-product","3":"status-publish","4":"has-post-thumbnail","6":"product_cat-travel-bag","8":"first","9":"instock","10":"shipping-taxable","11":"product-type-simple"},"uagb_featured_image_src":{"full":["https:\/\/pecbag.com\/wp-content\/uploads\/2025\/04\/Travel-Makeup-Bag-Gactory-2.jpg",1000,1000,false],"thumbnail":["https:\/\/pecbag.com\/wp-content\/uploads\/2025\/04\/Travel-Makeup-Bag-Gactory-2-150x150.jpg",150,150,true],"medium":["https:\/\/pecbag.com\/wp-content\/uploads\/2025\/04\/Travel-Makeup-Bag-Gactory-2-300x300.jpg",300,300,true],"medium_large":["https:\/\/pecbag.com\/wp-content\/uploads\/2025\/04\/Travel-Makeup-Bag-Gactory-2-768x768.jpg",768,768,true],"large":["https:\/\/pecbag.com\/wp-content\/uploads\/2025\/04\/Travel-Makeup-Bag-Gactory-2.jpg",800,800,false],"1536x1536":["https:\/\/pecbag.com\/wp-content\/uploads\/2025\/04\/Travel-Makeup-Bag-Gactory-2.jpg",1000,1000,false],"2048x2048":["https:\/\/pecbag.com\/wp-content\/uploads\/2025\/04\/Travel-Makeup-Bag-Gactory-2.jpg",1000,1000,false],"trp-custom-language-flag":["https:\/\/pecbag.com\/wp-content\/uploads\/2025\/04\/Travel-Makeup-Bag-Gactory-2.jpg",12,12,false],"woocommerce_thumbnail":["https:\/\/pecbag.com\/wp-content\/uploads\/2025\/04\/Travel-Makeup-Bag-Gactory-2-300x300.jpg",300,300,true],"woocommerce_single":["https:\/\/pecbag.com\/wp-content\/uploads\/2025\/04\/Travel-Makeup-Bag-Gactory-2-600x600.jpg",600,600,true],"woocommerce_gallery_thumbnail":["https:\/\/pecbag.com\/wp-content\/uploads\/2025\/04\/Travel-Makeup-Bag-Gactory-2-100x100.jpg",100,100,true]},"uagb_author_info":{"display_name":"Lawrence","author_link":"https:\/\/pecbag.com\/fi\/author\/"},"uagb_comment_info":0,"uagb_excerpt":"Travel Makeup Bag Gactory We provide premium bags with full-size and color customization, durable fabrics, and certified quality. Enjoy flexible MOQs, fast global shipping, and private label solutions. Contact us today!","_links":{"self":[{"href":"https:\/\/pecbag.com\/fi\/wp-json\/wp\/v2\/product\/1600","targetHints":{"allow":["GET"]}}],"collection":[{"href":"https:\/\/pecbag.com\/fi\/wp-json\/wp\/v2\/product"}],"about":[{"href":"https:\/\/pecbag.com\/fi\/wp-json\/wp\/v2\/types\/product"}],"wp:featuredmedia":[{"embeddable":true,"href":"https:\/\/pecbag.com\/fi\/wp-json\/wp\/v2\/media\/1604"}],"wp:attachment":[{"href":"https:\/\/pecbag.com\/fi\/wp-json\/wp\/v2\/media?parent=1600"}],"wp:term":[{"taxonomy":"product_brand","embeddable":true,"href":"https:\/\/pecbag.com\/fi\/wp-json\/wp\/v2\/product_brand?post=1600"},{"taxonomy":"product_cat","embeddable":true,"href":"https:\/\/pecbag.com\/fi\/wp-json\/wp\/v2\/product_cat?post=1600"},{"taxonomy":"product_tag","embeddable":true,"href":"https:\/\/pecbag.com\/fi\/wp-json\/wp\/v2\/product_tag?post=1600"}],"curies":[{"name":"wp","href":"https:\/\/api.w.org\/{rel}","templated":true}]}}