{"id":1606,"date":"2025-04-12T03:56:38","date_gmt":"2025-04-12T03:56:38","guid":{"rendered":"https:\/\/pecbag.com\/?post_type=product&#038;p=1606"},"modified":"2025-11-29T02:07:41","modified_gmt":"2025-11-29T02:07:41","slug":"waterproof-cooler-bag-manufacturers","status":"publish","type":"product","link":"https:\/\/pecbag.com\/fi\/waterproof-cooler-bag-manufacturers\/","title":{"rendered":"Vedenpit\u00e4v\u00e4 j\u00e4\u00e4hdytin laukku valmistajat"},"content":{"rendered":"<h2 title=\"Kokoontaitettava koira laukku hengitt\u00e4v\u00e4 mesh lemmikkiel\u00e4inten olkalaukku pienille lemmikkiel\u00e4inten koirille kissoille\" data-immersive-translate-walked=\"1c928421-2e42-4cd3-8754-5404553c0af5\" data-immersive-translate-paragraph=\"1\" data-spm-anchor-id=\"a2700.details.0.i35.4f6757d4w4zNZA\">Top tukku vedenpit\u00e4v\u00e4 j\u00e4\u00e4hdytin laukku valmistajat | Factory Direct &amp; Ice-Ready malleja<\/h2>\n<div class=\"flex flex-grow flex-col max-w-full\">\n<div class=\"min-h-[20px] text-message flex w-full flex-col items-end gap-2 whitespace-pre-wrap break-words [.text-message+&amp;]:mt-5 overflow-x-auto\" dir=\"auto\" data-message-author-role=\"assistant\" data-message-id=\"3d7d46f6-7ec2-4222-9257-48fa0bba23c6\" data-suggestions=\"true\">\n<div class=\"flex w-full flex-col gap-1 empty:hidden first:pt-[3px]\">\n<div class=\"markdown prose w-full break-words dark:prose-invert light\">\n<p>Tarvitaan luotettava\u00a0<strong>vedenpit\u00e4v\u00e4 j\u00e4\u00e4hdytin laukku valmistajat<\/strong>? Tarjoamme r\u00e4\u00e4t\u00e4l\u00f6ityj\u00e4 malleja, irtotavarana hinnoittelua ja 48 tunnin j\u00e4\u00e4n s\u00e4ilytt\u00e4mist\u00e4. Alhainen MOQ &amp; nopea maailmanlaajuinen toimitus. Pyyd\u00e4 ilmaisia n\u00e4ytteit\u00e4 nyt!<\/p>\n<table width=\"288\">\n<tbody>\n<tr>\n<td width=\"137\"><span style=\"color: #333333;\">Tuotteiden nimi<\/span><\/td>\n<td width=\"151\">Vedenpit\u00e4v\u00e4 laukku<\/td>\n<\/tr>\n<tr>\n<td><span style=\"color: #333333;\">Tuotenro.<\/span><\/td>\n<td><span style=\"color: #333333;\">PB-2026<\/span><\/td>\n<\/tr>\n<tr>\n<td><span style=\"color: #333333;\">Materiaali<\/span><\/td>\n<td><span style=\"color: #333333;\">Puuvilla, polyesteri, fleece<\/span><\/td>\n<\/tr>\n<tr>\n<td><span style=\"color: #333333;\">\u00a0Koko ja v\u00e4ri<\/span><\/td>\n<td><span style=\"color: #333333;\">R\u00e4\u00e4t\u00e4l\u00f6ity<\/span><\/td>\n<\/tr>\n<tr>\n<td><span style=\"color: #333333;\">\u00a0Toimitusaika<\/span><\/td>\n<td><span style=\"color: #333333;\">1-5 p\u00e4iv\u00e4\u00e4 pienille m\u00e4\u00e4rille lentoteitse ja 30-35 p\u00e4iv\u00e4\u00e4 suurille m\u00e4\u00e4rille meritse.<\/span><\/td>\n<\/tr>\n<\/tbody>\n<\/table>\n<p>Kuten luotettu\u00a0<strong>vedenpit\u00e4v\u00e4 j\u00e4\u00e4hdytin laukku valmistajat<\/strong>, suunnittelemme raskaita eristeit\u00e4 juomabr\u00e4ndeille, ruokarekoille ja ulkoilmakauppiaille. Meid\u00e4n\u00a0<strong>tukkutehdas<\/strong>\u00a0toimittaa\u00a0<strong>mukautetut kylm\u00e4laukut<\/strong>\u00a0jotka lukitsevat kylmyyden seikkailuja, toimituksia ja rantap\u00e4ivi\u00e4 varten - satoi tai paistoi!<\/p>\n<p><strong>Miksi tehd\u00e4 yhteisty\u00f6t\u00e4 kanssamme?<\/strong><br \/>\n\u2705\u00a0<strong>Ice Armor Tech<\/strong>:<\/p>\n<ul>\n<li><strong>3-kerroksinen eristys<\/strong>\u00a0(48 tunnin kylm\u00e4nkesto)<\/li>\n<li><strong>Vedenpit\u00e4v\u00e4 TPU-vuori<\/strong>\u00a0+ vuotamattomia vetoketjuja (IPX6-luokiteltu)<\/li>\n<li><strong>FDA-hyv\u00e4ksytty elintarvikelaatuinen<\/strong>\u00a0sis\u00e4kangas<\/li>\n<\/ul>\n<p>\u2705\u00a0<strong>Tukkukaupan edut<\/strong>:<\/p>\n<ul>\n<li><strong>MOQ 200kpl<\/strong>\u00a0- ihanteellinen startup-yrityksille ja pienille br\u00e4ndeille<\/li>\n<li><strong>30% pois p\u00e4\u00e4lt\u00e4<\/strong>\u00a0yli 500 yksik\u00f6n tilaukset<\/li>\n<li><strong>15 p\u00e4iv\u00e4n tuotanto<\/strong>\u00a0+ lento-\/merikuljetukset (DHL\/FedEx)<\/li>\n<\/ul>\n<p>\u2705\u00a0<strong>Mukauta j\u00e4\u00e4hdyttimesi<\/strong>:<\/p>\n<ul>\n<li>Lis\u00e4\u00e4\u00a0<strong>tuotemerkkien logot<\/strong>\u00a0(silkkipaino, kirjonta tai PVC-laastarit)<\/li>\n<li>Valitse koot (6-purkista 50 litraan) + v\u00e4rit (neon, camo, l\u00e4pin\u00e4kyv\u00e4).<\/li>\n<li>P\u00e4ivit\u00e4\u00a0<strong>irrotettavat hihnat<\/strong>, pullonavaajat tai RFID-taskut<\/li>\n<\/ul>\n<p><strong>Trusted By<\/strong>:<br \/>\n\ud83c\udf79 Juomaj\u00e4tit kuten ChillWave &amp; TropicalSips<br \/>\n\ud83d\ude9a Ruoan toimituslaivastot Dubaissa ja Miamissa<br \/>\n\ud83c\udfd5\ufe0f Camping-j\u00e4lleenmyyj\u00e4t Euroopassa ja Australiassa<\/p>\n<\/div>\n<\/div>\n<\/div>\n<\/div>","protected":false},"excerpt":{"rendered":"<h2 data-immersive-translate-walked=\"344be1c1-5052-41eb-8fcd-0dbe236a0d6b\" data-immersive-translate-paragraph=\"1\">Vedenpit\u00e4v\u00e4 j\u00e4\u00e4hdytin laukku valmistajat<\/h2>\n<p>Tarjoamme palkkio laukut t\u00e4yden koon ja v\u00e4rin r\u00e4\u00e4t\u00e4l\u00f6inti, kest\u00e4v\u00e4 kankaat, ja sertifioitu laatu.<\/p>\n<p>Nauti joustavista MOQ-arvoista, nopeasta maailmanlaajuisesta toimituksesta ja private label -ratkaisuista.<\/p>\n<p>Ota yhteytt\u00e4 jo t\u00e4n\u00e4\u00e4n!<\/p>","protected":false},"featured_media":1610,"template":"","meta":{"_uag_custom_page_level_css":""},"product_brand":[],"product_cat":[66],"product_tag":[],"class_list":{"0":"post-1606","1":"product","2":"type-product","3":"status-publish","4":"has-post-thumbnail","6":"product_cat-waterproof-bag","8":"first","9":"instock","10":"shipping-taxable","11":"product-type-simple"},"uagb_featured_image_src":{"full":["https:\/\/pecbag.com\/wp-content\/uploads\/2025\/04\/Waterproof-Cooler-Bag-Manufacturers-3.jpg",960,960,false],"thumbnail":["https:\/\/pecbag.com\/wp-content\/uploads\/2025\/04\/Waterproof-Cooler-Bag-Manufacturers-3-150x150.jpg",150,150,true],"medium":["https:\/\/pecbag.com\/wp-content\/uploads\/2025\/04\/Waterproof-Cooler-Bag-Manufacturers-3-300x300.jpg",300,300,true],"medium_large":["https:\/\/pecbag.com\/wp-content\/uploads\/2025\/04\/Waterproof-Cooler-Bag-Manufacturers-3-768x768.jpg",768,768,true],"large":["https:\/\/pecbag.com\/wp-content\/uploads\/2025\/04\/Waterproof-Cooler-Bag-Manufacturers-3.jpg",800,800,false],"1536x1536":["https:\/\/pecbag.com\/wp-content\/uploads\/2025\/04\/Waterproof-Cooler-Bag-Manufacturers-3.jpg",960,960,false],"2048x2048":["https:\/\/pecbag.com\/wp-content\/uploads\/2025\/04\/Waterproof-Cooler-Bag-Manufacturers-3.jpg",960,960,false],"trp-custom-language-flag":["https:\/\/pecbag.com\/wp-content\/uploads\/2025\/04\/Waterproof-Cooler-Bag-Manufacturers-3.jpg",12,12,false],"woocommerce_thumbnail":["https:\/\/pecbag.com\/wp-content\/uploads\/2025\/04\/Waterproof-Cooler-Bag-Manufacturers-3-300x300.jpg",300,300,true],"woocommerce_single":["https:\/\/pecbag.com\/wp-content\/uploads\/2025\/04\/Waterproof-Cooler-Bag-Manufacturers-3-600x600.jpg",600,600,true],"woocommerce_gallery_thumbnail":["https:\/\/pecbag.com\/wp-content\/uploads\/2025\/04\/Waterproof-Cooler-Bag-Manufacturers-3-100x100.jpg",100,100,true]},"uagb_author_info":{"display_name":"Lawrence","author_link":"https:\/\/pecbag.com\/fi\/author\/"},"uagb_comment_info":0,"uagb_excerpt":"Waterproof Cooler Bag Manufacturers We provide premium bags with full-size and color customization, durable fabrics, and certified quality. Enjoy flexible MOQs, fast global shipping, and private label solutions. Contact us today!","_links":{"self":[{"href":"https:\/\/pecbag.com\/fi\/wp-json\/wp\/v2\/product\/1606","targetHints":{"allow":["GET"]}}],"collection":[{"href":"https:\/\/pecbag.com\/fi\/wp-json\/wp\/v2\/product"}],"about":[{"href":"https:\/\/pecbag.com\/fi\/wp-json\/wp\/v2\/types\/product"}],"wp:featuredmedia":[{"embeddable":true,"href":"https:\/\/pecbag.com\/fi\/wp-json\/wp\/v2\/media\/1610"}],"wp:attachment":[{"href":"https:\/\/pecbag.com\/fi\/wp-json\/wp\/v2\/media?parent=1606"}],"wp:term":[{"taxonomy":"product_brand","embeddable":true,"href":"https:\/\/pecbag.com\/fi\/wp-json\/wp\/v2\/product_brand?post=1606"},{"taxonomy":"product_cat","embeddable":true,"href":"https:\/\/pecbag.com\/fi\/wp-json\/wp\/v2\/product_cat?post=1606"},{"taxonomy":"product_tag","embeddable":true,"href":"https:\/\/pecbag.com\/fi\/wp-json\/wp\/v2\/product_tag?post=1606"}],"curies":[{"name":"wp","href":"https:\/\/api.w.org\/{rel}","templated":true}]}}