{"id":3174,"date":"2025-05-23T01:23:49","date_gmt":"2025-05-23T01:23:49","guid":{"rendered":"https:\/\/pecbag.com\/?post_type=product&#038;p=3174"},"modified":"2025-11-29T02:07:26","modified_gmt":"2025-11-29T02:07:26","slug":"waterproof-outdoor-bicycle-backpack","status":"publish","type":"product","link":"https:\/\/pecbag.com\/fi\/waterproof-outdoor-bicycle-backpack\/","title":{"rendered":"Vedenpit\u00e4v\u00e4 Outdoor polkupy\u00f6r\u00e4 reppu"},"content":{"rendered":"<h2 title=\"Kokoontaitettava koira laukku hengitt\u00e4v\u00e4 mesh lemmikkiel\u00e4inten olkalaukku pienille lemmikkiel\u00e4inten koirille kissoille\" data-immersive-translate-walked=\"1c928421-2e42-4cd3-8754-5404553c0af5\" data-immersive-translate-paragraph=\"1\" data-spm-anchor-id=\"a2700.details.0.i35.4f6757d4w4zNZA\">Vedenpit\u00e4v\u00e4 Outdoor polkupy\u00f6r\u00e4 reppu valmistaja | Vedenpit\u00e4v\u00e4 laukku Factory | Bulk toimittaja<\/h2>\n<div class=\"flex flex-grow flex-col max-w-full\">\n<div class=\"min-h-[20px] text-message flex w-full flex-col items-end gap-2 whitespace-pre-wrap break-words [.text-message+&amp;]:mt-5 overflow-x-auto\" dir=\"auto\" data-message-author-role=\"assistant\" data-message-id=\"3d7d46f6-7ec2-4222-9257-48fa0bba23c6\" data-suggestions=\"true\">\n<div class=\"flex w-full flex-col gap-1 empty:hidden first:pt-[3px]\">\n<div class=\"markdown prose w-full break-words dark:prose-invert light\">\n<p>Tarve\u00a0<strong>vedenpit\u00e4v\u00e4 ulkona polkupy\u00f6r\u00e4 reppuja<\/strong>\u00a0jotka kest\u00e4v\u00e4t sadetta, mutaa ja kovia kyytej\u00e4? Olemme huippuluokan\u00a0<strong>vedenpit\u00e4v\u00e4 laukku tehdas<\/strong>\u00a0ja\u00a0<strong>reppu valmistaja<\/strong>\u00a0Kiinassa, k\u00e4sity\u00f6n\u00e4 raskaiden py\u00f6r\u00e4laukkujen valmistaminen tuotemerkkien ja tukkukauppiaiden k\u00e4ytt\u00f6\u00f6n maailmanlaajuisesti!<\/p>\n<table width=\"288\">\n<tbody>\n<tr>\n<td width=\"137\"><span style=\"color: #333333;\">Tuotteiden nimi<\/span><\/td>\n<td width=\"151\"><span style=\"color: #333333;\">Py\u00f6r\u00e4laukku<\/span><\/td>\n<\/tr>\n<tr>\n<td><span style=\"color: #333333;\">Tuotenro.<\/span><\/td>\n<td><span style=\"color: #333333;\">PB-2004<\/span><\/td>\n<\/tr>\n<tr>\n<td><span style=\"color: #333333;\">Materiaali<\/span><\/td>\n<td>PU<\/td>\n<\/tr>\n<tr>\n<td><span style=\"color: #333333;\">Koko<\/span><\/td>\n<td>29,5 x 12 x 42 cm<\/td>\n<\/tr>\n<tr>\n<td><span style=\"color: #333333;\">\u00a0Toimitusaika<\/span><\/td>\n<td><span style=\"color: #333333;\">1-5 p\u00e4iv\u00e4\u00e4 pienille m\u00e4\u00e4rille lentoteitse ja 30-35 p\u00e4iv\u00e4\u00e4 suurille m\u00e4\u00e4rille meritse.<\/span><\/td>\n<\/tr>\n<\/tbody>\n<\/table>\n<p class=\"ds-markdown-paragraph\">\u2705\u00a0<strong>Miksi valita meid\u00e4t?<\/strong><\/p>\n<ul>\n<li>\n<p class=\"ds-markdown-paragraph\"><strong>100% Vedenpit\u00e4v\u00e4<\/strong>: Tiivistetyt saumat + TPU-pinnoitettu kangas pit\u00e4v\u00e4t varusteet kuivina - ei vuotoja, koskaan!<\/p>\n<\/li>\n<li>\n<p class=\"ds-markdown-paragraph\"><strong>Er\u00e4taakkatilauksen s\u00e4\u00e4st\u00f6t<\/strong>: Tuottaa py\u00f6r\u00e4laukku irtotavarana tilauksia ly\u00f6m\u00e4tt\u00f6miin hintoihin (MOQ 50+ yksikk\u00f6\u00e4).<\/p>\n<\/li>\n<li>\n<p class=\"ds-markdown-paragraph\"><strong>Sinun br\u00e4ndisi, sinun tapasi<\/strong>: Mukauta malleja, logoja ja v\u00e4rej\u00e4 polkupy\u00f6r\u00e4laukku ODM \/ OEM tai\u00a0<strong>oma tuotemerkki<\/strong>\u00a0palvelut.<\/p>\n<\/li>\n<li>\n<p class=\"ds-markdown-paragraph\"><strong>Kiinassa sijaitseva asiantuntemus<\/strong>: Johtavana py\u00f6r\u00e4laukku Kiina toimittaja, yhdist\u00e4mme laadun ja nopean py\u00f6r\u00e4laukku vienti logistiikka.<\/p>\n<\/li>\n<\/ul>\n<p class=\"ds-markdown-paragraph\"><strong>Myyv\u00e4t ominaisuudet:<\/strong><br \/>\n\ud83d\udd39 Vahvistetut hihnat ja YKK-vetoketjut kest\u00e4vyytt\u00e4 varten<br \/>\n\ud83d\udd39 Heijastavat nauhat y\u00f6turvallisuutta varten<br \/>\n\ud83d\udd39 Hengitt\u00e4v\u00e4 selk\u00e4pehmuste ja ergonominen muotoilu<br \/>\n\ud83d\udd39 CE- ja ISO-sertifioitu tuotanto<\/p>\n<p class=\"ds-markdown-paragraph\"><strong>T\u00e4ydellinen:<\/strong><\/p>\n<ul>\n<li>\n<p class=\"ds-markdown-paragraph\">Py\u00f6r\u00e4ily tuotemerkit &amp; py\u00f6r\u00e4laukku tukkukauppiaat<\/p>\n<\/li>\n<li>\n<p class=\"ds-markdown-paragraph\">Ulkoilualan v\u00e4hitt\u00e4ismyyj\u00e4t &amp; py\u00f6r\u00e4laukkujen myyj\u00e4t<\/p>\n<\/li>\n<li>\n<p class=\"ds-markdown-paragraph\">Startup-yritykset tarvitsevat py\u00f6r\u00e4laukkujen private label -ratkaisuja<\/p>\n<\/li>\n<\/ul>\n<p class=\"ds-markdown-paragraph\"><strong>Onko sinulla suunnitelma?<\/strong>\u00a0Me teemme siit\u00e4 todellista!<br \/>\n\u2705 Ilmaiset n\u00e4ytteet | \u2705 15 p\u00e4iv\u00e4n tuotanto | \u2705 Ovelta ovelle -kuljetus<\/p>\n<p class=\"ds-markdown-paragraph\"><strong>Oletko valmis varastoimaan seikkailuvalmiita py\u00f6r\u00e4laukkuja?<\/strong>\u00a0Ota yhteytt\u00e4 jo t\u00e4n\u00e4\u00e4n saadaksesi tarjouksia tai aloita py\u00f6r\u00e4laukkusi OEM\/ODM-projekti nyt!<\/p>\n<\/div>\n<\/div>\n<\/div>\n<\/div>","protected":false},"excerpt":{"rendered":"<h2 data-immersive-translate-walked=\"344be1c1-5052-41eb-8fcd-0dbe236a0d6b\" data-immersive-translate-paragraph=\"1\">Vedenpit\u00e4v\u00e4 Outdoor polkupy\u00f6r\u00e4 reppu<\/h2>\n<p><strong>Vett\u00e4 hylkiv\u00e4:<\/strong> T\u00e4m\u00e4 polkupy\u00f6r\u00e4laukku on valmistettu vett\u00e4hylkiv\u00e4st\u00e4 kankaasta ja laminoitu PU-kumipinnalla. Sen vetoketjussa k\u00e4ytet\u00e4\u00e4n kuumasaumattua vedenpit\u00e4v\u00e4\u00e4 teippi\u00e4, joka voi tehokkaasti est\u00e4\u00e4 sadeveden tunkeutumisen. Lis\u00e4ksi mukana on my\u00f6s sadesuoja, joka tarjoaa parhaan vedenpit\u00e4v\u00e4n suojan.<\/p>\n<p><strong>Monen kohtauksen sovellus:<\/strong> Voidaan k\u00e4ytt\u00e4\u00e4 reppuna, jossa on sis\u00e4\u00e4nrakennettu tietokonelokero tarpeidesi mukaan. Sit\u00e4 voidaan k\u00e4ytt\u00e4\u00e4 olkalaukkuna ty\u00f6matkojen tarpeisiin. Sit\u00e4 voidaan k\u00e4ytt\u00e4\u00e4 polkupy\u00f6r\u00e4n kantolaukkuna, vapaasti vaihdettavissa, sopii erilaisiin py\u00f6riin<\/p>","protected":false},"featured_media":3176,"template":"","meta":{"_uag_custom_page_level_css":""},"product_brand":[],"product_cat":[48],"product_tag":[],"class_list":{"0":"post-3174","1":"product","2":"type-product","3":"status-publish","4":"has-post-thumbnail","6":"product_cat-bike-bag","8":"first","9":"instock","10":"shipping-taxable","11":"product-type-simple"},"uagb_featured_image_src":{"full":["https:\/\/pecbag.com\/wp-content\/uploads\/2025\/05\/Waterproof-Outdoor-Bicycle-Backpack-6.jpg",1500,1500,false],"thumbnail":["https:\/\/pecbag.com\/wp-content\/uploads\/2025\/05\/Waterproof-Outdoor-Bicycle-Backpack-6-150x150.jpg",150,150,true],"medium":["https:\/\/pecbag.com\/wp-content\/uploads\/2025\/05\/Waterproof-Outdoor-Bicycle-Backpack-6-300x300.jpg",300,300,true],"medium_large":["https:\/\/pecbag.com\/wp-content\/uploads\/2025\/05\/Waterproof-Outdoor-Bicycle-Backpack-6-768x768.jpg",768,768,true],"large":["https:\/\/pecbag.com\/wp-content\/uploads\/2025\/05\/Waterproof-Outdoor-Bicycle-Backpack-6-1024x1024.jpg",800,800,true],"1536x1536":["https:\/\/pecbag.com\/wp-content\/uploads\/2025\/05\/Waterproof-Outdoor-Bicycle-Backpack-6.jpg",1500,1500,false],"2048x2048":["https:\/\/pecbag.com\/wp-content\/uploads\/2025\/05\/Waterproof-Outdoor-Bicycle-Backpack-6.jpg",1500,1500,false],"trp-custom-language-flag":["https:\/\/pecbag.com\/wp-content\/uploads\/2025\/05\/Waterproof-Outdoor-Bicycle-Backpack-6-12x12.jpg",12,12,true],"woocommerce_thumbnail":["https:\/\/pecbag.com\/wp-content\/uploads\/2025\/05\/Waterproof-Outdoor-Bicycle-Backpack-6-300x300.jpg",300,300,true],"woocommerce_single":["https:\/\/pecbag.com\/wp-content\/uploads\/2025\/05\/Waterproof-Outdoor-Bicycle-Backpack-6-600x600.jpg",600,600,true],"woocommerce_gallery_thumbnail":["https:\/\/pecbag.com\/wp-content\/uploads\/2025\/05\/Waterproof-Outdoor-Bicycle-Backpack-6-100x100.jpg",100,100,true]},"uagb_author_info":{"display_name":"Lawrence","author_link":"https:\/\/pecbag.com\/fi\/author\/"},"uagb_comment_info":0,"uagb_excerpt":"Waterproof Outdoor Bicycle Backpack Water Repellent: This bicycle bag is made of water repellent fabric and laminated with a PU rubber surface. Its zipper uses heat-sealed waterproof tape, which can effectively prevent rainwater from infiltrating. In addition, a rain cover is also included to provide the best waterproof protection Multi-scene Application: Can be used as&hellip;","_links":{"self":[{"href":"https:\/\/pecbag.com\/fi\/wp-json\/wp\/v2\/product\/3174","targetHints":{"allow":["GET"]}}],"collection":[{"href":"https:\/\/pecbag.com\/fi\/wp-json\/wp\/v2\/product"}],"about":[{"href":"https:\/\/pecbag.com\/fi\/wp-json\/wp\/v2\/types\/product"}],"wp:featuredmedia":[{"embeddable":true,"href":"https:\/\/pecbag.com\/fi\/wp-json\/wp\/v2\/media\/3176"}],"wp:attachment":[{"href":"https:\/\/pecbag.com\/fi\/wp-json\/wp\/v2\/media?parent=3174"}],"wp:term":[{"taxonomy":"product_brand","embeddable":true,"href":"https:\/\/pecbag.com\/fi\/wp-json\/wp\/v2\/product_brand?post=3174"},{"taxonomy":"product_cat","embeddable":true,"href":"https:\/\/pecbag.com\/fi\/wp-json\/wp\/v2\/product_cat?post=3174"},{"taxonomy":"product_tag","embeddable":true,"href":"https:\/\/pecbag.com\/fi\/wp-json\/wp\/v2\/product_tag?post=3174"}],"curies":[{"name":"wp","href":"https:\/\/api.w.org\/{rel}","templated":true}]}}