{"id":3190,"date":"2025-05-23T02:48:51","date_gmt":"2025-05-23T02:48:51","guid":{"rendered":"https:\/\/pecbag.com\/?post_type=product&#038;p=3190"},"modified":"2025-11-29T02:07:14","modified_gmt":"2025-11-29T02:07:14","slug":"customizable-rainproof-bicycle-saddle-pack","status":"publish","type":"product","link":"https:\/\/pecbag.com\/fi\/customizable-rainproof-bicycle-saddle-pack\/","title":{"rendered":"Uusi saapuminen R\u00e4\u00e4t\u00e4l\u00f6it\u00e4v\u00e4 sateenkest\u00e4v\u00e4 polkupy\u00f6r\u00e4n satulapakkaus"},"content":{"rendered":"<h5 title=\"Kokoontaitettava koira laukku hengitt\u00e4v\u00e4 mesh lemmikkiel\u00e4inten olkalaukku pienille lemmikkiel\u00e4inten koirille kissoille\" data-immersive-translate-walked=\"1c928421-2e42-4cd3-8754-5404553c0af5\" data-immersive-translate-paragraph=\"1\" data-spm-anchor-id=\"a2700.details.0.i35.4f6757d4w4zNZA\">Uusi saapuminen r\u00e4\u00e4t\u00e4l\u00f6it\u00e4viss\u00e4 sateenpit\u00e4v\u00e4 polkupy\u00f6r\u00e4n satula Pack | Vedenpit\u00e4v\u00e4 laukku tehdas &amp; reppu valmistaja<\/h5>\n<p title=\"Kokoontaitettava koira laukku hengitt\u00e4v\u00e4 mesh lemmikkiel\u00e4inten olkalaukku pienille lemmikkiel\u00e4inten koirille kissoille\" data-immersive-translate-walked=\"1c928421-2e42-4cd3-8754-5404553c0af5\" data-immersive-translate-paragraph=\"1\" data-spm-anchor-id=\"a2700.details.0.i35.4f6757d4w4zNZA\"><span style=\"font-size: 16px;\">Tarve <\/span><span style=\"font-size: 16px;\">sateenpit\u00e4v\u00e4t polkupy\u00f6r\u00e4n satulapakkaukset<\/span><span style=\"font-size: 16px;\">\u00a0jotka pit\u00e4v\u00e4t varusteet kuivina ja kuljettajat tyytyv\u00e4isin\u00e4? Olemme huippuluokan\u00a0<\/span><span style=\"font-size: 16px;\">vedenpit\u00e4v\u00e4 laukku tehdas<\/span><span style=\"font-size: 16px;\">\u00a0ja\u00a0<\/span><span style=\"font-size: 16px;\">reppu valmistaja<\/span><span style=\"font-size: 16px;\">\u00a0Kiinassa, lanseeraten t\u00e4m\u00e4n kauden kuumimman\u00a0<\/span><span style=\"font-size: 16px;\">r\u00e4\u00e4t\u00e4l\u00f6it\u00e4v\u00e4t py\u00f6r\u00e4n satulapakkaukset<\/span><span style=\"font-size: 16px;\">\u00a0tuotemerkkej\u00e4 ja tukkukauppiaita varten!<\/span><\/p>\n<div class=\"flex flex-grow flex-col max-w-full\">\n<div class=\"min-h-[20px] text-message flex w-full flex-col items-end gap-2 whitespace-pre-wrap break-words [.text-message+&amp;]:mt-5 overflow-x-auto\" dir=\"auto\" data-message-author-role=\"assistant\" data-message-id=\"3d7d46f6-7ec2-4222-9257-48fa0bba23c6\" data-suggestions=\"true\">\n<div class=\"flex w-full flex-col gap-1 empty:hidden first:pt-[3px]\">\n<div class=\"markdown prose w-full break-words dark:prose-invert light\">\n<table width=\"288\">\n<tbody>\n<tr>\n<td width=\"137\"><span style=\"color: #333333;\">Tuotteiden nimi<\/span><\/td>\n<td width=\"151\"><span style=\"color: #333333;\">Py\u00f6r\u00e4laukku<\/span><\/td>\n<\/tr>\n<tr>\n<td><span style=\"color: #333333;\">Tuotenro.<\/span><\/td>\n<td><span style=\"color: #333333;\">PB-2029<\/span><\/td>\n<\/tr>\n<tr>\n<td><span style=\"color: #333333;\">Materiaali<\/span><\/td>\n<td>600D polyesteri<\/td>\n<\/tr>\n<tr>\n<td><span style=\"color: #333333;\">Koko<\/span><\/td>\n<td>39*19*29 cm<\/td>\n<\/tr>\n<tr>\n<td><span style=\"color: #333333;\">\u00a0Toimitusaika<\/span><\/td>\n<td><span style=\"color: #333333;\">1-5 p\u00e4iv\u00e4\u00e4 pienille m\u00e4\u00e4rille lentoteitse ja 30-35 p\u00e4iv\u00e4\u00e4 suurille m\u00e4\u00e4rille meritse.<\/span><\/td>\n<\/tr>\n<\/tbody>\n<\/table>\n<p class=\"ds-markdown-paragraph\"><strong>Kuvaus:<\/strong><br \/>\nTarvitsetko sateenkest\u00e4vi\u00e4 polkupy\u00f6r\u00e4n satulapakkauksia, jotka pit\u00e4v\u00e4t varusteet kuivina ja kuljettajat tyytyv\u00e4isin\u00e4? Olemme Kiinan johtava vedenpit\u00e4v\u00e4 laukkutehdas ja reppujen valmistaja, joka lanseeraa t\u00e4m\u00e4n kauden kuumimmat r\u00e4\u00e4t\u00e4l\u00f6it\u00e4v\u00e4t polkupy\u00f6r\u00e4n satulapakkaukset tuotemerkeille ja tukkukauppiaille!<\/p>\n<p class=\"ds-markdown-paragraph\">\u2705\u00a0<strong>Miksi valita meid\u00e4t?<\/strong><\/p>\n<ul>\n<li>\n<p class=\"ds-markdown-paragraph\"><strong>Sateenkest\u00e4v\u00e4 teho<\/strong>: 100% vedenpit\u00e4v\u00e4 TPU-pinnoite + tiivistetyt saumat - naura kaatosateelle!<\/p>\n<\/li>\n<li>\n<p class=\"ds-markdown-paragraph\"><strong>Mukauta kaikki<\/strong>: V\u00e4rit, logot, koot - suunnittele polkupy\u00f6r\u00e4n satulapakkaus ODM\/OEM:n tai yksityisen tuotemerkin kautta (MOQ 50 kpl).<\/p>\n<\/li>\n<li>\n<p class=\"ds-markdown-paragraph\"><strong>Suurten erien tilaus Boost<\/strong>: Tuottaa py\u00f6r\u00e4laukkujen irtotilauksia nopeasti (15 p\u00e4iv\u00e4n toimitusaika) kes\u00e4n kiireeseen tai lomamyyntiin.<\/p>\n<\/li>\n<li>\n<p class=\"ds-markdown-paragraph\"><strong>Kiinan kustannusreuna<\/strong>: Johtavana py\u00f6r\u00e4laukku Kiina toimittaja, me sekoitamme laatua ly\u00f6m\u00e4t\u00f6n hinnoittelu.<\/p>\n<\/li>\n<\/ul>\n<p class=\"ds-markdown-paragraph\"><strong>Py\u00f6r\u00e4ilij\u00f6iden rakastamat ominaisuudet:<\/strong><br \/>\n\ud83d\udd39 Kompakti mutta laajennettavissa (5L \u2192 12L)<br \/>\n\ud83d\udd39 Heijastavat nauhat + varkaudenestovetoketjut<br \/>\n\ud83d\udd39 Universaali kiinnitysj\u00e4rjestelm\u00e4 sopii kaikille py\u00f6r\u00e4tyypeille<br \/>\n\ud83d\udd39 CE\/SGS-sertifioitu - ei myrkyllisi\u00e4 hajuja<\/p>\n<p class=\"ds-markdown-paragraph\"><strong>T\u00e4ydellinen:<\/strong><\/p>\n<ul>\n<li>\n<p class=\"ds-markdown-paragraph\">Py\u00f6r\u00e4ily tuotemerkit &amp; py\u00f6r\u00e4laukku tukkukauppiaat<\/p>\n<\/li>\n<li>\n<p class=\"ds-markdown-paragraph\">Ulkoiluv\u00e4lineiden myyj\u00e4t &amp; Amazon-myyj\u00e4t<\/p>\n<\/li>\n<li>\n<p class=\"ds-markdown-paragraph\">Startup-yritykset tarvitsevat py\u00f6r\u00e4laukkujen private label -ratkaisuja<\/p>\n<\/li>\n<\/ul>\n<p class=\"ds-markdown-paragraph\"><strong>Miten se toimii:<\/strong><br \/>\n1\ufe0f\u20e3 . L\u00e4het\u00e4 suunnittelusi (tai valitse 50+ mallin joukosta).<br \/>\n2\ufe0f\u20e3 . Teemme prototyypin 5 p\u00e4iv\u00e4ss\u00e4<br \/>\n3\ufe0f\u20e3 . L\u00e4hetys maailmanlaajuisesti py\u00f6r\u00e4laukkujen vientiverkostojen kautta<\/p>\n<p class=\"ds-markdown-paragraph\"><strong>Oletko valmis ratsastamaan vedenpit\u00e4v\u00e4ll\u00e4 aallolla?<\/strong><br \/>\n\ud83d\udc49\u00a0<strong>Ilmaisia n\u00e4ytteit\u00e4<\/strong>\u00a0\ud83d\udc49 , V\u00e4litt\u00f6m\u00e4t lainaukset \ud83d\udc49 , 30% talletus<\/p>\n<\/div>\n<\/div>\n<\/div>\n<\/div>","protected":false},"excerpt":{"rendered":"<h2 title=\"Kokoontaitettava koira laukku hengitt\u00e4v\u00e4 mesh lemmikkiel\u00e4inten olkalaukku pienille lemmikkiel\u00e4inten koirille kissoille\" data-immersive-translate-walked=\"1c928421-2e42-4cd3-8754-5404553c0af5\" data-immersive-translate-paragraph=\"1\" data-spm-anchor-id=\"a2700.details.0.i35.4f6757d4w4zNZA\">Uusi saapuminen R\u00e4\u00e4t\u00e4l\u00f6it\u00e4v\u00e4 sateenkest\u00e4v\u00e4 polkupy\u00f6r\u00e4n satulapakkaus<\/h2>\n<p><strong>Vedenpit\u00e4v\u00e4 toiminto.<\/strong> Valmistettu 600D-polyesterimateriaalista, jossa on vedenpit\u00e4v\u00e4 PVC-kerros molemmin puolin, t\u00e4m\u00e4 polkupy\u00f6r\u00e4pakkaus on eritt\u00e4in kest\u00e4v\u00e4 ja t\u00e4ysin vedenpit\u00e4v\u00e4 sek\u00e4 repim\u00e4t\u00f6n, kulutusta kest\u00e4v\u00e4 ja l\u00e4mm\u00f6nkest\u00e4v\u00e4, joka suojaa tavaroitasi t\u00e4ydellisesti.<\/p>\n<p><strong>17L Kapasiteetti.<\/strong>\u00a0Bike Trunk Bag koko: 39 * 19 * 29 cm \/ 15,3 * 7,4 * 11,4 tuumaa, jopa 17L kapasiteetti, t\u00e4ysin laajennettu pit\u00e4m\u00e4\u00e4n enemm\u00e4n.Helposti tallentaa vesipulloja (ei sivupusseja), pumppuja, kenki\u00e4, k\u00e4sineit\u00e4, lompakoita, vaatteita, energiapatukoita jne.<\/p>\n<p><strong>Py\u00f6r\u00e4n takaistuimen teline Pannier Helppo asennus.<\/strong>\u00a0Pikavapautusj\u00e4rjestelm\u00e4, helppo kiinnitt\u00e4\u00e4 takaistuimen tavaratelineeseen ja kantokahva kannettavaksi.<\/p>","protected":false},"featured_media":3191,"template":"","meta":{"_uag_custom_page_level_css":""},"product_brand":[],"product_cat":[48],"product_tag":[],"class_list":{"0":"post-3190","1":"product","2":"type-product","3":"status-publish","4":"has-post-thumbnail","6":"product_cat-bike-bag","8":"first","9":"instock","10":"shipping-taxable","11":"product-type-simple"},"uagb_featured_image_src":{"full":["https:\/\/pecbag.com\/wp-content\/uploads\/2025\/05\/New-Arrival-Customizable-Rainproof-Bicycle-Saddle-Pack-5.jpeg",1500,1500,false],"thumbnail":["https:\/\/pecbag.com\/wp-content\/uploads\/2025\/05\/New-Arrival-Customizable-Rainproof-Bicycle-Saddle-Pack-5-150x150.jpeg",150,150,true],"medium":["https:\/\/pecbag.com\/wp-content\/uploads\/2025\/05\/New-Arrival-Customizable-Rainproof-Bicycle-Saddle-Pack-5-300x300.jpeg",300,300,true],"medium_large":["https:\/\/pecbag.com\/wp-content\/uploads\/2025\/05\/New-Arrival-Customizable-Rainproof-Bicycle-Saddle-Pack-5-768x768.jpeg",768,768,true],"large":["https:\/\/pecbag.com\/wp-content\/uploads\/2025\/05\/New-Arrival-Customizable-Rainproof-Bicycle-Saddle-Pack-5-1024x1024.jpeg",800,800,true],"1536x1536":["https:\/\/pecbag.com\/wp-content\/uploads\/2025\/05\/New-Arrival-Customizable-Rainproof-Bicycle-Saddle-Pack-5.jpeg",1500,1500,false],"2048x2048":["https:\/\/pecbag.com\/wp-content\/uploads\/2025\/05\/New-Arrival-Customizable-Rainproof-Bicycle-Saddle-Pack-5.jpeg",1500,1500,false],"trp-custom-language-flag":["https:\/\/pecbag.com\/wp-content\/uploads\/2025\/05\/New-Arrival-Customizable-Rainproof-Bicycle-Saddle-Pack-5-12x12.jpeg",12,12,true],"woocommerce_thumbnail":["https:\/\/pecbag.com\/wp-content\/uploads\/2025\/05\/New-Arrival-Customizable-Rainproof-Bicycle-Saddle-Pack-5-300x300.jpeg",300,300,true],"woocommerce_single":["https:\/\/pecbag.com\/wp-content\/uploads\/2025\/05\/New-Arrival-Customizable-Rainproof-Bicycle-Saddle-Pack-5-600x600.jpeg",600,600,true],"woocommerce_gallery_thumbnail":["https:\/\/pecbag.com\/wp-content\/uploads\/2025\/05\/New-Arrival-Customizable-Rainproof-Bicycle-Saddle-Pack-5-100x100.jpeg",100,100,true]},"uagb_author_info":{"display_name":"Lawrence","author_link":"https:\/\/pecbag.com\/fi\/author\/"},"uagb_comment_info":0,"uagb_excerpt":"New Arrival Customizable Rainproof Bicycle Saddle Pack Waterproof Function. Made of 600D polyester material with waterproof PVC layer on both sides, this bike pannier is super durable and fully waterproof, as well as anti-tear, wear resistant and heat-resistant, protecting your items perfectly. 17L Capacity.\u00a0Bike Trunk Bag size: 39*19*29 cm\/15.3*7.4*11.4 inch, up to 17L capacity, fully&hellip;","_links":{"self":[{"href":"https:\/\/pecbag.com\/fi\/wp-json\/wp\/v2\/product\/3190","targetHints":{"allow":["GET"]}}],"collection":[{"href":"https:\/\/pecbag.com\/fi\/wp-json\/wp\/v2\/product"}],"about":[{"href":"https:\/\/pecbag.com\/fi\/wp-json\/wp\/v2\/types\/product"}],"wp:featuredmedia":[{"embeddable":true,"href":"https:\/\/pecbag.com\/fi\/wp-json\/wp\/v2\/media\/3191"}],"wp:attachment":[{"href":"https:\/\/pecbag.com\/fi\/wp-json\/wp\/v2\/media?parent=3190"}],"wp:term":[{"taxonomy":"product_brand","embeddable":true,"href":"https:\/\/pecbag.com\/fi\/wp-json\/wp\/v2\/product_brand?post=3190"},{"taxonomy":"product_cat","embeddable":true,"href":"https:\/\/pecbag.com\/fi\/wp-json\/wp\/v2\/product_cat?post=3190"},{"taxonomy":"product_tag","embeddable":true,"href":"https:\/\/pecbag.com\/fi\/wp-json\/wp\/v2\/product_tag?post=3190"}],"curies":[{"name":"wp","href":"https:\/\/api.w.org\/{rel}","templated":true}]}}