{"id":3197,"date":"2025-05-23T03:04:19","date_gmt":"2025-05-23T03:04:19","guid":{"rendered":"https:\/\/pecbag.com\/?post_type=product&#038;p=3197"},"modified":"2025-11-29T02:07:08","modified_gmt":"2025-11-29T02:07:08","slug":"pu-tear-resistant-travel-bike-storage-pack","status":"publish","type":"product","link":"https:\/\/pecbag.com\/fi\/pu-tear-resistant-travel-bike-storage-pack\/","title":{"rendered":"11L PU rep\u00e4isykest\u00e4v\u00e4 matkapy\u00f6r\u00e4n s\u00e4ilytyspaketti"},"content":{"rendered":"<h5 title=\"Kokoontaitettava koira laukku hengitt\u00e4v\u00e4 mesh lemmikkiel\u00e4inten olkalaukku pienille lemmikkiel\u00e4inten koirille kissoille\" data-immersive-translate-walked=\"1c928421-2e42-4cd3-8754-5404553c0af5\" data-immersive-translate-paragraph=\"1\" data-spm-anchor-id=\"a2700.details.0.i35.4f6757d4w4zNZA\">11L PU Tear Resistant Travel Bike Storage Pack | Vedenpit\u00e4v\u00e4 laukku tehdas &amp; reppu valmistaja | Bulk toimittaja<\/h5>\n<p title=\"Kokoontaitettava koira laukku hengitt\u00e4v\u00e4 mesh lemmikkiel\u00e4inten olkalaukku pienille lemmikkiel\u00e4inten koirille kissoille\" data-immersive-translate-walked=\"1c928421-2e42-4cd3-8754-5404553c0af5\" data-immersive-translate-paragraph=\"1\" data-spm-anchor-id=\"a2700.details.0.i35.4f6757d4w4zNZA\">Tarvitsetko 11L PU-rep\u00e4isykest\u00e4v\u00e4\u00e4 matkapy\u00f6r\u00e4n s\u00e4ilytyspakkausta karuihin seikkailuihin? Olemme Kiinan johtava vedenpit\u00e4v\u00e4 laukkutehdas ja reppujen valmistaja, joka valmistaa raskaita py\u00f6r\u00e4laukkuja, jotka kest\u00e4v\u00e4t karkeat tiet, ter\u00e4v\u00e4t ty\u00f6kalut ja monsuunisateet!<\/p>\n<div class=\"flex flex-grow flex-col max-w-full\">\n<div class=\"min-h-[20px] text-message flex w-full flex-col items-end gap-2 whitespace-pre-wrap break-words [.text-message+&amp;]:mt-5 overflow-x-auto\" dir=\"auto\" data-message-author-role=\"assistant\" data-message-id=\"3d7d46f6-7ec2-4222-9257-48fa0bba23c6\" data-suggestions=\"true\">\n<div class=\"flex w-full flex-col gap-1 empty:hidden first:pt-[3px]\">\n<div class=\"markdown prose w-full break-words dark:prose-invert light\">\n<table width=\"288\">\n<tbody>\n<tr>\n<td width=\"137\"><span style=\"color: #333333;\">Tuotteiden nimi<\/span><\/td>\n<td width=\"151\"><span style=\"color: #333333;\">Py\u00f6r\u00e4laukku<\/span><\/td>\n<\/tr>\n<tr>\n<td><span style=\"color: #333333;\">Tuotenro.<\/span><\/td>\n<td><span style=\"color: #333333;\">PB-2030<\/span><\/td>\n<\/tr>\n<tr>\n<td><span style=\"color: #333333;\">Materiaali<\/span><\/td>\n<td>PU<\/td>\n<\/tr>\n<tr>\n<td><span style=\"color: #333333;\">Koko<\/span><\/td>\n<td>47 X 17 X 14 CM<\/td>\n<\/tr>\n<tr>\n<td><span style=\"color: #333333;\">\u00a0Toimitusaika<\/span><\/td>\n<td><span style=\"color: #333333;\">1-5 p\u00e4iv\u00e4\u00e4 pienille m\u00e4\u00e4rille lentoteitse ja 30-35 p\u00e4iv\u00e4\u00e4 suurille m\u00e4\u00e4rille meritse.<\/span><\/td>\n<\/tr>\n<\/tbody>\n<\/table>\n<p class=\"ds-markdown-paragraph\">\u2705\u00a0<strong>Miksi tehd\u00e4 yhteisty\u00f6t\u00e4 kanssamme?<\/strong><\/p>\n<ul>\n<li>\n<p class=\"ds-markdown-paragraph\"><strong>Repim\u00e4t\u00f6n teho<\/strong>: 18oz PU-pinnoitettu kangas + kolminkertaisesti ommellut saumat - rakennettu moottoripy\u00f6rien, polkupy\u00f6rien tai ulkovarusteiden s\u00e4ilytykseen.<\/p>\n<\/li>\n<li>\n<p class=\"ds-markdown-paragraph\"><strong>\u00c4lyk\u00e4s 11L suunnittelu<\/strong>: Kompakti, mutta mahtuu kyp\u00e4r\u00e4t, ty\u00f6kalut ja sadevarusteet - laajennettavat hihnat ylikuormitusta varten.<\/p>\n<\/li>\n<li>\n<p class=\"ds-markdown-paragraph\"><strong>Er\u00e4taakkatilauksen edut<\/strong>: Tuottaa py\u00f6r\u00e4 laukku irtotavarana tilauksia (MOQ 100kpl) ODM \/ OEM tai yksityinen etiketti 15 p\u00e4iv\u00e4\u00e4 tasainen!<\/p>\n<\/li>\n<li>\n<p class=\"ds-markdown-paragraph\"><strong>Kiinan kustannusreuna<\/strong>: Koska johtava py\u00f6r\u00e4laukku Kiina toimittaja, laatu t\u00e4ytt\u00e4\u00e4 ly\u00f6m\u00e4t\u00f6n hinnoittelu.<\/p>\n<\/li>\n<\/ul>\n<p class=\"ds-markdown-paragraph\"><strong>Nopeasti myyt\u00e4v\u00e4t ominaisuudet:<\/strong><br \/>\n\ud83d\udd39 100% vedenpit\u00e4v\u00e4t YKK-vetoketjut + vedenpoistoaukot<br \/>\n\ud83d\udd39 Heijastavat turvalaput ja piilotetut varkaudenestotaskut<br \/>\n\ud83d\udd39 Universaali asennusj\u00e4rjestelm\u00e4 (sopii kaikkiin py\u00f6r\u00e4telineisiin)<br \/>\n\ud83d\udd39 CE\/SGS-sertifioitu - ei myrkyllisi\u00e4 liimoja tai hajuja.<\/p>\n<p class=\"ds-markdown-paragraph\"><strong>T\u00e4ydellinen:<\/strong><\/p>\n<ul>\n<li>\n<p class=\"ds-markdown-paragraph\">Moottoripy\u00f6r\u00e4 merkit &amp; py\u00f6r\u00e4 laukku tukkukauppiaat<\/p>\n<\/li>\n<li>\n<p class=\"ds-markdown-paragraph\">Ulkoiluv\u00e4lineiden myyj\u00e4t ja s\u00e4hk\u00f6isen kaupank\u00e4ynnin j\u00e4ttil\u00e4iset<\/p>\n<\/li>\n<li>\n<p class=\"ds-markdown-paragraph\">Startup-yritykset, jotka haluavat py\u00f6r\u00e4laukun private label -ratkaisuja<\/p>\n<\/li>\n<\/ul>\n<p class=\"ds-markdown-paragraph\"><strong>Miten py\u00f6rimme:<\/strong><br \/>\n1\ufe0f\u20e3 L\u00e4het\u00e4 logosi\/suunnitelmasi (tai k\u00e4yt\u00e4 yli 100 mallia).<br \/>\n2\ufe0f\u20e3 Prototyyppi 5 p\u00e4iv\u00e4ss\u00e4 \u2192 hyv\u00e4ksynt\u00e4 \u2192 massatuotanto<br \/>\n3\ufe0f\u20e3 L\u00e4hetys py\u00f6r\u00e4laukkujen vientiverkostojen kautta (DDP\/DAP tuettu).<\/p>\n<p class=\"ds-markdown-paragraph\"><strong>Oletko valmis varastoimaan pakkauksia, jotka kest\u00e4v\u00e4t pidemp\u00e4\u00e4n kuin seikkailu?<\/strong><br \/>\n\ud83d\udc49\u00a0<strong>Ilmaisia n\u00e4ytteit\u00e4<\/strong>\u00a0\ud83d\udc49 , 30% talletus \ud83d\udc49 , 24h lainaukset<\/p>\n<\/div>\n<\/div>\n<\/div>\n<\/div>","protected":false},"excerpt":{"rendered":"<h2 title=\"Kokoontaitettava koira laukku hengitt\u00e4v\u00e4 mesh lemmikkiel\u00e4inten olkalaukku pienille lemmikkiel\u00e4inten koirille kissoille\" data-immersive-translate-walked=\"1c928421-2e42-4cd3-8754-5404553c0af5\" data-immersive-translate-paragraph=\"1\" data-spm-anchor-id=\"a2700.details.0.i35.4f6757d4w4zNZA\">11L PU rep\u00e4isykest\u00e4v\u00e4 matkapy\u00f6r\u00e4n s\u00e4ilytyspaketti<\/h2>\n<p><strong>1. Repim\u00e4tt\u00f6myys.<\/strong> Polkupy\u00f6r\u00e4n satulalaukku, joka on valmistettu ruudullisesta kankaasta ja PU:sta, on ominaisuuksiltaan vedenpit\u00e4v\u00e4, repim\u00e4t\u00f6n, vahva ja sit\u00e4 voidaan k\u00e4ytt\u00e4\u00e4 pitk\u00e4\u00e4n.<\/p>\n<p><strong>2. Helppo asentaa.\u00a0<\/strong>Istuimen alla olevat py\u00f6r\u00e4laukut on suunniteltu taikatarroilla ja soljilla, jotka on helppo asentaa. Voit asentaa sen nopeasti ja helposti py\u00f6r\u00e4n per\u00e4\u00e4n.<\/p>\n<p><strong>3. Laajasti k\u00e4ytetty.<\/strong>\u00a0Py\u00f6r\u00e4laukulla on monenlaisia k\u00e4ytt\u00f6tarkoituksia. Sit\u00e4 voidaan k\u00e4ytt\u00e4\u00e4 maantiepy\u00f6rille, maastopy\u00f6rille, taittopy\u00f6rille jne. Se voi ripustaa takavalot ja siin\u00e4 on hyv\u00e4 kuormitus.<\/p>","protected":false},"featured_media":3199,"template":"","meta":{"_uag_custom_page_level_css":""},"product_brand":[],"product_cat":[48],"product_tag":[],"class_list":{"0":"post-3197","1":"product","2":"type-product","3":"status-publish","4":"has-post-thumbnail","6":"product_cat-bike-bag","8":"first","9":"instock","10":"shipping-taxable","11":"product-type-simple"},"uagb_featured_image_src":{"full":["https:\/\/pecbag.com\/wp-content\/uploads\/2025\/05\/11L-PU-Tear-Resistant-Travel-Bike-Storage-Pack-6.jpeg",1601,1601,false],"thumbnail":["https:\/\/pecbag.com\/wp-content\/uploads\/2025\/05\/11L-PU-Tear-Resistant-Travel-Bike-Storage-Pack-6-150x150.jpeg",150,150,true],"medium":["https:\/\/pecbag.com\/wp-content\/uploads\/2025\/05\/11L-PU-Tear-Resistant-Travel-Bike-Storage-Pack-6-300x300.jpeg",300,300,true],"medium_large":["https:\/\/pecbag.com\/wp-content\/uploads\/2025\/05\/11L-PU-Tear-Resistant-Travel-Bike-Storage-Pack-6-768x768.jpeg",768,768,true],"large":["https:\/\/pecbag.com\/wp-content\/uploads\/2025\/05\/11L-PU-Tear-Resistant-Travel-Bike-Storage-Pack-6-1024x1024.jpeg",800,800,true],"1536x1536":["https:\/\/pecbag.com\/wp-content\/uploads\/2025\/05\/11L-PU-Tear-Resistant-Travel-Bike-Storage-Pack-6-1536x1536.jpeg",1536,1536,true],"2048x2048":["https:\/\/pecbag.com\/wp-content\/uploads\/2025\/05\/11L-PU-Tear-Resistant-Travel-Bike-Storage-Pack-6.jpeg",1601,1601,false],"trp-custom-language-flag":["https:\/\/pecbag.com\/wp-content\/uploads\/2025\/05\/11L-PU-Tear-Resistant-Travel-Bike-Storage-Pack-6-12x12.jpeg",12,12,true],"woocommerce_thumbnail":["https:\/\/pecbag.com\/wp-content\/uploads\/2025\/05\/11L-PU-Tear-Resistant-Travel-Bike-Storage-Pack-6-300x300.jpeg",300,300,true],"woocommerce_single":["https:\/\/pecbag.com\/wp-content\/uploads\/2025\/05\/11L-PU-Tear-Resistant-Travel-Bike-Storage-Pack-6-600x600.jpeg",600,600,true],"woocommerce_gallery_thumbnail":["https:\/\/pecbag.com\/wp-content\/uploads\/2025\/05\/11L-PU-Tear-Resistant-Travel-Bike-Storage-Pack-6-100x100.jpeg",100,100,true]},"uagb_author_info":{"display_name":"Lawrence","author_link":"https:\/\/pecbag.com\/fi\/author\/"},"uagb_comment_info":0,"uagb_excerpt":"11L PU Tear Resistant Travel Bike Storage Pack 1. Tear Resistant. The bicycle saddle bag made of plaid fabric and PU has the characteristics of being waterproof, tear-resistant, strong, and can be used for a long time. 2. Simple to install.\u00a0The bike bags under the seat are designed with magic stickers and buckles, easy to&hellip;","_links":{"self":[{"href":"https:\/\/pecbag.com\/fi\/wp-json\/wp\/v2\/product\/3197","targetHints":{"allow":["GET"]}}],"collection":[{"href":"https:\/\/pecbag.com\/fi\/wp-json\/wp\/v2\/product"}],"about":[{"href":"https:\/\/pecbag.com\/fi\/wp-json\/wp\/v2\/types\/product"}],"wp:featuredmedia":[{"embeddable":true,"href":"https:\/\/pecbag.com\/fi\/wp-json\/wp\/v2\/media\/3199"}],"wp:attachment":[{"href":"https:\/\/pecbag.com\/fi\/wp-json\/wp\/v2\/media?parent=3197"}],"wp:term":[{"taxonomy":"product_brand","embeddable":true,"href":"https:\/\/pecbag.com\/fi\/wp-json\/wp\/v2\/product_brand?post=3197"},{"taxonomy":"product_cat","embeddable":true,"href":"https:\/\/pecbag.com\/fi\/wp-json\/wp\/v2\/product_cat?post=3197"},{"taxonomy":"product_tag","embeddable":true,"href":"https:\/\/pecbag.com\/fi\/wp-json\/wp\/v2\/product_tag?post=3197"}],"curies":[{"name":"wp","href":"https:\/\/api.w.org\/{rel}","templated":true}]}}