{"id":3204,"date":"2025-05-23T06:23:26","date_gmt":"2025-05-23T06:23:26","guid":{"rendered":"https:\/\/pecbag.com\/?post_type=product&#038;p=3204"},"modified":"2025-11-29T02:07:00","modified_gmt":"2025-11-29T02:07:00","slug":"bike-under-seat-pack","status":"publish","type":"product","link":"https:\/\/pecbag.com\/fi\/bike-under-seat-pack\/","title":{"rendered":"Bike Under Seat Pack vesipullon kanssa"},"content":{"rendered":"<h5 title=\"Kokoontaitettava koira laukku hengitt\u00e4v\u00e4 mesh lemmikkiel\u00e4inten olkalaukku pienille lemmikkiel\u00e4inten koirille kissoille\" data-immersive-translate-walked=\"1c928421-2e42-4cd3-8754-5404553c0af5\" data-immersive-translate-paragraph=\"1\" data-spm-anchor-id=\"a2700.details.0.i35.4f6757d4w4zNZA\">Py\u00f6r\u00e4 alle istuimen Pack valmistaja | Vedenpit\u00e4v\u00e4 laukku Factory &amp; reppu toimittaja | Bulk OEM<\/h5>\n<p title=\"Kokoontaitettava koira laukku hengitt\u00e4v\u00e4 mesh lemmikkiel\u00e4inten olkalaukku pienille lemmikkiel\u00e4inten koirille kissoille\" data-immersive-translate-walked=\"1c928421-2e42-4cd3-8754-5404553c0af5\" data-immersive-translate-paragraph=\"1\" data-spm-anchor-id=\"a2700.details.0.i35.4f6757d4w4zNZA\">Tarvitsetko py\u00f6r\u00e4n istuimen alla olevan pakkauksen, joka pit\u00e4\u00e4 ty\u00f6kalut kuivina ja ajaa ilman sotkua? Olemme vedenpit\u00e4v\u00e4 laukkutehdas ja reppujen valmistaja Kiinassa, joka valmistaa tyylikk\u00e4it\u00e4 ja kest\u00e4vi\u00e4 istuinreppuja py\u00f6r\u00e4ilij\u00f6ille, j\u00e4lleenmyyjille ja globaaleille tuotemerkeille!<\/p>\n<div class=\"flex flex-grow flex-col max-w-full\">\n<div class=\"min-h-[20px] text-message flex w-full flex-col items-end gap-2 whitespace-pre-wrap break-words [.text-message+&amp;]:mt-5 overflow-x-auto\" dir=\"auto\" data-message-author-role=\"assistant\" data-message-id=\"3d7d46f6-7ec2-4222-9257-48fa0bba23c6\" data-suggestions=\"true\">\n<div class=\"flex w-full flex-col gap-1 empty:hidden first:pt-[3px]\">\n<div class=\"markdown prose w-full break-words dark:prose-invert light\">\n<table style=\"height: 247px;\" width=\"306\">\n<tbody>\n<tr>\n<td width=\"137\"><span style=\"color: #333333;\">Tuotteiden nimi<\/span><\/td>\n<td width=\"151\">Py\u00f6r\u00e4laukku<\/td>\n<\/tr>\n<tr>\n<td><span style=\"color: #333333;\">Tuotenro.<\/span><\/td>\n<td><span style=\"color: #333333;\">PB-2031<\/span><\/td>\n<\/tr>\n<tr>\n<td><span style=\"color: #333333;\">Materiaali<\/span><\/td>\n<td>PU<\/td>\n<\/tr>\n<tr>\n<td><span style=\"color: #333333;\">Koko<\/span><\/td>\n<td>12 X 8 X 26 CM<\/td>\n<\/tr>\n<tr>\n<td><span style=\"color: #333333;\">\u00a0Toimitusaika<\/span><\/td>\n<td><span style=\"color: #333333;\">1-5 p\u00e4iv\u00e4\u00e4 pienille m\u00e4\u00e4rille lentoteitse ja 30-35 p\u00e4iv\u00e4\u00e4 suurille m\u00e4\u00e4rille meritse.<\/span><\/td>\n<\/tr>\n<\/tbody>\n<\/table>\n<p class=\"ds-markdown-paragraph\">\u2705\u00a0<strong>Miksi valita meid\u00e4t?<\/strong><\/p>\n<ul>\n<li>\n<p class=\"ds-markdown-paragraph\"><strong>100% Vedenpit\u00e4v\u00e4<\/strong>: TPU-pinnoitetut saumat + roll-top-suljin - selvi\u00e4t sateesta, mudasta ja l\u00e4t\u00e4k\u00f6ist\u00e4!<\/p>\n<\/li>\n<li>\n<p class=\"ds-markdown-paragraph\"><strong>Stealthy varastointi<\/strong>: Ohuet 2L-5L-mallit sopivat mink\u00e4 tahansa py\u00f6r\u00e4n istuimen alle (ei heilumista!).<\/p>\n<\/li>\n<li>\n<p class=\"ds-markdown-paragraph\"><strong>Er\u00e4taakkatilauksen edut<\/strong>: Tuottaa py\u00f6r\u00e4 laukku irtotavarana tilauksia (MOQ 50kpl) ODM \/ OEM tai yksityinen etiketti 12 p\u00e4iv\u00e4\u00e4!<\/p>\n<\/li>\n<li>\n<p class=\"ds-markdown-paragraph\"><strong>Kiinan kustannusreuna<\/strong>: Koska top py\u00f6r\u00e4laukku Kiina toimittaja, toimitamme laatua tehtaan hintaan.<\/p>\n<\/li>\n<\/ul>\n<p class=\"ds-markdown-paragraph\"><strong>Py\u00f6r\u00e4ilij\u00e4t kaipaavat ominaisuuksia:<\/strong><br \/>\n\ud83d\udd39 Heijastavat logot y\u00f6turvallisuutta varten<br \/>\n\ud83d\udd39 Liukastumisenestohihnat + pikavapautuvat soljet<br \/>\n\ud83d\udd39 Piilotetut sis\u00e4iset verkkotaskut (avaimet \/ kortit)<br \/>\n\ud83d\udd39 OEKO-TEX-sertifioidut kankaat (ei myrkyllisi\u00e4 hajuja).<\/p>\n<p class=\"ds-markdown-paragraph\"><strong>T\u00e4ydellinen:<\/strong><\/p>\n<ul>\n<li>\n<p class=\"ds-markdown-paragraph\">Py\u00f6r\u00e4liikkeet &amp; py\u00f6r\u00e4laukkujen tukkukauppiaat<\/p>\n<\/li>\n<li>\n<p class=\"ds-markdown-paragraph\">S\u00e4hk\u00f6isen kaupank\u00e4ynnin myyj\u00e4t &amp; ulkoilmabr\u00e4ndit<\/p>\n<\/li>\n<li>\n<p class=\"ds-markdown-paragraph\">Startup-yritykset tarvitsevat py\u00f6r\u00e4laukkujen private label -ratkaisuja<\/p>\n<\/li>\n<\/ul>\n<p class=\"ds-markdown-paragraph\"><strong>Miten se toimii:<\/strong><br \/>\n1\ufe0f\u20e3 L\u00e4het\u00e4 logosi tai valitse 80+ mallin joukosta.<br \/>\n2\ufe0f\u20e3 Me prototyypit \u2192 hyv\u00e4ksymme \u2192 massatuotanto<br \/>\n3\ufe0f\u20e3 L\u00e4hetys maailmanlaajuisesti py\u00f6r\u00e4laukkujen vientiverkostojen kautta<\/p>\n<p class=\"ds-markdown-paragraph\"><strong>Oletko valmis varastoimaan istuinpaketteja, jotka myyv\u00e4t kuin vett\u00e4?<\/strong><br \/>\n\ud83d\udc49\u00a0<strong>Ilmaisia n\u00e4ytteit\u00e4<\/strong>\u00a0\ud83d\udc49 20% talletus \ud83d\udc49 24\/7 tuki<\/p>\n<\/div>\n<\/div>\n<\/div>\n<\/div>","protected":false},"excerpt":{"rendered":"<h2 title=\"Kokoontaitettava koira laukku hengitt\u00e4v\u00e4 mesh lemmikkiel\u00e4inten olkalaukku pienille lemmikkiel\u00e4inten koirille kissoille\" data-immersive-translate-walked=\"1c928421-2e42-4cd3-8754-5404553c0af5\" data-immersive-translate-paragraph=\"1\" data-spm-anchor-id=\"a2700.details.0.i35.4f6757d4w4zNZA\">Bike Under Seat Pack vesipullon kanssa<\/h2>\n<p><strong>1. VESIPULLOTELINE: <\/strong>Suunniteltu sopimaan useimpiin vesipulloihin, voit asettaa pullon pussin sis\u00e4lle ja s\u00e4\u00e4t\u00e4\u00e4 kuminauhaa sen kiinnitt\u00e4miseksi paikalleen.<\/p>\n<p><strong>2. VEDENKEST\u00c4V\u00c4 JA PVC-VAPAA: <\/strong>Py\u00f6r\u00e4n istuinlaukun ulkopuoli on valmistettu Oxford-kuidusta, jossa on monimutkainen PU-vedenpit\u00e4v\u00e4 kangas, ja siin\u00e4 on vedenpit\u00e4v\u00e4 vetoketju, joka varmistaa, ett\u00e4 vesi pysyy poissa. Lis\u00e4ksi py\u00f6r\u00e4laukkumme on PVC-vapaa, mik\u00e4 tekee siit\u00e4 turvallisemman ja luotettavamman pitk\u00e4aikaiseen k\u00e4ytt\u00f6\u00f6n.<\/p>\n<p><strong>3. TURVALLISEMMAT MATKAT:<\/strong>\u00a0Polkupy\u00f6r\u00e4n satulalaukku on varustettu heijastavilla pinnoitteilla molemmilla sivuilla ja takana, ja sen takaosassa on kiinnityspiste varoitusvaloa varten, mik\u00e4 v\u00e4hent\u00e4\u00e4 tehokkaasti onnettomuusriski\u00e4 y\u00f6ajelulla.<\/p>","protected":false},"featured_media":3206,"template":"","meta":{"_uag_custom_page_level_css":""},"product_brand":[],"product_cat":[48],"product_tag":[],"class_list":{"0":"post-3204","1":"product","2":"type-product","3":"status-publish","4":"has-post-thumbnail","6":"product_cat-bike-bag","8":"first","9":"instock","10":"shipping-taxable","11":"product-type-simple"},"uagb_featured_image_src":{"full":["https:\/\/pecbag.com\/wp-content\/uploads\/2025\/05\/Bike-Under-Seat-Pack-with-Water-Bottle-4.jpeg",1600,1600,false],"thumbnail":["https:\/\/pecbag.com\/wp-content\/uploads\/2025\/05\/Bike-Under-Seat-Pack-with-Water-Bottle-4-150x150.jpeg",150,150,true],"medium":["https:\/\/pecbag.com\/wp-content\/uploads\/2025\/05\/Bike-Under-Seat-Pack-with-Water-Bottle-4-300x300.jpeg",300,300,true],"medium_large":["https:\/\/pecbag.com\/wp-content\/uploads\/2025\/05\/Bike-Under-Seat-Pack-with-Water-Bottle-4-768x768.jpeg",768,768,true],"large":["https:\/\/pecbag.com\/wp-content\/uploads\/2025\/05\/Bike-Under-Seat-Pack-with-Water-Bottle-4-1024x1024.jpeg",800,800,true],"1536x1536":["https:\/\/pecbag.com\/wp-content\/uploads\/2025\/05\/Bike-Under-Seat-Pack-with-Water-Bottle-4-1536x1536.jpeg",1536,1536,true],"2048x2048":["https:\/\/pecbag.com\/wp-content\/uploads\/2025\/05\/Bike-Under-Seat-Pack-with-Water-Bottle-4.jpeg",1600,1600,false],"trp-custom-language-flag":["https:\/\/pecbag.com\/wp-content\/uploads\/2025\/05\/Bike-Under-Seat-Pack-with-Water-Bottle-4-12x12.jpeg",12,12,true],"woocommerce_thumbnail":["https:\/\/pecbag.com\/wp-content\/uploads\/2025\/05\/Bike-Under-Seat-Pack-with-Water-Bottle-4-300x300.jpeg",300,300,true],"woocommerce_single":["https:\/\/pecbag.com\/wp-content\/uploads\/2025\/05\/Bike-Under-Seat-Pack-with-Water-Bottle-4-600x600.jpeg",600,600,true],"woocommerce_gallery_thumbnail":["https:\/\/pecbag.com\/wp-content\/uploads\/2025\/05\/Bike-Under-Seat-Pack-with-Water-Bottle-4-100x100.jpeg",100,100,true]},"uagb_author_info":{"display_name":"Lawrence","author_link":"https:\/\/pecbag.com\/fi\/author\/"},"uagb_comment_info":0,"uagb_excerpt":"Bike Under Seat Pack with Water Bottle 1. WATER BOTTLE HOLDER: Designed to fit most water bottles, you can place the bottle inside the bag and adjust the elastic band to secure it in place. 2. WATER RESISTANT &amp; PVC-FREE: The exterior of the bike seat bag is made from Oxford fiber with a complex&hellip;","_links":{"self":[{"href":"https:\/\/pecbag.com\/fi\/wp-json\/wp\/v2\/product\/3204","targetHints":{"allow":["GET"]}}],"collection":[{"href":"https:\/\/pecbag.com\/fi\/wp-json\/wp\/v2\/product"}],"about":[{"href":"https:\/\/pecbag.com\/fi\/wp-json\/wp\/v2\/types\/product"}],"wp:featuredmedia":[{"embeddable":true,"href":"https:\/\/pecbag.com\/fi\/wp-json\/wp\/v2\/media\/3206"}],"wp:attachment":[{"href":"https:\/\/pecbag.com\/fi\/wp-json\/wp\/v2\/media?parent=3204"}],"wp:term":[{"taxonomy":"product_brand","embeddable":true,"href":"https:\/\/pecbag.com\/fi\/wp-json\/wp\/v2\/product_brand?post=3204"},{"taxonomy":"product_cat","embeddable":true,"href":"https:\/\/pecbag.com\/fi\/wp-json\/wp\/v2\/product_cat?post=3204"},{"taxonomy":"product_tag","embeddable":true,"href":"https:\/\/pecbag.com\/fi\/wp-json\/wp\/v2\/product_tag?post=3204"}],"curies":[{"name":"wp","href":"https:\/\/api.w.org\/{rel}","templated":true}]}}