{"id":3214,"date":"2025-05-23T07:28:40","date_gmt":"2025-05-23T07:28:40","guid":{"rendered":"https:\/\/pecbag.com\/?post_type=product&#038;p=3214"},"modified":"2025-11-29T02:06:58","modified_gmt":"2025-11-29T02:06:58","slug":"camping-backpack-duffle-bag","status":"publish","type":"product","link":"https:\/\/pecbag.com\/fi\/camping-backpack-duffle-bag\/","title":{"rendered":"Taktinen Camping reppu duffeli laukku"},"content":{"rendered":"<h5 title=\"Kokoontaitettava koira laukku hengitt\u00e4v\u00e4 mesh lemmikkiel\u00e4inten olkalaukku pienille lemmikkiel\u00e4inten koirille kissoille\" data-immersive-translate-walked=\"1c928421-2e42-4cd3-8754-5404553c0af5\" data-immersive-translate-paragraph=\"1\" data-spm-anchor-id=\"a2700.details.0.i35.4f6757d4w4zNZA\">Taktinen Camping reppu Duffle laukku valmistaja | Vedenpit\u00e4v\u00e4 laukku Factory &amp; Camping toimittaja | Bulk OEM<\/h5>\n<div class=\"flex flex-grow flex-col max-w-full\">\n<div class=\"min-h-[20px] text-message flex w-full flex-col items-end gap-2 whitespace-pre-wrap break-words [.text-message+&amp;]:mt-5 overflow-x-auto\" dir=\"auto\" data-message-author-role=\"assistant\" data-message-id=\"3d7d46f6-7ec2-4222-9257-48fa0bba23c6\" data-suggestions=\"true\">\n<div class=\"flex w-full flex-col gap-1 empty:hidden first:pt-[3px]\">\n<div class=\"markdown prose w-full break-words dark:prose-invert light\">\n<p>Tarvitsetko taktisia retkeilyreppu duffeli laukkuja, jotka selvi\u00e4v\u00e4t luonnossa? Olemme vedenpit\u00e4v\u00e4 laukkutehdas ja reppuvalmistaja Kiinassa, joka valmistaa kest\u00e4vi\u00e4 monik\u00e4ytt\u00f6isi\u00e4 laukkuja ulkoilubr\u00e4ndeille, armeijoille ja maailmanlaajuisille tukkukauppiaille!<\/p>\n<table width=\"288\">\n<tbody>\n<tr>\n<td width=\"137\"><span style=\"color: #333333;\">Tuotteiden nimi<\/span><\/td>\n<td width=\"151\"><span style=\"color: #333333;\">Leirilaukku<\/span><\/td>\n<\/tr>\n<tr>\n<td><span style=\"color: #333333;\">Tuotenro.<\/span><\/td>\n<td><span style=\"color: #333333;\">PB-2032<\/span><\/td>\n<\/tr>\n<tr>\n<td><span style=\"color: #333333;\">Materiaali<\/span><\/td>\n<td><span style=\"color: #333333;\">600D polyesteri<\/span><\/td>\n<\/tr>\n<tr>\n<td><span style=\"color: #333333;\">Koko<\/span><\/td>\n<td>30 x 20 x 56 cm<\/td>\n<\/tr>\n<tr>\n<td><span style=\"color: #333333;\">\u00a0Toimitusaika<\/span><\/td>\n<td><span style=\"color: #333333;\">1-5 p\u00e4iv\u00e4\u00e4 pienille m\u00e4\u00e4rille lentoteitse ja 30-35 p\u00e4iv\u00e4\u00e4 suurille m\u00e4\u00e4rille meritse.<\/span><\/td>\n<\/tr>\n<\/tbody>\n<\/table>\n<p class=\"ds-markdown-paragraph\">\u2705\u00a0<strong>Miksi tehd\u00e4 yhteisty\u00f6t\u00e4 kanssamme?<\/strong><\/p>\n<ul>\n<li>\n<p class=\"ds-markdown-paragraph\"><strong>Sotilasluokan kest\u00e4v\u00e4<\/strong>: 1680D ballistinen nylon + hitsatut saumat - repim\u00e4t\u00f6n, sateenpit\u00e4v\u00e4 ja valmis mutaan!<\/p>\n<\/li>\n<li>\n<p class=\"ds-markdown-paragraph\"><strong>Taktinen \u00e4lyk\u00e4s<\/strong>: Yli 10 taskua, MOLLE-hihnat ja irrotettavat hihnat - j\u00e4rjestele varusteita kuin ammattilainen.<\/p>\n<\/li>\n<li>\n<p class=\"ds-markdown-paragraph\"><strong>Er\u00e4taakkatilauksen edut<\/strong>: Tuottaa retkeilylaukku irtotavarana tilauksia ODM \/ OEM tai yksityinen etiketti 18 p\u00e4iv\u00e4\u00e4!<\/p>\n<\/li>\n<li>\n<p class=\"ds-markdown-paragraph\"><strong>Kiinan kustannusreuna<\/strong>: Koska top camping laukku Kiina toimittaja, laatu t\u00e4ytt\u00e4\u00e4 ly\u00f6m\u00e4t\u00f6n hinnoittelu.<\/p>\n<\/li>\n<\/ul>\n<p class=\"ds-markdown-paragraph\"><strong>Ominaisuudet Seikkailijat rakastavat:<\/strong><br \/>\n\ud83d\udd39 100% vedenpit\u00e4v\u00e4t YKK-vetoketjut + vedenpoistoaukot<br \/>\n\ud83d\udd39 Piilotetut varkaudenestolokerot ja RFID-taskut<br \/>\n\ud83d\udd39 Vahvistetut kahvat + muunneltava reppu \/ nukka muotoilu<br \/>\n\ud83d\udd39 OEKO-TEX-sertifioitu (ei myrkyllisi\u00e4 v\u00e4riaineita tai hajuja).<\/p>\n<p class=\"ds-markdown-paragraph\"><strong>T\u00e4ydellinen:<\/strong><\/p>\n<ul>\n<li>\n<p class=\"ds-markdown-paragraph\">Ulkoilualan v\u00e4hitt\u00e4ismyyj\u00e4t &amp; retkeilylaukkujen tukkukauppiaat<\/p>\n<\/li>\n<li>\n<p class=\"ds-markdown-paragraph\">Taktisten varusteiden myyj\u00e4t ja s\u00e4hk\u00f6isen kaupank\u00e4ynnin j\u00e4ttil\u00e4iset<\/p>\n<\/li>\n<li>\n<p class=\"ds-markdown-paragraph\">Startup-yritykset tarvitsevat retkeilylaukkujen private label -ratkaisuja<\/p>\n<\/li>\n<\/ul>\n<p class=\"ds-markdown-paragraph\"><strong>Miten toimimme:<\/strong><br \/>\n1\ufe0f\u20e3 L\u00e4het\u00e4 oma suunnittelusi (tai valitse yli 200 taktisen mallin joukosta).<br \/>\n2\ufe0f\u20e3 Prototyyppi 7 p\u00e4iv\u00e4ss\u00e4 \u2192 hyv\u00e4ksynt\u00e4 \u2192 massatuotanto<br \/>\n3\ufe0f\u20e3 L\u00e4hetys leirint\u00e4laukkujen vientiverkostojen kautta (DDP\/DAP-vaihtoehdot).<\/p>\n<p class=\"ds-markdown-paragraph\"><strong>Oletko valmis varustamaan asiakkaasi tuhoutumattomilla varusteilla?<\/strong><br \/>\n\ud83d\udc49\u00a0<strong>Ilmaisia n\u00e4ytteit\u00e4<\/strong>\u00a0\ud83d\udc49 25% talletus \ud83d\udc49 24h lainaukset<\/p>\n<\/div>\n<\/div>\n<\/div>\n<\/div>","protected":false},"excerpt":{"rendered":"<h2 data-immersive-translate-walked=\"344be1c1-5052-41eb-8fcd-0dbe236a0d6b\" data-immersive-translate-paragraph=\"1\">Taktinen Camping reppu duffeli laukku<\/h2>\n<p><strong>1. SUURI KAPASITEETTI 50L:<\/strong> Mitat: 30 x 20 x 56 cm. Sopii t\u00e4ydellisesti kannettavalle tietokoneelle, kirjoille, vaatteille, kynille, k\u00e4nnyk\u00e4lle, k\u00e4silaukulle, MacBookille jne. Laukkuihin voi laittaa kaiken kokoisia kannettavia tabletteja ja kannettavia tietokoneita 15,6 tuuman asti. Kapasiteetti on tarpeeksi suuri pakkaamaan kaikki tarvitsemasi tavarat.<\/p>\n<p><strong>2. ERGONOMINEN MUOTOILU:<\/strong> Mukavasti pehmustetut olkahihnat ja takaosan iskunvaimentimet suojaavat selk\u00e4\u00e4. Uusi pehmuste ja ergonominen muotoilu. S\u00e4\u00e4dett\u00e4v\u00e4t olkahihnat mahdollistavat eritt\u00e4in hyv\u00e4n mukautumisen vartaloosi.Voit pident\u00e4\u00e4 hihnaa, joka kulkee olkap\u00e4\u00e4st\u00e4 rintaan, ja samoin vy\u00f6t\u00e4r\u00f6hihnaa.<\/p>","protected":false},"featured_media":3215,"template":"","meta":{"_uag_custom_page_level_css":""},"product_brand":[],"product_cat":[44,60,63,55],"product_tag":[],"class_list":{"0":"post-3214","1":"product","2":"type-product","3":"status-publish","4":"has-post-thumbnail","6":"product_cat-camping-bags","7":"product_cat-backpack","8":"product_cat-duffel-bag","9":"product_cat-tactical-bag","11":"first","12":"instock","13":"shipping-taxable","14":"product-type-simple"},"uagb_featured_image_src":{"full":["https:\/\/pecbag.com\/wp-content\/uploads\/2025\/05\/Tactical-Camping-Backpack-Duffle-Bag-6.jpeg",960,960,false],"thumbnail":["https:\/\/pecbag.com\/wp-content\/uploads\/2025\/05\/Tactical-Camping-Backpack-Duffle-Bag-6-150x150.jpeg",150,150,true],"medium":["https:\/\/pecbag.com\/wp-content\/uploads\/2025\/05\/Tactical-Camping-Backpack-Duffle-Bag-6-300x300.jpeg",300,300,true],"medium_large":["https:\/\/pecbag.com\/wp-content\/uploads\/2025\/05\/Tactical-Camping-Backpack-Duffle-Bag-6-768x768.jpeg",768,768,true],"large":["https:\/\/pecbag.com\/wp-content\/uploads\/2025\/05\/Tactical-Camping-Backpack-Duffle-Bag-6.jpeg",800,800,false],"1536x1536":["https:\/\/pecbag.com\/wp-content\/uploads\/2025\/05\/Tactical-Camping-Backpack-Duffle-Bag-6.jpeg",960,960,false],"2048x2048":["https:\/\/pecbag.com\/wp-content\/uploads\/2025\/05\/Tactical-Camping-Backpack-Duffle-Bag-6.jpeg",960,960,false],"trp-custom-language-flag":["https:\/\/pecbag.com\/wp-content\/uploads\/2025\/05\/Tactical-Camping-Backpack-Duffle-Bag-6-12x12.jpeg",12,12,true],"woocommerce_thumbnail":["https:\/\/pecbag.com\/wp-content\/uploads\/2025\/05\/Tactical-Camping-Backpack-Duffle-Bag-6-300x300.jpeg",300,300,true],"woocommerce_single":["https:\/\/pecbag.com\/wp-content\/uploads\/2025\/05\/Tactical-Camping-Backpack-Duffle-Bag-6-600x600.jpeg",600,600,true],"woocommerce_gallery_thumbnail":["https:\/\/pecbag.com\/wp-content\/uploads\/2025\/05\/Tactical-Camping-Backpack-Duffle-Bag-6-100x100.jpeg",100,100,true]},"uagb_author_info":{"display_name":"Lawrence","author_link":"https:\/\/pecbag.com\/fi\/author\/"},"uagb_comment_info":0,"uagb_excerpt":"Tactical Camping Backpack Duffle Bag 1. LARGE CAPACITY OF 50L: Dimensions: 30 x 20 x 56 cm. Perfectly fits laptop, books, clothes, pens, mobile, purse, MacBook, etc. All sizes of portable tablets and notebooks up to 15.6 inches could be put into the bags. The capacity is large enough to pack all the items you&hellip;","_links":{"self":[{"href":"https:\/\/pecbag.com\/fi\/wp-json\/wp\/v2\/product\/3214","targetHints":{"allow":["GET"]}}],"collection":[{"href":"https:\/\/pecbag.com\/fi\/wp-json\/wp\/v2\/product"}],"about":[{"href":"https:\/\/pecbag.com\/fi\/wp-json\/wp\/v2\/types\/product"}],"wp:featuredmedia":[{"embeddable":true,"href":"https:\/\/pecbag.com\/fi\/wp-json\/wp\/v2\/media\/3215"}],"wp:attachment":[{"href":"https:\/\/pecbag.com\/fi\/wp-json\/wp\/v2\/media?parent=3214"}],"wp:term":[{"taxonomy":"product_brand","embeddable":true,"href":"https:\/\/pecbag.com\/fi\/wp-json\/wp\/v2\/product_brand?post=3214"},{"taxonomy":"product_cat","embeddable":true,"href":"https:\/\/pecbag.com\/fi\/wp-json\/wp\/v2\/product_cat?post=3214"},{"taxonomy":"product_tag","embeddable":true,"href":"https:\/\/pecbag.com\/fi\/wp-json\/wp\/v2\/product_tag?post=3214"}],"curies":[{"name":"wp","href":"https:\/\/api.w.org\/{rel}","templated":true}]}}