{"id":3221,"date":"2025-05-23T07:39:17","date_gmt":"2025-05-23T07:39:17","guid":{"rendered":"https:\/\/pecbag.com\/?post_type=product&#038;p=3221"},"modified":"2025-11-29T02:06:49","modified_gmt":"2025-11-29T02:06:49","slug":"portable-camping-bag","status":"publish","type":"product","link":"https:\/\/pecbag.com\/fi\/portable-camping-bag\/","title":{"rendered":"Kannettava leirint\u00e4laukku"},"content":{"rendered":"<h5 title=\"Kokoontaitettava koira laukku hengitt\u00e4v\u00e4 mesh lemmikkiel\u00e4inten olkalaukku pienille lemmikkiel\u00e4inten koirille kissoille\" data-immersive-translate-walked=\"1c928421-2e42-4cd3-8754-5404553c0af5\" data-immersive-translate-paragraph=\"1\" data-spm-anchor-id=\"a2700.details.0.i35.4f6757d4w4zNZA\">Kannettava leirint\u00e4alue laukku valmistaja | Vedenpit\u00e4v\u00e4 laukku tehdas &amp; reppu toimittaja | Bulk OEM<\/h5>\n<div class=\"flex flex-grow flex-col max-w-full\">\n<div class=\"min-h-[20px] text-message flex w-full flex-col items-end gap-2 whitespace-pre-wrap break-words [.text-message+&amp;]:mt-5 overflow-x-auto\" dir=\"auto\" data-message-author-role=\"assistant\" data-message-id=\"3d7d46f6-7ec2-4222-9257-48fa0bba23c6\" data-suggestions=\"true\">\n<div class=\"flex w-full flex-col gap-1 empty:hidden first:pt-[3px]\">\n<div class=\"markdown prose w-full break-words dark:prose-invert light\">\n<p>Tarvitsetko kannettavia retkeilylaukkuja, joissa on tasapaino kevyen rakenteen ja kest\u00e4v\u00e4n kest\u00e4vyyden v\u00e4lill\u00e4? Olemme vedenpit\u00e4v\u00e4 laukkutehdas ja reppujen valmistaja Kiinassa, joka valmistaa seikkailuvalmiita varusteita ulkoilubr\u00e4ndeille, j\u00e4lleenmyyjille ja maailmanlaajuisille tukkukauppiaille!<\/p>\n<table width=\"288\">\n<tbody>\n<tr>\n<td width=\"137\"><span style=\"color: #333333;\">Tuotteiden nimi<\/span><\/td>\n<td width=\"151\"><span style=\"color: #333333;\">Leirilaukku<\/span><\/td>\n<\/tr>\n<tr>\n<td><span style=\"color: #333333;\">Tuotenro.<\/span><\/td>\n<td><span style=\"color: #333333;\">PB-2033<\/span><\/td>\n<\/tr>\n<tr>\n<td><span style=\"color: #333333;\">Materiaali<\/span><\/td>\n<td>600D polyesteri<\/td>\n<\/tr>\n<tr>\n<td><span style=\"color: #333333;\">Koko<\/span><\/td>\n<td>15,3 x 7,9 x 9,4 tuumaa<\/td>\n<\/tr>\n<tr>\n<td><span style=\"color: #333333;\">\u00a0Toimitusaika<\/span><\/td>\n<td><span style=\"color: #333333;\">1-5 p\u00e4iv\u00e4\u00e4 pienille m\u00e4\u00e4rille lentoteitse ja 30-35 p\u00e4iv\u00e4\u00e4 suurille m\u00e4\u00e4rille meritse.<\/span><\/td>\n<\/tr>\n<\/tbody>\n<\/table>\n<p class=\"ds-markdown-paragraph\">Tarve\u00a0<strong>kannettavat retkeilylaukut<\/strong>\u00a0jotka tasapainottavat kevyen suunnittelun ja kest\u00e4v\u00e4n kest\u00e4vyyden? Me olemme\u00a0<strong>vedenpit\u00e4v\u00e4 laukku tehdas<\/strong>\u00a0ja\u00a0<strong>reppu valmistaja<\/strong>\u00a0Kiinassa ja valmistaa seikkailuvalmiita varusteita ulkoilubr\u00e4ndeille, j\u00e4lleenmyyjille ja maailmanlaajuisille tukkukauppiaille!<\/p>\n<p class=\"ds-markdown-paragraph\">\u2705\u00a0<strong>Miksi valita meid\u00e4t?<\/strong><\/p>\n<ul>\n<li>\n<p class=\"ds-markdown-paragraph\"><strong>Ultra-kannettava<\/strong>: Taitettava taskukokoiseksi (15x10cm!) - t\u00e4ydellinen retkeilij\u00f6ille, matkailijoille ja h\u00e4t\u00e4pakkauksiin.<\/p>\n<\/li>\n<li>\n<p class=\"ds-markdown-paragraph\"><strong>Vedenpit\u00e4v\u00e4 soturi<\/strong>: TPU-laminoidut saumat + roll-top sulkeminen - naurattaa sadekuuroille ja jokien ylityksille!<\/p>\n<\/li>\n<li>\n<p class=\"ds-markdown-paragraph\"><strong>Erillisvalmisteinen tilaus Magic<\/strong>: Tuote\u00a0<strong>retkeily laukku irtotavarana tilauksia (MOQ 50pcs) ODM \/ OEM tai yksityinen etiketti 10:ss\u00e4<\/strong> p\u00e4iv\u00e4\u00e4!<\/p>\n<\/li>\n<li>\n<p class=\"ds-markdown-paragraph\"><strong>Kiinan kustannusetu<\/strong>: Koska top camping laukku Kiina toimittaja, toimitamme laatua tehdas-suoraan hintaan.<\/p>\n<\/li>\n<\/ul>\n<p class=\"ds-markdown-paragraph\"><strong>Nopeasti myyt\u00e4v\u00e4t ominaisuudet:<\/strong><br \/>\n\ud83d\udd39 20L-40L laajennettava kapasiteetti (sopii makuupusseihin + varusteisiin).<br \/>\n\ud83d\udd39 Piilotetut varkaudenestotaskut + daisy-ketjun hihnat<br \/>\n\ud83d\udd39 Hengitt\u00e4v\u00e4t verkkohihnat + painonjakosuunnittelu<br \/>\n\ud83d\udd39 OEKO-TEX-sertifioidut kankaat (ymp\u00e4rist\u00f6yst\u00e4v\u00e4lliset, ei hajuja).<\/p>\n<p class=\"ds-markdown-paragraph\"><strong>T\u00e4ydellinen:<\/strong><\/p>\n<ul>\n<li>\n<p class=\"ds-markdown-paragraph\">Ulkoilualan v\u00e4hitt\u00e4ismyyj\u00e4t &amp; retkeilylaukkujen tukkukauppiaat<\/p>\n<\/li>\n<li>\n<p class=\"ds-markdown-paragraph\">Selviytymisv\u00e4lineiden myyj\u00e4t ja verkkokaupat<\/p>\n<\/li>\n<li>\n<p class=\"ds-markdown-paragraph\">Startup-yritykset rakentavat retkeilylaukkujen private label -br\u00e4nde<\/p>\n<\/li>\n<\/ul>\n<p class=\"ds-markdown-paragraph\"><strong>Miten se toimii:<\/strong><br \/>\n1\ufe0f\u20e3 Valitse yli 150 mallin joukosta tai l\u00e4het\u00e4 logosi.<br \/>\n2\ufe0f\u20e3 Me prototyypit \u2192 hyv\u00e4ksymme \u2192 massatuotanto<br \/>\n3\ufe0f\u20e3 Toimitetaan maailmanlaajuisesti retkeilylaukkujen vientiverkostojen kautta.<\/p>\n<p class=\"ds-markdown-paragraph\"><strong>Oletko valmis paketoimaan menestyst\u00e4 jokaiseen seikkailuun?<\/strong><br \/>\n\ud83d\udc49\u00a0<strong>Ilmaisia n\u00e4ytteit\u00e4<\/strong>\u00a0\ud83d\udc49 15% talletus \ud83d\udc49 24\/7 tuki<\/p>\n<\/div>\n<\/div>\n<\/div>\n<\/div>","protected":false},"excerpt":{"rendered":"<h2 data-immersive-translate-walked=\"344be1c1-5052-41eb-8fcd-0dbe236a0d6b\" data-immersive-translate-paragraph=\"1\">Kannettava leirint\u00e4laukku<\/h2>\n<p><strong>1.LARGE KAPASITEETIN SUUNNITTELU:\u00a0<\/strong>Mitat: Sis\u00e4tilavuus noin 25 litraa. Suureen tilavuuteen mahtuu 36 t\u00f6lkki\u00e4 (330 ml), mik\u00e4 t\u00e4ytt\u00e4\u00e4 kaikki juoma- ja ruokatarpeet 3-4 ulkoilevalle henkil\u00f6lle. Nyt tarvitaan vain kokoontaitettava piknik-kori ratkaisemaan kaikki s\u00e4ilytysongelmat ulos l\u00e4htiess\u00e4, eik\u00e4 tarvitse kantaa useita laukkuja ja astioita kaikkialle.<\/p>\n<p><strong>2.PORTABLE &amp; KOKOONTAITETTAVA:<\/strong>\u00a0P\u00e4ivitetty versio sis\u00e4lt\u00e4\u00e4 joustavat sivutuet, jotka tarjoavat enemm\u00e4n rakennetta kuin notko tai romahdus; Taitettava pehmustettu kahvan muotoilu on syntynyt tilan s\u00e4\u00e4st\u00e4miseksi, k\u00e4tev\u00e4 kuljettaa; Vedenpit\u00e4v\u00e4 TPU-vuori ja irrotettava kangasrunko piknik-korin kylm\u00e4laukussa edist\u00e4\u00e4 tiiviytt\u00e4 ja helppoa puhdistusta. T\u00e4ydellinen mukana kuljetettava kangaskori &amp; vesis\u00e4ili\u00f6.<\/p>","protected":false},"featured_media":3224,"template":"","meta":{"_uag_custom_page_level_css":""},"product_brand":[],"product_cat":[44,50],"product_tag":[],"class_list":{"0":"post-3221","1":"product","2":"type-product","3":"status-publish","4":"has-post-thumbnail","6":"product_cat-camping-bags","7":"product_cat-cooler-bag","9":"first","10":"instock","11":"shipping-taxable","12":"product-type-simple"},"uagb_featured_image_src":{"full":["https:\/\/pecbag.com\/wp-content\/uploads\/2025\/05\/Portable-Camping-Bag-1.jpeg",800,800,false],"thumbnail":["https:\/\/pecbag.com\/wp-content\/uploads\/2025\/05\/Portable-Camping-Bag-1-150x150.jpeg",150,150,true],"medium":["https:\/\/pecbag.com\/wp-content\/uploads\/2025\/05\/Portable-Camping-Bag-1-300x300.jpeg",300,300,true],"medium_large":["https:\/\/pecbag.com\/wp-content\/uploads\/2025\/05\/Portable-Camping-Bag-1-768x768.jpeg",768,768,true],"large":["https:\/\/pecbag.com\/wp-content\/uploads\/2025\/05\/Portable-Camping-Bag-1.jpeg",800,800,false],"1536x1536":["https:\/\/pecbag.com\/wp-content\/uploads\/2025\/05\/Portable-Camping-Bag-1.jpeg",800,800,false],"2048x2048":["https:\/\/pecbag.com\/wp-content\/uploads\/2025\/05\/Portable-Camping-Bag-1.jpeg",800,800,false],"trp-custom-language-flag":["https:\/\/pecbag.com\/wp-content\/uploads\/2025\/05\/Portable-Camping-Bag-1-12x12.jpeg",12,12,true],"woocommerce_thumbnail":["https:\/\/pecbag.com\/wp-content\/uploads\/2025\/05\/Portable-Camping-Bag-1-300x300.jpeg",300,300,true],"woocommerce_single":["https:\/\/pecbag.com\/wp-content\/uploads\/2025\/05\/Portable-Camping-Bag-1-600x600.jpeg",600,600,true],"woocommerce_gallery_thumbnail":["https:\/\/pecbag.com\/wp-content\/uploads\/2025\/05\/Portable-Camping-Bag-1-100x100.jpeg",100,100,true]},"uagb_author_info":{"display_name":"Lawrence","author_link":"https:\/\/pecbag.com\/fi\/author\/"},"uagb_comment_info":0,"uagb_excerpt":"Portable Camping Bag 1.LARGE CAPACITY DESIGN:\u00a0Dimensions: 44 x 25 x 23 cm (L x W x H) about 25 L internal capacity. Large capacity can hold 36 cans (330 ml), which can meet all the beverage and food needs of 3-4 people traveling outdoors. Now only a foldable picnic basket is needed to solve all&hellip;","_links":{"self":[{"href":"https:\/\/pecbag.com\/fi\/wp-json\/wp\/v2\/product\/3221","targetHints":{"allow":["GET"]}}],"collection":[{"href":"https:\/\/pecbag.com\/fi\/wp-json\/wp\/v2\/product"}],"about":[{"href":"https:\/\/pecbag.com\/fi\/wp-json\/wp\/v2\/types\/product"}],"wp:featuredmedia":[{"embeddable":true,"href":"https:\/\/pecbag.com\/fi\/wp-json\/wp\/v2\/media\/3224"}],"wp:attachment":[{"href":"https:\/\/pecbag.com\/fi\/wp-json\/wp\/v2\/media?parent=3221"}],"wp:term":[{"taxonomy":"product_brand","embeddable":true,"href":"https:\/\/pecbag.com\/fi\/wp-json\/wp\/v2\/product_brand?post=3221"},{"taxonomy":"product_cat","embeddable":true,"href":"https:\/\/pecbag.com\/fi\/wp-json\/wp\/v2\/product_cat?post=3221"},{"taxonomy":"product_tag","embeddable":true,"href":"https:\/\/pecbag.com\/fi\/wp-json\/wp\/v2\/product_tag?post=3221"}],"curies":[{"name":"wp","href":"https:\/\/api.w.org\/{rel}","templated":true}]}}