{"id":3237,"date":"2025-05-23T09:30:10","date_gmt":"2025-05-23T09:30:10","guid":{"rendered":"https:\/\/pecbag.com\/?post_type=product&#038;p=3237"},"modified":"2025-11-29T02:06:26","modified_gmt":"2025-11-29T02:06:26","slug":"wholesale-camping-picnic-bag","status":"publish","type":"product","link":"https:\/\/pecbag.com\/fi\/wholesale-camping-picnic-bag\/","title":{"rendered":"Tukku Camping piknik laukku"},"content":{"rendered":"<h5 title=\"Kokoontaitettava koira laukku hengitt\u00e4v\u00e4 mesh lemmikkiel\u00e4inten olkalaukku pienille lemmikkiel\u00e4inten koirille kissoille\" data-immersive-translate-walked=\"1c928421-2e42-4cd3-8754-5404553c0af5\" data-immersive-translate-paragraph=\"1\" data-spm-anchor-id=\"a2700.details.0.i35.4f6757d4w4zNZA\">Tukku Camping Picnic laukku valmistaja | Vedenpit\u00e4v\u00e4 laukku tehdas &amp; reppu toimittaja | Bulk OEM<\/h5>\n<div class=\"flex flex-grow flex-col max-w-full\">\n<div class=\"min-h-[20px] text-message flex w-full flex-col items-end gap-2 whitespace-pre-wrap break-words [.text-message+&amp;]:mt-5 overflow-x-auto\" dir=\"auto\" data-message-author-role=\"assistant\" data-message-id=\"3d7d46f6-7ec2-4222-9257-48fa0bba23c6\" data-suggestions=\"true\">\n<div class=\"flex w-full flex-col gap-1 empty:hidden first:pt-[3px]\">\n<div class=\"markdown prose w-full break-words dark:prose-invert light\">\n<p>Tarvitsetko tukku retkeily piknik laukkuja, joissa yhdistyv\u00e4t tyyli, kest\u00e4vyys ja arvo? Olemme vedenpit\u00e4v\u00e4 laukkutehdas ja reppuvalmistaja Kiinassa, joka tuottaa korkealaatuisia piknik-varusteita ulkoilubr\u00e4ndeille, v\u00e4hitt\u00e4iskauppiaille ja retkeilylaukkujen tukkukauppiaille maailmanlaajuisesti!<\/p>\n<table width=\"288\">\n<tbody>\n<tr>\n<td width=\"137\"><span style=\"color: #333333;\">Tuotteiden nimi<\/span><\/td>\n<td width=\"151\"><span style=\"color: #333333;\">Leirilaukku<\/span><\/td>\n<\/tr>\n<tr>\n<td><span style=\"color: #333333;\">Tuotenro.<\/span><\/td>\n<td><span style=\"color: #333333;\">PB-2035<\/span><\/td>\n<\/tr>\n<tr>\n<td><span style=\"color: #333333;\">Materiaali<\/span><\/td>\n<td>Lumihiutale<\/td>\n<\/tr>\n<tr>\n<td><span style=\"color: #333333;\">Koko<\/span><\/td>\n<td>12 x 8 x 16 tuumaa<\/td>\n<\/tr>\n<tr>\n<td><span style=\"color: #333333;\">\u00a0Toimitusaika<\/span><\/td>\n<td><span style=\"color: #333333;\">1-5 p\u00e4iv\u00e4\u00e4 pienille m\u00e4\u00e4rille lentoteitse ja 30-35 p\u00e4iv\u00e4\u00e4 suurille m\u00e4\u00e4rille meritse.<\/span><\/td>\n<\/tr>\n<\/tbody>\n<\/table>\n<p class=\"ds-markdown-paragraph\">\u2705\u00a0<strong>Miksi valita meid\u00e4t?<\/strong><\/p>\n<ul>\n<li>\n<p class=\"ds-markdown-paragraph\"><strong>Vedenpit\u00e4v\u00e4 &amp; roiskesuojattu<\/strong>: TPU-p\u00e4\u00e4llystetty sis\u00e4pinta + tiivistetyt saumat - pit\u00e4\u00e4 ruoan kuivana ja juomat kylm\u00e4n\u00e4 yli 24 tuntia!<\/p>\n<\/li>\n<li>\n<p class=\"ds-markdown-paragraph\"><strong>Edut irtotilauksesta<\/strong>: Tilaa retkeilylaukku irtotavarana (MOQ 50kpl) ODM \/ OEM tai private label vaihtoehtoja - valmis 12 p\u00e4iv\u00e4\u00e4!<\/p>\n<\/li>\n<li>\n<p class=\"ds-markdown-paragraph\"><strong>Kokoontaitettava &amp; kevyt<\/strong>: S\u00e4\u00e4st\u00e4\u00e4 60% s\u00e4ilytystilaa - leikkaa leirint\u00e4laukun viennin toimituskuluja!<\/p>\n<\/li>\n<li>\n<p class=\"ds-markdown-paragraph\"><strong>Kiina Hintaetu<\/strong>: Johtavana retkeilylaukku Kiina toimittaja, toimitamme ensiluokkaista laatua tehdas-suoraan hintaan.<\/p>\n<\/li>\n<\/ul>\n<p class=\"ds-markdown-paragraph\"><strong>Nopeasti myyt\u00e4v\u00e4t ominaisuudet:<\/strong><br \/>\n\ud83d\udd39 15L-30L kapasiteetti (sopii huopiin, astioihin, pulloihin)<br \/>\n\ud83d\udd39 Irrotettavat olkahihnat + vahvistetut kahvat (3 kantotapaa)<br \/>\n\ud83d\udd39 Ymp\u00e4rist\u00f6yst\u00e4v\u00e4llinen PEVA-vuori (OEKO-TEX-sertifioitu, ei myrkkyj\u00e4).<br \/>\n\ud83d\udd39 Homeenestopinnoite + helposti pyyhitt\u00e4v\u00e4t pinnat<\/p>\n<p class=\"ds-markdown-paragraph\"><strong>T\u00e4ydellinen:<\/strong><\/p>\n<ul>\n<li>\n<p class=\"ds-markdown-paragraph\">Ulkoilualan v\u00e4hitt\u00e4ismyyj\u00e4t &amp; retkeilylaukkujen myyj\u00e4t<\/p>\n<\/li>\n<li>\n<p class=\"ds-markdown-paragraph\">Piknik-varusteiden myym\u00e4l\u00e4t &amp; verkkokaupan myyj\u00e4t<\/p>\n<\/li>\n<li>\n<p class=\"ds-markdown-paragraph\">Startup-yritykset, jotka lanseeraavat retkeilylaukkujen private label -tuotemerkit<\/p>\n<\/li>\n<\/ul>\n<p class=\"ds-markdown-paragraph\"><strong>Miten se toimii:<\/strong><br \/>\n1\ufe0f\u20e3 Valitse yli 100 mallin joukosta tai r\u00e4\u00e4t\u00e4l\u00f6i oma mallisi.<br \/>\n2\ufe0f\u20e3 Prototyyppi 5 p\u00e4iv\u00e4ss\u00e4 \u2192 hyv\u00e4ksynt\u00e4 \u2192 massatuotanto<br \/>\n3\ufe0f\u20e3 Toimitetaan maailmanlaajuisesti retkeilylaukkujen vientiverkostojen kautta (DDP\/DAP saatavilla).<\/p>\n<p class=\"ds-markdown-paragraph\"><strong>Oletko valmis varastoimaan piknik-pusseja, jotka lent\u00e4v\u00e4t hyllyst\u00e4?<\/strong><br \/>\n\ud83d\udc49\u00a0<strong>Ilmaisia n\u00e4ytteit\u00e4<\/strong>\u00a0\ud83d\udc49 15% talletus \ud83d\udc49 24\/7 tuki<\/p>\n<\/div>\n<\/div>\n<\/div>\n<\/div>","protected":false},"excerpt":{"rendered":"<h2 data-immersive-translate-walked=\"344be1c1-5052-41eb-8fcd-0dbe236a0d6b\" data-immersive-translate-paragraph=\"1\">Tukku Camping piknik laukku<\/h2>\n<p><strong>1. ENSILUOKKAINEN MATERIAALI: <\/strong>Reppumme on valmistettu tihe\u00e4st\u00e4 600D-kankaasta, joka on repim\u00e4t\u00f6n ja vedenkest\u00e4v\u00e4. Jotta vetoketju olisi sile\u00e4 ja kest\u00e4v\u00e4, reppu on varustettu SBS-vetoketjulla.<\/p>\n<p><strong>2. ERISTETTY OSASTO:<\/strong> Repun vuori on valmistettu alumiinikalvosta, jonka eristysvaikutus on parempi kuin PEVA-vuori. Se on hyv\u00e4 pit\u00e4\u00e4 ruoka tuoreena, viile\u00e4n\u00e4 tai kuumana pitk\u00e4\u00e4n. Irrotettavassa viinitelineess\u00e4 on my\u00f6s eristetty alumiinivuori.<\/p>\n<p><strong>3. FLEECEHUOPA:<\/strong>\u00a0Fleece-peiton mitat ovat 47 x 59 tuumaa, ja siin\u00e4 on vedenpit\u00e4v\u00e4 PE-tausta. Se voidaan helposti s\u00e4ilytt\u00e4\u00e4 repun kyljess\u00e4 tai kuljettaa kahvan avulla.<\/p>","protected":false},"featured_media":3243,"template":"","meta":{"_uag_custom_page_level_css":""},"product_brand":[],"product_cat":[44,60,50],"product_tag":[],"class_list":{"0":"post-3237","1":"product","2":"type-product","3":"status-publish","4":"has-post-thumbnail","6":"product_cat-camping-bags","7":"product_cat-backpack","8":"product_cat-cooler-bag","10":"first","11":"instock","12":"shipping-taxable","13":"product-type-simple"},"uagb_featured_image_src":{"full":["https:\/\/pecbag.com\/wp-content\/uploads\/2025\/05\/Wholesale-Camping-Picnic-Bag-6.jpeg",800,800,false],"thumbnail":["https:\/\/pecbag.com\/wp-content\/uploads\/2025\/05\/Wholesale-Camping-Picnic-Bag-6-150x150.jpeg",150,150,true],"medium":["https:\/\/pecbag.com\/wp-content\/uploads\/2025\/05\/Wholesale-Camping-Picnic-Bag-6-300x300.jpeg",300,300,true],"medium_large":["https:\/\/pecbag.com\/wp-content\/uploads\/2025\/05\/Wholesale-Camping-Picnic-Bag-6-768x768.jpeg",768,768,true],"large":["https:\/\/pecbag.com\/wp-content\/uploads\/2025\/05\/Wholesale-Camping-Picnic-Bag-6.jpeg",800,800,false],"1536x1536":["https:\/\/pecbag.com\/wp-content\/uploads\/2025\/05\/Wholesale-Camping-Picnic-Bag-6.jpeg",800,800,false],"2048x2048":["https:\/\/pecbag.com\/wp-content\/uploads\/2025\/05\/Wholesale-Camping-Picnic-Bag-6.jpeg",800,800,false],"trp-custom-language-flag":["https:\/\/pecbag.com\/wp-content\/uploads\/2025\/05\/Wholesale-Camping-Picnic-Bag-6-12x12.jpeg",12,12,true],"woocommerce_thumbnail":["https:\/\/pecbag.com\/wp-content\/uploads\/2025\/05\/Wholesale-Camping-Picnic-Bag-6-300x300.jpeg",300,300,true],"woocommerce_single":["https:\/\/pecbag.com\/wp-content\/uploads\/2025\/05\/Wholesale-Camping-Picnic-Bag-6-600x600.jpeg",600,600,true],"woocommerce_gallery_thumbnail":["https:\/\/pecbag.com\/wp-content\/uploads\/2025\/05\/Wholesale-Camping-Picnic-Bag-6-100x100.jpeg",100,100,true]},"uagb_author_info":{"display_name":"Lawrence","author_link":"https:\/\/pecbag.com\/fi\/author\/"},"uagb_comment_info":0,"uagb_excerpt":"Wholesale Camping Picnic Bag 1. PREMIUM MATERIAL: Our backpack is made from high-density 600D fabric, which is tear-resistant and water-resistant. To make the zipper smooth and durable, the backpack is equipped with an SBS zipper. 2. INSULATED COMPARTMENT: The lining of the backpack is made of aluminum film, whose insulation effect is better than PEVA&hellip;","_links":{"self":[{"href":"https:\/\/pecbag.com\/fi\/wp-json\/wp\/v2\/product\/3237","targetHints":{"allow":["GET"]}}],"collection":[{"href":"https:\/\/pecbag.com\/fi\/wp-json\/wp\/v2\/product"}],"about":[{"href":"https:\/\/pecbag.com\/fi\/wp-json\/wp\/v2\/types\/product"}],"wp:featuredmedia":[{"embeddable":true,"href":"https:\/\/pecbag.com\/fi\/wp-json\/wp\/v2\/media\/3243"}],"wp:attachment":[{"href":"https:\/\/pecbag.com\/fi\/wp-json\/wp\/v2\/media?parent=3237"}],"wp:term":[{"taxonomy":"product_brand","embeddable":true,"href":"https:\/\/pecbag.com\/fi\/wp-json\/wp\/v2\/product_brand?post=3237"},{"taxonomy":"product_cat","embeddable":true,"href":"https:\/\/pecbag.com\/fi\/wp-json\/wp\/v2\/product_cat?post=3237"},{"taxonomy":"product_tag","embeddable":true,"href":"https:\/\/pecbag.com\/fi\/wp-json\/wp\/v2\/product_tag?post=3237"}],"curies":[{"name":"wp","href":"https:\/\/api.w.org\/{rel}","templated":true}]}}