{"id":3244,"date":"2025-05-26T01:22:57","date_gmt":"2025-05-26T01:22:57","guid":{"rendered":"https:\/\/pecbag.com\/?post_type=product&#038;p=3244"},"modified":"2025-11-29T02:06:16","modified_gmt":"2025-11-29T02:06:16","slug":"large-soft-sided-cooling-bag","status":"publish","type":"product","link":"https:\/\/pecbag.com\/fi\/large-soft-sided-cooling-bag\/","title":{"rendered":"Suuri pehme\u00e4puolinen j\u00e4\u00e4hdytyspussi"},"content":{"rendered":"<h5 title=\"Kokoontaitettava koira laukku hengitt\u00e4v\u00e4 mesh lemmikkiel\u00e4inten olkalaukku pienille lemmikkiel\u00e4inten koirille kissoille\" data-immersive-translate-walked=\"1c928421-2e42-4cd3-8754-5404553c0af5\" data-immersive-translate-paragraph=\"1\" data-spm-anchor-id=\"a2700.details.0.i35.4f6757d4w4zNZA\">Suuri pehme\u00e4puolinen j\u00e4\u00e4hdytyslaukku valmistaja | Vedenpit\u00e4v\u00e4 laukku tehdas &amp; reppu toimittaja | Bulk OEM<\/h5>\n<div class=\"flex flex-grow flex-col max-w-full\">\n<div class=\"min-h-[20px] text-message flex w-full flex-col items-end gap-2 whitespace-pre-wrap break-words [.text-message+&amp;]:mt-5 overflow-x-auto\" dir=\"auto\" data-message-author-role=\"assistant\" data-message-id=\"3d7d46f6-7ec2-4222-9257-48fa0bba23c6\" data-suggestions=\"true\">\n<div class=\"flex w-full flex-col gap-1 empty:hidden first:pt-[3px]\">\n<div class=\"markdown prose w-full break-words dark:prose-invert light\">\n<p>Tarvitsetko suuria pehme\u00e4pintaisia j\u00e4\u00e4hdytyspusseja, jotka pit\u00e4v\u00e4t tavarat j\u00e4\u00e4hdytettyin\u00e4 p\u00e4ivi\u00e4? Olemme Kiinassa toimiva vedenpit\u00e4v\u00e4 laukkutehdas ja reppuvalmistaja, joka valmistaa raskaita j\u00e4\u00e4hdytysratkaisuja elintarvikkeiden jakelupalveluille, l\u00e4\u00e4keyrityksille ja j\u00e4\u00e4hdytyspussien tukkukauppiaille maailmanlaajuisesti!<\/p>\n<table width=\"288\">\n<tbody>\n<tr>\n<td width=\"137\"><span style=\"color: #333333;\">Tuotteiden nimi<\/span><\/td>\n<td width=\"151\"><span style=\"color: #333333;\">J\u00e4\u00e4hdytyspussi<\/span><\/td>\n<\/tr>\n<tr>\n<td><span style=\"color: #333333;\">Tuotenro.<\/span><\/td>\n<td><span style=\"color: #333333;\">PB-2036<\/span><\/td>\n<\/tr>\n<tr>\n<td><span style=\"color: #333333;\">Materiaali<\/span><\/td>\n<td>600D polyesteri<\/td>\n<\/tr>\n<tr>\n<td><span style=\"color: #333333;\">\u00a0Koko ja v\u00e4ri<\/span><\/td>\n<td>40 x 30 x 30 cm<\/td>\n<\/tr>\n<tr>\n<td><span style=\"color: #333333;\">\u00a0Toimitusaika<\/span><\/td>\n<td><span style=\"color: #333333;\">1-5 p\u00e4iv\u00e4\u00e4 pienille m\u00e4\u00e4rille lentoteitse ja 30-35 p\u00e4iv\u00e4\u00e4 suurille m\u00e4\u00e4rille meritse.<\/span><\/td>\n<\/tr>\n<\/tbody>\n<\/table>\n<p class=\"ds-markdown-paragraph\">\u2705\u00a0<strong>Miksi tehd\u00e4 yhteisty\u00f6t\u00e4 kanssamme?<\/strong><\/p>\n<ul>\n<li>\n<p class=\"ds-markdown-paragraph\"><strong>72 tunnin j\u00e4\u00e4hdytys<\/strong>: 4cm ekologinen eristys + l\u00e4mp\u00f6\u00e4 heijastava vuori - t\u00e4ydellinen rokotuksille, merenel\u00e4ville tai aterioiden valmisteluun!<\/p>\n<\/li>\n<li>\n<p class=\"ds-markdown-paragraph\"><strong>Pehme\u00e4 &amp; tilava<\/strong>: 50L-100L kapasiteetit - sopii laatikoille, pulloille tai ep\u00e4s\u00e4\u00e4nn\u00f6llisille esineille ilman pullistumista.<\/p>\n<\/li>\n<li>\n<p class=\"ds-markdown-paragraph\"><strong>Er\u00e4taakkatilauksen edut<\/strong>: Tuottaa j\u00e4\u00e4hdytyspussi irtotavarana tilauksia (MOQ 50kpl) ODM \/ OEM tai yksityinen etiketti 15 p\u00e4iv\u00e4\u00e4!<\/p>\n<\/li>\n<li>\n<p class=\"ds-markdown-paragraph\"><strong>Kiinan kustannusreuna<\/strong>: Koska alkuun j\u00e4\u00e4hdytyslaukku Kiina toimittaja, me sekoitus laatua ly\u00f6m\u00e4t\u00f6n hinnoittelu.<\/p>\n<\/li>\n<\/ul>\n<p class=\"ds-markdown-paragraph\"><strong>Myyv\u00e4t ominaisuudet:<\/strong><br \/>\n\ud83d\udd39 100% vedenpit\u00e4v\u00e4t TPU-saumat + homeenkest\u00e4v\u00e4t PEVA-sis\u00e4tilat<br \/>\n\ud83d\udd39 Vahvistetut kahvat (300+ lbs kapasiteetti) + irrotettavat olkahihnat<br \/>\n\ud83d\udd39 Mukautettavat lokerot + RFID-sulkevat taskut<br \/>\n\ud83d\udd39 OEKO-TEX-sertifioitu - turvallinen elintarvike- ja l\u00e4\u00e4kek\u00e4ytt\u00f6\u00f6n.<\/p>\n<p class=\"ds-markdown-paragraph\"><strong>T\u00e4ydellinen:<\/strong><\/p>\n<ul>\n<li>\n<p class=\"ds-markdown-paragraph\">L\u00e4\u00e4ketieteelliset toimittajat &amp; j\u00e4\u00e4hdytyspussien myyj\u00e4t<\/p>\n<\/li>\n<li>\n<p class=\"ds-markdown-paragraph\">Ateriapakettiyritykset &amp; j\u00e4\u00e4hdytyspussien tukkukauppiaat<\/p>\n<\/li>\n<li>\n<p class=\"ds-markdown-paragraph\">Startup-yritykset rakentavat private label -j\u00e4\u00e4hdytyspusseja private label -br\u00e4ndeille<\/p>\n<\/li>\n<\/ul>\n<p class=\"ds-markdown-paragraph\"><strong>Miten ty\u00f6skentelemme:<\/strong><br \/>\n1\ufe0f\u20e3 Valitse 80+ mallin joukosta tai l\u00e4het\u00e4 speksisi.<br \/>\n2\ufe0f\u20e3 Prototyyppi 7 p\u00e4iv\u00e4ss\u00e4 \u2192 hyv\u00e4ksynt\u00e4 \u2192 massatuotanto<br \/>\n3\ufe0f\u20e3 L\u00e4hetys j\u00e4\u00e4hdytyspussien vientiverkostojen kautta (DDP\/DAP-vaihtoehdot).<\/p>\n<p class=\"ds-markdown-paragraph\"><strong>Oletko valmis viilent\u00e4m\u00e4\u00e4n voittomarginaaleja?<\/strong><br \/>\n\ud83d\udc49\u00a0<strong>Ilmaisia n\u00e4ytteit\u00e4<\/strong>\u00a0\ud83d\udc49 20% talletus \ud83d\udc49 24h lainaukset<\/p>\n<\/div>\n<\/div>\n<\/div>\n<\/div>","protected":false},"excerpt":{"rendered":"<h2 data-immersive-translate-walked=\"344be1c1-5052-41eb-8fcd-0dbe236a0d6b\" data-immersive-translate-paragraph=\"1\">Suuri pehme\u00e4puolinen j\u00e4\u00e4hdytyspussi<\/h2>\n<div class=\"sliderTable mt10 mb10 sliderTable-index0\">\n<div class=\"inner\">T\u00e4m\u00e4 kylm\u00e4laukku on erinomainen muotoilu, sopiva koko ja helposti s\u00e4ilytett\u00e4v\u00e4 kannettava pakkaus. Voit taittaa sen litte\u00e4ksi ja pakata sen matkalaukkuusi tai s\u00e4ilytt\u00e4\u00e4 pakastettua ruokaa ostoksilla. Valmistettu korkealaatuisesta 600D-polyesterikankaasta ja vahvistetuista vetoketjuista maksimaalisen kest\u00e4vyyden varmistamiseksi. Sis\u00e4lt\u00e4\u00e4 Ultra Safe -vuodonkest\u00e4v\u00e4n, helposti puhdistettavan sis\u00e4vuoren. Pehme\u00e4, tiivis vuori on my\u00f6s helppo puhdistaa; pyyhi se vain m\u00e4r\u00e4ll\u00e4 liinalla.<\/div>\n<\/div>","protected":false},"featured_media":3251,"template":"","meta":{"_uag_custom_page_level_css":""},"product_brand":[],"product_cat":[44,50],"product_tag":[],"class_list":{"0":"post-3244","1":"product","2":"type-product","3":"status-publish","4":"has-post-thumbnail","6":"product_cat-camping-bags","7":"product_cat-cooler-bag","9":"first","10":"instock","11":"shipping-taxable","12":"product-type-simple"},"uagb_featured_image_src":{"full":["https:\/\/pecbag.com\/wp-content\/uploads\/2025\/05\/Large-Soft-Sided-Cooling-Bag-3-1.jpeg",750,750,false],"thumbnail":["https:\/\/pecbag.com\/wp-content\/uploads\/2025\/05\/Large-Soft-Sided-Cooling-Bag-3-1-150x150.jpeg",150,150,true],"medium":["https:\/\/pecbag.com\/wp-content\/uploads\/2025\/05\/Large-Soft-Sided-Cooling-Bag-3-1-300x300.jpeg",300,300,true],"medium_large":["https:\/\/pecbag.com\/wp-content\/uploads\/2025\/05\/Large-Soft-Sided-Cooling-Bag-3-1.jpeg",750,750,false],"large":["https:\/\/pecbag.com\/wp-content\/uploads\/2025\/05\/Large-Soft-Sided-Cooling-Bag-3-1.jpeg",750,750,false],"1536x1536":["https:\/\/pecbag.com\/wp-content\/uploads\/2025\/05\/Large-Soft-Sided-Cooling-Bag-3-1.jpeg",750,750,false],"2048x2048":["https:\/\/pecbag.com\/wp-content\/uploads\/2025\/05\/Large-Soft-Sided-Cooling-Bag-3-1.jpeg",750,750,false],"trp-custom-language-flag":["https:\/\/pecbag.com\/wp-content\/uploads\/2025\/05\/Large-Soft-Sided-Cooling-Bag-3-1-12x12.jpeg",12,12,true],"woocommerce_thumbnail":["https:\/\/pecbag.com\/wp-content\/uploads\/2025\/05\/Large-Soft-Sided-Cooling-Bag-3-1-300x300.jpeg",300,300,true],"woocommerce_single":["https:\/\/pecbag.com\/wp-content\/uploads\/2025\/05\/Large-Soft-Sided-Cooling-Bag-3-1-600x600.jpeg",600,600,true],"woocommerce_gallery_thumbnail":["https:\/\/pecbag.com\/wp-content\/uploads\/2025\/05\/Large-Soft-Sided-Cooling-Bag-3-1-100x100.jpeg",100,100,true]},"uagb_author_info":{"display_name":"Lawrence","author_link":"https:\/\/pecbag.com\/fi\/author\/"},"uagb_comment_info":0,"uagb_excerpt":"Large Soft Sided Cooling Bag This cooler bag is an excellent design, a suitable size, and an easy-to-store portable pack. You can fold it flat and pack it in your luggage, or store frozen food while shopping. Made with high-quality 600D polyester fabric and reinforced zippers to ensure maximum durability. Features an Ultra Safe leak-proof,&hellip;","_links":{"self":[{"href":"https:\/\/pecbag.com\/fi\/wp-json\/wp\/v2\/product\/3244","targetHints":{"allow":["GET"]}}],"collection":[{"href":"https:\/\/pecbag.com\/fi\/wp-json\/wp\/v2\/product"}],"about":[{"href":"https:\/\/pecbag.com\/fi\/wp-json\/wp\/v2\/types\/product"}],"wp:featuredmedia":[{"embeddable":true,"href":"https:\/\/pecbag.com\/fi\/wp-json\/wp\/v2\/media\/3251"}],"wp:attachment":[{"href":"https:\/\/pecbag.com\/fi\/wp-json\/wp\/v2\/media?parent=3244"}],"wp:term":[{"taxonomy":"product_brand","embeddable":true,"href":"https:\/\/pecbag.com\/fi\/wp-json\/wp\/v2\/product_brand?post=3244"},{"taxonomy":"product_cat","embeddable":true,"href":"https:\/\/pecbag.com\/fi\/wp-json\/wp\/v2\/product_cat?post=3244"},{"taxonomy":"product_tag","embeddable":true,"href":"https:\/\/pecbag.com\/fi\/wp-json\/wp\/v2\/product_tag?post=3244"}],"curies":[{"name":"wp","href":"https:\/\/api.w.org\/{rel}","templated":true}]}}