{"id":3275,"date":"2025-05-26T03:12:51","date_gmt":"2025-05-26T03:12:51","guid":{"rendered":"https:\/\/pecbag.com\/?post_type=product&#038;p=3275"},"modified":"2025-11-29T02:03:29","modified_gmt":"2025-11-29T02:03:29","slug":"new-design-lightweight-sports-chest-bag","status":"publish","type":"product","link":"https:\/\/pecbag.com\/fi\/new-design-lightweight-sports-chest-bag\/","title":{"rendered":"Uusi muotoilu kevyt urheilu rintakeh\u00e4 laukku"},"content":{"rendered":"<h5 title=\"Kokoontaitettava koira laukku hengitt\u00e4v\u00e4 mesh lemmikkiel\u00e4inten olkalaukku pienille lemmikkiel\u00e4inten koirille kissoille\" data-immersive-translate-walked=\"1c928421-2e42-4cd3-8754-5404553c0af5\" data-immersive-translate-paragraph=\"1\" data-spm-anchor-id=\"a2700.details.0.i35.4f6757d4w4zNZA\">Uusi muotoilu kevyt urheilu rintakeh\u00e4 laukku valmistaja | Vedenpit\u00e4v\u00e4 laukku tehdas &amp; reppu toimittaja | Bulk OEM<\/h5>\n<div class=\"flex flex-grow flex-col max-w-full\">\n<div class=\"min-h-[20px] text-message flex w-full flex-col items-end gap-2 whitespace-pre-wrap break-words [.text-message+&amp;]:mt-5 overflow-x-auto\" dir=\"auto\" data-message-author-role=\"assistant\" data-message-id=\"3d7d46f6-7ec2-4222-9257-48fa0bba23c6\" data-suggestions=\"true\">\n<div class=\"flex w-full flex-col gap-1 empty:hidden first:pt-[3px]\">\n<div class=\"markdown prose w-full break-words dark:prose-invert light\">\n<p>Tarvitsetko uuden muotoilun kevyit\u00e4 urheilurintapusseja, jotka pysyv\u00e4t aktiivisen el\u00e4m\u00e4ntyylin mukana? Olemme alkuun vedenpit\u00e4v\u00e4 laukku tehdas ja reppu valmistaja Kiinassa, k\u00e4sity\u00f6 korkean suorituskyvyn uusi muotoilu kevyt urheilu rintalaukut urheilijoille, ulkona tuotemerkit, ja rintalaukku tukkuliikkeet maailmanlaajuisesti!<\/p>\n<table width=\"288\">\n<tbody>\n<tr>\n<td width=\"137\"><span style=\"color: #333333;\">Tuotteiden nimi<\/span><\/td>\n<td width=\"151\"><span style=\"color: #333333;\">Rintalaukku<\/span><\/td>\n<\/tr>\n<tr>\n<td><span style=\"color: #333333;\">Tuotenro.<\/span><\/td>\n<td><span style=\"color: #333333;\">PB-2040<\/span><\/td>\n<\/tr>\n<tr>\n<td><span style=\"color: #333333;\">Materiaali<\/span><\/td>\n<td>Kaksiv\u00e4rinen ruudullinen kangas\/PU<\/td>\n<\/tr>\n<tr>\n<td><span style=\"color: #333333;\">\u00a0Koko ja v\u00e4ri<\/span><\/td>\n<td><span style=\"color: #333333;\">R\u00e4\u00e4t\u00e4l\u00f6ity<\/span><\/td>\n<\/tr>\n<tr>\n<td><span style=\"color: #333333;\">\u00a0Toimitusaika<\/span><\/td>\n<td><span style=\"color: #333333;\">1-5 p\u00e4iv\u00e4\u00e4 pienille m\u00e4\u00e4rille lentoteitse ja 30-35 p\u00e4iv\u00e4\u00e4 suurille m\u00e4\u00e4rille meritse.<\/span><\/td>\n<\/tr>\n<\/tbody>\n<\/table>\n<p class=\"ds-markdown-paragraph\">\u2705\u00a0<strong>Miksi uuden muotoilun kevyet urheilurintapussit voittavat:<\/strong><\/p>\n<ul>\n<li>\n<p class=\"ds-markdown-paragraph\"><strong>Eritt\u00e4in kevyt mukavuus<\/strong>: 300D ripstop nylon (vain 0,5kg!) - t\u00e4ydellinen juoksuun, py\u00f6r\u00e4ilyyn tai vaellukseen.<\/p>\n<\/li>\n<li>\n<p class=\"ds-markdown-paragraph\"><strong>Hiki &amp; sade valmis<\/strong>: Vedenpit\u00e4v\u00e4t vetoketjut + hengitt\u00e4v\u00e4 verkko selk\u00e4 - selviytyv\u00e4t intensiivisest\u00e4 harjoittelusta tai tihkusateesta.<\/p>\n<\/li>\n<li>\n<p class=\"ds-markdown-paragraph\"><strong>Joustava irtotilaus<\/strong>: Tuottaa rintalaukku irtotavarana tilauksia (MOQ 100kpl) rintalaukku ODM \/ OEM tai yksityinen etiketti 10 p\u00e4iv\u00e4\u00e4!<\/p>\n<\/li>\n<li>\n<p class=\"ds-markdown-paragraph\"><strong>Kiinan kustannusetu<\/strong>: Johtavana rintalaukku Kiina toimittaja, toimitamme korkealaatuisia tehtaalla hinnoin.<\/p>\n<\/li>\n<\/ul>\n<p class=\"ds-markdown-paragraph\"><strong>Urheilijoiden rakastamat ominaisuudet:<\/strong><br \/>\n\ud83d\udd39 S\u00e4\u00e4dett\u00e4v\u00e4t hihnat (sopii kaikille vartalotyypeille) + nopeasti saatavilla oleva puhelintasku<br \/>\n\ud83d\udd39 RFID-lukituslokero + piilotetut turvavetoketjut<br \/>\n\ud83d\udd39 Heijastavat logot y\u00f6turvallisuutta varten<br \/>\n\ud83d\udd39 OEKO-TEX-sertifioitu - ihoyst\u00e4v\u00e4llinen ja hajuton.<\/p>\n<p class=\"ds-markdown-paragraph\"><strong>T\u00e4ydellinen:<\/strong><\/p>\n<ul>\n<li>\n<p class=\"ds-markdown-paragraph\">Urheilualan v\u00e4hitt\u00e4ismyyj\u00e4t &amp; rintalaukkujen myyj\u00e4t<\/p>\n<\/li>\n<li>\n<p class=\"ds-markdown-paragraph\">Kuntosaliketjut ja rintalaukkujen tukkukauppiaat<\/p>\n<\/li>\n<li>\n<p class=\"ds-markdown-paragraph\">Startup-yritykset rakentavat rintakassin private label -br\u00e4nde<\/p>\n<\/li>\n<\/ul>\n<p class=\"ds-markdown-paragraph\"><strong>Miten ty\u00f6skentelemme:<\/strong><br \/>\n1\ufe0f\u20e3 Valitse 50+ trendikk\u00e4\u00e4n mallin joukosta tai muokkaa oma mallisi.<br \/>\n2\ufe0f\u20e3 Prototyyppi 5 p\u00e4iv\u00e4ss\u00e4 \u2192 hyv\u00e4ksynt\u00e4 \u2192 massatuotanto<br \/>\n3\ufe0f\u20e3 L\u00e4hetys maailmanlaajuisesti\u00a0<strong>rintalaukun vienti<\/strong>\u00a0verkot<\/p>\n<p class=\"ds-markdown-paragraph\"><strong>Miksi valita meid\u00e4t rintalaukku Kiina valmistaja?<\/strong><br \/>\n\u2705 8+ vuotta rintalaukun valmistajan asiantuntemusta<br \/>\n\u2705 30% kevyempi kuin markkinoiden keskim\u00e4\u00e4r\u00e4iset tuotteet.<br \/>\n\u2705 24\/7 tuki englanniksi, espanjaksi ja saksaksi<\/p>\n<p class=\"ds-markdown-paragraph\"><strong>Oletko valmis kiinnitt\u00e4m\u00e4\u00e4n menestyksen?<\/strong><br \/>\n\ud83d\udc49\u00a0<strong>Ilmaisia n\u00e4ytteit\u00e4<\/strong>\u00a0\ud83d\udc49 20% talletus \ud83d\udc49 24h lainaukset<\/p>\n<\/div>\n<\/div>\n<\/div>\n<\/div>","protected":false},"excerpt":{"rendered":"<h2 data-immersive-translate-walked=\"344be1c1-5052-41eb-8fcd-0dbe236a0d6b\" data-immersive-translate-paragraph=\"1\">Uusi muotoilu kevyt urheilu rintakeh\u00e4 laukku<\/h2>\n<p>Tarjoamme palkkio laukut t\u00e4yden koon ja v\u00e4rin r\u00e4\u00e4t\u00e4l\u00f6inti, kest\u00e4v\u00e4 kankaat, ja sertifioitu laatu.<\/p>\n<p>Nauti joustavista MOQ-arvoista, nopeasta maailmanlaajuisesta toimituksesta ja private label -ratkaisuista.<\/p>\n<p>Ota yhteytt\u00e4 jo t\u00e4n\u00e4\u00e4n!<\/p>","protected":false},"featured_media":3281,"template":"","meta":{"_uag_custom_page_level_css":""},"product_brand":[],"product_cat":[61,56],"product_tag":[],"class_list":{"0":"post-3275","1":"product","2":"type-product","3":"status-publish","4":"has-post-thumbnail","6":"product_cat-chest-bag","7":"product_cat-gym-bag","9":"first","10":"instock","11":"shipping-taxable","12":"product-type-simple"},"uagb_featured_image_src":{"full":["https:\/\/pecbag.com\/wp-content\/uploads\/2025\/05\/New-Design-Lightweight-Sports-Chest-Bag-4.jpeg",1000,1000,false],"thumbnail":["https:\/\/pecbag.com\/wp-content\/uploads\/2025\/05\/New-Design-Lightweight-Sports-Chest-Bag-4-150x150.jpeg",150,150,true],"medium":["https:\/\/pecbag.com\/wp-content\/uploads\/2025\/05\/New-Design-Lightweight-Sports-Chest-Bag-4-300x300.jpeg",300,300,true],"medium_large":["https:\/\/pecbag.com\/wp-content\/uploads\/2025\/05\/New-Design-Lightweight-Sports-Chest-Bag-4-768x768.jpeg",768,768,true],"large":["https:\/\/pecbag.com\/wp-content\/uploads\/2025\/05\/New-Design-Lightweight-Sports-Chest-Bag-4.jpeg",800,800,false],"1536x1536":["https:\/\/pecbag.com\/wp-content\/uploads\/2025\/05\/New-Design-Lightweight-Sports-Chest-Bag-4.jpeg",1000,1000,false],"2048x2048":["https:\/\/pecbag.com\/wp-content\/uploads\/2025\/05\/New-Design-Lightweight-Sports-Chest-Bag-4.jpeg",1000,1000,false],"trp-custom-language-flag":["https:\/\/pecbag.com\/wp-content\/uploads\/2025\/05\/New-Design-Lightweight-Sports-Chest-Bag-4-12x12.jpeg",12,12,true],"woocommerce_thumbnail":["https:\/\/pecbag.com\/wp-content\/uploads\/2025\/05\/New-Design-Lightweight-Sports-Chest-Bag-4-300x300.jpeg",300,300,true],"woocommerce_single":["https:\/\/pecbag.com\/wp-content\/uploads\/2025\/05\/New-Design-Lightweight-Sports-Chest-Bag-4-600x600.jpeg",600,600,true],"woocommerce_gallery_thumbnail":["https:\/\/pecbag.com\/wp-content\/uploads\/2025\/05\/New-Design-Lightweight-Sports-Chest-Bag-4-100x100.jpeg",100,100,true]},"uagb_author_info":{"display_name":"Lawrence","author_link":"https:\/\/pecbag.com\/fi\/author\/"},"uagb_comment_info":0,"uagb_excerpt":"New Design Lightweight Sports Chest Bag We provide premium bags with full-size and color customization, durable fabrics, and certified quality. Enjoy flexible MOQs, fast global shipping, and private label solutions. Contact us today!","_links":{"self":[{"href":"https:\/\/pecbag.com\/fi\/wp-json\/wp\/v2\/product\/3275","targetHints":{"allow":["GET"]}}],"collection":[{"href":"https:\/\/pecbag.com\/fi\/wp-json\/wp\/v2\/product"}],"about":[{"href":"https:\/\/pecbag.com\/fi\/wp-json\/wp\/v2\/types\/product"}],"wp:featuredmedia":[{"embeddable":true,"href":"https:\/\/pecbag.com\/fi\/wp-json\/wp\/v2\/media\/3281"}],"wp:attachment":[{"href":"https:\/\/pecbag.com\/fi\/wp-json\/wp\/v2\/media?parent=3275"}],"wp:term":[{"taxonomy":"product_brand","embeddable":true,"href":"https:\/\/pecbag.com\/fi\/wp-json\/wp\/v2\/product_brand?post=3275"},{"taxonomy":"product_cat","embeddable":true,"href":"https:\/\/pecbag.com\/fi\/wp-json\/wp\/v2\/product_cat?post=3275"},{"taxonomy":"product_tag","embeddable":true,"href":"https:\/\/pecbag.com\/fi\/wp-json\/wp\/v2\/product_tag?post=3275"}],"curies":[{"name":"wp","href":"https:\/\/api.w.org\/{rel}","templated":true}]}}