{"id":3289,"date":"2025-05-26T03:41:44","date_gmt":"2025-05-26T03:41:44","guid":{"rendered":"https:\/\/pecbag.com\/?post_type=product&#038;p=3289"},"modified":"2025-11-29T02:03:20","modified_gmt":"2025-11-29T02:03:20","slug":"fishing-tackle-storage-chest-bag","status":"publish","type":"product","link":"https:\/\/pecbag.com\/fi\/fishing-tackle-storage-chest-bag\/","title":{"rendered":"Kalastus takki varastointi Chest Bag"},"content":{"rendered":"<h5 title=\"Kokoontaitettava koira laukku hengitt\u00e4v\u00e4 mesh lemmikkiel\u00e4inten olkalaukku pienille lemmikkiel\u00e4inten koirille kissoille\" data-immersive-translate-walked=\"1c928421-2e42-4cd3-8754-5404553c0af5\" data-immersive-translate-paragraph=\"1\" data-spm-anchor-id=\"a2700.details.0.i35.4f6757d4w4zNZA\">Kalastusv\u00e4lineiden varastointi Chest Bag valmistaja | Vedenpit\u00e4v\u00e4 laukku tehdas &amp; reppu toimittaja | Bulk OEM<\/h5>\n<div class=\"flex flex-grow flex-col max-w-full\">\n<div class=\"min-h-[20px] text-message flex w-full flex-col items-end gap-2 whitespace-pre-wrap break-words [.text-message+&amp;]:mt-5 overflow-x-auto\" dir=\"auto\" data-message-author-role=\"assistant\" data-message-id=\"3d7d46f6-7ec2-4222-9257-48fa0bba23c6\" data-suggestions=\"true\">\n<div class=\"flex w-full flex-col gap-1 empty:hidden first:pt-[3px]\">\n<div class=\"markdown prose w-full break-words dark:prose-invert light\">\n<p>Tarvitsetko kalastustarvikkeiden s\u00e4ilytyslaukkuja, jotka pit\u00e4v\u00e4t vieheet kuivina ja varusteet j\u00e4rjestyksess\u00e4? Johtavana vedenpit\u00e4v\u00e4n\u00e4 laukkutehtaana ja reppuvalmistajana Kiinassa olemme erikoistuneet kalastustarvikkeiden s\u00e4ilytysrintapusseihin, jotka on suunniteltu kalastajille, kalastusbr\u00e4ndeille ja rintapussitukkukauppiaille maailmanlaajuisesti!<\/p>\n<table width=\"288\">\n<tbody>\n<tr>\n<td width=\"137\"><span style=\"color: #333333;\">Tuotteiden nimi<\/span><\/td>\n<td width=\"151\"><span style=\"color: #333333;\">Rintalaukku<\/span><\/td>\n<\/tr>\n<tr>\n<td><span style=\"color: #333333;\">Tuotenro.<\/span><\/td>\n<td><span style=\"color: #333333;\">PB-2042<\/span><\/td>\n<\/tr>\n<tr>\n<td><span style=\"color: #333333;\">Materiaali<\/span><\/td>\n<td>1000D nylon<\/td>\n<\/tr>\n<tr>\n<td><span style=\"color: #333333;\">Koko<\/span><\/td>\n<td>11.8 * 9 * 6.3in<\/td>\n<\/tr>\n<tr>\n<td><span style=\"color: #333333;\">\u00a0Toimitusaika<\/span><\/td>\n<td><span style=\"color: #333333;\">1-5 p\u00e4iv\u00e4\u00e4 pienille m\u00e4\u00e4rille lentoteitse ja 30-35 p\u00e4iv\u00e4\u00e4 suurille m\u00e4\u00e4rille meritse.<\/span><\/td>\n<\/tr>\n<\/tbody>\n<\/table>\n<p class=\"ds-markdown-paragraph\">\u2705\u00a0<strong>Miksi kalastuskalastustarvikkeiden s\u00e4ilytysrunko Laukut koukku myynti:<\/strong><\/p>\n<ul>\n<li>\n<p class=\"ds-markdown-paragraph\"><strong>Vedenpit\u00e4v\u00e4t soturit<\/strong>: Saumattu TPU-pinnoite + vedenpoistoaukot - selviytyy veneen roiskeista ja sadep\u00e4ivist\u00e4!<\/p>\n<\/li>\n<li>\n<p class=\"ds-markdown-paragraph\"><strong>Kalastaja-keskeinen suunnittelu<\/strong>: 8+ modulaarista lokeroa - s\u00e4ilyt\u00e4 koukkuja, siimoja, ty\u00f6kaluja ja sy\u00f6ttej\u00e4 ilman sotkeutumista.<\/p>\n<\/li>\n<li>\n<p class=\"ds-markdown-paragraph\"><strong>Er\u00e4taakkatilauksen edut<\/strong>: Tuottaa rintalaukku irtotavarana tilauksia (MOQ 50kpl) kanssa rintalaukku ODM \/ OEM tai yksityinen etiketti 10 p\u00e4iv\u00e4\u00e4!<\/p>\n<\/li>\n<li>\n<p class=\"ds-markdown-paragraph\"><strong>Kiinan kustannusreuna<\/strong>: Koska alkuun rintalaukku Kiina toimittaja, laatu t\u00e4ytt\u00e4\u00e4 ly\u00f6m\u00e4t\u00f6n hinnoittelu.<\/p>\n<\/li>\n<\/ul>\n<p class=\"ds-markdown-paragraph\"><strong>Ominaisuudet, joita kalastajat rakastavat:<\/strong><br \/>\n\ud83d\udd39 Korroosionkest\u00e4v\u00e4t vetoketjut + ruostumattomat D-renkaat (suolavesi valmis!)<br \/>\n\ud83d\udd39 Nopeasti kuivuvat verkkotaskut + sauvapidikkeen hihnat<br \/>\n\ud83d\udd39 Heijastava reunus aamu- ja iltah\u00e4m\u00e4r\u00e4n turvallisuutta varten<br \/>\n\ud83d\udd39 OEKO-TEX-sertifioitu - ei kemiallisia hajuja, jotka pel\u00e4stytt\u00e4v\u00e4t kalat.<\/p>\n<p class=\"ds-markdown-paragraph\"><strong>T\u00e4ydellinen:<\/strong><\/p>\n<ul>\n<li>\n<p class=\"ds-markdown-paragraph\">Kalastusv\u00e4lineiden myym\u00e4l\u00e4t &amp; rintapussimyyj\u00e4t<\/p>\n<\/li>\n<li>\n<p class=\"ds-markdown-paragraph\">Merenkulun toimittajat &amp; rintalaukkujen tukkukauppiaat<\/p>\n<\/li>\n<li>\n<p class=\"ds-markdown-paragraph\">Tuotemerkit rakentavat rintalaukkujen private label -mallistoja.<\/p>\n<\/li>\n<\/ul>\n<p class=\"ds-markdown-paragraph\"><strong>Miten me k\u00e4sity\u00f6 teid\u00e4n kalastuskalastuksen varastointi rintapussit:<\/strong><br \/>\n1\ufe0f\u20e3 Valitse yli 30 kalastajan hyv\u00e4ksym\u00e4st\u00e4 mallista tai muokkaa omaasi.<br \/>\n2\ufe0f\u20e3 Prototyyppi 5 p\u00e4iv\u00e4ss\u00e4 \u2192 testi \u2192 massatuotanto<br \/>\n3\ufe0f\u20e3 L\u00e4hetys rintapussin vientiverkostojen kautta (DDP\/DAP saatavilla).<\/p>\n<p class=\"ds-markdown-paragraph\"><strong>Miksi olemme sinun #1 rintalaukku Kiina valmistaja:<\/strong><br \/>\n\u2705 12+ vuoden kokemus rintalaukkujen valmistajalta<br \/>\n\u2705 50% paksumpi vedenpit\u00e4v\u00e4 pinnoite verrattuna kilpailijoihin<br \/>\n\u2705 24\/7 tuki englanniksi, japaniksi ja espanjaksi<\/p>\n<p class=\"ds-markdown-paragraph\"><strong>Oletko valmis ker\u00e4\u00e4m\u00e4\u00e4n suurempia voittoja?<\/strong><br \/>\n\ud83d\udc49\u00a0<strong>Ilmaisia n\u00e4ytteit\u00e4<\/strong>\u00a0\ud83d\udc49 20% talletus \ud83d\udc49 24h lainaukset<\/p>\n<\/div>\n<\/div>\n<\/div>\n<\/div>","protected":false},"excerpt":{"rendered":"<h2 data-immersive-translate-walked=\"344be1c1-5052-41eb-8fcd-0dbe236a0d6b\" data-immersive-translate-paragraph=\"1\">Kalastus takki varastointi Chest Bag<\/h2>\n<ol class=\"list-paddingleft-2\">\n<li>Kalastusv\u00e4lineiden laukun koko on 11,8 * 9 * 6,3 tuumaa. Siin\u00e4 on useita lokeroita, joissa voit s\u00e4ilytt\u00e4\u00e4 sy\u00f6ttej\u00e4, pihdit, lanka, sy\u00f6ttirasia, lompakko, puhelin ja muut tarvikkeet. Tee matkastasi k\u00e4tev\u00e4mpi.<\/li>\n<li>Olkahihna on s\u00e4\u00e4dett\u00e4viss\u00e4 ja irrotettavissa, sinulla voi olla useita tapoja k\u00e4ytt\u00e4\u00e4 sit\u00e4, kuten olkalaukku, k\u00e4silaukku, rintalaukku, kalastustarvikelaukku , Crossbody Bag jne.<\/li>\n<\/ol>","protected":false},"featured_media":3290,"template":"","meta":{"_uag_custom_page_level_css":""},"product_brand":[],"product_cat":[61,46],"product_tag":[],"class_list":{"0":"post-3289","1":"product","2":"type-product","3":"status-publish","4":"has-post-thumbnail","6":"product_cat-chest-bag","7":"product_cat-fishing-bag","9":"first","10":"instock","11":"shipping-taxable","12":"product-type-simple"},"uagb_featured_image_src":{"full":["https:\/\/pecbag.com\/wp-content\/uploads\/2025\/05\/Fishing-Tackle-Storage-Chest-Bag.jpeg",1053,1500,false],"thumbnail":["https:\/\/pecbag.com\/wp-content\/uploads\/2025\/05\/Fishing-Tackle-Storage-Chest-Bag-150x150.jpeg",150,150,true],"medium":["https:\/\/pecbag.com\/wp-content\/uploads\/2025\/05\/Fishing-Tackle-Storage-Chest-Bag-211x300.jpeg",211,300,true],"medium_large":["https:\/\/pecbag.com\/wp-content\/uploads\/2025\/05\/Fishing-Tackle-Storage-Chest-Bag-768x1094.jpeg",768,1094,true],"large":["https:\/\/pecbag.com\/wp-content\/uploads\/2025\/05\/Fishing-Tackle-Storage-Chest-Bag-719x1024.jpeg",719,1024,true],"1536x1536":["https:\/\/pecbag.com\/wp-content\/uploads\/2025\/05\/Fishing-Tackle-Storage-Chest-Bag.jpeg",1053,1500,false],"2048x2048":["https:\/\/pecbag.com\/wp-content\/uploads\/2025\/05\/Fishing-Tackle-Storage-Chest-Bag.jpeg",1053,1500,false],"trp-custom-language-flag":["https:\/\/pecbag.com\/wp-content\/uploads\/2025\/05\/Fishing-Tackle-Storage-Chest-Bag-8x12.jpeg",8,12,true],"woocommerce_thumbnail":["https:\/\/pecbag.com\/wp-content\/uploads\/2025\/05\/Fishing-Tackle-Storage-Chest-Bag-300x300.jpeg",300,300,true],"woocommerce_single":["https:\/\/pecbag.com\/wp-content\/uploads\/2025\/05\/Fishing-Tackle-Storage-Chest-Bag-600x855.jpeg",600,855,true],"woocommerce_gallery_thumbnail":["https:\/\/pecbag.com\/wp-content\/uploads\/2025\/05\/Fishing-Tackle-Storage-Chest-Bag-100x100.jpeg",100,100,true]},"uagb_author_info":{"display_name":"Lawrence","author_link":"https:\/\/pecbag.com\/fi\/author\/"},"uagb_comment_info":0,"uagb_excerpt":"Fishing Tackle Storage Chest Bag The size of the fishing gear bag is 11.8*9*6.3in. There are multiple compartments for you to store bait, pliers, wire, a bait box, a wallet, a phone, and other accessories. Make your travel more convenient. The shoulder strap is adjustable and detachable, you can have multiple ways to use it,&hellip;","_links":{"self":[{"href":"https:\/\/pecbag.com\/fi\/wp-json\/wp\/v2\/product\/3289","targetHints":{"allow":["GET"]}}],"collection":[{"href":"https:\/\/pecbag.com\/fi\/wp-json\/wp\/v2\/product"}],"about":[{"href":"https:\/\/pecbag.com\/fi\/wp-json\/wp\/v2\/types\/product"}],"wp:featuredmedia":[{"embeddable":true,"href":"https:\/\/pecbag.com\/fi\/wp-json\/wp\/v2\/media\/3290"}],"wp:attachment":[{"href":"https:\/\/pecbag.com\/fi\/wp-json\/wp\/v2\/media?parent=3289"}],"wp:term":[{"taxonomy":"product_brand","embeddable":true,"href":"https:\/\/pecbag.com\/fi\/wp-json\/wp\/v2\/product_brand?post=3289"},{"taxonomy":"product_cat","embeddable":true,"href":"https:\/\/pecbag.com\/fi\/wp-json\/wp\/v2\/product_cat?post=3289"},{"taxonomy":"product_tag","embeddable":true,"href":"https:\/\/pecbag.com\/fi\/wp-json\/wp\/v2\/product_tag?post=3289"}],"curies":[{"name":"wp","href":"https:\/\/api.w.org\/{rel}","templated":true}]}}