{"id":3317,"date":"2025-05-26T07:06:58","date_gmt":"2025-05-26T07:06:58","guid":{"rendered":"https:\/\/pecbag.com\/?post_type=product&#038;p=3317"},"modified":"2025-11-04T09:50:51","modified_gmt":"2025-11-04T09:50:51","slug":"durable-outdoor-sport-crossbody-bag","status":"publish","type":"product","link":"https:\/\/pecbag.com\/fi\/durable-outdoor-sport-crossbody-bag\/","title":{"rendered":"Kest\u00e4v\u00e4 Outdoor Sport Crossbody laukku"},"content":{"rendered":"<h5 title=\"Kokoontaitettava koira laukku hengitt\u00e4v\u00e4 mesh lemmikkiel\u00e4inten olkalaukku pienille lemmikkiel\u00e4inten koirille kissoille\" data-immersive-translate-walked=\"1c928421-2e42-4cd3-8754-5404553c0af5\" data-immersive-translate-paragraph=\"1\" data-spm-anchor-id=\"a2700.details.0.i35.4f6757d4w4zNZA\">Kest\u00e4v\u00e4 Outdoor Sport Crossbody laukku valmistaja | Vedenpit\u00e4v\u00e4 laukku tehdas &amp; reppu toimittaja | Bulk OEM<\/h5>\n<div class=\"flex flex-grow flex-col max-w-full\">\n<div class=\"min-h-[20px] text-message flex w-full flex-col items-end gap-2 whitespace-pre-wrap break-words [.text-message+&amp;]:mt-5 overflow-x-auto\" dir=\"auto\" data-message-author-role=\"assistant\" data-message-id=\"3d7d46f6-7ec2-4222-9257-48fa0bba23c6\" data-suggestions=\"true\">\n<div class=\"flex w-full flex-col gap-1 empty:hidden first:pt-[3px]\">\n<div class=\"markdown prose w-full break-words dark:prose-invert light\">\n<p>Tarvitsetko kest\u00e4vi\u00e4 crossbody-laukkuja, jotka kest\u00e4v\u00e4t kovia seikkailuja? Koska top vedenpit\u00e4v\u00e4 laukku tehdas ja reppu valmistaja Kiinassa, me k\u00e4sity\u00f6 kest\u00e4v\u00e4 ulkona urheilu crossbody laukut retkeilij\u00f6ille, py\u00f6r\u00e4ilij\u00e4t, ja crossbody laukku tukkuliikkeet maailmanlaajuisesti!<\/p>\n<table width=\"288\">\n<tbody>\n<tr>\n<td width=\"137\"><span style=\"color: #333333;\">Tuotteiden nimi<\/span><\/td>\n<td width=\"151\"><span style=\"color: #333333;\">Crossbody laukku<\/span><\/td>\n<\/tr>\n<tr>\n<td><span style=\"color: #333333;\">Tuotenro.<\/span><\/td>\n<td><span style=\"color: #333333;\">PB-2046<\/span><\/td>\n<\/tr>\n<tr>\n<td><span style=\"color: #333333;\">Materiaali<\/span><\/td>\n<td>600D polyesteri<\/td>\n<\/tr>\n<tr>\n<td><span style=\"color: #333333;\">\u00a0Koko ja v\u00e4ri<\/span><\/td>\n<td>24 x 9,5 x 32 cm<\/td>\n<\/tr>\n<tr>\n<td><span style=\"color: #333333;\">\u00a0Toimitusaika<\/span><\/td>\n<td><span style=\"color: #333333;\">1-5 p\u00e4iv\u00e4\u00e4 pienille m\u00e4\u00e4rille lentoteitse ja 30-35 p\u00e4iv\u00e4\u00e4 suurille m\u00e4\u00e4rille meritse.<\/span><\/td>\n<\/tr>\n<\/tbody>\n<\/table>\n<p class=\"ds-markdown-paragraph\">\u2705\u00a0<strong>Miksi kest\u00e4v\u00e4t ulkoilma-urheilulaukkumme voittavat:<\/strong><\/p>\n<ul>\n<li>\n<p class=\"ds-markdown-paragraph\"><strong>Rakennettu kovaksi<\/strong>: 600D polyesteri + vahvistetut ompeleet - kest\u00e4\u00e4 polut, kivet ja kaatosateet!<\/p>\n<\/li>\n<li>\n<p class=\"ds-markdown-paragraph\"><strong>Vedenpit\u00e4v\u00e4 &amp; hikitiivis<\/strong>: Saumattu TPU-pinnoite + hengitt\u00e4v\u00e4 verkko - t\u00e4ydellinen sateeseen tai intensiiviseen harjoitteluun.<\/p>\n<\/li>\n<li>\n<p class=\"ds-markdown-paragraph\"><strong>Bulk Order Power<\/strong>: Tuottaa crossbody laukku irtotavarana tilauksia (MOQ 100pcs) kautta crossbody laukku ODM \/ OEM tai yksityinen etiketti 10 p\u00e4iv\u00e4\u00e4!<\/p>\n<\/li>\n<li>\n<p class=\"ds-markdown-paragraph\"><strong>Kiinan kustannusreuna<\/strong>: Koska johtava crossbody laukku Kiina toimittaja, laatu t\u00e4ytt\u00e4\u00e4 ly\u00f6m\u00e4t\u00f6n tehtaan hinnoittelu.<\/p>\n<\/li>\n<\/ul>\n<p class=\"ds-markdown-paragraph\"><strong>Ominaisuudet Seikkailijat rakastavat:<\/strong><br \/>\n\ud83d\udd39 5L-10L kapasiteetti (mahtuu vesipullot, ty\u00f6kalut, puhelimet) + RFID-suljettu tasku.<br \/>\n\ud83d\udd39 S\u00e4\u00e4dett\u00e4v\u00e4t hihnat (sopii kaikille vartalotyypeille) + nopean p\u00e4\u00e4syn sivuvetoketjut<br \/>\n\ud83d\udd39 Heijastavat logot y\u00f6turvallisuutta varten + homeenesto OEKO-TEX-kangas.<br \/>\n\ud83d\udd39 Kevyt (0,5 kg) - ihanteellinen kiipeilyyn, retkeilyyn tai kaupunkiliikenteeseen.<\/p>\n<p class=\"ds-markdown-paragraph\"><strong>T\u00e4ydellinen:<\/strong><\/p>\n<ul>\n<li>\n<p class=\"ds-markdown-paragraph\">Outdoor v\u00e4hitt\u00e4iskauppiaat &amp; crossbody laukku myyj\u00e4t<\/p>\n<\/li>\n<li>\n<p class=\"ds-markdown-paragraph\">Urheilu tuotemerkit &amp; crossbody laukku tukkukauppiaat<\/p>\n<\/li>\n<li>\n<p class=\"ds-markdown-paragraph\">Startups rakentaminen crossbody laukku private label linjat<\/p>\n<\/li>\n<\/ul>\n<p class=\"ds-markdown-paragraph\"><strong>Miten ty\u00f6skentelemme:<\/strong><br \/>\n1\ufe0f\u20e3 Valitse yli 80 vankan mallin joukosta tai muokkaa omaasi.<br \/>\n2\ufe0f\u20e3 Prototyyppi 5 p\u00e4iv\u00e4ss\u00e4 \u2192 testi \u2192 massatuotanto<br \/>\n3\ufe0f\u20e3 Ship kautta crossbody laukku vientiverkostojen (ilma\/meri\/DDP)<\/p>\n<p class=\"ds-markdown-paragraph\"><strong>Miksi luottaa meihin?<\/strong><br \/>\n\u2705 10+ vuotta crossbody laukku valmistaja asiantuntemus<br \/>\n\u2705 30% vahvempi kangas verrattuna kilpailijoihin<br \/>\n\u2705 24\/7 tuki englanniksi, espanjaksi ja saksaksi<\/p>\n<p class=\"ds-markdown-paragraph\"><strong>Oletko valmis valmistautumaan ulkoilmamyyntiin?<\/strong><br \/>\n\ud83d\udc49\u00a0<strong>Ilmaisia n\u00e4ytteit\u00e4<\/strong>\u00a0\ud83d\udc49 20% talletus \ud83d\udc49 24h lainaukset<\/p>\n<\/div>\n<\/div>\n<\/div>\n<\/div>","protected":false},"excerpt":{"rendered":"<h2 data-immersive-translate-walked=\"344be1c1-5052-41eb-8fcd-0dbe236a0d6b\" data-immersive-translate-paragraph=\"1\">Kest\u00e4v\u00e4 Outdoor Sport Crossbody laukku<\/h2>\n<div>1. Erinomainen vedenpit\u00e4vyys: Se on eritt\u00e4in vedenpit\u00e4v\u00e4, kulutusta kest\u00e4v\u00e4 ja helppo puhdistaa. My\u00f6s pienen kalastustarvikelaukun vetoketju on vedenpit\u00e4v\u00e4 ja ruostumaton, eik\u00e4 se rikkoudu edes pitk\u00e4aikaisen k\u00e4yt\u00f6n j\u00e4lkeen suolaisen veden ymp\u00e4rist\u00f6ss\u00e4.<\/div>\n<div><\/div>\n<div>\n<div>2. Kevyt ja kest\u00e4v\u00e4: Se on kevyempi ja kannettavampi kuin kalastusreppu, joten sit\u00e4 on mukava k\u00e4ytt\u00e4\u00e4 my\u00f6s pitki\u00e4 aikoja. P\u00e4\u00e4lokeron tukevan kaksisuuntaisen vetoketjun ansiosta p\u00e4\u00e4set helposti k\u00e4siksi siihen molemmin puolin<\/div>\n<\/div>","protected":false},"featured_media":3334,"template":"","meta":{"_uag_custom_page_level_css":""},"product_brand":[],"product_cat":[62],"product_tag":[],"class_list":{"0":"post-3317","1":"product","2":"type-product","3":"status-publish","4":"has-post-thumbnail","6":"product_cat-crossbody-bags","8":"first","9":"instock","10":"shipping-taxable","11":"product-type-simple"},"uagb_featured_image_src":{"full":["https:\/\/pecbag.com\/wp-content\/uploads\/2025\/05\/Durable-Outdoor-Sport-Crossbody-Bag-2-1.jpeg",800,800,false],"thumbnail":["https:\/\/pecbag.com\/wp-content\/uploads\/2025\/05\/Durable-Outdoor-Sport-Crossbody-Bag-2-1-150x150.jpeg",150,150,true],"medium":["https:\/\/pecbag.com\/wp-content\/uploads\/2025\/05\/Durable-Outdoor-Sport-Crossbody-Bag-2-1-300x300.jpeg",300,300,true],"medium_large":["https:\/\/pecbag.com\/wp-content\/uploads\/2025\/05\/Durable-Outdoor-Sport-Crossbody-Bag-2-1-768x768.jpeg",768,768,true],"large":["https:\/\/pecbag.com\/wp-content\/uploads\/2025\/05\/Durable-Outdoor-Sport-Crossbody-Bag-2-1.jpeg",800,800,false],"1536x1536":["https:\/\/pecbag.com\/wp-content\/uploads\/2025\/05\/Durable-Outdoor-Sport-Crossbody-Bag-2-1.jpeg",800,800,false],"2048x2048":["https:\/\/pecbag.com\/wp-content\/uploads\/2025\/05\/Durable-Outdoor-Sport-Crossbody-Bag-2-1.jpeg",800,800,false],"trp-custom-language-flag":["https:\/\/pecbag.com\/wp-content\/uploads\/2025\/05\/Durable-Outdoor-Sport-Crossbody-Bag-2-1-12x12.jpeg",12,12,true],"woocommerce_thumbnail":["https:\/\/pecbag.com\/wp-content\/uploads\/2025\/05\/Durable-Outdoor-Sport-Crossbody-Bag-2-1-300x300.jpeg",300,300,true],"woocommerce_single":["https:\/\/pecbag.com\/wp-content\/uploads\/2025\/05\/Durable-Outdoor-Sport-Crossbody-Bag-2-1-600x600.jpeg",600,600,true],"woocommerce_gallery_thumbnail":["https:\/\/pecbag.com\/wp-content\/uploads\/2025\/05\/Durable-Outdoor-Sport-Crossbody-Bag-2-1-100x100.jpeg",100,100,true]},"uagb_author_info":{"display_name":"Lawrence","author_link":"https:\/\/pecbag.com\/fi\/author\/"},"uagb_comment_info":0,"uagb_excerpt":"Durable Outdoor Sport Crossbody Bag 1. Excellent waterproofing: It is highly waterproof, wear-resistant, and easy to clean. The zipper of the small fishing tackle bag is also waterproof and rust-proof, and will not break even after long-term use in a saltwater environment. 2. Lightweight and durable: Weighing 0.68 pounds, this fishing fanny pack is lighter&hellip;","_links":{"self":[{"href":"https:\/\/pecbag.com\/fi\/wp-json\/wp\/v2\/product\/3317","targetHints":{"allow":["GET"]}}],"collection":[{"href":"https:\/\/pecbag.com\/fi\/wp-json\/wp\/v2\/product"}],"about":[{"href":"https:\/\/pecbag.com\/fi\/wp-json\/wp\/v2\/types\/product"}],"wp:featuredmedia":[{"embeddable":true,"href":"https:\/\/pecbag.com\/fi\/wp-json\/wp\/v2\/media\/3334"}],"wp:attachment":[{"href":"https:\/\/pecbag.com\/fi\/wp-json\/wp\/v2\/media?parent=3317"}],"wp:term":[{"taxonomy":"product_brand","embeddable":true,"href":"https:\/\/pecbag.com\/fi\/wp-json\/wp\/v2\/product_brand?post=3317"},{"taxonomy":"product_cat","embeddable":true,"href":"https:\/\/pecbag.com\/fi\/wp-json\/wp\/v2\/product_cat?post=3317"},{"taxonomy":"product_tag","embeddable":true,"href":"https:\/\/pecbag.com\/fi\/wp-json\/wp\/v2\/product_tag?post=3317"}],"curies":[{"name":"wp","href":"https:\/\/api.w.org\/{rel}","templated":true}]}}