{"id":3325,"date":"2025-05-26T07:40:40","date_gmt":"2025-05-26T07:40:40","guid":{"rendered":"https:\/\/pecbag.com\/?post_type=product&#038;p=3325"},"modified":"2025-11-29T02:01:06","modified_gmt":"2025-11-29T02:01:06","slug":"factory-custom-color-fanny-waist-pack","status":"publish","type":"product","link":"https:\/\/pecbag.com\/fi\/factory-custom-color-fanny-waist-pack\/","title":{"rendered":"Factory Custom V\u00e4ri Fanny vy\u00f6t\u00e4r\u00f6 Pack"},"content":{"rendered":"<h5 title=\"Kokoontaitettava koira laukku hengitt\u00e4v\u00e4 mesh lemmikkiel\u00e4inten olkalaukku pienille lemmikkiel\u00e4inten koirille kissoille\" data-immersive-translate-walked=\"1c928421-2e42-4cd3-8754-5404553c0af5\" data-immersive-translate-paragraph=\"1\" data-spm-anchor-id=\"a2700.details.0.i35.4f6757d4w4zNZA\">Tehtaan mukautetun v\u00e4rin Fanny vy\u00f6t\u00e4r\u00f6n pakkaukset | Vedenpit\u00e4v\u00e4 laukku Factory &amp; reppu valmistaja - Bulk OEM Hip Pack Solutions - Bulk OEM Hip Pack Solutions<\/h5>\n<div class=\"flex flex-grow flex-col max-w-full\">\n<div class=\"min-h-[20px] text-message flex w-full flex-col items-end gap-2 whitespace-pre-wrap break-words [.text-message+&amp;]:mt-5 overflow-x-auto\" dir=\"auto\" data-message-author-role=\"assistant\" data-message-id=\"3d7d46f6-7ec2-4222-9257-48fa0bba23c6\" data-suggestions=\"true\">\n<div class=\"flex w-full flex-col gap-1 empty:hidden first:pt-[3px]\">\n<div class=\"markdown prose w-full break-words dark:prose-invert light\">\n<table width=\"288\">\n<tbody>\n<tr>\n<td width=\"137\"><span style=\"color: #333333;\">Tuotteiden nimi<\/span><\/td>\n<td width=\"151\"><span style=\"color: #333333;\">Crossbody laukku<\/span><\/td>\n<\/tr>\n<tr>\n<td><span style=\"color: #333333;\">Tuotenro.<\/span><\/td>\n<td><span style=\"color: #333333;\">PB-2048<\/span><\/td>\n<\/tr>\n<tr>\n<td><span style=\"color: #333333;\">Materiaali<\/span><\/td>\n<td>600D polyesteri<\/td>\n<\/tr>\n<tr>\n<td><span style=\"color: #333333;\">\u00a0Koko ja v\u00e4ri<\/span><\/td>\n<td>11 x 5 x 6 tuumaa<\/td>\n<\/tr>\n<tr>\n<td><span style=\"color: #333333;\">\u00a0Toimitusaika<\/span><\/td>\n<td><span style=\"color: #333333;\">1-5 p\u00e4iv\u00e4\u00e4 pienille m\u00e4\u00e4rille lentoteitse ja 30-35 p\u00e4iv\u00e4\u00e4 suurille m\u00e4\u00e4rille meritse.<\/span><\/td>\n<\/tr>\n<\/tbody>\n<\/table>\n<p>Koska Kiinan johtava crossbody laukku valmistaja ja vedenpit\u00e4v\u00e4 laukku tehdas, olemme erikoistuneet tuottamaan raskaan tehtaan mukautetun v\u00e4rin fanny vy\u00f6t\u00e4r\u00f6 pakkauksissa maailmanlaajuisia tuotemerkkej\u00e4. Meid\u00e4n crossbody laukku yritys tarjoaa:<\/p>\n<p>\u2705 <strong>Mukautettavat vy\u00f6laukut<\/strong> 200+ Pantone-v\u00e4rivaihtoehtoa (MOQ 100kpl)<br \/>\n\u2705 <strong>Vedenpit\u00e4v\u00e4t ristikk\u00e4iset laukut<\/strong> k\u00e4ytt\u00e4en 420D-1680D nailonia TPU-pinnoitteella varustettuna<br \/>\n\u2705 <strong>OEM\/ODM-palvelut<\/strong> osoitteessa <strong>yksityisen merkin vy\u00f6t\u00e4r\u00f6 pakkaukset<\/strong> - suunnittelusta vientiin<br \/>\n\u2705 <strong>Bulk vy\u00f6laukku tuotanto<\/strong> 12 p\u00e4iv\u00e4n nopealla toimitusajalla<\/p>\n<p>Luotettu crossbody laukku tukkukauppiaat ja ulkona tuotemerkit maailmanlaajuisesti. Ominaisuuksiin kuuluvat:<br \/>\n- RFID-sulkevat taskut ja MIL-STD-hihnauhat<br \/>\n- S\u00e4\u00e4dett\u00e4v\u00e4t vy\u00f6t\u00e4r\u00f6hihnat (25-60 tuumaa)<br \/>\n- Ymp\u00e4rist\u00f6yst\u00e4v\u00e4lliset OEKO-TEX-sertifioidut materiaalit<\/p>\n<p><strong>Miksi valita meid\u00e4n crossbody laukku tehdas<\/strong>?<br \/>\n\ud83d\udd39 18 vuotta crossbody laukku viej\u00e4t Kiinasta<br \/>\n\ud83d\udd39 Ilmainen n\u00e4yteohjelma, jossa on mukautettu logotulostus<br \/>\n\ud83d\udd39 FOB \/ DDP -kuljetukset REACH \/ CPSC-sertifikaattien kanssa<\/p>\n<p>Pyyd\u00e4 v\u00e4lit\u00f6nt\u00e4 hinnoittelua r\u00e4\u00e4t\u00e4l\u00f6ity\u00e4 v\u00e4rillist\u00e4 vy\u00f6t\u00e4r\u00f6laukkuprojektiasi varten. Crossbody laukku myyj\u00e4t nauttivat yksinoikeudella alennuksia tilauksista yli 2000 kappaletta.<\/p>\n<\/div>\n<\/div>\n<\/div>\n<\/div>","protected":false},"excerpt":{"rendered":"<h2 data-immersive-translate-walked=\"344be1c1-5052-41eb-8fcd-0dbe236a0d6b\" data-immersive-translate-paragraph=\"1\">Factory Custom V\u00e4ri Fanny vy\u00f6t\u00e4r\u00f6 Pack<\/h2>\n<div>\n<p>1. Rakentaminen ja monik\u00e4yt\u00e4v\u00e4t: T\u00e4m\u00e4 pakkaus pit\u00e4\u00e4 henkil\u00f6korttisi, rahasi ja kaikki muut arvotavarat turvassa varkauksilta: Varustettu 2 vetoketjullisella etulokerolla, 1 vetoketjullisella takalokerolla, 1 vetoketjullisella sis\u00e4tilalla ja polyesterivuorella. Lis\u00e4ksi voit muuntaa vy\u00f6laukusta ristivartalolaukuksi tai olkap\u00e4\u00e4n yli ulottuvaksi laukuksi.<\/p>\n<p>2. Vy\u00f6t\u00e4r\u00f6n koko: Vy\u00f6t\u00e4r\u00f6n vy\u00f6t\u00e4r\u00f6: Vy\u00f6t\u00e4r\u00f6n vy\u00f6 sopii vy\u00f6t\u00e4r\u00f6kokoon 16\u2033 - 40\u2033, joka sopii miehille, naisille, teini-ik\u00e4isille ja isoille lapsille. My\u00f6s n\u00e4m\u00e4 muodikkaat vy\u00f6laukut ovat t\u00e4ydellisi\u00e4 lahjoja perheenj\u00e4senillesi ja yst\u00e4villesi.<\/p>\n<\/div>","protected":false},"featured_media":3329,"template":"","meta":{"_uag_custom_page_level_css":""},"product_brand":[],"product_cat":[62],"product_tag":[],"class_list":{"0":"post-3325","1":"product","2":"type-product","3":"status-publish","4":"has-post-thumbnail","6":"product_cat-crossbody-bags","8":"first","9":"instock","10":"shipping-taxable","11":"product-type-simple"},"uagb_featured_image_src":{"full":["https:\/\/pecbag.com\/wp-content\/uploads\/2025\/05\/Factory-Custom-Color-Fanny-Waist-Pack-2.jpeg",800,800,false],"thumbnail":["https:\/\/pecbag.com\/wp-content\/uploads\/2025\/05\/Factory-Custom-Color-Fanny-Waist-Pack-2-150x150.jpeg",150,150,true],"medium":["https:\/\/pecbag.com\/wp-content\/uploads\/2025\/05\/Factory-Custom-Color-Fanny-Waist-Pack-2-300x300.jpeg",300,300,true],"medium_large":["https:\/\/pecbag.com\/wp-content\/uploads\/2025\/05\/Factory-Custom-Color-Fanny-Waist-Pack-2-768x768.jpeg",768,768,true],"large":["https:\/\/pecbag.com\/wp-content\/uploads\/2025\/05\/Factory-Custom-Color-Fanny-Waist-Pack-2.jpeg",800,800,false],"1536x1536":["https:\/\/pecbag.com\/wp-content\/uploads\/2025\/05\/Factory-Custom-Color-Fanny-Waist-Pack-2.jpeg",800,800,false],"2048x2048":["https:\/\/pecbag.com\/wp-content\/uploads\/2025\/05\/Factory-Custom-Color-Fanny-Waist-Pack-2.jpeg",800,800,false],"trp-custom-language-flag":["https:\/\/pecbag.com\/wp-content\/uploads\/2025\/05\/Factory-Custom-Color-Fanny-Waist-Pack-2-12x12.jpeg",12,12,true],"woocommerce_thumbnail":["https:\/\/pecbag.com\/wp-content\/uploads\/2025\/05\/Factory-Custom-Color-Fanny-Waist-Pack-2-300x300.jpeg",300,300,true],"woocommerce_single":["https:\/\/pecbag.com\/wp-content\/uploads\/2025\/05\/Factory-Custom-Color-Fanny-Waist-Pack-2-600x600.jpeg",600,600,true],"woocommerce_gallery_thumbnail":["https:\/\/pecbag.com\/wp-content\/uploads\/2025\/05\/Factory-Custom-Color-Fanny-Waist-Pack-2-100x100.jpeg",100,100,true]},"uagb_author_info":{"display_name":"Lawrence","author_link":"https:\/\/pecbag.com\/fi\/author\/"},"uagb_comment_info":0,"uagb_excerpt":"Factory Custom Color Fanny Waist Pack 1. Construction &amp; Multi-ways: Equipped with 2 front zippered compartments, 1 rear zipper compartment, 1 interior zipper compartment, and a polyester lining, this pack will keep your ID cards, money, and all other valuables safe from theft. Also, you can convert from a fanny pack to a crossbody bag&hellip;","_links":{"self":[{"href":"https:\/\/pecbag.com\/fi\/wp-json\/wp\/v2\/product\/3325","targetHints":{"allow":["GET"]}}],"collection":[{"href":"https:\/\/pecbag.com\/fi\/wp-json\/wp\/v2\/product"}],"about":[{"href":"https:\/\/pecbag.com\/fi\/wp-json\/wp\/v2\/types\/product"}],"wp:featuredmedia":[{"embeddable":true,"href":"https:\/\/pecbag.com\/fi\/wp-json\/wp\/v2\/media\/3329"}],"wp:attachment":[{"href":"https:\/\/pecbag.com\/fi\/wp-json\/wp\/v2\/media?parent=3325"}],"wp:term":[{"taxonomy":"product_brand","embeddable":true,"href":"https:\/\/pecbag.com\/fi\/wp-json\/wp\/v2\/product_brand?post=3325"},{"taxonomy":"product_cat","embeddable":true,"href":"https:\/\/pecbag.com\/fi\/wp-json\/wp\/v2\/product_cat?post=3325"},{"taxonomy":"product_tag","embeddable":true,"href":"https:\/\/pecbag.com\/fi\/wp-json\/wp\/v2\/product_tag?post=3325"}],"curies":[{"name":"wp","href":"https:\/\/api.w.org\/{rel}","templated":true}]}}