{"id":3375,"date":"2025-05-26T09:33:23","date_gmt":"2025-05-26T09:33:23","guid":{"rendered":"https:\/\/pecbag.com\/?post_type=product&#038;p=3375"},"modified":"2025-11-29T02:00:28","modified_gmt":"2025-11-29T02:00:28","slug":"hot-selling-tackle-fishing-rod-bag","status":"publish","type":"product","link":"https:\/\/pecbag.com\/fi\/hot-selling-tackle-fishing-rod-bag\/","title":{"rendered":"Kuuma myynti Tackle kalastus Rod Bag"},"content":{"rendered":"<h5 title=\"Kokoontaitettava koira laukku hengitt\u00e4v\u00e4 mesh lemmikkiel\u00e4inten olkalaukku pienille lemmikkiel\u00e4inten koirille kissoille\" data-immersive-translate-walked=\"1c928421-2e42-4cd3-8754-5404553c0af5\" data-immersive-translate-paragraph=\"1\" data-spm-anchor-id=\"a2700.details.0.i35.4f6757d4w4zNZA\">Hot Selling Tackle Kalastus Rod Bags | Vedenpit\u00e4v\u00e4 laukku tehdas &amp; reppu valmistaja - Bulk Fishing Gear Solutions - Bulk Kalastusratkaisut<\/h5>\n<div class=\"flex flex-grow flex-col max-w-full\">\n<div class=\"min-h-[20px] text-message flex w-full flex-col items-end gap-2 whitespace-pre-wrap break-words [.text-message+&amp;]:mt-5 overflow-x-auto\" dir=\"auto\" data-message-author-role=\"assistant\" data-message-id=\"3d7d46f6-7ec2-4222-9257-48fa0bba23c6\" data-suggestions=\"true\">\n<div class=\"flex w-full flex-col gap-1 empty:hidden first:pt-[3px]\">\n<div class=\"markdown prose w-full break-words dark:prose-invert light\">\n<table width=\"288\">\n<tbody>\n<tr>\n<td width=\"137\"><span style=\"color: #333333;\">Tuotteiden nimi<\/span><\/td>\n<td width=\"151\">Kalastuslaukku<\/td>\n<\/tr>\n<tr>\n<td><span style=\"color: #333333;\">Tuotenro.<\/span><\/td>\n<td><span style=\"color: #333333;\">PB-2054<\/span><\/td>\n<\/tr>\n<tr>\n<td><span style=\"color: #333333;\">Materiaali<\/span><\/td>\n<td>600D polyesteri<\/td>\n<\/tr>\n<tr>\n<td><span style=\"color: #333333;\">Koko<\/span><\/td>\n<td>30*15*20cm<\/td>\n<\/tr>\n<tr>\n<td><span style=\"color: #333333;\">\u00a0Toimitusaika<\/span><\/td>\n<td><span style=\"color: #333333;\">1-5 p\u00e4iv\u00e4\u00e4 pienille m\u00e4\u00e4rille lentoteitse ja 30-35 p\u00e4iv\u00e4\u00e4 suurille m\u00e4\u00e4rille meritse.<\/span><\/td>\n<\/tr>\n<\/tbody>\n<\/table>\n<p>Koska Kiinan johtava kalastuslaukku valmistaja ja vedenpit\u00e4v\u00e4 laukku tehdas, tuotamme palkkio kuuma myynti taklaa kalastusvavan pussit maailmanlaajuinen jakelijat. Meid\u00e4n kalastuslaukku yritys tarjoaa:<\/p>\n<p>\u2705 <strong>3-7 tankokapasiteetin pussit<\/strong> PVC-putkisuojilla ja 600D Oxford-kankaalla varustettuna<br \/>\n\u2705 <strong>Mukautetut kalastuslaukut<\/strong> modulaarisilla takalelaatikoilla (MOQ 50kpl)<br \/>\n\u2705 <strong>OEM\/ODM-palvelut<\/strong> osoitteessa <strong>yksityisen merkin kalastusv\u00e4lineet<\/strong><br \/>\n\u2705 <strong>Irtokalastuss\u00e4kkien tuotanto<\/strong> 10 p\u00e4iv\u00e4n nopealla toimituksella<\/p>\n<p>Kalastuslaukkujen tukkukauppiaiden ja ulkoilmabr\u00e4ndien luottamus maailmanlaajuisesti. Ominaisuuksiin kuuluvat:<br \/>\n- IPX5 vedenpit\u00e4v\u00e4t vetoketjut ja vahvistetut olkahihnat<br \/>\n- Nopeasti kuivuvat verkkotaskut &amp; ruostumattomasta metallista valmistettu laitteisto<br \/>\n- Reppu\/crossbody muunneltavat mallit<\/p>\n<p><strong>Miksi valita meid\u00e4n kalastus laukku tehdas<\/strong>:<br \/>\n\ud83d\udd39 12+ vuotta huippukalastuslaukun viejin\u00e4 Kiinasta<br \/>\n\ud83d\udd39 Ilmainen 3D-suunnittelu logosi ja v\u00e4rimaailmasi kanssa<br \/>\n\ud83d\udd39 CE \/ SGS-sertifikaatit ja DDP-toimitustuki<br \/>\n\ud83d\udd39 20% pois tilaukset yli 1000 yksikk\u00f6\u00e4 kalastuslaukkujen myyjille<\/p>\n<p>Pyyd\u00e4 ilmaisia n\u00e4ytteit\u00e4 kalastusv\u00e4lineist\u00e4mme kalastusvapakasseista tai pyyd\u00e4 v\u00e4litt\u00f6mi\u00e4 tarjouksia. Kalastuslaukkujen toimittajat saavat etusijalla tuotantoaikoja ja QC-raportteja.<\/p>\n<\/div>\n<\/div>\n<\/div>\n<\/div>","protected":false},"excerpt":{"rendered":"<h2 data-immersive-translate-walked=\"344be1c1-5052-41eb-8fcd-0dbe236a0d6b\" data-immersive-translate-paragraph=\"1\">Kuuma myynti Tackle kalastus Rod Bag<\/h2>\n<p>1. LUOTETTAVA SUOJAUS: Kalastuslaukkumme on rakennettu vedenkest\u00e4v\u00e4st\u00e4 materiaalista, jotta pyydyksesi pysyy kuivana, turvallisena ja helppona.<br \/>\np\u00e4\u00e4st\u00e4ksesi k\u00e4siksi.<\/p>\n<p>2. PALJON TILAA: T\u00e4m\u00e4 vavan ja kalastusv\u00e4lineiden laukku on rakennettu kahdeksalla ulkoisella jakajalla kaikille vavoille, kiekoille, k\u00e4rp\u00e4sille, siimalle ja muille varusteille.<br \/>\nvaihde. Kuljetat kaiken tarvitsemasi helposti j\u00e4rvelle tai joelle, etk\u00e4 tarvitse huolehtia siit\u00e4, ett\u00e4 mit\u00e4\u00e4n j\u00e4\u00e4 j\u00e4ljelle.<\/p>\n<p>3. KANNETTAVA: Ota se mukaan ja l\u00e4hde. T\u00e4ss\u00e4 onkivapa-yhdistelm\u00e4laukussa on kaksi pehmustettua kantokahvaa ja irrotettava olkahihna. Se on helppo<br \/>\npakkauksen sis\u00e4\u00e4n ja ulos, ja ulkotaskuissa on tukevat vetoketjut.<\/p>\n<p>4. MITAT: Ulkopuolella laukun mitat ovat 31,5\u2033 x 9,5\u2033 x 6\u2033, ja siin\u00e4 on p\u00e4\u00e4lokero, jonka mitat ovat 30,5\u2033 x 8,75\u2033 x 3,75\u2033.<br \/>\nSe on sopivan kokoinen, jotta kaikki on j\u00e4rjestyksess\u00e4 ja k\u00e4den ulottuvilla, mutta samalla se on helposti kannettava.<\/p>","protected":false},"featured_media":3378,"template":"","meta":{"_uag_custom_page_level_css":""},"product_brand":[],"product_cat":[61,62,46],"product_tag":[],"class_list":{"0":"post-3375","1":"product","2":"type-product","3":"status-publish","4":"has-post-thumbnail","6":"product_cat-chest-bag","7":"product_cat-crossbody-bags","8":"product_cat-fishing-bag","10":"first","11":"instock","12":"shipping-taxable","13":"product-type-simple"},"uagb_featured_image_src":{"full":["https:\/\/pecbag.com\/wp-content\/uploads\/2025\/05\/Hot-Selling-Tackle-Fishing-Rod-Bag-2-scaled.jpg",2560,1920,false],"thumbnail":["https:\/\/pecbag.com\/wp-content\/uploads\/2025\/05\/Hot-Selling-Tackle-Fishing-Rod-Bag-2-150x150.jpg",150,150,true],"medium":["https:\/\/pecbag.com\/wp-content\/uploads\/2025\/05\/Hot-Selling-Tackle-Fishing-Rod-Bag-2-300x225.jpg",300,225,true],"medium_large":["https:\/\/pecbag.com\/wp-content\/uploads\/2025\/05\/Hot-Selling-Tackle-Fishing-Rod-Bag-2-768x576.jpg",768,576,true],"large":["https:\/\/pecbag.com\/wp-content\/uploads\/2025\/05\/Hot-Selling-Tackle-Fishing-Rod-Bag-2-1024x768.jpg",800,600,true],"1536x1536":["https:\/\/pecbag.com\/wp-content\/uploads\/2025\/05\/Hot-Selling-Tackle-Fishing-Rod-Bag-2-1536x1152.jpg",1536,1152,true],"2048x2048":["https:\/\/pecbag.com\/wp-content\/uploads\/2025\/05\/Hot-Selling-Tackle-Fishing-Rod-Bag-2-2048x1536.jpg",2048,1536,true],"trp-custom-language-flag":["https:\/\/pecbag.com\/wp-content\/uploads\/2025\/05\/Hot-Selling-Tackle-Fishing-Rod-Bag-2-16x12.jpg",16,12,true],"woocommerce_thumbnail":["https:\/\/pecbag.com\/wp-content\/uploads\/2025\/05\/Hot-Selling-Tackle-Fishing-Rod-Bag-2-300x300.jpg",300,300,true],"woocommerce_single":["https:\/\/pecbag.com\/wp-content\/uploads\/2025\/05\/Hot-Selling-Tackle-Fishing-Rod-Bag-2-600x450.jpg",600,450,true],"woocommerce_gallery_thumbnail":["https:\/\/pecbag.com\/wp-content\/uploads\/2025\/05\/Hot-Selling-Tackle-Fishing-Rod-Bag-2-100x100.jpg",100,100,true]},"uagb_author_info":{"display_name":"Lawrence","author_link":"https:\/\/pecbag.com\/fi\/author\/"},"uagb_comment_info":0,"uagb_excerpt":"Hot Selling Tackle Fishing Rod Bag 1. RELIABLE PROTECTION: Our fishing bag is constructed of water-resistant material to ensure your gear stays dry, safe, and easy to access. 2. LOTS OF ROOM: This rod and tackle bag is built with eight exterior dividers for all of your rods, reels, flies, line, and other gear. Easily&hellip;","_links":{"self":[{"href":"https:\/\/pecbag.com\/fi\/wp-json\/wp\/v2\/product\/3375","targetHints":{"allow":["GET"]}}],"collection":[{"href":"https:\/\/pecbag.com\/fi\/wp-json\/wp\/v2\/product"}],"about":[{"href":"https:\/\/pecbag.com\/fi\/wp-json\/wp\/v2\/types\/product"}],"wp:featuredmedia":[{"embeddable":true,"href":"https:\/\/pecbag.com\/fi\/wp-json\/wp\/v2\/media\/3378"}],"wp:attachment":[{"href":"https:\/\/pecbag.com\/fi\/wp-json\/wp\/v2\/media?parent=3375"}],"wp:term":[{"taxonomy":"product_brand","embeddable":true,"href":"https:\/\/pecbag.com\/fi\/wp-json\/wp\/v2\/product_brand?post=3375"},{"taxonomy":"product_cat","embeddable":true,"href":"https:\/\/pecbag.com\/fi\/wp-json\/wp\/v2\/product_cat?post=3375"},{"taxonomy":"product_tag","embeddable":true,"href":"https:\/\/pecbag.com\/fi\/wp-json\/wp\/v2\/product_tag?post=3375"}],"curies":[{"name":"wp","href":"https:\/\/api.w.org\/{rel}","templated":true}]}}