{"id":3382,"date":"2025-05-26T09:49:59","date_gmt":"2025-05-26T09:49:59","guid":{"rendered":"https:\/\/pecbag.com\/?post_type=product&#038;p=3382"},"modified":"2025-11-29T02:00:27","modified_gmt":"2025-11-29T02:00:27","slug":"new-design-pvc-waterproof-fishing-catch-bag","status":"publish","type":"product","link":"https:\/\/pecbag.com\/fi\/new-design-pvc-waterproof-fishing-catch-bag\/","title":{"rendered":"Uusi muotoilu PVC vedenpit\u00e4v\u00e4 kalastus Catch Bag"},"content":{"rendered":"<h5 title=\"Kokoontaitettava koira laukku hengitt\u00e4v\u00e4 mesh lemmikkiel\u00e4inten olkalaukku pienille lemmikkiel\u00e4inten koirille kissoille\" data-immersive-translate-walked=\"1c928421-2e42-4cd3-8754-5404553c0af5\" data-immersive-translate-paragraph=\"1\" data-spm-anchor-id=\"a2700.details.0.i35.4f6757d4w4zNZA\">Uusi muotoilu PVC vedenpit\u00e4v\u00e4 kalastus Catch Bags | Vedenpit\u00e4v\u00e4 laukku tehdas &amp; reppu valmistaja - Bulk Fishing Gear Solutions - Bulk Fishing Gear Solutions<\/h5>\n<div class=\"flex flex-grow flex-col max-w-full\">\n<div class=\"min-h-[20px] text-message flex w-full flex-col items-end gap-2 whitespace-pre-wrap break-words [.text-message+&amp;]:mt-5 overflow-x-auto\" dir=\"auto\" data-message-author-role=\"assistant\" data-message-id=\"3d7d46f6-7ec2-4222-9257-48fa0bba23c6\" data-suggestions=\"true\">\n<div class=\"flex w-full flex-col gap-1 empty:hidden first:pt-[3px]\">\n<div class=\"markdown prose w-full break-words dark:prose-invert light\">\n<table width=\"288\">\n<tbody>\n<tr>\n<td width=\"137\"><span style=\"color: #333333;\">Tuotteiden nimi<\/span><\/td>\n<td width=\"151\">Kalastuslaukku<\/td>\n<\/tr>\n<tr>\n<td><span style=\"color: #333333;\">Tuotenro.<\/span><\/td>\n<td><span style=\"color: #333333;\">PB-2055<\/span><\/td>\n<\/tr>\n<tr>\n<td><span style=\"color: #333333;\">Materiaali<\/span><\/td>\n<td>500D pressu PVC<\/td>\n<\/tr>\n<tr>\n<td><span style=\"color: #333333;\">Koko<\/span><\/td>\n<td><span style=\"color: #333333;\">40*16*6.5 tuumaa<\/span><\/td>\n<\/tr>\n<tr>\n<td><span style=\"color: #333333;\">\u00a0Toimitusaika<\/span><\/td>\n<td><span style=\"color: #333333;\">1-5 p\u00e4iv\u00e4\u00e4 pienille m\u00e4\u00e4rille lentoteitse ja 30-35 p\u00e4iv\u00e4\u00e4 suurille m\u00e4\u00e4rille meritse.<\/span><\/td>\n<\/tr>\n<\/tbody>\n<\/table>\n<p>Koska johtava kalastuslaukku valmistaja ja vedenpit\u00e4v\u00e4 laukku tehdas Kiinassa, innovoimme uuden muotoilun PVC vedenpit\u00e4v\u00e4 kalastus saalis pussit maailmanlaajuinen kalastajille. Meid\u00e4n kalastuslaukku yritys tarjoaa:<\/p>\n<p>\u2705 <strong>Raskas PVC-saalispusseja<\/strong> 100% vedenpit\u00e4vill\u00e4 saumoilla (0,8mm paksuus).<br \/>\n\u2705 <strong>Mukautetut kalastusverkot<\/strong> modulaarisilla lokeroilla (MOQ 50kpl)<br \/>\n\u2705 <strong>OEM\/ODM-palvelut<\/strong> osoitteessa <strong>yksityisen merkin kalastusv\u00e4lineet<\/strong><br \/>\n\u2705 <strong>Irtokalastuss\u00e4kkien tuotanto<\/strong> 7 p\u00e4iv\u00e4n nopealla toimitusajalla<\/p>\n<p>Kalastuslaukkujen tukkukauppiaiden ja ulkoilmabr\u00e4ndien luottamus maailmanlaajuisesti. T\u00e4rkeimm\u00e4t ominaisuudet:<br \/>\n- Vahvistetut kahvat &amp; irrotettavat olkahihnat<br \/>\n- Nopeasti valuvat verkkopohjat ja hajua kest\u00e4v\u00e4 vuori.<br \/>\n- Kelluva muotoilu, jossa on heijastavat turvanauhat<\/p>\n<p><strong>Miksi valita meid\u00e4n kalastus laukku tehdas<\/strong>:<br \/>\n\ud83d\udd39 15+ vuotta huippukalastuslaukun viejin\u00e4 Kiinasta<br \/>\n\ud83d\udd39 Vapaa 3D-suunnittelu logosi ja v\u00e4rin yhteensovittamisen kanssa<br \/>\n\ud83d\udd39 SGS-sertifioidut PVC-materiaalit ja REACH-vaatimustenmukaisuus<br \/>\n\ud83d\udd39 25%-alennus kalastuslaukkujen myyjille yli 2 000 yksik\u00f6st\u00e4<\/p>\n<p>Pyyd\u00e4 ilmaisia n\u00e4ytteit\u00e4 PVC vedenpit\u00e4v\u00e4 kalastus saalis pussit tai saada instant tarjouksia. Kalastuslaukkujen toimittajat nauttivat ensisijaisista tuotantoaikav\u00e4leist\u00e4 ja QC-takuista.<\/p>\n<\/div>\n<\/div>\n<\/div>\n<\/div>","protected":false},"excerpt":{"rendered":"<h2 data-immersive-translate-walked=\"344be1c1-5052-41eb-8fcd-0dbe236a0d6b\" data-immersive-translate-paragraph=\"1\">Uusi muotoilu PVC vedenpit\u00e4v\u00e4 kalastus Catch Bag<\/h2>\n<p>Tarjoamme palkkio laukut t\u00e4yden koon ja v\u00e4rin r\u00e4\u00e4t\u00e4l\u00f6inti, kest\u00e4v\u00e4 kankaat, ja sertifioitu laatu.<\/p>\n<p>Nauti joustavista MOQ-arvoista, nopeasta maailmanlaajuisesta toimituksesta ja private label -ratkaisuista.<\/p>\n<p>Ota yhteytt\u00e4 jo t\u00e4n\u00e4\u00e4n!<\/p>","protected":false},"featured_media":3387,"template":"","meta":{"_uag_custom_page_level_css":""},"product_brand":[],"product_cat":[46,50],"product_tag":[],"class_list":{"0":"post-3382","1":"product","2":"type-product","3":"status-publish","4":"has-post-thumbnail","6":"product_cat-fishing-bag","7":"product_cat-cooler-bag","9":"first","10":"instock","11":"shipping-taxable","12":"product-type-simple"},"uagb_featured_image_src":{"full":["https:\/\/pecbag.com\/wp-content\/uploads\/2025\/05\/New-Design-PVC-Waterproof-Fishing-Catch-Bag-2.jpeg",1000,1000,false],"thumbnail":["https:\/\/pecbag.com\/wp-content\/uploads\/2025\/05\/New-Design-PVC-Waterproof-Fishing-Catch-Bag-2-150x150.jpeg",150,150,true],"medium":["https:\/\/pecbag.com\/wp-content\/uploads\/2025\/05\/New-Design-PVC-Waterproof-Fishing-Catch-Bag-2-300x300.jpeg",300,300,true],"medium_large":["https:\/\/pecbag.com\/wp-content\/uploads\/2025\/05\/New-Design-PVC-Waterproof-Fishing-Catch-Bag-2-768x768.jpeg",768,768,true],"large":["https:\/\/pecbag.com\/wp-content\/uploads\/2025\/05\/New-Design-PVC-Waterproof-Fishing-Catch-Bag-2.jpeg",800,800,false],"1536x1536":["https:\/\/pecbag.com\/wp-content\/uploads\/2025\/05\/New-Design-PVC-Waterproof-Fishing-Catch-Bag-2.jpeg",1000,1000,false],"2048x2048":["https:\/\/pecbag.com\/wp-content\/uploads\/2025\/05\/New-Design-PVC-Waterproof-Fishing-Catch-Bag-2.jpeg",1000,1000,false],"trp-custom-language-flag":["https:\/\/pecbag.com\/wp-content\/uploads\/2025\/05\/New-Design-PVC-Waterproof-Fishing-Catch-Bag-2-12x12.jpeg",12,12,true],"woocommerce_thumbnail":["https:\/\/pecbag.com\/wp-content\/uploads\/2025\/05\/New-Design-PVC-Waterproof-Fishing-Catch-Bag-2-300x300.jpeg",300,300,true],"woocommerce_single":["https:\/\/pecbag.com\/wp-content\/uploads\/2025\/05\/New-Design-PVC-Waterproof-Fishing-Catch-Bag-2-600x600.jpeg",600,600,true],"woocommerce_gallery_thumbnail":["https:\/\/pecbag.com\/wp-content\/uploads\/2025\/05\/New-Design-PVC-Waterproof-Fishing-Catch-Bag-2-100x100.jpeg",100,100,true]},"uagb_author_info":{"display_name":"Lawrence","author_link":"https:\/\/pecbag.com\/fi\/author\/"},"uagb_comment_info":0,"uagb_excerpt":"New Design PVC Waterproof Fishing Catch Bag We provide premium bags with full-size and color customization, durable fabrics, and certified quality. Enjoy flexible MOQs, fast global shipping, and private label solutions. Contact us today!","_links":{"self":[{"href":"https:\/\/pecbag.com\/fi\/wp-json\/wp\/v2\/product\/3382","targetHints":{"allow":["GET"]}}],"collection":[{"href":"https:\/\/pecbag.com\/fi\/wp-json\/wp\/v2\/product"}],"about":[{"href":"https:\/\/pecbag.com\/fi\/wp-json\/wp\/v2\/types\/product"}],"wp:featuredmedia":[{"embeddable":true,"href":"https:\/\/pecbag.com\/fi\/wp-json\/wp\/v2\/media\/3387"}],"wp:attachment":[{"href":"https:\/\/pecbag.com\/fi\/wp-json\/wp\/v2\/media?parent=3382"}],"wp:term":[{"taxonomy":"product_brand","embeddable":true,"href":"https:\/\/pecbag.com\/fi\/wp-json\/wp\/v2\/product_brand?post=3382"},{"taxonomy":"product_cat","embeddable":true,"href":"https:\/\/pecbag.com\/fi\/wp-json\/wp\/v2\/product_cat?post=3382"},{"taxonomy":"product_tag","embeddable":true,"href":"https:\/\/pecbag.com\/fi\/wp-json\/wp\/v2\/product_tag?post=3382"}],"curies":[{"name":"wp","href":"https:\/\/api.w.org\/{rel}","templated":true}]}}